{"id":862,"date":"2017-01-11T11:57:16","date_gmt":"2017-01-11T11:57:16","guid":{"rendered":"http:\/\/ulia.org\/ficv\/?page_id=862"},"modified":"2021-05-11T20:02:18","modified_gmt":"2021-05-11T20:02:18","slug":"pachuca-2018","status":"publish","type":"page","link":"https:\/\/ulia.org\/ficv\/pachuca-2018\/","title":{"rendered":"Pachuca 2018"},"content":{"rendered":"<p><div class=\"fusion-fullwidth fullwidth-box fusion-builder-row-1 nonhundred-percent-fullwidth non-hundred-percent-height-scrolling\" style=\"--awb-background-position:left top;--awb-border-radius-top-left:0px;--awb-border-radius-top-right:0px;--awb-border-radius-bottom-right:0px;--awb-border-radius-bottom-left:0px;--awb-padding-top:20px;--awb-padding-bottom:20px;--awb-border-sizes-top:0px;--awb-border-sizes-bottom:0px;--awb-flex-wrap:wrap;\" ><\/div><div class=\"fusion-builder-row fusion-row\"><\/div><div class=\"fusion-layout-column fusion_builder_column fusion-builder-column-0 fusion_builder_column_1_1 1_1 fusion-one-full fusion-column-first fusion-column-last\" style=\"--awb-bg-size:cover;width:100%;\"><div class=\"fusion-column-wrapper fusion-flex-column-wrapper-legacy\"><div class=\"fusion-title title fusion-title-1 fusion-sep-none fusion-title-text fusion-title-size-one\" style=\"--awb-margin-bottom:0px;--awb-margin-top-small:10px;--awb-margin-right-small:0px;--awb-margin-bottom-small:10px;--awb-margin-left-small:0px;\"><h1 class=\"fusion-title-heading title-heading-left\" style=\"margin:0;\">XXII Edici\u00f3n del Congreso Ciencia y Vida<\/h1><\/div><div class=\"fusion-title title fusion-title-2 fusion-title-text fusion-title-size-two\" style=\"--awb-margin-top-small:10px;--awb-margin-right-small:0px;--awb-margin-bottom-small:10px;--awb-margin-left-small:0px;\"><h2 class=\"fusion-title-heading title-heading-left\" style=\"margin:0;\">23, 24, 25 de agosto del 2018.&nbsp;Universidad La Salle Pachuca, M\u00e9xico<\/h2><span class=\"awb-title-spacer\"><\/span><div class=\"title-sep-container\"><div class=\"title-sep sep-double sep-solid\" style=\"border-color:#e0dede;\"><\/div><\/div><\/div><div class=\"fusion-title title fusion-title-3 fusion-title-text fusion-title-size-two\" style=\"--awb-margin-top-small:10px;--awb-margin-right-small:0px;--awb-margin-bottom-small:10px;--awb-margin-left-small:0px;\"><h2 class=\"fusion-title-heading title-heading-left\" style=\"margin:0;\"><strong><em>Solidaridad intergeneracional <\/em><\/strong><\/h2><span class=\"awb-title-spacer\"><\/span><div class=\"title-sep-container\"><div class=\"title-sep sep-double sep-solid\" style=\"border-color:#e0dede;\"><\/div><\/div><\/div>\n<p><div class=\"fusion-clearfix\"><\/div><\/div><\/div><div class=\"fusion-layout-column fusion_builder_column fusion-builder-column-1 fusion_builder_column_1_3 1_3 fusion-one-third fusion-column-first\" style=\"--awb-padding-top:5px;--awb-padding-right:5px;--awb-padding-bottom:5px;--awb-padding-left:5px;--awb-bg-size:cover;--awb-border-color:#006633;--awb-border-top:2px;--awb-border-right:2px;--awb-border-bottom:2px;--awb-border-left:2px;--awb-border-style:solid;width:30.6666%; margin-right: 4%;\"><div class=\"fusion-column-wrapper fusion-flex-column-wrapper-legacy\"><div class=\"fusion-person person fusion-person-center fusion-person-1 fusion-person-icon-top\" style=\"--awb-pic-style-color:var(--awb-color8);--awb-pic-borderradius:0px;--awb-margin-top:0px;--awb-margin-right:0px;--awb-margin-bottom:0px;--awb-margin-left:0px;--awb-social-box-border-top:0px;--awb-social-box-border-right:0px;--awb-social-box-border-bottom:0px;--awb-social-box-border-left:0px;--awb-social-box-border-color:var(--awb-color3);--awb-social-box-border-color-hover:var(--awb-color4);--awb-social-box-colors-hover:rgba(232,232,232,0.8);--awb-social-icon-boxed-colors:#e8e8e8;--awb-social-icon-colors:#bebdbd;--awb-social-icon-colors-hover:rgba(190,189,189,0.8);\"><div class=\"person-shortcode-image-wrapper imageframe-liftup\"><div class=\"person-image-container\" style=\"border:0px solid #f6f6f6;-webkit-border-radius:0px;-moz-border-radius:0px;border-radius:0px;\"><a href=\"&nbsp;https:\/\/onedrive.live.com\/?authkey=%21AEnIKlvnCBExs9A&amp;id=52326DB9724F7442%213259&amp;cid=52326DB9724F7442 \" target=\"_blank\"><img decoding=\"async\" class=\"person-img img-responsive\" src=\"http:\/\/ulia.org\/ficv\/wp-content\/uploads\/2016\/02\/html.png\" alt=\"Ponencias\" \/><\/a><\/div><\/div><div class=\"person-desc\" style=\"background-color:var(--awb-color8);padding:40px;margin-top:0;\"><div class=\"person-author\"><div class=\"person-author-wrapper\"><span class=\"person-name\">Ponencias<\/span><span class=\"person-title\"><\/span><\/div><\/div><div class=\"person-content fusion-clearfix\"><\/div><\/div><\/div><div class=\"fusion-clearfix\"><\/div><\/div><\/div><\/p>\n<div class=\"fusion-layout-column fusion_builder_column fusion-builder-column-2 fusion_builder_column_1_3 1_3 fusion-one-third\" style=\"--awb-padding-top:5px;--awb-padding-right:5px;--awb-padding-bottom:5px;--awb-padding-left:5px;--awb-bg-size:cover;--awb-border-color:#006633;--awb-border-top:2px;--awb-border-right:2px;--awb-border-bottom:2px;--awb-border-left:2px;--awb-border-style:solid;width:30.6666%; margin-right: 4%;\"><div class=\"fusion-column-wrapper fusion-flex-column-wrapper-legacy\"><div class=\"fusion-person person fusion-person-center fusion-person-2 fusion-person-icon-top\" style=\"--awb-pic-style-color:var(--awb-color8);--awb-pic-borderradius:0px;--awb-margin-top:0px;--awb-margin-right:0px;--awb-margin-bottom:0px;--awb-margin-left:0px;--awb-social-box-border-top:0px;--awb-social-box-border-right:0px;--awb-social-box-border-bottom:0px;--awb-social-box-border-left:0px;--awb-social-box-border-color:var(--awb-color3);--awb-social-box-border-color-hover:var(--awb-color4);--awb-social-box-colors-hover:rgba(232,232,232,0.8);--awb-social-icon-boxed-colors:#e8e8e8;--awb-social-icon-colors:#bebdbd;--awb-social-icon-colors-hover:rgba(190,189,189,0.8);\"><div class=\"person-shortcode-image-wrapper imageframe-liftup\"><div class=\"person-image-container\" style=\"border:0px solid #f6f6f6;-webkit-border-radius:0px;-moz-border-radius:0px;border-radius:0px;\"><a href=\"https:\/\/photos.app.goo.gl\/yqVuqY75gC7cypRy9\" target=\"_blank\"><img decoding=\"async\" class=\"person-img img-responsive\" src=\"http:\/\/ulia.org\/ficv\/wp-content\/uploads\/2016\/02\/html.png\" alt=\"Fotos Congreso\" \/><\/a><\/div><\/div><div class=\"person-desc\" style=\"background-color:var(--awb-color8);padding:40px;margin-top:0;\"><div class=\"person-author\"><div class=\"person-author-wrapper\"><span class=\"person-name\">Fotos Congreso<\/span><span class=\"person-title\"><\/span><\/div><\/div><div class=\"person-content fusion-clearfix\"><\/div><\/div><\/div><div class=\"fusion-clearfix\"><\/div><\/div><\/div>\n<div class=\"fusion-layout-column fusion_builder_column fusion-builder-column-3 fusion_builder_column_1_3 1_3 fusion-one-third fusion-column-last\" style=\"--awb-padding-top:5px;--awb-padding-right:5px;--awb-padding-bottom:5px;--awb-padding-left:5px;--awb-bg-size:cover;--awb-border-color:#006633;--awb-border-top:2px;--awb-border-right:2px;--awb-border-bottom:2px;--awb-border-left:2px;--awb-border-style:solid;width:30.6666%;\"><div class=\"fusion-column-wrapper fusion-flex-column-wrapper-legacy\"><div class=\"fusion-person person fusion-person-center fusion-person-3 fusion-person-icon-top\" style=\"--awb-pic-style-color:var(--awb-color8);--awb-pic-borderradius:0px;--awb-margin-top:0px;--awb-margin-right:0px;--awb-margin-bottom:0px;--awb-margin-left:0px;--awb-social-box-border-top:0px;--awb-social-box-border-right:0px;--awb-social-box-border-bottom:0px;--awb-social-box-border-left:0px;--awb-social-box-border-color:var(--awb-color3);--awb-social-box-border-color-hover:var(--awb-color4);--awb-social-box-colors-hover:rgba(232,232,232,0.8);--awb-social-icon-boxed-colors:#e8e8e8;--awb-social-icon-colors:#bebdbd;--awb-social-icon-colors-hover:rgba(190,189,189,0.8);\"><div class=\"person-shortcode-image-wrapper imageframe-liftup\"><div class=\"person-image-container\" style=\"border:0px solid #f6f6f6;-webkit-border-radius:0px;-moz-border-radius:0px;border-radius:0px;\"><a href=\"http:\/\/ulia.org\/ficv\/wp-content\/uploads\/2018\/04\/CARTEL-CONGRESO-CIENCIA-Y-VIDA-2018.pdf\" target=\"_blank\"><img decoding=\"async\" class=\"person-img img-responsive\" src=\"http:\/\/ulia.org\/ficv\/wp-content\/uploads\/2016\/02\/pdf.png\" alt=\"Cartel\" \/><\/a><\/div><\/div><div class=\"person-desc\" style=\"background-color:var(--awb-color8);padding:40px;margin-top:0;\"><div class=\"person-author\"><div class=\"person-author-wrapper\"><span class=\"person-name\">Cartel<\/span><span class=\"person-title\"><\/span><\/div><\/div><div class=\"person-content fusion-clearfix\"><\/div><\/div><\/div><div class=\"fusion-clearfix\"><\/div><\/div><\/div>\n<p style=\"text-align: left;\">\n<p><strong>Sede<\/strong>: Auditorio Ohannes Bulbulian Garabedian, Universidad La Salle Pachuca, M\u00e9xico<\/p>\n<p style=\"text-align: left;\"><strong>Patrocinadores<\/strong>:<\/p>\n<p>Universidad Libre Internacional de las Am\u00e9ricas, ULIA<\/p>\n<p>Universidad La Salle, Pachuca, M\u00e9xico<\/p>\n<p><strong>Programa<\/strong>:<\/p>\n<p><strong>Jueves 23 de agosto<\/strong><br \/>\n09.00 &#8211; 10.00 Registro de participantes.<br \/>\n10.00 &#8211; 11.30 Inauguraci\u00f3n y conferencia inaugural. <em>Conformando una cultura de acogida a la vida<\/em>. Enrique Ban\u00fas, Universidad de Piura.<br \/>\n11.30 &#8211; 12.00 Pausa para caf\u00e9.<\/p>\n<p>12.00 &#8211; 14.00 Mesa 1.<em> La infancia y la ancianidad. Los retos del derecho y las pol\u00edticas p\u00fablicas<\/em>.<br \/>\nEl momento del retiro, una decisi\u00f3n dif\u00edcil de afrontar ante las nuevas pol\u00edticas laborales en M\u00e9xico. Mar\u00eda de Lourdes Guerrero Alfaro, Universidad La Salle Pachuca.<br \/>\nAutonom\u00eda y vulnerabilidad como fundamentos del derecho a la salud. Mar\u00eda Marta Mainetti, Susana La Rocca, Universidad Nacional de Mar del Plata, Argentina.<br \/>\nAporofobia respecto al adulto mayor en M\u00e9xico. Jes\u00fas Ignacio Panedas Galindo, Universidad La Salle Pachuca.<br \/>\nEntre la juridicidad y la moralidad del deber de fidelidad: Una aproximaci\u00f3n a su regulaci\u00f3n vigente en algunos ordenamientos jur\u00eddicos. Analuc\u00eda Torres Flor, Universidad Cat\u00f3lica San Pablo, Arequipa.<br \/>\n14.00 &#8211; 16.00 Comida.<\/p>\n<p>16.00 &#8211; 17.30 Mesa 2A. <em>Diacron\u00eda y familia. La equidad generacional como funci\u00f3n familiar.<\/em><br \/>\nLa subsidiariedad de los padres hacia un hijo con discapacidad. Rosario Athi\u00e9 (Universidad Panamericana, M\u00e9xico), M\u00f3nica Trevi\u00f1o (Universidad Anahuaca, M\u00e9xico).<br \/>\nLa familia en algunos textos de Javier Hervada. Laura Cremades Granja, Universidad Internacional Libre de las Am\u00e9ricas.<br \/>\nAmor y aceptaci\u00f3n, cimientos para la equidad generacional en universitarios, al interior del grupo familiar. Esther Fragoso Fern\u00e1ndez, Universidad La Salle Pachuca.<br \/>\n17.30 Pausa.<\/p>\n<p>18.00 &#8211; 19.30 Mesa 2B. <em>Diacron\u00eda y familia. La equidad generacional como funci\u00f3n familiar.&nbsp;<\/em><br \/>\nLa familia como minor\u00eda creativa: pr\u00e1cticas de hospitalidad familiar. Teresa Cid V\u00e1zquez, Universidad CEU San Pablo, Madrid.<br \/>\nLa familia educadora en valores ante el cambio social. Mireya del Carmen Gonz\u00e1lez \u00c1lvarez, Universidad Aut\u00f3noma de Coahuila.<br \/>\nValoraci\u00f3n respecto a la positividad diacr\u00f3nica intergeneracional de los modelos familiares de educaci\u00f3n. Salvador Peir\u00f3 i Greg\u00f2ri, Universidad Internacional Libre de las Am\u00e9ricas.<\/p>\n<p><strong>Viernes 24 de agosto<\/strong><br \/>\n10.00 &#8211; 11.30 Mesa 3A. <em>Gobernanza y responsabilidad social. La importancia de los sistemas de salud.&nbsp;<\/em><br \/>\nInstituciones de salud y bio\u00e9tica. Emilio Ibeas, Sociedad para el Fomento de la Docencia de la Bio\u00e9tica, Espa\u00f1a.<br \/>\nPoblaci\u00f3n vulnerable (ni\u00f1os, ancianos) y sistemas de salud. Francisco Javier Le\u00f3n Correa, Universidad Central de Chile.<br \/>\nBio\u00e9tica: los sistemas de salud y sus responsabilidades solidarias ante una cat\u00e1strofe natural. Caso puntual: Hurac\u00e1n Mar\u00eda (20 de septiembre, Puerto Rico). Elena Lugo, Comisi\u00f3n de Bio\u00e9tica Padre Jos\u00e9 Kentenich, Buenos Aires.<br \/>\n11.30 &#8211; 12.00 Pausa para caf\u00e9.<\/p>\n<p>12.00 &#8211; 14.00 Mesa 3B. <em>Gobernanza y responsabilidad social. La importancia de los sistemas de salud.<\/em><br \/>\nEmpoderamiento del sujeto de investigaci\u00f3n. Una estrategia ganar\/ganar. Mar\u00eda de la Luz Casas Mart\u00ednez. Universidad Panamericana, M\u00e9xico.<br \/>\n\u00bfEs la vulnerabilidad un problema social, bio\u00e9tico o antropol\u00f3gico? Teresa Garz\u00f3n Rinc\u00f3n Gallardo, Universidad Westhill, Ciudad de M\u00e9xico.<br \/>\n\u00c9tica y responsabilidad de las instituciones de salud. Eduardo Guillermo G\u00f3mez Rojas, Universidad Aut\u00f3noma de Coahuila.<br \/>\n14.00 &#8211; 16.00 Comida<\/p>\n<p>16.00 &#8211; 17.00 Mesa 4. <em>Econom\u00eda y ecolog\u00eda: hacia un futuro inclusivo.<\/em><br \/>\nIgualdad Social: Inclusi\u00f3n laboral de personas con discapacidad. Jessica Nayely Enciso Arredondo, Universidad La Salle Pachuca.<br \/>\nLa conciencia ecol\u00f3gica como respuesta a la responsabilidad intergeneracional. Ana Teresa L\u00f3pez de Llergo. Universidad Panamericana, M\u00e9xico.<\/p>\n<p>17.00 &#8211; 18.00 Conferencia de clausura y lectura de la Declaraci\u00f3n del Congreso.<br \/>\n<em>Los atentados contra la solidaridad intergeneracional y la diacron\u00eda desde el punto de vista de las ciencias sociales<\/em>. Francisco Javier Aznar Sala, Universidad Cat\u00f3lica de Valencia \u201cSan Vicente M\u00e1rtir\u201d.<\/p>\n<p><strong>S\u00e1bado 25 de agosto<\/strong><br \/>\n09.30 &#8211; 11.00 Lectura de tesis del Doctorado de Ciencias de la Vida de ULIA.<br \/>\n11.00 &#8211; 13.00 Claustro anual de ULIA.<br \/>\n13.00 &#8211; 15.00 Comida.<br \/>\n15.00 &#8211; 16.00 Acto de graduaci\u00f3n.<\/p>\n<p>Los actos del s\u00e1bado 25 est\u00e1n principalmente dirigidos a profesores, tutores, egresados, alumnos y amigos de ULIA, pero puede asistir todo aquel que lo desee.<br \/>\nSede: Auditorio Ohannes Bulbulian Garabedian, Campus La Concepci\u00f3n, Universidad La Salle Pachuca, M\u00e9xico<\/p>\n<p>&nbsp;<\/p>\n<p><strong>Inscripci\u00f3n y pago de matr\u00edcula<\/strong><\/p>\n<p>Para participar en el Congreso, es necesario:<\/p>\n<p>A.- Inscribirse en el formulario online: <a href=\"https:\/\/docs.google.com\/forms\/d\/e\/1FAIpQLSeCEqISDJU1lzWK5DneKSYfvvXUcnDJZTUqfjcVXQ2QzElhtw\/viewform\">VER ENLACE<\/a><\/p>\n<p>B.- Efectuar el pago de la matr\u00edcula (Estudiantes acreditados: 15 d\u00f3lares; Profesionales: 30 d\u00f3lares) seg\u00fan cualquiera de los cuatro m\u00e9todos indicados a continuaci\u00f3n.<\/p>\n<p>1. Mediante dep\u00f3sito o transferencia electr\u00f3nica, ya sea local o desde el extranjero:<\/p>\n<p>Titular de la cuenta: UNIVERSIDAD LA SALLE DE PACHUCA A.C. &#8211; R.F.C.: USP9407044F5<\/p>\n<p>Domicilio: Av. San Juan Bautista de la Salle N\u00famero 1,<\/p>\n<p>San Juan Tilcuautla, Municipio de San Agust\u00edn Tlaxiaca, Hidalgo.<\/p>\n<p>Nombre del Banco: BANAMEX &#8211; N\u00famero de la sucursal: 0122 &#8211; N\u00famero de Cuenta: 344025<\/p>\n<p>Clave Interbancaria: 002290012203440250 &#8211; N\u00famero de Cuenta 11 d\u00edgitos: 01220344025<\/p>\n<p>SWIFT: BNMXMXMM<\/p>\n<p>Plaza: Pachuca, Hidalgo &#8211; Direcci\u00f3n del Banco: Plaza Independencia &#8211; No. 105, colonia centro, Pachuca, Hidalgo, M\u00e9xico<\/p>\n<p>Es importante enviar los comprobantes de pago al correo electr\u00f3nico: <a href=\"mailto:mcortes@lasallep.edu.mx\">mcortes@lasallep.edu.mx<\/a> o <a href=\"mailto:finanzas@lasallep.edu.mx\">finanzas@lasallep.edu.mx<\/a><\/p>\n<p>2. A trav\u00e9s de PayPal, ingresando a la p\u00e1gina de la Universidad: <a href=\"http:\/\/www.lasallep.edu.mx\">www.lasallep.edu.mx<\/a><\/p>\n<p>3. En la caja de la Universidad La Salle Pachuca, a trav\u00e9s de tarjeta bancaria.<\/p>\n<p>4. En efectivo *solo para participantes extranjeros* (pesos mexicanos o el equivalente en d\u00f3lares o euros)<\/p>\n<p>Recordamos que se puede pagar la inscripci\u00f3n anticipadamente o en el propio Congreso, a elecci\u00f3n de cada participante.<\/p>\n<p style=\"text-align: left;\">Para cuestiones organizativas y log\u00edsticas, pueden dirigirse al coordinador del Comit\u00e9 Local: Mag. Rodolfo Arteaga <a href=\"mailto:rarteaga@lasallep.edu.mx\">rarteaga@lasallep.edu.mx<\/a><\/p>\n<p style=\"text-align: center;\">&nbsp;<img decoding=\"async\" class=\"size-medium wp-image-1064 alignnone\" src=\"http:\/\/ulia.org\/ficv\/wp-content\/uploads\/2017\/11\/Pachuca-300x95.png\" alt=\"\" width=\"300\" height=\"95\" srcset=\"https:\/\/ulia.org\/ficv\/wp-content\/uploads\/2017\/11\/Pachuca-200x64.png 200w, https:\/\/ulia.org\/ficv\/wp-content\/uploads\/2017\/11\/Pachuca-300x95.png 300w, https:\/\/ulia.org\/ficv\/wp-content\/uploads\/2017\/11\/Pachuca-400x127.png 400w, https:\/\/ulia.org\/ficv\/wp-content\/uploads\/2017\/11\/Pachuca-600x191.png 600w, https:\/\/ulia.org\/ficv\/wp-content\/uploads\/2017\/11\/Pachuca-768x244.png 768w, https:\/\/ulia.org\/ficv\/wp-content\/uploads\/2017\/11\/Pachuca-800x254.png 800w, https:\/\/ulia.org\/ficv\/wp-content\/uploads\/2017\/11\/Pachuca-1024x325.png 1024w, https:\/\/ulia.org\/ficv\/wp-content\/uploads\/2017\/11\/Pachuca-1200x381.png 1200w, https:\/\/ulia.org\/ficv\/wp-content\/uploads\/2017\/11\/Pachuca.png 2141w\" sizes=\"(max-width: 300px) 100vw, 300px\" \/>&nbsp;&nbsp;&nbsp;&nbsp;&nbsp;&nbsp;&nbsp;&nbsp;&nbsp;&nbsp;&nbsp;&nbsp;&nbsp;&nbsp;&nbsp;&nbsp;&nbsp;&nbsp;&nbsp;&nbsp;&nbsp;&nbsp;&nbsp;&nbsp;&nbsp;&nbsp;&nbsp;&nbsp;&nbsp;&nbsp;&nbsp;&nbsp;&nbsp;&nbsp;&nbsp;&nbsp;&nbsp;&nbsp;&nbsp;&nbsp;&nbsp;&nbsp;&nbsp;&nbsp;&nbsp;&nbsp;&nbsp;&nbsp;&nbsp;&nbsp;&nbsp;&nbsp;&nbsp;&nbsp;&nbsp;&nbsp;&nbsp;&nbsp;&nbsp;&nbsp;&nbsp;&nbsp;&nbsp;&nbsp;&nbsp;&nbsp;&nbsp;&nbsp;&nbsp;&nbsp;&nbsp;&nbsp;&nbsp;&nbsp;&nbsp;&nbsp;&nbsp;&nbsp;&nbsp;&nbsp;&nbsp;&nbsp;&nbsp;&nbsp;&nbsp;&nbsp;&nbsp;&nbsp;&nbsp;&nbsp;&nbsp;&nbsp;&nbsp;&nbsp; <img decoding=\"async\" class=\"alignnone wp-image-1104 size-medium\" src=\"http:\/\/ulia.org\/ficv\/wp-content\/uploads\/2018\/02\/Imagotipo-ulia_verde-300x98.jpg\" alt=\"\" width=\"300\" height=\"98\" srcset=\"https:\/\/ulia.org\/ficv\/wp-content\/uploads\/2018\/02\/Imagotipo-ulia_verde-200x65.jpg 200w, https:\/\/ulia.org\/ficv\/wp-content\/uploads\/2018\/02\/Imagotipo-ulia_verde-300x98.jpg 300w, https:\/\/ulia.org\/ficv\/wp-content\/uploads\/2018\/02\/Imagotipo-ulia_verde-400x131.jpg 400w, https:\/\/ulia.org\/ficv\/wp-content\/uploads\/2018\/02\/Imagotipo-ulia_verde-600x196.jpg 600w, https:\/\/ulia.org\/ficv\/wp-content\/uploads\/2018\/02\/Imagotipo-ulia_verde-768x251.jpg 768w, https:\/\/ulia.org\/ficv\/wp-content\/uploads\/2018\/02\/Imagotipo-ulia_verde-800x262.jpg 800w, https:\/\/ulia.org\/ficv\/wp-content\/uploads\/2018\/02\/Imagotipo-ulia_verde-1024x335.jpg 1024w, https:\/\/ulia.org\/ficv\/wp-content\/uploads\/2018\/02\/Imagotipo-ulia_verde-1200x392.jpg 1200w, https:\/\/ulia.org\/ficv\/wp-content\/uploads\/2018\/02\/Imagotipo-ulia_verde.jpg 6496w\" sizes=\"(max-width: 300px) 100vw, 300px\" \/><\/p>\n<p>&nbsp;<\/p>\n","protected":false},"excerpt":{"rendered":"<p>Sede: Auditorio Ohannes Bulbulian Garabedian, Universidad La Salle Pachuca, M\u00e9xico Patrocinadores: Universidad Libre Internacional de las Am\u00e9ricas, ULIA Universidad La Salle, Pachuca, M\u00e9xico Programa: Jueves 23 de agosto 09.00 &#8211; 10.00 Registro de participantes. 10.00 &#8211; 11.30 Inauguraci\u00f3n y conferencia inaugural. Conformando una cultura de acogida a la vida. Enrique Ban\u00fas, Universidad de Piura. 11.30  [&#8230;]<\/p>\n","protected":false},"author":3,"featured_media":0,"parent":0,"menu_order":0,"comment_status":"closed","ping_status":"closed","template":"","meta":{"footnotes":""},"class_list":["post-862","page","type-page","status-publish","hentry"],"_links":{"self":[{"href":"https:\/\/ulia.org\/ficv\/wp-json\/wp\/v2\/pages\/862","targetHints":{"allow":["GET"]}}],"collection":[{"href":"https:\/\/ulia.org\/ficv\/wp-json\/wp\/v2\/pages"}],"about":[{"href":"https:\/\/ulia.org\/ficv\/wp-json\/wp\/v2\/types\/page"}],"author":[{"embeddable":true,"href":"https:\/\/ulia.org\/ficv\/wp-json\/wp\/v2\/users\/3"}],"replies":[{"embeddable":true,"href":"https:\/\/ulia.org\/ficv\/wp-json\/wp\/v2\/comments?post=862"}],"version-history":[{"count":61,"href":"https:\/\/ulia.org\/ficv\/wp-json\/wp\/v2\/pages\/862\/revisions"}],"predecessor-version":[{"id":1156,"href":"https:\/\/ulia.org\/ficv\/wp-json\/wp\/v2\/pages\/862\/revisions\/1156"}],"wp:attachment":[{"href":"https:\/\/ulia.org\/ficv\/wp-json\/wp\/v2\/media?parent=862"}],"curies":[{"name":"wp","href":"https:\/\/api.w.org\/{rel}","templated":true}]}}