{"id":857,"date":"2016-09-14T11:49:58","date_gmt":"2016-09-14T11:49:58","guid":{"rendered":"http:\/\/ulia.org\/ficv\/?page_id=857"},"modified":"2017-04-11T16:36:12","modified_gmt":"2017-04-11T16:36:12","slug":"bioetica-desde-los-bienes-humanos-basicos","status":"publish","type":"page","link":"https:\/\/ulia.org\/ficv\/bioetica-desde-los-bienes-humanos-basicos\/","title":{"rendered":"BIO\u00c9TICA DESDE LOS BIENES HUMANOS B\u00c1SICOS"},"content":{"rendered":"<div class=\"fusion-fullwidth fullwidth-box fusion-builder-row-1 nonhundred-percent-fullwidth non-hundred-percent-height-scrolling\" style=\"--awb-background-position:left top;--awb-border-radius-top-left:0px;--awb-border-radius-top-right:0px;--awb-border-radius-bottom-right:0px;--awb-border-radius-bottom-left:0px;--awb-padding-top:20px;--awb-padding-bottom:20px;--awb-border-sizes-top:0px;--awb-border-sizes-bottom:0px;--awb-flex-wrap:wrap;\" ><div class=\"fusion-builder-row fusion-row\"><div class=\"fusion-layout-column fusion_builder_column fusion-builder-column-0 fusion_builder_column_1_2 1_2 fusion-one-half fusion-column-first\" style=\"--awb-bg-size:cover;width:48%; margin-right: 4%;\"><div class=\"fusion-column-wrapper fusion-flex-column-wrapper-legacy\"><div class=\"fusion-text fusion-text-1\"><p><img decoding=\"async\" class=\"wp-image-855  aligncenter\" src=\"http:\/\/ulia.org\/ficv\/wp-content\/uploads\/2016\/09\/Bioetica-desde-202x300.jpg\" width=\"143\" height=\"212\" srcset=\"https:\/\/ulia.org\/ficv\/wp-content\/uploads\/2016\/09\/Bioetica-desde-202x300.jpg 202w, https:\/\/ulia.org\/ficv\/wp-content\/uploads\/2016\/09\/Bioetica-desde.jpg 337w\" sizes=\"(max-width: 143px) 100vw, 143px\" \/><\/p>\n<\/div><div class=\"fusion-clearfix\"><\/div><\/div><\/div><div class=\"fusion-layout-column fusion_builder_column fusion-builder-column-1 fusion_builder_column_1_2 1_2 fusion-one-half fusion-column-last\" style=\"--awb-bg-size:cover;width:48%;\"><div class=\"fusion-column-wrapper fusion-flex-column-wrapper-legacy\"><div class=\"fusion-title title fusion-title-1 fusion-title-text fusion-title-size-one\" style=\"--awb-margin-top-small:10px;--awb-margin-right-small:0px;--awb-margin-bottom-small:10px;--awb-margin-left-small:0px;\"><h1 class=\"fusion-title-heading title-heading-left\" style=\"margin:0;\">BIO\u00c9TICA DESDE LOS BIENES HUMANOS B\u00c1SICOS<br \/>\nHomenaje a Alfonso G\u00f3mez-Lobo<\/h1><span class=\"awb-title-spacer\"><\/span><div class=\"title-sep-container\"><div class=\"title-sep sep-double sep-solid\" style=\"border-color:#e0dede;\"><\/div><\/div><\/div><div class=\"fusion-title title fusion-title-2 fusion-sep-none fusion-title-text fusion-title-size-three\" style=\"--awb-margin-top-small:10px;--awb-margin-right-small:0px;--awb-margin-bottom-small:10px;--awb-margin-left-small:0px;\"><h3 class=\"fusion-title-heading title-heading-left\" style=\"margin:0;\">Francisco Javier Le\u00f3n Correa (Ed.)(Santiago 2015)<\/h3><\/div><div class=\"fusion-clearfix\"><\/div><\/div><\/div><div class=\"fusion-layout-column fusion_builder_column fusion-builder-column-2 fusion_builder_column_1_1 1_1 fusion-one-full fusion-column-first fusion-column-last\" style=\"--awb-bg-size:cover;\"><div class=\"fusion-column-wrapper fusion-flex-column-wrapper-legacy\"><div class=\"fusion-text fusion-text-2\"><p>PRIMERA EDICI\u00d3N: Abril 2015. Santiago de Chile.<\/p>\n<p>Edita: Fundaci\u00f3n Interamericana Ciencia y Vida.<br \/>\nP\u00e1ginas: 261.<br \/>\nISBN: 978-956-358-302-1<\/p>\n<p>Pedidos: Librer\u00eda y Distribuidora de Libros Prosa y Pol\u00edtica. Santiago de Chile. Haremos llegar las peticiones a la Distribuidora: gibioetica@vtr.net Desde la Librer\u00eda se encargar\u00e1n de hacerles llegar el libro y efectuar el cobro. Los costos de env\u00edo corren por cuenta del comprador y se los har\u00e1n saber antes. Pueden enviarlo a toda Latinoam\u00e9rica y Europa.<\/p>\n<p>Indicar por mail: nombre, apellidos y direcci\u00f3n postal. Modo de pago preferido. Mail de contacto.<\/p>\n<p>Pr\u00f3logo<br \/>\nParte 1.- Fundamentaci\u00f3n Filos\u00f3fica: Desde los griegos a la \u00e9tica de los bienes b\u00e1sicos<br \/>\nParte 2.- Tema del inicio de la vida: Filosof\u00eda y embriolog\u00eda<br \/>\nParte 3.- Con la mirada humana al final de la vida<\/p>\n<\/div><div class=\"fusion-clearfix\"><\/div><\/div><\/div><\/div><\/div>\n","protected":false},"excerpt":{"rendered":"","protected":false},"author":3,"featured_media":0,"parent":0,"menu_order":0,"comment_status":"closed","ping_status":"closed","template":"","meta":{"footnotes":""},"class_list":["post-857","page","type-page","status-publish","hentry"],"_links":{"self":[{"href":"https:\/\/ulia.org\/ficv\/wp-json\/wp\/v2\/pages\/857","targetHints":{"allow":["GET"]}}],"collection":[{"href":"https:\/\/ulia.org\/ficv\/wp-json\/wp\/v2\/pages"}],"about":[{"href":"https:\/\/ulia.org\/ficv\/wp-json\/wp\/v2\/types\/page"}],"author":[{"embeddable":true,"href":"https:\/\/ulia.org\/ficv\/wp-json\/wp\/v2\/users\/3"}],"replies":[{"embeddable":true,"href":"https:\/\/ulia.org\/ficv\/wp-json\/wp\/v2\/comments?post=857"}],"version-history":[{"count":2,"href":"https:\/\/ulia.org\/ficv\/wp-json\/wp\/v2\/pages\/857\/revisions"}],"predecessor-version":[{"id":916,"href":"https:\/\/ulia.org\/ficv\/wp-json\/wp\/v2\/pages\/857\/revisions\/916"}],"wp:attachment":[{"href":"https:\/\/ulia.org\/ficv\/wp-json\/wp\/v2\/media?parent=857"}],"curies":[{"name":"wp","href":"https:\/\/api.w.org\/{rel}","templated":true}]}}