{"id":84,"date":"2016-02-03T19:27:12","date_gmt":"2016-02-03T19:27:12","guid":{"rendered":"http:\/\/ulia.org\/ficv\/?page_id=84"},"modified":"2017-04-11T16:36:14","modified_gmt":"2017-04-11T16:36:14","slug":"declaracion-de-buenos-aires-2002","status":"publish","type":"page","link":"https:\/\/ulia.org\/ficv\/declaracion-de-buenos-aires-2002\/","title":{"rendered":"Declaraci\u00f3n de Buenos Aires 2002"},"content":{"rendered":"<p style=\"text-align: justify;\"><div class=\"fusion-fullwidth fullwidth-box fusion-builder-row-1 nonhundred-percent-fullwidth non-hundred-percent-height-scrolling\" style=\"--awb-background-position:left top;--awb-border-radius-top-left:0px;--awb-border-radius-top-right:0px;--awb-border-radius-bottom-right:0px;--awb-border-radius-bottom-left:0px;--awb-padding-top:20px;--awb-padding-bottom:20px;--awb-border-sizes-top:0px;--awb-border-sizes-bottom:0px;--awb-flex-wrap:wrap;\" ><div class=\"fusion-builder-row fusion-row\"><div class=\"fusion-layout-column fusion_builder_column fusion-builder-column-0 fusion_builder_column_1_1 1_1 fusion-one-full fusion-column-first fusion-column-last fusion-column-no-min-height\" style=\"--awb-bg-size:cover;--awb-margin-bottom:0px;\"><div class=\"fusion-column-wrapper fusion-flex-column-wrapper-legacy\"><div class=\"fusion-title title fusion-title-1 fusion-title-text fusion-title-size-one\" style=\"--awb-margin-top-small:10px;--awb-margin-right-small:0px;--awb-margin-bottom-small:10px;--awb-margin-left-small:0px;\"><h1 class=\"fusion-title-heading title-heading-left\" style=\"margin:0;\">Declaraci\u00f3n de Buenos Aires<\/h1><span class=\"awb-title-spacer\"><\/span><div class=\"title-sep-container\"><div class=\"title-sep sep-double sep-solid\" style=\"border-color:#e0dede;\"><\/div><\/div><\/div><div class=\"fusion-text fusion-text-1\"><ol>\n<li style=\"text-align: justify;\"><em>Reunidos en la ciudad de Buenos Aires en torno al tema: GLOBALIZACI\u00d3N, IDENTIDAD CULTURAL Y DIGNIDAD DE LA PERSONA, y haci\u00e9ndonos eco de las declaraciones de Guadalajara, Cartagena, M\u00e9xico, y San Jos\u00e9, proclamamos e invitamos adhesiones a esta declaraci\u00f3n en defensa del derecho de los ni\u00f1os a la vida en familia:<\/em>&nbsp;\n<p>1.- Constatamos que la globalizaci\u00f3n mercantil a la par que est\u00e1 uniformando el mundo desde el punto de vista del acceso del capital a los mercados, est\u00e1 asimismo produciendo un empobrecimiento cultural con graves y parad\u00f3jicas desigualdades.<\/p>\n<p>De todas ellas, la consagraci\u00f3n de la desigualdad de nacimiento, mediante la cual se condena a ciertos ni\u00f1os, ante la pasividad general, a nacer fuera del \u00e1mbito de protecci\u00f3n humano por excelencia que es la familia, nos parece particularmente grave. La primera aspiraci\u00f3n para una genuina globalizaci\u00f3n de la dignidad debe centrarse en asegurar el bienestar y estabilidad de la familia como \u00e1mbito propio del crecimiento humano.<\/p>\n<p>2.- La falta de seguridad de los ni\u00f1os que carecen de una familia unida y provisora de sus necesidades de afecto y cari\u00f1o, genera a la postre malestar social y es uno de los principales obst\u00e1culos para el desarrollo. Posponer el bien de los ni\u00f1os a otras conveniencias ignorando los \u00e1mbitos familiares, convierte a los m\u00e1s peque\u00f1os en mercanc\u00eda y en objeto de consumo y no sin cierta l\u00f3gica ello genera violencia dom\u00e9stica e insolidaridad.<\/p>\n<p>Recordamos aqu\u00ed que la familia es, antes que el estado, nuestra principal se\u00f1a de identidad como humanos. Por eso no tienen sentido las dificultades de la adopci\u00f3n internacional, que se deben a prejuicios basados en la primac\u00eda de la soberan\u00eda nacional sobre el bien del ni\u00f1o, lo que supone un abuso totalitario. Es, por otra parte, injustificable que resulte econ\u00f3micamente m\u00e1s costosa esta adopci\u00f3n, en la que ya existe un ni\u00f1o, que las t\u00e9cnicas de fecundaci\u00f3n artificial, donde hay que producirlo como si fuese una mercanc\u00eda.<\/p>\n<p>3.- Considerando que\u00a0 lo que hace m\u00e1s nuestro a un hijo es el amor de padre y madre que le tenemos, de ah\u00ed la contradicci\u00f3n que supone la expresi\u00f3n \u201chijo no deseado\u201d, la acogida a las nuevas vidas, particularmente si ya est\u00e1n en desarrollo, debe primar sobre cualquier\u00a0 raz\u00f3n de otra \u00edndole en la elaboraci\u00f3n de pol\u00edticas p\u00fablicas.<\/p>\n<p>La vida naciente no se debe instrumentalizar bajo ning\u00fan concepto, en beneficio de los intereses de los adultos. En este sentido rechazamos el almacenamiento y congelaci\u00f3n de humanos en estado embrionario. Siempre se debe ofrecer al embri\u00f3n proseguir su vida seg\u00fan requerimiento en un \u00fatero materno que quiera acogerlo. La congelaci\u00f3n atenta contra la autonom\u00eda y dignidad y as\u00ed debe de estar estipulado en cualquier ley justa al respecto.<\/p>\n<p>4.- En consecuencia abogamos por la desaparici\u00f3n inmediata de los t\u00edtulos de propiedad sobre los humanos en estado embrionario, lo cual nos parece una infame e intolerable esclavitud. Adem\u00e1s de la apuesta por unos sistemas de adopci\u00f3n m\u00e1s r\u00e1pidos y accesibles que garanticen el derecho de todos ellos a la mejor familia posible, defendemos en esta declaraci\u00f3n la intervenci\u00f3n de los poderes p\u00fablicos para que no se produzcan seres humanos con el fin de ser congelados. Hemos de considerar que el bien de las personas prima sobre la supuesta propiedad de cl\u00ednicas, laboratorios e instituciones que\u00a0 hacen de los ni\u00f1os no nacidos un objeto m\u00e1s del mercado. As\u00ed, la aut\u00e9ntica globalizaci\u00f3n deber\u00e1 considerar la primac\u00eda de los derechos de los ni\u00f1os para garantizar una vida sana y digna a las generaciones futuras.<\/p>\n<p><b>Buenos Aires a 26 de Agosto de 2002<\/b><\/li>\n<\/ol>\n<p style=\"text-align: justify;\">En San Jos\u00e9 de Costa Rica a 28 de Julio de 2001.<\/p>\n<p style=\"text-align: justify;\">\n<\/div><div class=\"fusion-clearfix\"><\/div><\/div><\/div><div class=\"fusion-layout-column fusion_builder_column fusion-builder-column-1 fusion_builder_column_1_1 1_1 fusion-one-full fusion-column-first fusion-column-last fusion-column-no-min-height\" style=\"--awb-bg-size:cover;--awb-margin-bottom:0px;\"><div class=\"fusion-column-wrapper fusion-flex-column-wrapper-legacy\"><div class=\"accordian fusion-accordian\" style=\"--awb-border-size:1px;--awb-icon-size:16px;--awb-content-font-size:13px;--awb-icon-alignment:left;--awb-hover-color:#f9f9f9;--awb-border-color:#cccccc;--awb-background-color:#ffffff;--awb-divider-color:#e0dede;--awb-divider-hover-color:#e0dede;--awb-icon-color:#ffffff;--awb-title-color:#333333;--awb-content-color:#747474;--awb-icon-box-color:#333333;--awb-toggle-hover-accent-color:#a0ce4e;--awb-title-font-family:&quot;Antic Slab&quot;;--awb-title-font-weight:400;--awb-title-font-style:normal;--awb-title-font-size:13px;--awb-title-letter-spacing:0px;--awb-title-line-height:1.54;--awb-content-font-family:&quot;PT Sans&quot;;--awb-content-font-style:normal;--awb-content-font-weight:400;\"><div class=\"panel-group fusion-toggle-icon-boxed\" id=\"accordion-84-1\"><div class=\"fusion-panel panel-default panel-e0ed0da86144e6351 fusion-toggle-has-divider\"><div class=\"panel-heading\"><h4 class=\"panel-title toggle\" id=\"toggle_e0ed0da86144e6351\"><a aria-expanded=\"false\" aria-controls=\"e0ed0da86144e6351\" role=\"button\" data-toggle=\"collapse\" data-parent=\"#accordion-84-1\" data-target=\"#e0ed0da86144e6351\" href=\"#e0ed0da86144e6351\"><span class=\"fusion-toggle-icon-wrapper\" aria-hidden=\"true\"><i class=\"fa-fusion-box active-icon awb-icon-minus\" aria-hidden=\"true\"><\/i><i class=\"fa-fusion-box inactive-icon awb-icon-plus\" aria-hidden=\"true\"><\/i><\/span><span class=\"fusion-toggle-heading\">Firmantes de la Declaraci\u00f3n de Guadalajara<\/span><\/a><\/h4><\/div><div id=\"e0ed0da86144e6351\" class=\"panel-collapse collapse \" aria-labelledby=\"toggle_e0ed0da86144e6351\"><div class=\"panel-body toggle-content fusion-clearfix\">\n<ul>\n<li>Carlos \u00c1lvarez, Universidad de la Rep\u00fablica (Montevideo)<\/li>\n<li>Ricardo \u00c1lvarez, Universidad de La Sabana (Bogot\u00e1)<\/li>\n<li>\u00c1ngela Aparisi, Universidad de Navarra<\/li>\n<li>Rosario Athi\u00e9, Universidad Panamericana de Guadalajara<\/li>\n<li>Celeste Baldonado, Niger University Hospital, Enugu<\/li>\n<li>Jes\u00fas Ballesteros, Universidad de Valencia<\/li>\n<li>Alberto Bochatey, Universidad Cat\u00f3lica Argentina<\/li>\n<li>Margarita Bosch, Universidad Cat\u00f3lica Argentina<\/li>\n<li>Juan M. Burgos, Centro Universitario Villanueva (Madrid)<\/li>\n<li>Manuel J. Candelero, Universidad Nacional de San Juan<\/li>\n<li>Lourdes Cantero, Universidad de Murcia<\/li>\n<li>Mar\u00eda L. Casas, Universidad Panamericana de M\u00e9xico<\/li>\n<li>Juan Antonio Cebri\u00e1n, CSIC, Madrid<\/li>\n<li>Luz M. Cruz, Universidad Panamericana de M\u00e9xico<\/li>\n<li>Paola Delbosco, Universidad Cat\u00f3lica Argentina<\/li>\n<li>Miguel Delsart, Instituto Superior de Profesorado de Entre R\u00edos<\/li>\n<li>Mar\u00eda C. D\u00edaz de Ter\u00e1n, Universidad de Navarra<\/li>\n<li>Rafael Estart\u00fas, Universidad de Piura<\/li>\n<li>Carlos Fern\u00e1ndez, Universidad de Ja\u00e9n<\/li>\n<li>\u00c1lvaro Fern\u00e1ndez, Comit\u00e9 de \u00c9tica M\u00e9dica de Montevideo<\/li>\n<li>Fernando Fern\u00e1ndez, presidencia AEDOS (Doctrina Social de la Iglesia, Madrid)<\/li>\n<li>Elizabeth Fox-Genovese, Emory University<\/li>\n<li>Teresa Garc\u00eda, Universidad Libre Internacional de las Am\u00e9ricas<\/li>\n<li>Lorenzo Garc\u00eda Samartino, Universidad de Buenos Aires<\/li>\n<li>Javier Garc\u00eda S\u00e1nchez, Universidad Austral (Buenos Aires)<\/li>\n<li>Pablo Guerra, Universidad de la Rep\u00fablica (Montevideo)<\/li>\n<li>Edna M. Hamill, Universidad An\u00e1huac<\/li>\n<li>Mar\u00eda E. Havelka, Universidad Cat\u00f3lica de Cuyo<\/li>\n<li>Jos\u00e9 Hern\u00e1ndez Yago, Universidad Polit\u00e9cnica de Valencia<\/li>\n<li>Regina Jim\u00e9nez, Universidad Nacional Aut\u00f3noma de M\u00e9xico<\/li>\n<li>Javier Jim\u00e9nez Fortea, Universidad de Valencia<\/li>\n<li>Jorge Galvez, Universidad de Valencia<\/li>\n<li>Nicol\u00e1s Jouve, Universidad de Alcal\u00e1<\/li>\n<li>Francisco Le\u00f3n, Universidad Diego Portales<\/li>\n<li>Pablo L\u00f3pez, Universidad de C\u00e1diz<\/li>\n<li>Ana Teresa L\u00f3pez de Llergo, Universidad Panamericana de M\u00e9xico<\/li>\n<li>Wilfido Manzano, Universidad Panamericana de Guadalajara<\/li>\n<li>Mar\u00eda Jos\u00e9 Meincke, Universidad Cat\u00f3lica Argentina<\/li>\n<li>Bel\u00e9n Moncada, Universidad de Navarra<\/li>\n<li>Pedro Montano, Universidad de la Rep\u00fablica (Montevideo)<\/li>\n<li>Mariano Morelli, Universidad Nacional de Rosario<\/li>\n<li>Hugo Obiglio, Academia Pontificia por la Vida<\/li>\n<li>Vicente Oltra, Universidad Libre Internacional de las Am\u00e9ricas<\/li>\n<li>Salvador Peir\u00f3, Universidad de Alicante<\/li>\n<li>Jos\u00e9 M. Pone, Universidad de Alcal\u00e1<\/li>\n<li>Javier Peraza Mend\u00edvil, Colegio de Bio\u00e9tica de Nuevo le\u00f3n<\/li>\n<li>Jos\u00e9 P\u00e9rez Ad\u00e1n, Universidad de Valencia<\/li>\n<li>Asael P\u00e9rez Mar\u00edn, Universidad Aut\u00f3noma de Managua<\/li>\n<li>Eduardo Petrino, Universidad Cat\u00f3lica de Cuyo<\/li>\n<li>Alejandro Piscitelli, Universidad Austral (Buenos Aires)<\/li>\n<li>Miguel Plasencia, Universidad del Valle de Atemajac (M\u00e9xico)<\/li>\n<li>Aquilino Polaino, Universidad Complutense<\/li>\n<li>Juan Jos\u00e9 Pons, Universidad de Navarra<\/li>\n<li>Jes\u00fas Poveda, Universidad Aut\u00f3noma de Madrid<\/li>\n<li>Teresa Renter\u00eda, Universidad de Guadalajara<\/li>\n<li>Alfredo Rodriguez Sedano, Universidad de Navarra<\/li>\n<li>Javier Ros, Instituto Juan Pablo II, Universidad Lateranense<\/li>\n<li>Gregorio Rubio, Universidad Polit\u00e9cnica de Valencia<\/li>\n<li>Eduardo Ruiz, Universidad de Alicante<\/li>\n<li>Jorge Scala, Universidad Libre Internacional de las Am\u00e9ricas<\/li>\n<li>Pedro Serna, Universidad de La Coru\u00f1a<\/li>\n<li>Alberto Tarifa, Universidad de Granada<\/li>\n<li>Isabel Teste, Universidad Cat\u00f3lica Argentina<\/li>\n<li>Gloria Tom\u00e1s, Universidad Cat\u00f3lica de Murcia<\/li>\n<li>Richard A. Watson, The University of Medicine and Dentistry of New Jersey<\/li>\n<\/ul>\n<p style=\"text-align: justify;\"><\/div><\/div><\/div><\/div><\/div><div class=\"fusion-clearfix\"><\/div><\/div><\/div><\/div><\/div><\/p>\n","protected":false},"excerpt":{"rendered":"","protected":false},"author":1,"featured_media":0,"parent":0,"menu_order":0,"comment_status":"closed","ping_status":"closed","template":"","meta":{"footnotes":""},"class_list":["post-84","page","type-page","status-publish","hentry"],"_links":{"self":[{"href":"https:\/\/ulia.org\/ficv\/wp-json\/wp\/v2\/pages\/84","targetHints":{"allow":["GET"]}}],"collection":[{"href":"https:\/\/ulia.org\/ficv\/wp-json\/wp\/v2\/pages"}],"about":[{"href":"https:\/\/ulia.org\/ficv\/wp-json\/wp\/v2\/types\/page"}],"author":[{"embeddable":true,"href":"https:\/\/ulia.org\/ficv\/wp-json\/wp\/v2\/users\/1"}],"replies":[{"embeddable":true,"href":"https:\/\/ulia.org\/ficv\/wp-json\/wp\/v2\/comments?post=84"}],"version-history":[{"count":3,"href":"https:\/\/ulia.org\/ficv\/wp-json\/wp\/v2\/pages\/84\/revisions"}],"predecessor-version":[{"id":971,"href":"https:\/\/ulia.org\/ficv\/wp-json\/wp\/v2\/pages\/84\/revisions\/971"}],"wp:attachment":[{"href":"https:\/\/ulia.org\/ficv\/wp-json\/wp\/v2\/media?parent=84"}],"curies":[{"name":"wp","href":"https:\/\/api.w.org\/{rel}","templated":true}]}}