{"id":692,"date":"2016-03-29T01:01:54","date_gmt":"2016-03-29T01:01:54","guid":{"rendered":"http:\/\/ulia.org\/ficv\/?page_id=692"},"modified":"2017-04-11T16:36:12","modified_gmt":"2017-04-11T16:36:12","slug":"introduccion-a-la-bioetica","status":"publish","type":"page","link":"https:\/\/ulia.org\/ficv\/introduccion-a-la-bioetica\/","title":{"rendered":"Introducci\u00f3n a la Bio\u00e9tica"},"content":{"rendered":"<div class=\"fusion-fullwidth fullwidth-box fusion-builder-row-1 nonhundred-percent-fullwidth non-hundred-percent-height-scrolling\" style=\"--awb-background-position:left top;--awb-border-radius-top-left:0px;--awb-border-radius-top-right:0px;--awb-border-radius-bottom-right:0px;--awb-border-radius-bottom-left:0px;--awb-padding-top:20px;--awb-padding-bottom:20px;--awb-border-sizes-top:0px;--awb-border-sizes-bottom:0px;--awb-flex-wrap:wrap;\" ><div class=\"fusion-builder-row fusion-row\"><div class=\"fusion-layout-column fusion_builder_column fusion-builder-column-0 fusion_builder_column_1_2 1_2 fusion-one-half fusion-column-first\" style=\"--awb-bg-size:cover;width:48%; margin-right: 4%;\"><div class=\"fusion-column-wrapper fusion-flex-column-wrapper-legacy\"><div class=\"fusion-text fusion-text-1\"><\/div><div class=\"fusion-clearfix\"><\/div><\/div><\/div><div class=\"fusion-layout-column fusion_builder_column fusion-builder-column-1 fusion_builder_column_1_2 1_2 fusion-one-half fusion-column-last\" style=\"--awb-bg-size:cover;width:48%;\"><div class=\"fusion-column-wrapper fusion-flex-column-wrapper-legacy\"><div class=\"fusion-title title fusion-title-1 fusion-title-text fusion-title-size-one\" style=\"--awb-margin-top-small:10px;--awb-margin-right-small:0px;--awb-margin-bottom-small:10px;--awb-margin-left-small:0px;\"><h1 class=\"fusion-title-heading title-heading-left\" style=\"margin:0;\">INTRODUCCI\u00d3N A LA BIO\u00c9TICA<\/h1><span class=\"awb-title-spacer\"><\/span><div class=\"title-sep-container\"><div class=\"title-sep sep-double sep-solid\" style=\"border-color:#e0dede;\"><\/div><\/div><\/div><div class=\"fusion-title title fusion-title-2 fusion-sep-none fusion-title-text fusion-title-size-three\" style=\"--awb-margin-top-small:10px;--awb-margin-right-small:0px;--awb-margin-bottom-small:10px;--awb-margin-left-small:0px;\"><h3 class=\"fusion-title-heading title-heading-left\" style=\"margin:0;\">Francisco Javier Le\u00f3n Correa (Editor)<\/h3><\/div><div class=\"fusion-clearfix\"><\/div><\/div><\/div><div class=\"fusion-layout-column fusion_builder_column fusion-builder-column-2 fusion_builder_column_1_1 1_1 fusion-one-full fusion-column-first fusion-column-last\" style=\"--awb-bg-size:cover;\"><div class=\"fusion-column-wrapper fusion-flex-column-wrapper-legacy\"><div class=\"fusion-text fusion-text-2\"><p align=\"justify\"><strong>\u00cdNDICE:<\/strong><\/p>\n<p align=\"justify\">Cap\u00edtulo 1: Fundamentaci\u00f3n de la Bio\u00e9tica. F. Le\u00f3n. Definici\u00f3n de Bio\u00e9tica. Principios, reglas y valores. Bio\u00e9tica de principios o de virtudes \u00bfQu\u00e9 principios para la bio\u00e9tica? Modelos \u00e9ticos de referencia. Base com\u00fan: ciencia, dignidad humana y libertad. Visiones complementarias en la fundamentaci\u00f3n bio\u00e9tica. La aportaci\u00f3n desde la \u00e9tica de los bienes b\u00e1sicos y el personalismo.<\/p>\n<p align=\"justify\">Cap\u00edtulo 2: El inicio de la vida humana. El comienzo de la vida humana y el estatuto del embri\u00f3n. F. Le\u00f3n. Diagn\u00f3stico prenatal, S. P\u00e9rez. El aborto desde la Bio\u00e9tica, F. Le\u00f3n. El aborto terap\u00e9utico, M. Besio.<\/p>\n<p align=\"justify\">Cap\u00edtulo 3: El final de la vida humana. Atenci\u00f3n al paciente terminal: aspectos bio\u00e9ticos, F. Le\u00f3n. \u00c9tica y cuidados paliativos, P. Taboada. El debate actual sobre la eutanasia, F. Le\u00f3n.<\/p>\n<p align=\"justify\">Cap\u00edtulo 4: Los m\u00e9todos de an\u00e1lisis de casos \u00e9tico-cl\u00ednicos La Bio\u00e9tica como ayuda en la toma de decisiones cl\u00ednicas, F. Le\u00f3n. Propuesta metodol\u00f3gica para la toma de decisiones dif\u00edciles, F. Le\u00f3n.<\/p>\n<p align=\"justify\">Cap\u00edtulo 5: Bio\u00e9tica cl\u00ednica: la relaci\u00f3n profesional de la salud-paciente. La relaci\u00f3n m\u00e9dico-paciente, P. Ventura-Junc\u00e1. El consentimiento informado, G. Dur\u00e1n. La confidencialidad, I. P\u00e9rez. La objeci\u00f3n de conciencia, F. Le\u00f3n.<\/p>\n<p align=\"justify\">Cap\u00edtulo 6: Bio\u00e9tica institucional, social y global. Aspectos \u00e9ticos de la investigaci\u00f3n biom\u00e9dica, A.Valdivieso. Comisiones Nacionales de Bio\u00e9tica, F. Le\u00f3n. Comit\u00e9s de \u00e9tica en investigaci\u00f3n, B. Shand. Comit\u00e9s de \u00e9tica cl\u00ednica, I. P\u00e9rez. Bio\u00e9tica institucional, social y global, F. Le\u00f3n.<\/p>\n<p align=\"justify\">\n<p align=\"justify\">Centro de Bio\u00e9tica, Pontificia Universidad Cat\u00f3lica de Chile<\/p>\n<p align=\"justify\">Santiago de Chile, 2010<\/p>\n<p align=\"justify\">\n<p align=\"justify\"><span style=\"font-family: Arial;\">I<\/span>SBN: 978-956-332-643-7<\/p>\n<p align=\"justify\">\n<\/div><div class=\"fusion-clearfix\"><\/div><\/div><\/div><\/div><\/div>\n","protected":false},"excerpt":{"rendered":"","protected":false},"author":1,"featured_media":0,"parent":0,"menu_order":0,"comment_status":"closed","ping_status":"closed","template":"","meta":{"footnotes":""},"class_list":["post-692","page","type-page","status-publish","hentry"],"_links":{"self":[{"href":"https:\/\/ulia.org\/ficv\/wp-json\/wp\/v2\/pages\/692","targetHints":{"allow":["GET"]}}],"collection":[{"href":"https:\/\/ulia.org\/ficv\/wp-json\/wp\/v2\/pages"}],"about":[{"href":"https:\/\/ulia.org\/ficv\/wp-json\/wp\/v2\/types\/page"}],"author":[{"embeddable":true,"href":"https:\/\/ulia.org\/ficv\/wp-json\/wp\/v2\/users\/1"}],"replies":[{"embeddable":true,"href":"https:\/\/ulia.org\/ficv\/wp-json\/wp\/v2\/comments?post=692"}],"version-history":[{"count":2,"href":"https:\/\/ulia.org\/ficv\/wp-json\/wp\/v2\/pages\/692\/revisions"}],"predecessor-version":[{"id":919,"href":"https:\/\/ulia.org\/ficv\/wp-json\/wp\/v2\/pages\/692\/revisions\/919"}],"wp:attachment":[{"href":"https:\/\/ulia.org\/ficv\/wp-json\/wp\/v2\/media?parent=692"}],"curies":[{"name":"wp","href":"https:\/\/api.w.org\/{rel}","templated":true}]}}