{"id":689,"date":"2016-03-29T01:00:23","date_gmt":"2016-03-29T01:00:23","guid":{"rendered":"http:\/\/ulia.org\/ficv\/?page_id=689"},"modified":"2017-04-11T16:36:12","modified_gmt":"2017-04-11T16:36:12","slug":"la-bioetica-latinoamericana-en-sus-textos","status":"publish","type":"page","link":"https:\/\/ulia.org\/ficv\/la-bioetica-latinoamericana-en-sus-textos\/","title":{"rendered":"LA BIO\u00c9TICA LATINOAMERICANA EN SUS TEXTOS"},"content":{"rendered":"<div class=\"fusion-fullwidth fullwidth-box fusion-builder-row-1 nonhundred-percent-fullwidth non-hundred-percent-height-scrolling\" style=\"--awb-background-position:left top;--awb-border-radius-top-left:0px;--awb-border-radius-top-right:0px;--awb-border-radius-bottom-right:0px;--awb-border-radius-bottom-left:0px;--awb-padding-top:20px;--awb-padding-bottom:20px;--awb-border-sizes-top:0px;--awb-border-sizes-bottom:0px;--awb-flex-wrap:wrap;\" ><div class=\"fusion-builder-row fusion-row\"><div class=\"fusion-layout-column fusion_builder_column fusion-builder-column-0 fusion_builder_column_1_2 1_2 fusion-one-half fusion-column-first\" style=\"--awb-bg-size:cover;width:48%; margin-right: 4%;\"><div class=\"fusion-column-wrapper fusion-flex-column-wrapper-legacy\"><div class=\"fusion-text fusion-text-1\"><p><a href=\"http:\/\/ulia.org\/ficv\/wp-content\/uploads\/2016\/03\/portada10.jpg\" rel=\"attachment wp-att-690\"><img decoding=\"async\" class=\"aligncenter size-full wp-image-690\" src=\"http:\/\/ulia.org\/ficv\/wp-content\/uploads\/2016\/03\/portada10.jpg\" alt=\"portada10\" width=\"110\" height=\"130\" \/><\/a><\/p>\n<\/div><div class=\"fusion-clearfix\"><\/div><\/div><\/div><div class=\"fusion-layout-column fusion_builder_column fusion-builder-column-1 fusion_builder_column_1_2 1_2 fusion-one-half fusion-column-last\" style=\"--awb-bg-size:cover;width:48%;\"><div class=\"fusion-column-wrapper fusion-flex-column-wrapper-legacy\"><div class=\"fusion-title title fusion-title-1 fusion-title-text fusion-title-size-one\" style=\"--awb-margin-top-small:10px;--awb-margin-right-small:0px;--awb-margin-bottom-small:10px;--awb-margin-left-small:0px;\"><h1 class=\"fusion-title-heading title-heading-left\" style=\"margin:0;\">LA BIO\u00c9TICA LATINOAMERICANA EN SUS TEXTOS<\/h1><span class=\"awb-title-spacer\"><\/span><div class=\"title-sep-container\"><div class=\"title-sep sep-double sep-solid\" style=\"border-color:#e0dede;\"><\/div><\/div><\/div><div class=\"fusion-title title fusion-title-2 fusion-sep-none fusion-title-text fusion-title-size-three\" style=\"--awb-margin-top-small:10px;--awb-margin-right-small:0px;--awb-margin-bottom-small:10px;--awb-margin-left-small:0px;\"><h3 class=\"fusion-title-heading title-heading-left\" style=\"margin:0;\">Francisco Javier Le\u00f3n Correa<\/h3><\/div><div class=\"fusion-clearfix\"><\/div><\/div><\/div><div class=\"fusion-layout-column fusion_builder_column fusion-builder-column-2 fusion_builder_column_1_1 1_1 fusion-one-full fusion-column-first fusion-column-last\" style=\"--awb-bg-size:cover;\"><div class=\"fusion-column-wrapper fusion-flex-column-wrapper-legacy\"><div class=\"fusion-text fusion-text-2\"><p align=\"justify\"><strong>\u00cdNDICE:<\/strong><\/p>\n<p align=\"justify\">Cap\u00edtulo 1. An\u00e1lisis de la producci\u00f3n bibliogr\u00e1fica latinoamericana en bio\u00e9tica<\/p>\n<p align=\"justify\">Cap\u00edtulo 2. Fuentes para una\u00a0 historia de la bio\u00e9tica en Latinoam\u00e9rica y su desarrollo<\/p>\n<p align=\"justify\">\u00a0\u00a0\u00a0\u00a0\u00a0\u00a0\u00a0\u00a0\u00a0\u00a0\u00a0\u00a0\u00a0 2.1. La recepci\u00f3n de la bio\u00e9tica norteamericana<\/p>\n<p align=\"justify\">\u00a0\u00a0\u00a0\u00a0\u00a0\u00a0\u00a0\u00a0\u00a0\u00a0\u00a0\u00a0\u00a0 2.2. La consolidaci\u00f3n de la nueva disciplina en el \u00e1mbito latinoamericano<\/p>\n<p align=\"justify\">\u00a0\u00a0\u00a0\u00a0\u00a0\u00a0\u00a0\u00a0\u00a0\u00a0\u00a0\u00a0\u00a0 2.3. Un di\u00e1logo intercultural enriquecedor<\/p>\n<p align=\"justify\">\u00a0\u00a0\u00a0\u00a0\u00a0\u00a0\u00a0\u00a0\u00a0\u00a0\u00a0\u00a0\u00a0 2.4. La difusi\u00f3n de la bio\u00e9tica social<\/p>\n<p align=\"justify\">\u00a0\u00a0\u00a0\u00a0\u00a0\u00a0\u00a0\u00a0\u00a0\u00a0\u00a0\u00a0\u00a0 2.5. El reto actual: bio\u00e9tica como instrumento del debate \u00e9tico-social y pol\u00edtico<\/p>\n<p align=\"justify\">Cap\u00edtulo 3. Rese\u00f1as breves de libros editados por temas<\/p>\n<p align=\"justify\">\u00a0\u00a0\u00a0\u00a0\u00a0\u00a0\u00a0\u00a0\u00a0\u00a0\u00a0\u00a0\u00a0 3.1. Fundamentaci\u00f3n de la bio\u00e9tica<\/p>\n<p align=\"justify\">\u00a0\u00a0\u00a0\u00a0\u00a0\u00a0\u00a0\u00a0\u00a0\u00a0\u00a0\u00a0\u00a0 3.2 Ense\u00f1anza de la bio\u00e9tica<\/p>\n<p align=\"justify\">\u00a0\u00a0\u00a0\u00a0\u00a0\u00a0\u00a0\u00a0\u00a0\u00a0\u00a0\u00a0\u00a0 3.3. Sexualidad demograf\u00eda y familia<\/p>\n<p align=\"justify\">\u00a0\u00a0\u00a0\u00a0\u00a0\u00a0\u00a0\u00a0\u00a0\u00a0\u00a0\u00a0\u00a0 3.4. Inicio de la vida humana<\/p>\n<p align=\"justify\">\u00a0\u00a0\u00a0\u00a0\u00a0\u00a0\u00a0\u00a0\u00a0\u00a0\u00a0\u00a0\u00a0 3.5. Final de la vida humana<\/p>\n<p align=\"justify\">\u00a0\u00a0\u00a0\u00a0\u00a0\u00a0\u00a0\u00a0\u00a0\u00a0\u00a0\u00a0\u00a0 3.6. \u00c9tica cl\u00ednica<\/p>\n<p align=\"justify\">\u00a0\u00a0\u00a0\u00a0\u00a0\u00a0\u00a0\u00a0\u00a0\u00a0\u00a0\u00a0\u00a0 3.7. Salud, recursos y humanizaci\u00f3n<\/p>\n<p align=\"justify\">\u00a0\u00a0\u00a0\u00a0\u00a0\u00a0\u00a0\u00a0\u00a0\u00a0\u00a0\u00a0\u00a0 3.8. Comit\u00e9s de \u00e9tica y bio\u00e9tica<\/p>\n<p align=\"justify\">\u00a0\u00a0\u00a0\u00a0\u00a0\u00a0\u00a0\u00a0\u00a0\u00a0\u00a0\u00a0\u00a0 3.9. \u00c9tica e investigaci\u00f3n<\/p>\n<p align=\"justify\">\u00a0\u00a0\u00a0\u00a0\u00a0\u00a0\u00a0\u00a0\u00a0\u00a0\u00a0\u00a0\u00a0 3.10. Gen\u00e9tica y \u00e9tica<\/p>\n<p align=\"justify\">\u00a0\u00a0\u00a0\u00a0\u00a0\u00a0\u00a0\u00a0\u00a0\u00a0\u00a0\u00a0\u00a0 3.11. Derecho, legislaci\u00f3n y bio\u00e9tica<\/p>\n<p align=\"justify\">\u00a0\u00a0\u00a0\u00a0\u00a0\u00a0\u00a0\u00a0\u00a0\u00a0\u00a0\u00a0\u00a0 3.12. Ecolog\u00eda y medio ambiente<\/p>\n<p align=\"justify\">\u00a0\u00a0\u00a0\u00a0\u00a0\u00a0\u00a0\u00a0\u00a0\u00a0\u00a0\u00a0\u00a0 3.13. Feminismo y g\u00e9nero<\/p>\n<p align=\"justify\">\u00a0\u00a0\u00a0\u00a0\u00a0\u00a0\u00a0\u00a0\u00a0\u00a0\u00a0\u00a0\u00a0 3.14. Manuales y temas variados<\/p>\n<p align=\"justify\">Anexo 1. Direcciones web de centros e instituciones de bio\u00e9tica en Iberoam\u00e9rica<\/p>\n<p align=\"justify\">Anexo 2. Revistas latinoamericanas de bio\u00e9tica en internet<\/p>\n<p align=\"justify\">\u00cdndices por pa\u00edses\u00a0\u00a0\u00a0\u00a0\u00a0\u00a0\u00a0\u00a0\u00a0\u00a0\u00a0\u00a0\u00a0\u00a0 \u00cdndice tem\u00e1tico\u00a0\u00a0\u00a0\u00a0 \u00cdndice Onom\u00e1stico\u00a0\u00a0\u00a0\u00a0\u00a0\u00a0\u00a0\u00a0\u00a0\u00a0\u00a0\u00a0\u00a0 \u00cdndice por autores<\/p>\n<p align=\"justify\">\n<p align=\"justify\">Programa de Bio\u00e9tica OPS\/OMS y el CIEB de la Universidad de Chile<\/p>\n<p align=\"justify\">Santiago de Chile, 2008<\/p>\n<p align=\"justify\">\n<p align=\"justify\">ISBN: 978-956-319-573-6<\/p>\n<\/div><div class=\"fusion-clearfix\"><\/div><\/div><\/div><\/div><\/div>\n","protected":false},"excerpt":{"rendered":"","protected":false},"author":1,"featured_media":0,"parent":0,"menu_order":0,"comment_status":"closed","ping_status":"closed","template":"","meta":{"footnotes":""},"class_list":["post-689","page","type-page","status-publish","hentry"],"_links":{"self":[{"href":"https:\/\/ulia.org\/ficv\/wp-json\/wp\/v2\/pages\/689","targetHints":{"allow":["GET"]}}],"collection":[{"href":"https:\/\/ulia.org\/ficv\/wp-json\/wp\/v2\/pages"}],"about":[{"href":"https:\/\/ulia.org\/ficv\/wp-json\/wp\/v2\/types\/page"}],"author":[{"embeddable":true,"href":"https:\/\/ulia.org\/ficv\/wp-json\/wp\/v2\/users\/1"}],"replies":[{"embeddable":true,"href":"https:\/\/ulia.org\/ficv\/wp-json\/wp\/v2\/comments?post=689"}],"version-history":[{"count":2,"href":"https:\/\/ulia.org\/ficv\/wp-json\/wp\/v2\/pages\/689\/revisions"}],"predecessor-version":[{"id":920,"href":"https:\/\/ulia.org\/ficv\/wp-json\/wp\/v2\/pages\/689\/revisions\/920"}],"wp:attachment":[{"href":"https:\/\/ulia.org\/ficv\/wp-json\/wp\/v2\/media?parent=689"}],"curies":[{"name":"wp","href":"https:\/\/api.w.org\/{rel}","templated":true}]}}