{"id":686,"date":"2016-03-29T00:58:25","date_gmt":"2016-03-29T00:58:25","guid":{"rendered":"http:\/\/ulia.org\/ficv\/?page_id=686"},"modified":"2017-04-11T16:36:12","modified_gmt":"2017-04-11T16:36:12","slug":"informacion-al-paciente-y-consentimiento-informado-bioetica-y-enfermeria","status":"publish","type":"page","link":"https:\/\/ulia.org\/ficv\/informacion-al-paciente-y-consentimiento-informado-bioetica-y-enfermeria\/","title":{"rendered":"INFORMACI\u00d3N AL PACIENTE Y CONSENTIMIENTO INFORMADO.  BIO\u00c9TICA Y ENFERMER\u00cdA"},"content":{"rendered":"<div class=\"fusion-fullwidth fullwidth-box fusion-builder-row-1 nonhundred-percent-fullwidth non-hundred-percent-height-scrolling\" style=\"--awb-background-position:left top;--awb-border-radius-top-left:0px;--awb-border-radius-top-right:0px;--awb-border-radius-bottom-right:0px;--awb-border-radius-bottom-left:0px;--awb-padding-top:20px;--awb-padding-bottom:20px;--awb-border-sizes-top:0px;--awb-border-sizes-bottom:0px;--awb-flex-wrap:wrap;\" ><div class=\"fusion-builder-row fusion-row\"><div class=\"fusion-layout-column fusion_builder_column fusion-builder-column-0 fusion_builder_column_1_2 1_2 fusion-one-half fusion-column-first\" style=\"--awb-bg-size:cover;width:48%; margin-right: 4%;\"><div class=\"fusion-column-wrapper fusion-flex-column-wrapper-legacy\"><div class=\"fusion-text fusion-text-1\"><p><a href=\"http:\/\/ulia.org\/ficv\/wp-content\/uploads\/2016\/03\/portada9.jpg\" rel=\"attachment wp-att-687\"><img decoding=\"async\" class=\"aligncenter size-medium wp-image-687\" src=\"http:\/\/ulia.org\/ficv\/wp-content\/uploads\/2016\/03\/portada9-199x300.jpg\" alt=\"portada9\" width=\"199\" height=\"300\" srcset=\"https:\/\/ulia.org\/ficv\/wp-content\/uploads\/2016\/03\/portada9-199x300.jpg 199w, https:\/\/ulia.org\/ficv\/wp-content\/uploads\/2016\/03\/portada9.jpg 200w\" sizes=\"(max-width: 199px) 100vw, 199px\" \/><\/a><\/p>\n<\/div><div class=\"fusion-clearfix\"><\/div><\/div><\/div><div class=\"fusion-layout-column fusion_builder_column fusion-builder-column-1 fusion_builder_column_1_2 1_2 fusion-one-half fusion-column-last\" style=\"--awb-bg-size:cover;width:48%;\"><div class=\"fusion-column-wrapper fusion-flex-column-wrapper-legacy\"><div class=\"fusion-title title fusion-title-1 fusion-title-text fusion-title-size-one\" style=\"--awb-margin-top-small:10px;--awb-margin-right-small:0px;--awb-margin-bottom-small:10px;--awb-margin-left-small:0px;\"><h1 class=\"fusion-title-heading title-heading-left\" style=\"margin:0;\">INFORMACI\u00d3N AL PACIENTE Y CONSENTIMIENTO INFORMADO. BIO\u00c9TICA Y ENFERMER\u00cdA<\/h1><span class=\"awb-title-spacer\"><\/span><div class=\"title-sep-container\"><div class=\"title-sep sep-double sep-solid\" style=\"border-color:#e0dede;\"><\/div><\/div><\/div><div class=\"fusion-title title fusion-title-2 fusion-sep-none fusion-title-text fusion-title-size-three\" style=\"--awb-margin-top-small:10px;--awb-margin-right-small:0px;--awb-margin-bottom-small:10px;--awb-margin-left-small:0px;\"><h3 class=\"fusion-title-heading title-heading-left\" style=\"margin:0;\">Francisco Javier Le\u00f3n Correa, Ang\u00e9lica Piwonka (Coord.)<\/h3><\/div><div class=\"fusion-clearfix\"><\/div><\/div><\/div><div class=\"fusion-layout-column fusion_builder_column fusion-builder-column-2 fusion_builder_column_1_1 1_1 fusion-one-full fusion-column-first fusion-column-last\" style=\"--awb-bg-size:cover;\"><div class=\"fusion-column-wrapper fusion-flex-column-wrapper-legacy\"><div class=\"fusion-text fusion-text-2\"><p>\u00cdNDICE:<\/p>\n<p>Pr\u00f3logo. El reto \u00e9tico del consentimiento informado en Enfermer\u00eda. M\u00aa Ang\u00e9lica Piwonka, Francisco J. Le\u00f3n<\/p>\n<p>Introducci\u00f3n. El consentimiento informado en el cuidado de Enfermer\u00eda. Mar\u00eda Mercedes Hackspiel Z\u00e1rate.<\/p>\n<p>Parte 1\u00aa. Informaci\u00f3n, consentimiento informado y cuidados de Enfermer\u00eda<\/p>\n<p>        Cap\u00edtulo 1. El cuidado de una vida humana. Mar\u00eda Mercedes Hackspiel Z.<\/p>\n<p>        Cap\u00edtulo 2. Consentimiento informado en Enfermer\u00eda. Zoila Rosa Franco Pel\u00e1ez, Mar\u00eda Eugenia Pico Merch\u00e1n.<\/p>\n<p>        Cap\u00edtulo 3. La importancia de la comunicaci\u00f3n enfermera paciente. Alejandra Gajardo Ug\u00e1s.<\/p>\n<p>        Cap\u00edtulo 4. C\u00f3mo potenciar la autonom\u00eda del paciente desde un modelo integral de Enfermer\u00eda. Elizabeth G\u00f3mez Londo\u00f1o.<\/p>\n<p>        Cap\u00edtulo 5. Consentimiento informado y Enfermer\u00eda. M\u00aa Antonia Fern\u00e1ndez Lamelas.<\/p>\n<p>        Cap\u00edtulo 6. La comunicaci\u00f3n de la verdad en la relaci\u00f3n con el paciente terminal. Alejandra Gajardo Ug\u00e1s.<\/p>\n<p> Parte 2\u00aa. Implementaci\u00f3n del consentimiento informado y Enfermer\u00eda<\/p>\n<p>        Cap\u00edtulo 7. Estudio piloto sobre el conocimiento y las necesidades de formaci\u00f3n en consentimiento informado de los profesionales sanitarios del \u00e1rea de Vigo, Espa\u00f1a.<br \/>\n         M\u00aa Antonia Fern\u00e1ndez Lamelas.<\/p>\n<p>        Cap\u00edtulo 8. El consentimiento informado y el papel de Enfermer\u00eda. An\u00e1lisis en hospitales de Chile. Francisco J. Le\u00f3n, Alejandrina Arratia.<\/p>\n<p>        Cap\u00edtulo 9. Intervenci\u00f3n de Enfermer\u00eda en la entrega y explicaci\u00f3n del documento de consentimiento informado. Francisco J. Le\u00f3n, Daniela Acosta, Evelyn  Caro.<\/p>\n<p>        Cap\u00edtulo 10. El consentimiento informado y el profesional de enfermer\u00eda: Nivel de participaci\u00f3n y percepci\u00f3n \u00e9tica. Francisco J. Le\u00f3n, Carla Burattini, Jenniffer Schwartzmann<\/p>\n<p>Fundaci\u00f3n Interamericana Ciencia y Vida<br \/>\nSantiago de Chile, 2011<\/p>\n<p> ISBN: 978-956-332-924-7   P\u00e1ginas:260<\/p>\n<\/div><div class=\"fusion-clearfix\"><\/div><\/div><\/div><\/div><\/div>\n","protected":false},"excerpt":{"rendered":"","protected":false},"author":1,"featured_media":0,"parent":0,"menu_order":0,"comment_status":"closed","ping_status":"closed","template":"","meta":{"footnotes":""},"class_list":["post-686","page","type-page","status-publish","hentry"],"_links":{"self":[{"href":"https:\/\/ulia.org\/ficv\/wp-json\/wp\/v2\/pages\/686","targetHints":{"allow":["GET"]}}],"collection":[{"href":"https:\/\/ulia.org\/ficv\/wp-json\/wp\/v2\/pages"}],"about":[{"href":"https:\/\/ulia.org\/ficv\/wp-json\/wp\/v2\/types\/page"}],"author":[{"embeddable":true,"href":"https:\/\/ulia.org\/ficv\/wp-json\/wp\/v2\/users\/1"}],"replies":[{"embeddable":true,"href":"https:\/\/ulia.org\/ficv\/wp-json\/wp\/v2\/comments?post=686"}],"version-history":[{"count":2,"href":"https:\/\/ulia.org\/ficv\/wp-json\/wp\/v2\/pages\/686\/revisions"}],"predecessor-version":[{"id":921,"href":"https:\/\/ulia.org\/ficv\/wp-json\/wp\/v2\/pages\/686\/revisions\/921"}],"wp:attachment":[{"href":"https:\/\/ulia.org\/ficv\/wp-json\/wp\/v2\/media?parent=686"}],"curies":[{"name":"wp","href":"https:\/\/api.w.org\/{rel}","templated":true}]}}