{"id":683,"date":"2016-03-29T00:56:22","date_gmt":"2016-03-29T00:56:22","guid":{"rendered":"http:\/\/ulia.org\/ficv\/?page_id=683"},"modified":"2017-04-11T16:36:12","modified_gmt":"2017-04-11T16:36:12","slug":"cuidados-al-final-de-la-vida-bioetica-y-enfermeria","status":"publish","type":"page","link":"https:\/\/ulia.org\/ficv\/cuidados-al-final-de-la-vida-bioetica-y-enfermeria\/","title":{"rendered":"CUIDADOS AL FINAL DE LA VIDA. BIO\u00c9TICA Y ENFERMER\u00cdA"},"content":{"rendered":"<div class=\"fusion-fullwidth fullwidth-box fusion-builder-row-1 nonhundred-percent-fullwidth non-hundred-percent-height-scrolling\" style=\"--awb-background-position:left top;--awb-border-radius-top-left:0px;--awb-border-radius-top-right:0px;--awb-border-radius-bottom-right:0px;--awb-border-radius-bottom-left:0px;--awb-padding-top:20px;--awb-padding-bottom:20px;--awb-border-sizes-top:0px;--awb-border-sizes-bottom:0px;--awb-flex-wrap:wrap;\" ><div class=\"fusion-builder-row fusion-row\"><div class=\"fusion-layout-column fusion_builder_column fusion-builder-column-0 fusion_builder_column_1_2 1_2 fusion-one-half fusion-column-first\" style=\"--awb-bg-size:cover;width:48%; margin-right: 4%;\"><div class=\"fusion-column-wrapper fusion-flex-column-wrapper-legacy\"><div class=\"fusion-text fusion-text-1\"><p><a href=\"http:\/\/ulia.org\/ficv\/wp-content\/uploads\/2016\/03\/portada8.jpg\" rel=\"attachment wp-att-684\"><img decoding=\"async\" class=\"aligncenter size-full wp-image-684\" src=\"http:\/\/ulia.org\/ficv\/wp-content\/uploads\/2016\/03\/portada8.jpg\" alt=\"portada8\" width=\"130\" height=\"237\" \/><\/a><\/p>\n<\/div><div class=\"fusion-clearfix\"><\/div><\/div><\/div><div class=\"fusion-layout-column fusion_builder_column fusion-builder-column-1 fusion_builder_column_1_2 1_2 fusion-one-half fusion-column-last\" style=\"--awb-bg-size:cover;width:48%;\"><div class=\"fusion-column-wrapper fusion-flex-column-wrapper-legacy\"><div class=\"fusion-title title fusion-title-1 fusion-title-text fusion-title-size-one\" style=\"--awb-margin-top-small:10px;--awb-margin-right-small:0px;--awb-margin-bottom-small:10px;--awb-margin-left-small:0px;\"><h1 class=\"fusion-title-heading title-heading-left\" style=\"margin:0;\">CUIDADOS AL FINAL DE LA VIDA. BIO\u00c9TICA Y ENFERMER\u00cdA<\/h1><span class=\"awb-title-spacer\"><\/span><div class=\"title-sep-container\"><div class=\"title-sep sep-double sep-solid\" style=\"border-color:#e0dede;\"><\/div><\/div><\/div><div class=\"fusion-title title fusion-title-2 fusion-sep-none fusion-title-text fusion-title-size-three\" style=\"--awb-margin-top-small:10px;--awb-margin-right-small:0px;--awb-margin-bottom-small:10px;--awb-margin-left-small:0px;\"><h3 class=\"fusion-title-heading title-heading-left\" style=\"margin:0;\">Francisco Javier Le\u00f3n Correa (Coord.)<\/h3><\/div><div class=\"fusion-clearfix\"><\/div><\/div><\/div><div class=\"fusion-layout-column fusion_builder_column fusion-builder-column-2 fusion_builder_column_1_1 1_1 fusion-one-full fusion-column-first fusion-column-last\" style=\"--awb-bg-size:cover;\"><div class=\"fusion-column-wrapper fusion-flex-column-wrapper-legacy\"><div class=\"fusion-text fusion-text-2\"><p>\u00cdNDICE:<\/p>\n<p>Pr\u00f3logo: Enfermer\u00eda ante los dilemas \u00e9ticos del final de la vida. Mar\u00eda Ang\u00e9lica Piwonka.<\/p>\n<p>Introducci\u00f3n: Bio\u00e9tica y cuidado de enfermer\u00eda al final de la vida. Zoila Rosa Franco Pel\u00e1ez, Mar\u00eda Eugenia Pico Merch\u00e1n.<\/p>\n<p>Cap\u00edtulo 1. Bio\u00e9tica de la atenci\u00f3n de Enfermer\u00eda al paciente terminal. Francisco J. Le\u00f3n.<\/p>\n<p>Cap\u00edtulo 2. Una mirada bio\u00e9tica a la atenci\u00f3n de Enfermer\u00eda al momento de la muerte en hospitales de La Serena y Coquimbo. Beatriz Parada.<\/p>\n<p>Cap\u00edtulo 3. Cuidados de la enfermera desde la \u00f3ptica del paciente terminal. Mara Mu\u00f1oz, Andrea Cabargas, Paola Caviedes.<\/p>\n<p>Cap\u00edtulo 4. Voluntades anticipadas en los pacientes terminales. El rol de la Enfermer\u00eda. Francisco J. Le\u00f3n, Carolina \u00c1brigo, Claudia D\u00e9lano.<\/p>\n<p>Cap\u00edtulo 5. Orden de No Reanimaci\u00f3n en Unidades de Cuidados Intensivos, an\u00e1lisis comparativo de percepciones y  roles  del Equipo M\u00e9dico  como el de Enfermer\u00eda. Francisco J. Le\u00f3n, Paz Espinoza, Marcela L\u00f3pez.<\/p>\n<p>Cap\u00edtulo 6. Actitudes, emociones y percepci\u00f3n de la preparaci\u00f3n asistencial y emocional de los estudiantes de enfermer\u00eda ante la muerte y el enfermo terminal. Dennisse Brito, Tania Bocaz, Macarena Bustos, Rina Gonz\u00e1lez.<\/p>\n<p>Cap\u00edtulo 7. Enfrentamiento de la muerte de un paciente, desde el punto de vista de la enfermera. Francisco J. Le\u00f3n, Claudia Escalona H, Valeska Gonz\u00e1lez Cid.<\/p>\n<p>Cap\u00edtulo 8. El equipo de salud y la familia del ni\u00f1o muriente. Una relaci\u00f3n bajo an\u00e1lisis. Mara Mu\u00f1oz Salinas<\/p>\n<p>Fundaci\u00f3n Interamericana Ciencia y Vida<br \/>\nSantiago de Chile, 2010<\/p>\n<p>N\u00famero: 194 p\u00e1gs.<br \/>\nISBN: 978-956-332-426-6<\/p>\n<\/div><div class=\"fusion-clearfix\"><\/div><\/div><\/div><\/div><\/div>\n","protected":false},"excerpt":{"rendered":"","protected":false},"author":1,"featured_media":0,"parent":0,"menu_order":0,"comment_status":"closed","ping_status":"closed","template":"","meta":{"footnotes":""},"class_list":["post-683","page","type-page","status-publish","hentry"],"_links":{"self":[{"href":"https:\/\/ulia.org\/ficv\/wp-json\/wp\/v2\/pages\/683","targetHints":{"allow":["GET"]}}],"collection":[{"href":"https:\/\/ulia.org\/ficv\/wp-json\/wp\/v2\/pages"}],"about":[{"href":"https:\/\/ulia.org\/ficv\/wp-json\/wp\/v2\/types\/page"}],"author":[{"embeddable":true,"href":"https:\/\/ulia.org\/ficv\/wp-json\/wp\/v2\/users\/1"}],"replies":[{"embeddable":true,"href":"https:\/\/ulia.org\/ficv\/wp-json\/wp\/v2\/comments?post=683"}],"version-history":[{"count":2,"href":"https:\/\/ulia.org\/ficv\/wp-json\/wp\/v2\/pages\/683\/revisions"}],"predecessor-version":[{"id":922,"href":"https:\/\/ulia.org\/ficv\/wp-json\/wp\/v2\/pages\/683\/revisions\/922"}],"wp:attachment":[{"href":"https:\/\/ulia.org\/ficv\/wp-json\/wp\/v2\/media?parent=683"}],"curies":[{"name":"wp","href":"https:\/\/api.w.org\/{rel}","templated":true}]}}