{"id":677,"date":"2016-03-29T00:52:01","date_gmt":"2016-03-29T00:52:01","guid":{"rendered":"http:\/\/ulia.org\/ficv\/?page_id=677"},"modified":"2017-04-11T16:36:12","modified_gmt":"2017-04-11T16:36:12","slug":"bioetica-razonada-y-razonable","status":"publish","type":"page","link":"https:\/\/ulia.org\/ficv\/bioetica-razonada-y-razonable\/","title":{"rendered":"BIO\u00c9TICA RAZONADA Y RAZONABLE"},"content":{"rendered":"<div class=\"fusion-fullwidth fullwidth-box fusion-builder-row-1 nonhundred-percent-fullwidth non-hundred-percent-height-scrolling\" style=\"--awb-background-position:left top;--awb-border-radius-top-left:0px;--awb-border-radius-top-right:0px;--awb-border-radius-bottom-right:0px;--awb-border-radius-bottom-left:0px;--awb-padding-top:20px;--awb-padding-bottom:20px;--awb-border-sizes-top:0px;--awb-border-sizes-bottom:0px;--awb-flex-wrap:wrap;\" ><div class=\"fusion-builder-row fusion-row\"><div class=\"fusion-layout-column fusion_builder_column fusion-builder-column-0 fusion_builder_column_1_2 1_2 fusion-one-half fusion-column-first\" style=\"--awb-bg-size:cover;width:48%; margin-right: 4%;\"><div class=\"fusion-column-wrapper fusion-flex-column-wrapper-legacy\"><div class=\"fusion-text fusion-text-1\"><p><a href=\"http:\/\/ulia.org\/ficv\/wp-content\/uploads\/2016\/03\/bioeticarazonadaraz.gif\" rel=\"attachment wp-att-678\"><img decoding=\"async\" class=\"aligncenter size-full wp-image-678\" src=\"http:\/\/ulia.org\/ficv\/wp-content\/uploads\/2016\/03\/bioeticarazonadaraz.gif\" alt=\"bioeticarazonadaraz\" width=\"180\" height=\"253\" \/><\/a><\/p>\n<\/div><div class=\"fusion-clearfix\"><\/div><\/div><\/div><div class=\"fusion-layout-column fusion_builder_column fusion-builder-column-1 fusion_builder_column_1_2 1_2 fusion-one-half fusion-column-last\" style=\"--awb-bg-size:cover;width:48%;\"><div class=\"fusion-column-wrapper fusion-flex-column-wrapper-legacy\"><div class=\"fusion-title title fusion-title-1 fusion-title-text fusion-title-size-one\" style=\"--awb-margin-top-small:10px;--awb-margin-right-small:0px;--awb-margin-bottom-small:10px;--awb-margin-left-small:0px;\"><h1 class=\"fusion-title-heading title-heading-left\" style=\"margin:0;\">BIO\u00c9TICA RAZONADA Y RAZONABLE<\/h1><span class=\"awb-title-spacer\"><\/span><div class=\"title-sep-container\"><div class=\"title-sep sep-double sep-solid\" style=\"border-color:#e0dede;\"><\/div><\/div><\/div><div class=\"fusion-title title fusion-title-2 fusion-sep-none fusion-title-text fusion-title-size-three\" style=\"--awb-margin-top-small:10px;--awb-margin-right-small:0px;--awb-margin-bottom-small:10px;--awb-margin-left-small:0px;\"><h3 class=\"fusion-title-heading title-heading-left\" style=\"margin:0;\">Francisco Javier Le\u00f3n Correa (Santiago, 2009)<\/h3><\/div><div class=\"fusion-clearfix\"><\/div><\/div><\/div><div class=\"fusion-layout-column fusion_builder_column fusion-builder-column-2 fusion_builder_column_1_1 1_1 fusion-one-full fusion-column-first fusion-column-last\" style=\"--awb-bg-size:cover;\"><div class=\"fusion-column-wrapper fusion-flex-column-wrapper-legacy\"><div class=\"fusion-text fusion-text-2\"><p>PRIMERA EDICI\u00d3N: junio 2009. Santiago de Chile. Dos mil ejemplares.<\/p>\n<p>Edita: Fundaci\u00f3n Interamericana Ciencia y Vida.<br \/>\nP\u00e1ginas: 265.<br \/>\nISBN: 978-956-319-935-2<br \/>\nRegistro de la propiedad intelectual, n\u00ba: 181.171<\/p>\n<p>Precio: 15.000 pesos chilenos. En d\u00f3lares, precio de promoci\u00f3n a fecha de hoy 35 d\u00f3lares m\u00e1s gastos de env\u00edo.<\/p>\n<p>Pedidos: Librer\u00eda y Distribuidora de Libros Prosa y Pol\u00edtica. Santiago de Chile. Haremos llegar las peticiones a la Distribuidora: gibioetica@vtr.net Desde la Librer\u00eda se encargar\u00e1n de hacerles llegar el libro y efectuar el cobro. Los costos de env\u00edo corren por cuenta del comprador y se los har\u00e1n saber antes. Pueden enviarlo a toda Latinoam\u00e9rica y Europa.<\/p>\n<p>Indicar por mail: nombre, apellidos y direcci\u00f3n postal. Modo de pago preferido. Mail de contacto.<\/p>\n<p>\u00cdNDICE<br \/>\nIntroducci\u00f3n.<br \/>\nParte 1\u00aa.- FUNDAMENTOS DE BIO\u00c9TICA GENERAL<br \/>\nCap\u00edtulo 1.- Fundamentos \u00e9ticos de la Bio\u00e9tica.<br \/>\nCap\u00edtulo 2.- Dignidad humana y derechos humanos en Bio\u00e9tica<br \/>\nCap\u00edtulo 3.- Diez a\u00f1os de Bio\u00e9tica en Am\u00e9rica Latina: historia reciente y retos actuales.<br \/>\nCap\u00edtulo 4.- Bio\u00e9tica y religi\u00f3n<br \/>\nCap\u00edtulo 5.- Ense\u00f1ar Bio\u00e9tica: c\u00f3mo trasmitir conocimientos, actitudes y valores<\/p>\n<p>Parte 2\u00aa.- ALGUNOS DILEMAS \u00c9TICOS AL INICIO Y AL FINAL DE LA VIDA<br \/>\nCap\u00edtulo 6.- Inicio de la vida humana y aborto: datos cient\u00edficos y reflexi\u00f3n \u00e9tica<br \/>\nCap\u00edtulo 7.- El aborto desde la bio\u00e9tica: \u00bfautonom\u00eda y beneficencia frente a justicia?<br \/>\nCap\u00edtulo 8.- El di\u00e1logo bio\u00e9tico en las t\u00e9cnicas de reproducci\u00f3n asistida<br \/>\nCap\u00edtulo 9.- Dilemas \u00e9ticos en la atenci\u00f3n del paciente terminal<br \/>\nCap\u00edtulo 10.- Voluntades anticipadas: c\u00f3mo conjugar autonom\u00eda y beneficencia<br \/>\nCap\u00edtulo 11.- La eutanasia y su legalizaci\u00f3n: bases para un debate p\u00fablico<\/p>\n<p>Parte 3\u00aa.- BIO\u00c9TICA INSTITUCIONAL, SOCIAL Y GLOBAL<br \/>\nCap\u00edtulo 12.- Principios para una Bio\u00e9tica institucional y social<br \/>\nCap\u00edtulo 13.- Bio\u00e9tica: entre la universalidad y la interculturalidad. Los desaf\u00edos \u00e9ticos de la globalizaci\u00f3n<br \/>\nCap\u00edtulo 14.- Bio\u00e9tica y biopol\u00edtica en Latinoam\u00e9rica<br \/>\nCap\u00edtulo 15.- Bio\u00e9tica y crisis medioambiental<br \/>\nCap\u00edtulo 16.- Feminismo y bio\u00e9tica<\/p>\n<\/div><div class=\"fusion-clearfix\"><\/div><\/div><\/div><\/div><\/div>\n","protected":false},"excerpt":{"rendered":"","protected":false},"author":1,"featured_media":0,"parent":0,"menu_order":0,"comment_status":"closed","ping_status":"closed","template":"","meta":{"footnotes":""},"class_list":["post-677","page","type-page","status-publish","hentry"],"_links":{"self":[{"href":"https:\/\/ulia.org\/ficv\/wp-json\/wp\/v2\/pages\/677","targetHints":{"allow":["GET"]}}],"collection":[{"href":"https:\/\/ulia.org\/ficv\/wp-json\/wp\/v2\/pages"}],"about":[{"href":"https:\/\/ulia.org\/ficv\/wp-json\/wp\/v2\/types\/page"}],"author":[{"embeddable":true,"href":"https:\/\/ulia.org\/ficv\/wp-json\/wp\/v2\/users\/1"}],"replies":[{"embeddable":true,"href":"https:\/\/ulia.org\/ficv\/wp-json\/wp\/v2\/comments?post=677"}],"version-history":[{"count":2,"href":"https:\/\/ulia.org\/ficv\/wp-json\/wp\/v2\/pages\/677\/revisions"}],"predecessor-version":[{"id":924,"href":"https:\/\/ulia.org\/ficv\/wp-json\/wp\/v2\/pages\/677\/revisions\/924"}],"wp:attachment":[{"href":"https:\/\/ulia.org\/ficv\/wp-json\/wp\/v2\/media?parent=677"}],"curies":[{"name":"wp","href":"https:\/\/api.w.org\/{rel}","templated":true}]}}