{"id":607,"date":"2016-03-24T10:49:57","date_gmt":"2016-03-24T10:49:57","guid":{"rendered":"http:\/\/ulia.org\/ficv\/?page_id=607"},"modified":"2017-04-11T16:36:13","modified_gmt":"2017-04-11T16:36:13","slug":"ponencias-2008","status":"publish","type":"page","link":"https:\/\/ulia.org\/ficv\/ponencias-2008\/","title":{"rendered":"Ponencias 2008"},"content":{"rendered":"<div class=\"fusion-fullwidth fullwidth-box fusion-builder-row-1 nonhundred-percent-fullwidth non-hundred-percent-height-scrolling\" style=\"--awb-background-position:left top;--awb-border-radius-top-left:0px;--awb-border-radius-top-right:0px;--awb-border-radius-bottom-right:0px;--awb-border-radius-bottom-left:0px;--awb-padding-top:20px;--awb-padding-bottom:20px;--awb-border-sizes-top:0px;--awb-border-sizes-bottom:0px;--awb-flex-wrap:wrap;\" ><div class=\"fusion-builder-row fusion-row\"><div class=\"fusion-layout-column fusion_builder_column fusion-builder-column-0 fusion_builder_column_1_1 1_1 fusion-one-full fusion-column-first fusion-column-last\" style=\"--awb-bg-size:cover;\"><div class=\"fusion-column-wrapper fusion-flex-column-wrapper-legacy\"><div class=\"fusion-reading-box-container reading-box-container-1\" style=\"--awb-title-color:#333333;--awb-margin-top:0px;--awb-margin-bottom:3px;\"><div class=\"reading-box\" style=\"background-color:#f6f6f6;border-width:1px;border-color:#f6f6f6;border-bottom-width:3px;border-bottom-color:var(--primary_color);border-style:solid;\"><a class=\"button fusion-button button-green fusion-button-default-size button-default-size button-flat fusion-desktop-button fusion-tagline-button continue fusion-desktop-button-margin continue-right\" style=\"-webkit-box-shadow:none;-moz-box-shadow:none;box-shadow:none;border-radius:2px 2px 2px 2px\" href=\"http:\/\/ulia.org\/ficv\/wp-content\/uploads\/2016\/03\/Carolina-Gonz\u00d4\u00c7\u00e1lez-de-Beneke.doc.zip\" target=\"_blank\" rel=\"noopener noreferrer\"><span>Descargar Archivo<\/span><\/a><h2>Existen fronteras para la Eutanasia en un mundo globalizado?<\/h2><div class=\"reading-box-description fusion-reading-box-additional\">Autor: Carolina Gonz\u00e1lez de Beneke<\/div><div class=\"fusion-clearfix\"><\/div><a class=\"button fusion-button button-green fusion-button-default-size button-default-size button-flat fusion-mobile-button continue-right\" style=\"-webkit-box-shadow:none;-moz-box-shadow:none;box-shadow:none;border-radius:2px 2px 2px 2px\" href=\"http:\/\/ulia.org\/ficv\/wp-content\/uploads\/2016\/03\/Carolina-Gonz\u00d4\u00c7\u00e1lez-de-Beneke.doc.zip\" target=\"_blank\" rel=\"noopener noreferrer\"><span>Descargar Archivo<\/span><\/a><\/div><\/div><div class=\"fusion-reading-box-container reading-box-container-2\" style=\"--awb-title-color:#333333;--awb-margin-top:0px;--awb-margin-bottom:3px;\"><div class=\"reading-box\" style=\"background-color:#f6f6f6;border-width:1px;border-color:#f6f6f6;border-bottom-width:3px;border-bottom-color:var(--primary_color);border-style:solid;\"><a class=\"button fusion-button button-green fusion-button-default-size button-default-size button-flat fusion-desktop-button fusion-tagline-button continue fusion-desktop-button-margin continue-right\" style=\"-webkit-box-shadow:none;-moz-box-shadow:none;box-shadow:none;border-radius:2px 2px 2px 2px\" href=\"http:\/\/ulia.org\/ficv\/wp-content\/uploads\/2016\/03\/Definitiv_Rafael_Her_Uri_Comunic_Istmo.doc.zip\" target=\"_blank\" rel=\"noopener noreferrer\"><span>Descargar Archivo<\/span><\/a><h2>Por qu\u00e9 la vida es evangelio: teolog\u00eda de la continuidad biogr\u00e1fica en clave de plenitud<\/h2><div class=\"reading-box-description fusion-reading-box-additional\">Autor: Rafael Hern\u00e1ndez Urig\u00fcen<\/div><div class=\"fusion-clearfix\"><\/div><a class=\"button fusion-button button-green fusion-button-default-size button-default-size button-flat fusion-mobile-button continue-right\" style=\"-webkit-box-shadow:none;-moz-box-shadow:none;box-shadow:none;border-radius:2px 2px 2px 2px\" href=\"http:\/\/ulia.org\/ficv\/wp-content\/uploads\/2016\/03\/Definitiv_Rafael_Her_Uri_Comunic_Istmo.doc.zip\" target=\"_blank\" rel=\"noopener noreferrer\"><span>Descargar Archivo<\/span><\/a><\/div><\/div><div class=\"fusion-reading-box-container reading-box-container-3\" style=\"--awb-title-color:#333333;--awb-margin-top:0px;--awb-margin-bottom:3px;\"><div class=\"reading-box\" style=\"background-color:#f6f6f6;border-width:1px;border-color:#f6f6f6;border-bottom-width:3px;border-bottom-color:var(--primary_color);border-style:solid;\"><a class=\"button fusion-button button-green fusion-button-default-size button-default-size button-flat fusion-desktop-button fusion-tagline-button continue fusion-desktop-button-margin continue-right\" style=\"-webkit-box-shadow:none;-moz-box-shadow:none;box-shadow:none;border-radius:2px 2px 2px 2px\" href=\"http:\/\/ulia.org\/ficv\/wp-content\/uploads\/2016\/03\/1_Francisco-Lec3b3n-83Bioc3a9tica-y-globalizacic3b3n.ppt.zip\" target=\"_blank\" rel=\"noopener noreferrer\"><span>Descargar Archivo<\/span><\/a><h2>Bio\u00e9tica: entre la universalidad y la interculturalidad<\/h2><div class=\"reading-box-description fusion-reading-box-additional\">Autor: Francisco Javier Le\u00f3n Correa<\/div><div class=\"fusion-clearfix\"><\/div><a class=\"button fusion-button button-green fusion-button-default-size button-default-size button-flat fusion-mobile-button continue-right\" style=\"-webkit-box-shadow:none;-moz-box-shadow:none;box-shadow:none;border-radius:2px 2px 2px 2px\" href=\"http:\/\/ulia.org\/ficv\/wp-content\/uploads\/2016\/03\/1_Francisco-Lec3b3n-83Bioc3a9tica-y-globalizacic3b3n.ppt.zip\" target=\"_blank\" rel=\"noopener noreferrer\"><span>Descargar Archivo<\/span><\/a><\/div><\/div><div class=\"fusion-reading-box-container reading-box-container-4\" style=\"--awb-title-color:#333333;--awb-margin-top:0px;--awb-margin-bottom:3px;\"><div class=\"reading-box\" style=\"background-color:#f6f6f6;border-width:1px;border-color:#f6f6f6;border-bottom-width:3px;border-bottom-color:var(--primary_color);border-style:solid;\"><a class=\"button fusion-button button-green fusion-button-default-size button-default-size button-flat fusion-desktop-button fusion-tagline-button continue fusion-desktop-button-margin continue-right\" style=\"-webkit-box-shadow:none;-moz-box-shadow:none;box-shadow:none;border-radius:2px 2px 2px 2px\" href=\"http:\/\/ulia.org\/ficv\/wp-content\/uploads\/2016\/03\/Guillermo-Rafael-Cant-\u00fa.doc.zip\" target=\"_blank\" rel=\"noopener noreferrer\"><span>Descargar Archivo<\/span><\/a><h2>Homogeneidad de criterios para la atenci\u00f3n de pacientes pedi\u00e1tricos con insuficiencia renal cr\u00f3nica terminal en siete pa\u00edses de Am\u00e9rica Latina<\/h2><div class=\"reading-box-description fusion-reading-box-additional\">Autor: Guillermo Rafael Cant\u00fa Quintanilla<\/div><div class=\"fusion-clearfix\"><\/div><a class=\"button fusion-button button-green fusion-button-default-size button-default-size button-flat fusion-mobile-button continue-right\" style=\"-webkit-box-shadow:none;-moz-box-shadow:none;box-shadow:none;border-radius:2px 2px 2px 2px\" href=\"http:\/\/ulia.org\/ficv\/wp-content\/uploads\/2016\/03\/Guillermo-Rafael-Cant-\u00fa.doc.zip\" target=\"_blank\" rel=\"noopener noreferrer\"><span>Descargar Archivo<\/span><\/a><\/div><\/div><div class=\"fusion-reading-box-container reading-box-container-5\" style=\"--awb-title-color:#333333;--awb-margin-top:0px;--awb-margin-bottom:3px;\"><div class=\"reading-box\" style=\"background-color:#f6f6f6;border-width:1px;border-color:#f6f6f6;border-bottom-width:3px;border-bottom-color:var(--primary_color);border-style:solid;\"><a class=\"button fusion-button button-green fusion-button-default-size button-default-size button-flat fusion-desktop-button fusion-tagline-button continue fusion-desktop-button-margin continue-right\" style=\"-webkit-box-shadow:none;-moz-box-shadow:none;box-shadow:none;border-radius:2px 2px 2px 2px\" href=\"http:\/\/ulia.org\/ficv\/wp-content\/uploads\/2016\/03\/Jacqueline-Wurmster.-UNA-PEDAGOGA-BUENA-DE-VERDAD.doc.zip\" target=\"_blank\" rel=\"noopener noreferrer\"><span>Descargar Archivo<\/span><\/a><h2>Una pedagog\u00eda buena de verdad para educar ciudadanos<\/h2><div class=\"reading-box-description fusion-reading-box-additional\">Autor: Jacqueline Wurmser Ord\u00f3\u00f1ez<\/div><div class=\"fusion-clearfix\"><\/div><a class=\"button fusion-button button-green fusion-button-default-size button-default-size button-flat fusion-mobile-button continue-right\" style=\"-webkit-box-shadow:none;-moz-box-shadow:none;box-shadow:none;border-radius:2px 2px 2px 2px\" href=\"http:\/\/ulia.org\/ficv\/wp-content\/uploads\/2016\/03\/Jacqueline-Wurmster.-UNA-PEDAGOGA-BUENA-DE-VERDAD.doc.zip\" target=\"_blank\" rel=\"noopener noreferrer\"><span>Descargar Archivo<\/span><\/a><\/div><\/div><div class=\"fusion-reading-box-container reading-box-container-6\" style=\"--awb-title-color:#333333;--awb-margin-top:0px;--awb-margin-bottom:3px;\"><div class=\"reading-box\" style=\"background-color:#f6f6f6;border-width:1px;border-color:#f6f6f6;border-bottom-width:3px;border-bottom-color:var(--primary_color);border-style:solid;\"><a class=\"button fusion-button button-green fusion-button-default-size button-default-size button-flat fusion-desktop-button fusion-tagline-button continue fusion-desktop-button-margin continue-right\" style=\"-webkit-box-shadow:none;-moz-box-shadow:none;box-shadow:none;border-radius:2px 2px 2px 2px\" href=\"http:\/\/ulia.org\/ficv\/wp-content\/uploads\/2016\/03\/Jos-Garca-Pereez1.-2a-ponencia.-Universidad-de-Antioquia-COLOMBIA.doc.zip\" target=\"_blank\" rel=\"noopener noreferrer\"><span>Descargar Archivo<\/span><\/a><h2>Posibles argumentos para un debate sobre el multiculturalismo y los derechos especiales de grupo<\/h2><div class=\"reading-box-description fusion-reading-box-additional\">Autor: Jos\u00e9 Antonio Garc\u00eda<\/div><div class=\"fusion-clearfix\"><\/div><a class=\"button fusion-button button-green fusion-button-default-size button-default-size button-flat fusion-mobile-button continue-right\" style=\"-webkit-box-shadow:none;-moz-box-shadow:none;box-shadow:none;border-radius:2px 2px 2px 2px\" href=\"http:\/\/ulia.org\/ficv\/wp-content\/uploads\/2016\/03\/Jos-Garca-Pereez1.-2a-ponencia.-Universidad-de-Antioquia-COLOMBIA.doc.zip\" target=\"_blank\" rel=\"noopener noreferrer\"><span>Descargar Archivo<\/span><\/a><\/div><\/div><div class=\"fusion-reading-box-container reading-box-container-7\" style=\"--awb-title-color:#333333;--awb-margin-top:0px;--awb-margin-bottom:3px;\"><div class=\"reading-box\" style=\"background-color:#f6f6f6;border-width:1px;border-color:#f6f6f6;border-bottom-width:3px;border-bottom-color:var(--primary_color);border-style:solid;\"><a class=\"button fusion-button button-green fusion-button-default-size button-default-size button-flat fusion-desktop-button fusion-tagline-button continue fusion-desktop-button-margin continue-right\" style=\"-webkit-box-shadow:none;-moz-box-shadow:none;box-shadow:none;border-radius:2px 2px 2px 2px\" href=\"http:\/\/ulia.org\/ficv\/wp-content\/uploads\/2016\/03\/Karla-Molinedo.doc.zip\" target=\"_blank\" rel=\"noopener noreferrer\"><span>Descargar Archivo<\/span><\/a><h2>La noci\u00f3n de persona como fundamento de la funcionalidaddel hecho familia y su impacto en la sociedad<\/h2><div class=\"reading-box-description fusion-reading-box-additional\">Autor: Karla Mollinedo de Boy<\/div><div class=\"fusion-clearfix\"><\/div><a class=\"button fusion-button button-green fusion-button-default-size button-default-size button-flat fusion-mobile-button continue-right\" style=\"-webkit-box-shadow:none;-moz-box-shadow:none;box-shadow:none;border-radius:2px 2px 2px 2px\" href=\"http:\/\/ulia.org\/ficv\/wp-content\/uploads\/2016\/03\/Karla-Molinedo.doc.zip\" target=\"_blank\" rel=\"noopener noreferrer\"><span>Descargar Archivo<\/span><\/a><\/div><\/div><div class=\"fusion-reading-box-container reading-box-container-8\" style=\"--awb-title-color:#333333;--awb-margin-top:0px;--awb-margin-bottom:3px;\"><div class=\"reading-box\" style=\"background-color:#f6f6f6;border-width:1px;border-color:#f6f6f6;border-bottom-width:3px;border-bottom-color:var(--primary_color);border-style:solid;\"><a class=\"button fusion-button button-green fusion-button-default-size button-default-size button-flat fusion-desktop-button fusion-tagline-button continue fusion-desktop-button-margin continue-right\" style=\"-webkit-box-shadow:none;-moz-box-shadow:none;box-shadow:none;border-radius:2px 2px 2px 2px\" href=\"http:\/\/ulia.org\/ficv\/wp-content\/uploads\/2016\/03\/Jos-Garca-Pereez1.-Universidad-de-Antioquia-COLOMBIA.doc.zip\" target=\"_blank\" rel=\"noopener noreferrer\"><span>Descargar Archivo<\/span><\/a><h2>Los derechos especiales de grupo, como protecci\u00f3n a los desplazados en Colombia por el conlifcto armado interno<\/h2><div class=\"reading-box-description fusion-reading-box-additional\">Autor: Jos\u00e9 Antonio Garc\u00eda<\/div><div class=\"fusion-clearfix\"><\/div><a class=\"button fusion-button button-green fusion-button-default-size button-default-size button-flat fusion-mobile-button continue-right\" style=\"-webkit-box-shadow:none;-moz-box-shadow:none;box-shadow:none;border-radius:2px 2px 2px 2px\" href=\"http:\/\/ulia.org\/ficv\/wp-content\/uploads\/2016\/03\/Jos-Garca-Pereez1.-Universidad-de-Antioquia-COLOMBIA.doc.zip\" target=\"_blank\" rel=\"noopener noreferrer\"><span>Descargar Archivo<\/span><\/a><\/div><\/div><div class=\"fusion-reading-box-container reading-box-container-9\" style=\"--awb-title-color:#333333;--awb-margin-top:0px;--awb-margin-bottom:3px;\"><div class=\"reading-box\" style=\"background-color:#f6f6f6;border-width:1px;border-color:#f6f6f6;border-bottom-width:3px;border-bottom-color:var(--primary_color);border-style:solid;\"><a class=\"button fusion-button button-green fusion-button-default-size button-default-size button-flat fusion-desktop-button fusion-tagline-button continue fusion-desktop-button-margin continue-right\" style=\"-webkit-box-shadow:none;-moz-box-shadow:none;box-shadow:none;border-radius:2px 2px 2px 2px\" href=\"http:\/\/ulia.org\/ficv\/wp-content\/uploads\/2016\/03\/Pluralismo-y-Biotica-Dr1.-Carlos-lara-R.doc.zip\" target=\"_blank\" rel=\"noopener noreferrer\"><span>Descargar Archivo<\/span><\/a><h2>Pluralismo y Bio\u00e9tica<\/h2><div class=\"reading-box-description fusion-reading-box-additional\">Autor: Carlos Lara Roche<\/div><div class=\"fusion-clearfix\"><\/div><a class=\"button fusion-button button-green fusion-button-default-size button-default-size button-flat fusion-mobile-button continue-right\" style=\"-webkit-box-shadow:none;-moz-box-shadow:none;box-shadow:none;border-radius:2px 2px 2px 2px\" href=\"http:\/\/ulia.org\/ficv\/wp-content\/uploads\/2016\/03\/Pluralismo-y-Biotica-Dr1.-Carlos-lara-R.doc.zip\" target=\"_blank\" rel=\"noopener noreferrer\"><span>Descargar Archivo<\/span><\/a><\/div><\/div><div class=\"fusion-reading-box-container reading-box-container-10\" style=\"--awb-title-color:#333333;--awb-margin-top:0px;--awb-margin-bottom:3px;\"><div class=\"reading-box\" style=\"background-color:#f6f6f6;border-width:1px;border-color:#f6f6f6;border-bottom-width:3px;border-bottom-color:var(--primary_color);border-style:solid;\"><a class=\"button fusion-button button-green fusion-button-default-size button-default-size button-flat fusion-desktop-button fusion-tagline-button continue fusion-desktop-button-margin continue-right\" style=\"-webkit-box-shadow:none;-moz-box-shadow:none;box-shadow:none;border-radius:2px 2px 2px 2px\" href=\"http:\/\/ulia.org\/ficv\/wp-content\/uploads\/2016\/03\/Ana-T.-L-\u00f3pez-de-Llergo.doc.zip\" target=\"_blank\" rel=\"noopener noreferrer\"><span>Descargar Archivo<\/span><\/a><h2>Ciudadan\u00eda y ciudadanos. Dilemas del humanismo adjetivado en la tarea educativa<\/h2><div class=\"reading-box-description fusion-reading-box-additional\">Autor: Ana Teresa L\u00f3pez de Llergo<\/div><div class=\"fusion-clearfix\"><\/div><a class=\"button fusion-button button-green fusion-button-default-size button-default-size button-flat fusion-mobile-button continue-right\" style=\"-webkit-box-shadow:none;-moz-box-shadow:none;box-shadow:none;border-radius:2px 2px 2px 2px\" href=\"http:\/\/ulia.org\/ficv\/wp-content\/uploads\/2016\/03\/Ana-T.-L-\u00f3pez-de-Llergo.doc.zip\" target=\"_blank\" rel=\"noopener noreferrer\"><span>Descargar Archivo<\/span><\/a><\/div><\/div><div class=\"fusion-reading-box-container reading-box-container-11\" style=\"--awb-title-color:#333333;--awb-margin-top:0px;--awb-margin-bottom:3px;\"><div class=\"reading-box\" style=\"background-color:#f6f6f6;border-width:1px;border-color:#f6f6f6;border-bottom-width:3px;border-bottom-color:var(--primary_color);border-style:solid;\"><a class=\"button fusion-button button-green fusion-button-default-size button-default-size button-flat fusion-desktop-button fusion-tagline-button continue fusion-desktop-button-margin continue-right\" style=\"-webkit-box-shadow:none;-moz-box-shadow:none;box-shadow:none;border-radius:2px 2px 2px 2px\" href=\"http:\/\/ulia.org\/ficv\/wp-content\/uploads\/2016\/03\/Rosario-Escobar.doc.zip\" target=\"_blank\" rel=\"noopener noreferrer\"><span>Descargar Archivo<\/span><\/a><h2>La vida en nuestra regi\u00f3n inmersa en un mundo globalizado<\/h2><div class=\"reading-box-description fusion-reading-box-additional\">Autor: Ana del Rosario Escobar Loarca<\/div><div class=\"fusion-clearfix\"><\/div><a class=\"button fusion-button button-green fusion-button-default-size button-default-size button-flat fusion-mobile-button continue-right\" style=\"-webkit-box-shadow:none;-moz-box-shadow:none;box-shadow:none;border-radius:2px 2px 2px 2px\" href=\"http:\/\/ulia.org\/ficv\/wp-content\/uploads\/2016\/03\/Rosario-Escobar.doc.zip\" target=\"_blank\" rel=\"noopener noreferrer\"><span>Descargar Archivo<\/span><\/a><\/div><\/div><div class=\"fusion-clearfix\"><\/div><\/div><\/div><\/div><\/div>\n","protected":false},"excerpt":{"rendered":"","protected":false},"author":1,"featured_media":0,"parent":0,"menu_order":0,"comment_status":"closed","ping_status":"closed","template":"","meta":{"footnotes":""},"class_list":["post-607","page","type-page","status-publish","hentry"],"_links":{"self":[{"href":"https:\/\/ulia.org\/ficv\/wp-json\/wp\/v2\/pages\/607","targetHints":{"allow":["GET"]}}],"collection":[{"href":"https:\/\/ulia.org\/ficv\/wp-json\/wp\/v2\/pages"}],"about":[{"href":"https:\/\/ulia.org\/ficv\/wp-json\/wp\/v2\/types\/page"}],"author":[{"embeddable":true,"href":"https:\/\/ulia.org\/ficv\/wp-json\/wp\/v2\/users\/1"}],"replies":[{"embeddable":true,"href":"https:\/\/ulia.org\/ficv\/wp-json\/wp\/v2\/comments?post=607"}],"version-history":[{"count":2,"href":"https:\/\/ulia.org\/ficv\/wp-json\/wp\/v2\/pages\/607\/revisions"}],"predecessor-version":[{"id":930,"href":"https:\/\/ulia.org\/ficv\/wp-json\/wp\/v2\/pages\/607\/revisions\/930"}],"wp:attachment":[{"href":"https:\/\/ulia.org\/ficv\/wp-json\/wp\/v2\/media?parent=607"}],"curies":[{"name":"wp","href":"https:\/\/api.w.org\/{rel}","templated":true}]}}