{"id":563,"date":"2016-03-23T15:54:22","date_gmt":"2016-03-23T15:54:22","guid":{"rendered":"http:\/\/ulia.org\/ficv\/?page_id=563"},"modified":"2017-04-11T16:36:13","modified_gmt":"2017-04-11T16:36:13","slug":"ponencias-2005","status":"publish","type":"page","link":"https:\/\/ulia.org\/ficv\/ponencias-2005\/","title":{"rendered":"Ponencias 2005"},"content":{"rendered":"<div class=\"fusion-fullwidth fullwidth-box fusion-builder-row-1 nonhundred-percent-fullwidth non-hundred-percent-height-scrolling\" style=\"--awb-background-position:left top;--awb-border-radius-top-left:0px;--awb-border-radius-top-right:0px;--awb-border-radius-bottom-right:0px;--awb-border-radius-bottom-left:0px;--awb-padding-top:20px;--awb-padding-bottom:20px;--awb-border-sizes-top:0px;--awb-border-sizes-bottom:0px;--awb-flex-wrap:wrap;\" ><div class=\"fusion-builder-row fusion-row\"><div class=\"fusion-layout-column fusion_builder_column fusion-builder-column-0 fusion_builder_column_1_1 1_1 fusion-one-full fusion-column-first fusion-column-last\" style=\"--awb-bg-size:cover;\"><div class=\"fusion-column-wrapper fusion-flex-column-wrapper-legacy\"><div class=\"fusion-reading-box-container reading-box-container-1\" style=\"--awb-title-color:#333333;--awb-margin-top:0px;--awb-margin-bottom:3px;\"><div class=\"reading-box\" style=\"background-color:#f6f6f6;border-width:1px;border-color:#f6f6f6;border-bottom-width:3px;border-bottom-color:var(--primary_color);border-style:solid;\"><a class=\"button fusion-button button-green fusion-button-default-size button-default-size button-flat fusion-desktop-button fusion-tagline-button continue fusion-desktop-button-margin continue-right\" style=\"-webkit-box-shadow:none;-moz-box-shadow:none;box-shadow:none;border-radius:2px 2px 2px 2px\" href=\"http:\/\/ulia.org\/ficv\/wp-content\/uploads\/2016\/03\/Renteria-Teresa.zip\" target=\"_blank\" rel=\"noopener noreferrer\"><span>Descargar Archivo<\/span><\/a><h2>El manejo de la informaci\u00f3n de salud reproductiva en los Centros de Salud. El caso de Guadalajara<\/h2><div class=\"reading-box-description fusion-reading-box-additional\">Autor: Mar\u00eda Teresa Renter\u00eda Rodr\u00edguez y Mar\u00eda Evangelina Salinas Escobar<\/div><div class=\"fusion-clearfix\"><\/div><a class=\"button fusion-button button-green fusion-button-default-size button-default-size button-flat fusion-mobile-button continue-right\" style=\"-webkit-box-shadow:none;-moz-box-shadow:none;box-shadow:none;border-radius:2px 2px 2px 2px\" href=\"http:\/\/ulia.org\/ficv\/wp-content\/uploads\/2016\/03\/Renteria-Teresa.zip\" target=\"_blank\" rel=\"noopener noreferrer\"><span>Descargar Archivo<\/span><\/a><\/div><\/div><div class=\"fusion-reading-box-container reading-box-container-2\" style=\"--awb-title-color:#333333;--awb-margin-top:3px;--awb-margin-bottom:3px;\"><div class=\"reading-box\" style=\"background-color:#f6f6f6;border-width:1px;border-color:#f6f6f6;border-bottom-width:3px;border-bottom-color:var(--primary_color);border-style:solid;\"><a class=\"button fusion-button button-green fusion-button-default-size button-default-size button-flat fusion-desktop-button fusion-tagline-button continue fusion-desktop-button-margin continue-right\" style=\"-webkit-box-shadow:none;-moz-box-shadow:none;box-shadow:none;border-radius:2px 2px 2px 2px\" href=\"http:\/\/ulia.org\/ficv\/wp-content\/uploads\/2016\/03\/Burgos-Juan-Manuel.zip\" target=\"_blank\" rel=\"noopener noreferrer\"><span>Descargar Archivo<\/span><\/a><h2>Lo pol\u00edticamente correcto como necesidad y como opresi\u00f3n.<\/h2><div class=\"reading-box-description fusion-reading-box-additional\">Autor: Juan Manuel Burgos Velasco<\/div><div class=\"fusion-clearfix\"><\/div><a class=\"button fusion-button button-green fusion-button-default-size button-default-size button-flat fusion-mobile-button continue-right\" style=\"-webkit-box-shadow:none;-moz-box-shadow:none;box-shadow:none;border-radius:2px 2px 2px 2px\" href=\"http:\/\/ulia.org\/ficv\/wp-content\/uploads\/2016\/03\/Burgos-Juan-Manuel.zip\" target=\"_blank\" rel=\"noopener noreferrer\"><span>Descargar Archivo<\/span><\/a><\/div><\/div><div class=\"fusion-reading-box-container reading-box-container-3\" style=\"--awb-title-color:#333333;--awb-margin-top:3px;--awb-margin-bottom:3px;\"><div class=\"reading-box\" style=\"background-color:#f6f6f6;border-width:1px;border-color:#f6f6f6;border-bottom-width:3px;border-bottom-color:var(--primary_color);border-style:solid;\"><a class=\"button fusion-button button-green fusion-button-default-size button-default-size button-flat fusion-desktop-button fusion-tagline-button continue fusion-desktop-button-margin continue-right\" style=\"-webkit-box-shadow:none;-moz-box-shadow:none;box-shadow:none;border-radius:2px 2px 2px 2px\" href=\"http:\/\/ulia.org\/ficv\/wp-content\/uploads\/2016\/03\/Castellanos-Jose.zip\" target=\"_blank\" rel=\"noopener noreferrer\"><span>Descargar Archivo<\/span><\/a><h2>Objetividad, neutralidad y manipulaci\u00f3n informativa<\/h2><div class=\"reading-box-description fusion-reading-box-additional\">Autor: Jos\u00e9 J. Castellanos<\/div><div class=\"fusion-clearfix\"><\/div><a class=\"button fusion-button button-green fusion-button-default-size button-default-size button-flat fusion-mobile-button continue-right\" style=\"-webkit-box-shadow:none;-moz-box-shadow:none;box-shadow:none;border-radius:2px 2px 2px 2px\" href=\"http:\/\/ulia.org\/ficv\/wp-content\/uploads\/2016\/03\/Castellanos-Jose.zip\" target=\"_blank\" rel=\"noopener noreferrer\"><span>Descargar Archivo<\/span><\/a><\/div><\/div><div class=\"fusion-reading-box-container reading-box-container-4\" style=\"--awb-title-color:#333333;--awb-margin-top:3px;--awb-margin-bottom:3px;\"><div class=\"reading-box\" style=\"background-color:#f6f6f6;border-width:1px;border-color:#f6f6f6;border-bottom-width:3px;border-bottom-color:var(--primary_color);border-style:solid;\"><a class=\"button fusion-button button-green fusion-button-default-size button-default-size button-flat fusion-desktop-button fusion-tagline-button continue fusion-desktop-button-margin continue-right\" style=\"-webkit-box-shadow:none;-moz-box-shadow:none;box-shadow:none;border-radius:2px 2px 2px 2px\" href=\"http:\/\/ulia.org\/ficv\/wp-content\/uploads\/2016\/03\/L\u00f3pez-Parada-MD.zip\" target=\"_blank\" rel=\"noopener noreferrer\"><span>Descargar Archivo<\/span><\/a><h2>El curriculum integrado con competencias sociales en instituciones de educaci\u00f3n superior.<\/h2><div class=\"reading-box-description fusion-reading-box-additional\">Autor: Martha Dolores L\u00f3pez Parada<\/div><div class=\"fusion-clearfix\"><\/div><a class=\"button fusion-button button-green fusion-button-default-size button-default-size button-flat fusion-mobile-button continue-right\" style=\"-webkit-box-shadow:none;-moz-box-shadow:none;box-shadow:none;border-radius:2px 2px 2px 2px\" href=\"http:\/\/ulia.org\/ficv\/wp-content\/uploads\/2016\/03\/L\u00f3pez-Parada-MD.zip\" target=\"_blank\" rel=\"noopener noreferrer\"><span>Descargar Archivo<\/span><\/a><\/div><\/div><div class=\"fusion-reading-box-container reading-box-container-5\" style=\"--awb-title-color:#333333;--awb-margin-top:3px;--awb-margin-bottom:3px;\"><div class=\"reading-box\" style=\"background-color:#f6f6f6;border-width:1px;border-color:#f6f6f6;border-bottom-width:3px;border-bottom-color:var(--primary_color);border-style:solid;\"><a class=\"button fusion-button button-green fusion-button-default-size button-default-size button-flat fusion-desktop-button fusion-tagline-button continue fusion-desktop-button-margin continue-right\" style=\"-webkit-box-shadow:none;-moz-box-shadow:none;box-shadow:none;border-radius:2px 2px 2px 2px\" href=\"http:\/\/ulia.org\/ficv\/wp-content\/uploads\/2016\/03\/Oltra-Vicente.zip\" target=\"_blank\" rel=\"noopener noreferrer\"><span>Descargar Archivo<\/span><\/a><h2>Sectarismo e ideolog\u00eda anticristiana en grupos medi\u00e1ticos internacionales.<\/h2><div class=\"reading-box-description fusion-reading-box-additional\">Autor: Vicente Oltra Climent<\/div><div class=\"fusion-clearfix\"><\/div><a class=\"button fusion-button button-green fusion-button-default-size button-default-size button-flat fusion-mobile-button continue-right\" style=\"-webkit-box-shadow:none;-moz-box-shadow:none;box-shadow:none;border-radius:2px 2px 2px 2px\" href=\"http:\/\/ulia.org\/ficv\/wp-content\/uploads\/2016\/03\/Oltra-Vicente.zip\" target=\"_blank\" rel=\"noopener noreferrer\"><span>Descargar Archivo<\/span><\/a><\/div><\/div><div class=\"fusion-reading-box-container reading-box-container-6\" style=\"--awb-title-color:#333333;--awb-margin-top:3px;--awb-margin-bottom:3px;\"><div class=\"reading-box\" style=\"background-color:#f6f6f6;border-width:1px;border-color:#f6f6f6;border-bottom-width:3px;border-bottom-color:var(--primary_color);border-style:solid;\"><a class=\"button fusion-button button-green fusion-button-default-size button-default-size button-flat fusion-desktop-button fusion-tagline-button continue fusion-desktop-button-margin continue-right\" style=\"-webkit-box-shadow:none;-moz-box-shadow:none;box-shadow:none;border-radius:2px 2px 2px 2px\" href=\"http:\/\/ulia.org\/ficv\/wp-content\/uploads\/2016\/03\/Peir\u00f3-Salvador.zip\" target=\"_blank\" rel=\"noopener noreferrer\"><span>Descargar Archivo<\/span><\/a><h2>Manipulaci\u00f3n y televisi\u00f3n: hacia la despersonalizaci\u00f3n. \u00bfA qui\u00e9n beneficia esto? Propuestas pedag\u00f3gicas.<\/h2><div class=\"reading-box-description fusion-reading-box-additional\">Autor: Salvador Peir\u00f3 i Greg\u00f2ri<\/div><div class=\"fusion-clearfix\"><\/div><a class=\"button fusion-button button-green fusion-button-default-size button-default-size button-flat fusion-mobile-button continue-right\" style=\"-webkit-box-shadow:none;-moz-box-shadow:none;box-shadow:none;border-radius:2px 2px 2px 2px\" href=\"http:\/\/ulia.org\/ficv\/wp-content\/uploads\/2016\/03\/Peir\u00f3-Salvador.zip\" target=\"_blank\" rel=\"noopener noreferrer\"><span>Descargar Archivo<\/span><\/a><\/div><\/div><div class=\"fusion-reading-box-container reading-box-container-7\" style=\"--awb-title-color:#333333;--awb-margin-top:3px;--awb-margin-bottom:3px;\"><div class=\"reading-box\" style=\"background-color:#f6f6f6;border-width:1px;border-color:#f6f6f6;border-bottom-width:3px;border-bottom-color:var(--primary_color);border-style:solid;\"><a class=\"button fusion-button button-green fusion-button-default-size button-default-size button-flat fusion-desktop-button fusion-tagline-button continue fusion-desktop-button-margin continue-right\" style=\"-webkit-box-shadow:none;-moz-box-shadow:none;box-shadow:none;border-radius:2px 2px 2px 2px\" href=\"http:\/\/ulia.org\/ficv\/wp-content\/uploads\/2016\/03\/Ramirez-Hugo-Saul.zip\" target=\"_blank\" rel=\"noopener noreferrer\"><span>Descargar Archivo<\/span><\/a><h2>Desaf\u00edos \u00e9ticos y jur\u00eddicos de la libertad del cient\u00edfico en la sociedad contempor\u00e1nea<\/h2><div class=\"reading-box-description fusion-reading-box-additional\">Autor: Hugo S. Ram\u00edrez Garc\u00eda<\/div><div class=\"fusion-clearfix\"><\/div><a class=\"button fusion-button button-green fusion-button-default-size button-default-size button-flat fusion-mobile-button continue-right\" style=\"-webkit-box-shadow:none;-moz-box-shadow:none;box-shadow:none;border-radius:2px 2px 2px 2px\" href=\"http:\/\/ulia.org\/ficv\/wp-content\/uploads\/2016\/03\/Ramirez-Hugo-Saul.zip\" target=\"_blank\" rel=\"noopener noreferrer\"><span>Descargar Archivo<\/span><\/a><\/div><\/div><div class=\"fusion-reading-box-container reading-box-container-8\" style=\"--awb-title-color:#333333;--awb-margin-top:3px;--awb-margin-bottom:3px;\"><div class=\"reading-box\" style=\"background-color:#f6f6f6;border-width:1px;border-color:#f6f6f6;border-bottom-width:3px;border-bottom-color:var(--primary_color);border-style:solid;\"><a class=\"button fusion-button button-green fusion-button-default-size button-default-size button-flat fusion-desktop-button fusion-tagline-button continue fusion-desktop-button-margin continue-right\" style=\"-webkit-box-shadow:none;-moz-box-shadow:none;box-shadow:none;border-radius:2px 2px 2px 2px\" href=\"http:\/\/ulia.org\/ficv\/wp-content\/uploads\/2016\/03\/Tenorio-Guillermo.zip\" target=\"_blank\" rel=\"noopener noreferrer\"><span>Descargar Archivo<\/span><\/a><h2>La construcci\u00f3n del derecho en el discurso medi\u00e1tico: El caso de las sentencias medi\u00e1ticas.<\/h2><div class=\"reading-box-description fusion-reading-box-additional\">Autor: Guillermo Tenorio<\/div><div class=\"fusion-clearfix\"><\/div><a class=\"button fusion-button button-green fusion-button-default-size button-default-size button-flat fusion-mobile-button continue-right\" style=\"-webkit-box-shadow:none;-moz-box-shadow:none;box-shadow:none;border-radius:2px 2px 2px 2px\" href=\"http:\/\/ulia.org\/ficv\/wp-content\/uploads\/2016\/03\/Tenorio-Guillermo.zip\" target=\"_blank\" rel=\"noopener noreferrer\"><span>Descargar Archivo<\/span><\/a><\/div><\/div><div class=\"fusion-clearfix\"><\/div><\/div><\/div><\/div><\/div>\n","protected":false},"excerpt":{"rendered":"","protected":false},"author":1,"featured_media":0,"parent":0,"menu_order":0,"comment_status":"closed","ping_status":"closed","template":"","meta":{"footnotes":""},"class_list":["post-563","page","type-page","status-publish","hentry"],"_links":{"self":[{"href":"https:\/\/ulia.org\/ficv\/wp-json\/wp\/v2\/pages\/563","targetHints":{"allow":["GET"]}}],"collection":[{"href":"https:\/\/ulia.org\/ficv\/wp-json\/wp\/v2\/pages"}],"about":[{"href":"https:\/\/ulia.org\/ficv\/wp-json\/wp\/v2\/types\/page"}],"author":[{"embeddable":true,"href":"https:\/\/ulia.org\/ficv\/wp-json\/wp\/v2\/users\/1"}],"replies":[{"embeddable":true,"href":"https:\/\/ulia.org\/ficv\/wp-json\/wp\/v2\/comments?post=563"}],"version-history":[{"count":3,"href":"https:\/\/ulia.org\/ficv\/wp-json\/wp\/v2\/pages\/563\/revisions"}],"predecessor-version":[{"id":932,"href":"https:\/\/ulia.org\/ficv\/wp-json\/wp\/v2\/pages\/563\/revisions\/932"}],"wp:attachment":[{"href":"https:\/\/ulia.org\/ficv\/wp-json\/wp\/v2\/media?parent=563"}],"curies":[{"name":"wp","href":"https:\/\/api.w.org\/{rel}","templated":true}]}}