{"id":54,"date":"2016-01-18T13:17:17","date_gmt":"2016-01-18T13:17:17","guid":{"rendered":"http:\/\/ulia.org\/ficv\/?page_id=54"},"modified":"2017-04-11T16:36:15","modified_gmt":"2017-04-11T16:36:15","slug":"historia","status":"publish","type":"page","link":"https:\/\/ulia.org\/ficv\/historia\/","title":{"rendered":"Historia"},"content":{"rendered":"<p>En Julio de 1994 se celebr\u00f3 en la milenaria ciudad castellana de Segovia la primera edici\u00f3n de la Universidad de Verano Ciencia y Vida, organizada por la Asociaci\u00f3n Cultural Vida Humana y Sociedad, g\u00e9rmen de la Fundaci\u00f3n Interamericana Ciencia y Vida. La idea con que naci\u00f3 la iniciativa fue la de instituir un foro de discusi\u00f3n y di\u00e1logo acad\u00e9mico sobre temas relacionados con la defensa de la dignidad de la vida humana sin exclusiones de ning\u00fan tipo y con un enfoque pluralista y multidisciplinar. El presupuesto con el que se trabaj\u00f3 aqu\u00e9l a\u00f1o no lleg\u00f3 a los dos millones de pesetas, pero se hicieron maravillas: contamos con una asistencia regular de 150 alumnos venidos de toda Espa\u00f1a y en el plantel de ponentes y coordinadores figuraron 20 profesores de 7 universidades distintas. Muchos de ellos literalmente pagaron por ense\u00f1ar, lo que tiene ciertas reminiscencias cl\u00e1sicas. Se puso mucho entusiasmo y la experiencia fue tremendamente enriquecedora. La mayor\u00eda de los profesores y alumnos expresaron su deseo de volver y ello dio impulso a la continuidad del proyecto.<\/p>\n<h2 style=\"text-align: center;\"><span style=\"color: #006633;\">LA UNIVERSIDAD INTERNACIONAL DE VERANO CIENCIA Y VIDA 1994-2001<\/span><\/h2>\n<p><em>\u00bfQu\u00e9 era una Universidad de Verano ?<\/em><\/p>\n<p>En pocas palabras, se trataba de un congreso acad\u00e9mico pero con alumnos asistentes. Es una actividad que ha alcanzado gran tradici\u00f3n y abolengo cultural en Europa gracias al influjo de ponentes de alto nivel cient\u00edfico, de los temas que se tratan y de la divulgaci\u00f3n de conocimientos que procuran.<\/p>\n<p>En un amable ambiente de interacci\u00f3n espont\u00e1nea entre intelectuales y estudiantes, las universidades de verano retoman el sabor de los centros de saber medievales, primando siempre: la gratuidad del intercambio de conocimientos, la informalidad de las relaciones, y el amor a la sabidur\u00eda.<\/p>\n<p><em>Un poco de historia&#8230;.<\/em><\/p>\n<p>En 1993, en Espa\u00f1a, un grupo de entusiastas intelectuales, entre los que se contaban Miguel Moreno, Jos\u00e9 P\u00e9rez Ad\u00e1n y Jes\u00fas Poveda, llevaron a cabo en Segovia la reuni\u00f3n que alumbr\u00f3 el proyecto de un nuevo concepto de Universidad de Verano, con el fin de sustentar cient\u00edficamente el valor de la vida humana.<\/p>\n<p>Tras cuatro ediciones los organizadores de la Universidad de Verano de Segovia vieron conveniente traer, con el \u00e1nimo entusiasta de don Juan Sandoval, cardenal de Guadalajara, este proyecto a Am\u00e9rica, pues, en opini\u00f3n de uno de sus promotores, \u00aben Am\u00e9rica, y no en Europa, est\u00e1 el futuro de la vida humana y del mismo entorno natural\u00bb. As\u00ed, con el apoyo de las autoridades e instituciones locales se desarroll\u00f3 en Guadalajara (Jalisco) en Julio de 1998 la primera edici\u00f3n de la Universidad Internacional de Verano Ciencia y Vida.<\/p>\n<p><em>Un proyecto con futuro<\/em><\/p>\n<p>\u00abEl esp\u00edritu de Guadalajara\u00bb se plasm\u00f3 es la Declaraci\u00f3n de Guadalajara, un documento en defensa de la integridad, dignidad y finalidad de la vida humana, que fue firmado por m\u00e1s de 300 cient\u00edficos del m\u00e1ximo prestigio a nivel internacional.<\/p>\n<p>En sucesivas ediciones, como la de Cartagena en 1999 y la de M\u00e9xico D. F. del a\u00f1o 2000, el esp\u00edritu de la Universidad se ha venido plasmando en sendas declaraciones ad hoc, herederas de la pionera de Guadalajara y que despu\u00e9s han continuada hasta la fecha.<\/p>\n<p>En la edici\u00f3n de San Jos\u00e9 de Costa Rica en el 2001 se decide dar inicio a las clases continuas a lo largo de todo el a\u00f1o en lo que pasa a ser la Universidad Libre Internacional de las Am\u00e9ricas, que inicia sus actividades, tambi\u00e9n como proyecto diferenciado de la Fundaci\u00f3n Interamericana Ciencia y Vida, ese a\u00f1o. Por eso en la edici\u00f3n de Buenos Aires en el a\u00f1o 2002 se convoca el primer claustro de la nueva universidad (ULIA) al tiempo que se contin\u00faa con las ediciones anuales de lo que pasa a denominarse Congreso Ciencia y Vida.<\/p>\n<p>En el a\u00f1o 2003 se celebraron la novena edici\u00f3n del Congreso Ciencia y Vida y el segundo claustro de ULIA en la entra\u00f1able ciudad mexicana de Santiago de Quer\u00e9taro.<\/p>\n<h2 style=\"text-align: center;\"><span style=\"color: #006633;\">DOSSIER EXPLICATIVO DEL CONGRESO CIENCIA Y VIDA<\/span><\/h2>\n<p>Los Congresos <span style=\"color: #006633;\"><strong>Ciencia y Vida<\/strong><\/span> son un proyecto de la FUNDACI\u00d3N INTERAMERICA CIENCIA Y VIDA que nacieron como un encuentro acad\u00e9mico de car\u00e1cter multidisciplinar entre alumnos y profesores de todo el mundo relacionados de alg\u00fan modo con la defensa sin exclusiones de la dignidad de la vida humana.<\/p>\n<p>El Congreso Ciencia y Vida es un proyecto consolidado que se ha venido celebrando anualmente desde 1994 con el fin de:<\/p>\n<p>&#8211; Promover una cultura integral y finalista de la vida humana y fomentar la discusi\u00f3n y la investigaci\u00f3n acad\u00e9mica en este campo. Las personas, sean quienes sean, no pueden ser medio para nada ni para nadie.<\/p>\n<p>&#8211; Crear un foro de intercambio de ideas y de di\u00e1logo de car\u00e1cter multidisciplinar sobre aspectos relacionados con el tr\u00e1nsito de la vida humana desde su inicio hasta su t\u00e9rmino, su inserci\u00f3n en el medio social y cultural moderno, y su relaci\u00f3n con el medio f\u00edsico-natural.<\/p>\n<p>&#8211; Fomentar el intercambio de experiencias entre alumnos y profesores de distintos pa\u00edses y discurrir sobre los valores que conforman la cultura contempor\u00e1nea con un enfoque global y universalista.<\/p>\n<p>&#8211; Sensibilizar a los participantes y a la opini\u00f3n publica en general sobre las necesidades de solidaridad, cooperaci\u00f3n e integraci\u00f3n de nuestras sociedades, as\u00ed como mostrar las limitaciones que supone el inividualismo que aisla a las personas y los diferentes mecanismos de exclusi\u00f3n que est\u00e1n presentes en la cultura moderna.<\/p>\n<p>Entonces como UIVCV, el Congreso Ciencia y Vida tuvo su primera edici\u00f3n en 1994. El congreso organiza un seminario monogr\u00e1fico cada ma\u00f1ana; por las tardes se puede asistir a las tertulias informales, grupos de discusion y mesas de trabajo que se organizan con los ponentes en los seminarios de la ma\u00f1ana. Despu\u00e9s de la cena tienen lugar las actividades culturales.<\/p>\n<p>Los alumnos comen con los profesores, lo que favorece un trato cordial e informal y un intercambio de ideas fluido que es uno de los objetivos del evento.<\/p>\n<h3><span style=\"color: #006633;\">DE CARA AL FUTURO<\/span><\/h3>\n<p>El congreso Ciencia y Vida organiza sus sesiones en el continente americano desde 1998 y cambia de sede anualmente para facilitar al m\u00e1ximo la participaci\u00f3n y la diseminaci\u00f3n de conocimientos. Desde el 2002 se convoca al un\u00edsono con el claustro anual de la Universidad Libre Internacional de las Am\u00e9ricas.<\/p>\n","protected":false},"excerpt":{"rendered":"<p>En Julio de 1994 se celebr\u00f3 en la milenaria ciudad castellana de Segovia la primera edici\u00f3n de la Universidad de Verano Ciencia y Vida, organizada por la Asociaci\u00f3n Cultural Vida Humana y Sociedad, g\u00e9rmen de la Fundaci\u00f3n Interamericana Ciencia y Vida. La idea con que naci\u00f3 la iniciativa fue la de instituir un foro de  [&#8230;]<\/p>\n","protected":false},"author":1,"featured_media":0,"parent":0,"menu_order":0,"comment_status":"closed","ping_status":"closed","template":"","meta":{"footnotes":""},"class_list":["post-54","page","type-page","status-publish","hentry"],"_links":{"self":[{"href":"https:\/\/ulia.org\/ficv\/wp-json\/wp\/v2\/pages\/54","targetHints":{"allow":["GET"]}}],"collection":[{"href":"https:\/\/ulia.org\/ficv\/wp-json\/wp\/v2\/pages"}],"about":[{"href":"https:\/\/ulia.org\/ficv\/wp-json\/wp\/v2\/types\/page"}],"author":[{"embeddable":true,"href":"https:\/\/ulia.org\/ficv\/wp-json\/wp\/v2\/users\/1"}],"replies":[{"embeddable":true,"href":"https:\/\/ulia.org\/ficv\/wp-json\/wp\/v2\/comments?post=54"}],"version-history":[{"count":2,"href":"https:\/\/ulia.org\/ficv\/wp-json\/wp\/v2\/pages\/54\/revisions"}],"predecessor-version":[{"id":56,"href":"https:\/\/ulia.org\/ficv\/wp-json\/wp\/v2\/pages\/54\/revisions\/56"}],"wp:attachment":[{"href":"https:\/\/ulia.org\/ficv\/wp-json\/wp\/v2\/media?parent=54"}],"curies":[{"name":"wp","href":"https:\/\/api.w.org\/{rel}","templated":true}]}}