{"id":488,"date":"2016-02-07T20:15:09","date_gmt":"2016-02-07T20:15:09","guid":{"rendered":"http:\/\/ulia.org\/ficv\/?page_id=488"},"modified":"2017-04-11T16:36:13","modified_gmt":"2017-04-11T16:36:13","slug":"la-plata-2016","status":"publish","type":"page","link":"https:\/\/ulia.org\/ficv\/la-plata-2016\/","title":{"rendered":"La Plata 2016"},"content":{"rendered":"<div class=\"fusion-fullwidth fullwidth-box fusion-builder-row-1 nonhundred-percent-fullwidth non-hundred-percent-height-scrolling\" style=\"--awb-background-position:left top;--awb-border-radius-top-left:0px;--awb-border-radius-top-right:0px;--awb-border-radius-bottom-right:0px;--awb-border-radius-bottom-left:0px;--awb-padding-top:20px;--awb-padding-bottom:20px;--awb-border-sizes-top:0px;--awb-border-sizes-bottom:0px;--awb-flex-wrap:wrap;\" ><div class=\"fusion-builder-row fusion-row\"><div class=\"fusion-layout-column fusion_builder_column fusion-builder-column-0 fusion_builder_column_1_1 1_1 fusion-one-full fusion-column-first fusion-column-last\" style=\"--awb-bg-size:cover;\"><div class=\"fusion-column-wrapper fusion-flex-column-wrapper-legacy\"><div class=\"fusion-title title fusion-title-1 fusion-sep-none fusion-title-text fusion-title-size-one\" style=\"--awb-margin-bottom:0px;--awb-margin-top-small:10px;--awb-margin-right-small:0px;--awb-margin-bottom-small:10px;--awb-margin-left-small:0px;\"><h1 class=\"fusion-title-heading title-heading-left\" style=\"margin:0;\">XX Edici\u00f3n del Congreso Ciencia y Vida<\/h1><\/div><div class=\"fusion-title title fusion-title-2 fusion-title-text fusion-title-size-two\" style=\"--awb-margin-top-small:10px;--awb-margin-right-small:0px;--awb-margin-bottom-small:10px;--awb-margin-left-small:0px;\"><h2 class=\"fusion-title-heading title-heading-left\" style=\"margin:0;\">3 (Precongreso), 4 y 5 de agosto de 2016, Universidad Cat\u00f3lica de La Plata. Rep\u00fablica Argentina.<\/h2><span class=\"awb-title-spacer\"><\/span><div class=\"title-sep-container\"><div class=\"title-sep sep-double sep-solid\" style=\"border-color:#e0dede;\"><\/div><\/div><\/div><div class=\"fusion-title title fusion-title-3 fusion-title-text fusion-title-size-two\" style=\"--awb-margin-top-small:10px;--awb-margin-right-small:0px;--awb-margin-bottom-small:10px;--awb-margin-left-small:0px;\"><h2 class=\"fusion-title-heading title-heading-left\" style=\"margin:0;\">La vida humana y la preservaci\u00f3n de la casa com\u00fan<\/h2><span class=\"awb-title-spacer\"><\/span><div class=\"title-sep-container\"><div class=\"title-sep sep-double sep-solid\" style=\"border-color:#e0dede;\"><\/div><\/div><\/div><div class=\"fusion-text fusion-text-1\"><p>Mesas tem\u00e1ticas:<\/p>\n<ul>\n<li><strong>Familia, educaci\u00f3n y cultura: pilares para la preservaci\u00f3n de la casa com\u00fan<\/strong>.<\/li>\n<li><strong>Libertad, conciencia y pol\u00edtica: exigencias del debate medioambiental.<\/strong><\/li>\n<li><strong>Justicia, equidad y comunidad: requisitos<\/strong> <strong>para una sana ecolog\u00eda humana y ambiental.<\/strong><\/li>\n<li style=\"text-align: left;\"><strong>Aborto, fecundaci\u00f3n artificial y maternidad subrogada:\u00a0la vida naciente en el marco de una ecolog\u00eda integral<\/strong><strong><br \/>\n<\/strong><\/li>\n<\/ul>\n<h3 style=\"text-align: left;\"><strong><a href=\"http:\/\/ulia.org\/LaPlata2016\/Programa%20XX%20Congreso.pdf\">CONSULTA EL PROGRAMA<\/a><\/strong><\/h3>\n<h3><span style=\"color: #006633;\"><strong>Claustro General de ULIA<\/strong><\/span><\/h3>\n<h3>\u00a0Fecha: <strong>3 de Agosto de 2016<\/strong><\/h3>\n<p><strong>\u00a0<\/strong>Sede: <strong>Universidad Cat\u00f3lica de La Plata. Rep\u00fablica Argentina.<\/strong><\/p>\n<p><strong>\u00a0<\/strong>Programa:<\/p>\n<ul>\n<li><strong>Acto p\u00fablico de defensa de tesis doctorales<\/strong><\/li>\n<li><strong>Claustro de profesores y alumnos<\/strong><\/li>\n<li><strong>Ceremonia de graduaci\u00f3n y entrega de t\u00edtulos<\/strong><\/li>\n<li><strong>Acto acad\u00e9mico de recepci\u00f3n de doctores Honoris Causa<\/strong><\/li>\n<\/ul>\n<p><strong>Comit\u00e9 Cient\u00edfico del Congreso.<\/strong> Coordinaci\u00f3n: Dr. Jorge Sebasti\u00e1n Universidad de Valencia <a href=\"mailto:md2@ulia.org\">md2@ulia.org<br \/>\n<\/a>Directora Instituto de Investigaciones Bio\u00e9ticas, Universidad Cat\u00f3lica de La Plata, UCALP.<br \/>\nProf. Alicia Err\u00e1zquin de la Universidad Libre Internacional de las Am\u00e9ricas.<br \/>\nDr. Ferm\u00edn Garc\u00eda Marcos, Decano de la facultad de Cs. de la Salud, UCALP.<br \/>\nDr. Francisco Le\u00f3n, Universidad Central de Santiago de Chile.<br \/>\nDr. Thomas Rego, Director del Departamento de Filosof\u00eda UCALP.<\/p>\n<p><strong>Secretar\u00eda del congreso<\/strong>: <a href=\"mailto:cienciayvida@ucalpvirtual.edu.ar\">cienciayvida@ucalpvirtual.edu.ar<\/a><\/p>\n<p><strong>Costes de partici\u00f3n:<\/strong><br \/>\n&#8211;\u00a0\u00a0\u00a0\u00a0\u00a0\u00a0 P\u00fablico general: $300 Argentina; u$a 30 del exterior.<br \/>\n&#8211;\u00a0\u00a0\u00a0\u00a0\u00a0\u00a0 Profesores ULIA\/UCALP: $200 Argentina; u$a 20 del exterior.<br \/>\n&#8211;\u00a0\u00a0\u00a0\u00a0\u00a0\u00a0 Alumnos: $100 Argentina; u$a 10 del exterior.<br \/>\n<strong><em><span style=\"color: #17365d;\"><span lang=\"ES-AR\"><br \/>\nLas inscripciones al congreso se tramitan online, en <a href=\"http:\/\/goo.gl\/forms\/DD8Z9yVuoX\">Seleccionar este Link<\/a><\/span><\/span><\/em><\/strong><\/p>\n<p><strong>Fechas de compromiso para ponentes<\/strong>:<\/p>\n<p>1 de Febrero: fecha tope de reserva de ponencias y comunicaciones<\/p>\n<p>1 de Agosto: fecha tope de entrega de ponencias y comunicaciones<\/p>\n<p>&nbsp;<\/p>\n<p><strong>Webs de referencia:\u00a0<\/strong><\/p>\n<p><a href=\"http:\/\/www.ucalp.edu.ar\/\">http:\/\/eventos.ucalp.edu.ar\/ciencia-vida\/traslados.html<br \/>\nwww.ucalp.edu.ar<br \/>\n<\/a><a href=\"http:\/\/www.ulia.org\/\">www.ulia.org<br \/>\n<\/a><a href=\"http:\/\/www.ulia.org\/ficv\">www.ulia.org\/ficv<\/a><\/p>\n<\/div><div class=\"fusion-clearfix\"><\/div><\/div><\/div><div class=\"fusion-layout-column fusion_builder_column fusion-builder-column-1 fusion_builder_column_1_5 1_5 fusion-one-fifth fusion-column-first\" style=\"--awb-padding-top:5px;--awb-padding-right:5px;--awb-padding-bottom:5px;--awb-padding-left:5px;--awb-bg-size:cover;--awb-border-color:#006633;--awb-border-top:2px;--awb-border-right:2px;--awb-border-bottom:2px;--awb-border-left:2px;--awb-border-style:solid;width:16.8%; margin-right: 4%;\"><div class=\"fusion-column-wrapper fusion-flex-column-wrapper-legacy\"><div class=\"fusion-person person fusion-person-center fusion-person-1 fusion-person-icon-top\" style=\"--awb-pic-style-color:var(--awb-color8);--awb-pic-borderradius:0px;--awb-margin-top:0px;--awb-margin-right:0px;--awb-margin-bottom:0px;--awb-margin-left:0px;--awb-social-box-border-top:0px;--awb-social-box-border-right:0px;--awb-social-box-border-bottom:0px;--awb-social-box-border-left:0px;--awb-social-box-border-color:var(--awb-color3);--awb-social-box-border-color-hover:var(--awb-color4);--awb-social-box-colors-hover:rgba(232,232,232,0.8);--awb-social-icon-boxed-colors:#e8e8e8;--awb-social-icon-colors:#bebdbd;--awb-social-icon-colors-hover:rgba(190,189,189,0.8);\"><div class=\"person-shortcode-image-wrapper imageframe-liftup\"><div class=\"person-image-container\" style=\"border:0px solid #f6f6f6;-webkit-border-radius:0px;-moz-border-radius:0px;border-radius:0px;\"><a href=\" http:\/\/ulia.org\/ficv\/ponencias-la-plata-2016\/\" target=\"_blank\"><img decoding=\"async\" class=\"person-img img-responsive\" src=\"http:\/\/ulia.org\/ficv\/wp-content\/uploads\/2016\/02\/html.png\" alt=\"Ponencias\" \/><\/a><\/div><\/div><div class=\"person-desc\" style=\"background-color:var(--awb-color8);padding:40px;margin-top:0;\"><div class=\"person-author\"><div class=\"person-author-wrapper\"><span class=\"person-name\">Ponencias<\/span><span class=\"person-title\"><\/span><\/div><\/div><div class=\"person-content fusion-clearfix\"><\/div><\/div><\/div><div class=\"fusion-clearfix\"><\/div><\/div><\/div><div class=\"fusion-layout-column fusion_builder_column fusion-builder-column-2 fusion_builder_column_1_5 1_5 fusion-one-fifth\" style=\"--awb-padding-top:5px;--awb-padding-right:5px;--awb-padding-bottom:5px;--awb-padding-left:5px;--awb-bg-size:cover;--awb-border-color:#006633;--awb-border-top:2px;--awb-border-right:2px;--awb-border-bottom:2px;--awb-border-left:2px;--awb-border-style:solid;width:16.8%; margin-right: 4%;\"><div class=\"fusion-column-wrapper fusion-flex-column-wrapper-legacy\"><div class=\"fusion-person person fusion-person-center fusion-person-2 fusion-person-icon-top\" style=\"--awb-pic-style-color:var(--awb-color8);--awb-pic-borderradius:0px;--awb-margin-top:0px;--awb-margin-right:0px;--awb-margin-bottom:0px;--awb-margin-left:0px;--awb-social-box-border-top:0px;--awb-social-box-border-right:0px;--awb-social-box-border-bottom:0px;--awb-social-box-border-left:0px;--awb-social-box-border-color:var(--awb-color3);--awb-social-box-border-color-hover:var(--awb-color4);--awb-social-box-colors-hover:rgba(232,232,232,0.8);--awb-social-icon-boxed-colors:#e8e8e8;--awb-social-icon-colors:#bebdbd;--awb-social-icon-colors-hover:rgba(190,189,189,0.8);\"><div class=\"person-shortcode-image-wrapper imageframe-liftup\"><div class=\"person-image-container\" style=\"border:0px solid #f6f6f6;-webkit-border-radius:0px;-moz-border-radius:0px;border-radius:0px;\"><a href=\"https:\/\/goo.gl\/photos\/MzFWoVjf8fEf3X2i7\" target=\"_blank\"><img decoding=\"async\" class=\"person-img img-responsive\" src=\"http:\/\/ulia.org\/ficv\/wp-content\/uploads\/2016\/02\/jpg.png\" alt=\"Galer\u00eda de Fotos\" \/><\/a><\/div><\/div><div class=\"person-desc\" style=\"background-color:var(--awb-color8);padding:40px;margin-top:0;\"><div class=\"person-author\"><div class=\"person-author-wrapper\"><span class=\"person-name\">Galer\u00eda de Fotos<\/span><span class=\"person-title\"><\/span><\/div><\/div><div class=\"person-content fusion-clearfix\"><\/div><\/div><\/div><div class=\"fusion-clearfix\"><\/div><\/div><\/div><div class=\"fusion-layout-column fusion_builder_column fusion-builder-column-3 fusion_builder_column_1_5 1_5 fusion-one-fifth\" style=\"--awb-padding-top:5px;--awb-padding-right:5px;--awb-padding-bottom:5px;--awb-padding-left:5px;--awb-bg-size:cover;--awb-border-color:#006633;--awb-border-top:2px;--awb-border-right:2px;--awb-border-bottom:2px;--awb-border-left:2px;--awb-border-style:solid;width:16.8%; margin-right: 4%;\"><div class=\"fusion-column-wrapper fusion-flex-column-wrapper-legacy\"><div class=\"fusion-person person fusion-person-center fusion-person-3 fusion-person-icon-top\" style=\"--awb-pic-style-color:var(--awb-color8);--awb-pic-borderradius:0px;--awb-margin-top:0px;--awb-margin-right:0px;--awb-margin-bottom:0px;--awb-margin-left:0px;--awb-social-box-border-top:0px;--awb-social-box-border-right:0px;--awb-social-box-border-bottom:0px;--awb-social-box-border-left:0px;--awb-social-box-border-color:var(--awb-color3);--awb-social-box-border-color-hover:var(--awb-color4);--awb-social-box-colors-hover:rgba(232,232,232,0.8);--awb-social-icon-boxed-colors:#e8e8e8;--awb-social-icon-colors:#bebdbd;--awb-social-icon-colors-hover:rgba(190,189,189,0.8);\"><div class=\"person-shortcode-image-wrapper imageframe-liftup\"><div class=\"person-image-container\" style=\"border:0px solid #f6f6f6;-webkit-border-radius:0px;-moz-border-radius:0px;border-radius:0px;\"><a href=\"http:\/\/ulia.org\/ficv\/wp-content\/uploads\/2016\/08\/Declaracion-La-plata.pdf\" target=\"_blank\"><img decoding=\"async\" class=\"person-img img-responsive\" src=\"http:\/\/ulia.org\/ficv\/wp-content\/uploads\/2016\/02\/pdf.png\" alt=\"Declaraci\u00f3n\" \/><\/a><\/div><\/div><div class=\"person-desc\" style=\"background-color:var(--awb-color8);padding:40px;margin-top:0;\"><div class=\"person-author\"><div class=\"person-author-wrapper\"><span class=\"person-name\">Declaraci\u00f3n<\/span><span class=\"person-title\"><\/span><\/div><\/div><div class=\"person-content fusion-clearfix\"><\/div><\/div><\/div><div class=\"fusion-clearfix\"><\/div><\/div><\/div><div class=\"fusion-layout-column fusion_builder_column fusion-builder-column-4 fusion_builder_column_1_5 1_5 fusion-one-fifth\" style=\"--awb-padding-top:5px;--awb-padding-right:5px;--awb-padding-bottom:5px;--awb-padding-left:5px;--awb-bg-size:cover;--awb-border-color:#006633;--awb-border-top:2px;--awb-border-right:2px;--awb-border-bottom:2px;--awb-border-left:2px;--awb-border-style:solid;width:16.8%; margin-right: 4%;\"><div class=\"fusion-column-wrapper fusion-flex-column-wrapper-legacy\"><div class=\"fusion-person person fusion-person-center fusion-person-4 fusion-person-icon-top\" style=\"--awb-pic-style-color:var(--awb-color8);--awb-pic-borderradius:0px;--awb-margin-top:0px;--awb-margin-right:0px;--awb-margin-bottom:0px;--awb-margin-left:0px;--awb-social-box-border-top:0px;--awb-social-box-border-right:0px;--awb-social-box-border-bottom:0px;--awb-social-box-border-left:0px;--awb-social-box-border-color:var(--awb-color3);--awb-social-box-border-color-hover:var(--awb-color4);--awb-social-box-colors-hover:rgba(232,232,232,0.8);--awb-social-icon-boxed-colors:#e8e8e8;--awb-social-icon-colors:#bebdbd;--awb-social-icon-colors-hover:rgba(190,189,189,0.8);\"><div class=\"person-shortcode-image-wrapper imageframe-liftup\"><div class=\"person-image-container\" style=\"border:0px solid #f6f6f6;-webkit-border-radius:0px;-moz-border-radius:0px;border-radius:0px;\"><a href=\"http:\/\/ulia.org\/ficv\/wp-content\/uploads\/2016\/08\/afiche-paneles.jpg\" target=\"_blank\"><img decoding=\"async\" class=\"person-img img-responsive\" src=\"http:\/\/ulia.org\/ficv\/wp-content\/uploads\/2016\/02\/jpg.png\" alt=\"Cartel\" \/><\/a><\/div><\/div><div class=\"person-desc\" style=\"background-color:var(--awb-color8);padding:40px;margin-top:0;\"><div class=\"person-author\"><div class=\"person-author-wrapper\"><span class=\"person-name\">Cartel<\/span><span class=\"person-title\"><\/span><\/div><\/div><div class=\"person-content fusion-clearfix\"><\/div><\/div><\/div><div class=\"fusion-clearfix\"><\/div><\/div><\/div><\/div><\/div>\n","protected":false},"excerpt":{"rendered":"","protected":false},"author":1,"featured_media":0,"parent":0,"menu_order":0,"comment_status":"closed","ping_status":"closed","template":"","meta":{"footnotes":""},"class_list":["post-488","page","type-page","status-publish","hentry"],"_links":{"self":[{"href":"https:\/\/ulia.org\/ficv\/wp-json\/wp\/v2\/pages\/488","targetHints":{"allow":["GET"]}}],"collection":[{"href":"https:\/\/ulia.org\/ficv\/wp-json\/wp\/v2\/pages"}],"about":[{"href":"https:\/\/ulia.org\/ficv\/wp-json\/wp\/v2\/types\/page"}],"author":[{"embeddable":true,"href":"https:\/\/ulia.org\/ficv\/wp-json\/wp\/v2\/users\/1"}],"replies":[{"embeddable":true,"href":"https:\/\/ulia.org\/ficv\/wp-json\/wp\/v2\/comments?post=488"}],"version-history":[{"count":24,"href":"https:\/\/ulia.org\/ficv\/wp-json\/wp\/v2\/pages\/488\/revisions"}],"predecessor-version":[{"id":867,"href":"https:\/\/ulia.org\/ficv\/wp-json\/wp\/v2\/pages\/488\/revisions\/867"}],"wp:attachment":[{"href":"https:\/\/ulia.org\/ficv\/wp-json\/wp\/v2\/media?parent=488"}],"curies":[{"name":"wp","href":"https:\/\/api.w.org\/{rel}","templated":true}]}}