{"id":485,"date":"2016-02-07T20:08:41","date_gmt":"2016-02-07T20:08:41","guid":{"rendered":"http:\/\/ulia.org\/ficv\/?page_id=485"},"modified":"2017-04-11T16:36:13","modified_gmt":"2017-04-11T16:36:13","slug":"ponencias-arequipa-2014","status":"publish","type":"page","link":"https:\/\/ulia.org\/ficv\/ponencias-arequipa-2014\/","title":{"rendered":"Ponencias Arequipa 2014"},"content":{"rendered":"<div class=\"fusion-fullwidth fullwidth-box fusion-builder-row-1 nonhundred-percent-fullwidth non-hundred-percent-height-scrolling\" style=\"--awb-background-position:left top;--awb-border-radius-top-left:0px;--awb-border-radius-top-right:0px;--awb-border-radius-bottom-right:0px;--awb-border-radius-bottom-left:0px;--awb-padding-top:20px;--awb-padding-bottom:20px;--awb-border-sizes-top:0px;--awb-border-sizes-bottom:0px;--awb-flex-wrap:wrap;\" ><div class=\"fusion-builder-row fusion-row\"><div class=\"fusion-layout-column fusion_builder_column fusion-builder-column-0 fusion_builder_column_1_1 1_1 fusion-one-full fusion-column-first fusion-column-last\" style=\"--awb-bg-size:cover;\"><div class=\"fusion-column-wrapper fusion-flex-column-wrapper-legacy\"><div class=\"fusion-reading-box-container reading-box-container-1\" style=\"--awb-title-color:#333333;--awb-margin-top:0px;--awb-margin-bottom:3px;\"><div class=\"reading-box\" style=\"background-color:#f6f6f6;border-width:1px;border-color:#f6f6f6;border-bottom-width:3px;border-bottom-color:var(--primary_color);border-style:solid;\"><a class=\"button fusion-button button-green fusion-button-default-size button-default-size button-flat fusion-desktop-button fusion-tagline-button continue fusion-desktop-button-margin continue-right\" style=\"-webkit-box-shadow:none;-moz-box-shadow:none;box-shadow:none;border-radius:2px 2px 2px 2px\" href=\"http:\/\/ulia.org\/ficv\/wp-content\/uploads\/2016\/02\/Ponencia-Alicia-Err\u00e1zquin.pdf\" target=\"_blank\" rel=\"noopener noreferrer\"><span>Descargar Archivo<\/span><\/a><h2>La maternidad en los actuales escenarios de la concepci\u00f3n humana<\/h2><div class=\"reading-box-description fusion-reading-box-additional\">Autor: Alicia Err\u00e1zquin<\/div><div class=\"fusion-clearfix\"><\/div><a class=\"button fusion-button button-green fusion-button-default-size button-default-size button-flat fusion-mobile-button continue-right\" style=\"-webkit-box-shadow:none;-moz-box-shadow:none;box-shadow:none;border-radius:2px 2px 2px 2px\" href=\"http:\/\/ulia.org\/ficv\/wp-content\/uploads\/2016\/02\/Ponencia-Alicia-Err\u00e1zquin.pdf\" target=\"_blank\" rel=\"noopener noreferrer\"><span>Descargar Archivo<\/span><\/a><\/div><\/div><div class=\"fusion-reading-box-container reading-box-container-2\" style=\"--awb-title-color:#333333;--awb-margin-top:0px;--awb-margin-bottom:3px;\"><div class=\"reading-box\" style=\"background-color:#f6f6f6;border-width:1px;border-color:#f6f6f6;border-bottom-width:3px;border-bottom-color:var(--primary_color);border-style:solid;\"><a class=\"button fusion-button button-green fusion-button-default-size button-default-size button-flat fusion-desktop-button fusion-tagline-button continue fusion-desktop-button-margin continue-right\" style=\"-webkit-box-shadow:none;-moz-box-shadow:none;box-shadow:none;border-radius:2px 2px 2px 2px\" href=\"http:\/\/ulia.org\/ficv\/wp-content\/uploads\/2016\/02\/Ponencia_-_Antero_Yacarini.docx\" target=\"_blank\" rel=\"noopener noreferrer\"><span>Descargar Archivo<\/span><\/a><h2>Bio\u00e9tica, Formaci\u00f3n y Educaci\u00f3n<\/h2><div class=\"reading-box-description fusion-reading-box-additional\">Autor: Antero Yacarini<\/div><div class=\"fusion-clearfix\"><\/div><a class=\"button fusion-button button-green fusion-button-default-size button-default-size button-flat fusion-mobile-button continue-right\" style=\"-webkit-box-shadow:none;-moz-box-shadow:none;box-shadow:none;border-radius:2px 2px 2px 2px\" href=\"http:\/\/ulia.org\/ficv\/wp-content\/uploads\/2016\/02\/Ponencia_-_Antero_Yacarini.docx\" target=\"_blank\" rel=\"noopener noreferrer\"><span>Descargar Archivo<\/span><\/a><\/div><\/div><div class=\"fusion-reading-box-container reading-box-container-3\" style=\"--awb-title-color:#333333;--awb-margin-top:0px;--awb-margin-bottom:3px;\"><div class=\"reading-box\" style=\"background-color:#f6f6f6;border-width:1px;border-color:#f6f6f6;border-bottom-width:3px;border-bottom-color:var(--primary_color);border-style:solid;\"><a class=\"button fusion-button button-green fusion-button-default-size button-default-size button-flat fusion-desktop-button fusion-tagline-button continue fusion-desktop-button-margin continue-right\" style=\"-webkit-box-shadow:none;-moz-box-shadow:none;box-shadow:none;border-radius:2px 2px 2px 2px\" href=\"http:\/\/ulia.org\/ficv\/wp-content\/uploads\/2016\/02\/Ponencia_-_Angelina_Dois.docx\" target=\"_blank\" rel=\"noopener noreferrer\"><span>Descargar Archivo<\/span><\/a><h2>Familia, pobreza y ciudadan\u00eda: realidades (i)reconciliables<\/h2><div class=\"reading-box-description fusion-reading-box-additional\">Autor: Angelina Dois<\/div><div class=\"fusion-clearfix\"><\/div><a class=\"button fusion-button button-green fusion-button-default-size button-default-size button-flat fusion-mobile-button continue-right\" style=\"-webkit-box-shadow:none;-moz-box-shadow:none;box-shadow:none;border-radius:2px 2px 2px 2px\" href=\"http:\/\/ulia.org\/ficv\/wp-content\/uploads\/2016\/02\/Ponencia_-_Angelina_Dois.docx\" target=\"_blank\" rel=\"noopener noreferrer\"><span>Descargar Archivo<\/span><\/a><\/div><\/div><div class=\"fusion-reading-box-container reading-box-container-4\" style=\"--awb-title-color:#333333;--awb-margin-top:0px;--awb-margin-bottom:3px;\"><div class=\"reading-box\" style=\"background-color:#f6f6f6;border-width:1px;border-color:#f6f6f6;border-bottom-width:3px;border-bottom-color:var(--primary_color);border-style:solid;\"><a class=\"button fusion-button button-green fusion-button-default-size button-default-size button-flat fusion-desktop-button fusion-tagline-button continue fusion-desktop-button-margin continue-right\" style=\"-webkit-box-shadow:none;-moz-box-shadow:none;box-shadow:none;border-radius:2px 2px 2px 2px\" href=\"http:\/\/ulia.org\/ficv\/wp-content\/uploads\/2016\/02\/Ponencia-Jos\u00e9-Mar\u00eda-de-la-Cuesta-Rute.docx\" target=\"_blank\" rel=\"noopener noreferrer\"><span>Descargar Archivo<\/span><\/a><h2>El Principio de subsidiariedad y las econom\u00edas sociales<\/h2><div class=\"reading-box-description fusion-reading-box-additional\">Autor: Jos\u00e9 Mar\u00eda de la Cuesta Rute<\/div><div class=\"fusion-clearfix\"><\/div><a class=\"button fusion-button button-green fusion-button-default-size button-default-size button-flat fusion-mobile-button continue-right\" style=\"-webkit-box-shadow:none;-moz-box-shadow:none;box-shadow:none;border-radius:2px 2px 2px 2px\" href=\"http:\/\/ulia.org\/ficv\/wp-content\/uploads\/2016\/02\/Ponencia-Jos\u00e9-Mar\u00eda-de-la-Cuesta-Rute.docx\" target=\"_blank\" rel=\"noopener noreferrer\"><span>Descargar Archivo<\/span><\/a><\/div><\/div><div class=\"fusion-reading-box-container reading-box-container-5\" style=\"--awb-title-color:#333333;--awb-margin-top:0px;--awb-margin-bottom:3px;\"><div class=\"reading-box\" style=\"background-color:#f6f6f6;border-width:1px;border-color:#f6f6f6;border-bottom-width:3px;border-bottom-color:var(--primary_color);border-style:solid;\"><a class=\"button fusion-button button-green fusion-button-default-size button-default-size button-flat fusion-desktop-button fusion-tagline-button continue fusion-desktop-button-margin continue-right\" style=\"-webkit-box-shadow:none;-moz-box-shadow:none;box-shadow:none;border-radius:2px 2px 2px 2px\" href=\"http:\/\/ulia.org\/ficv\/wp-content\/uploads\/2016\/02\/Ponencia-Jos\u00e9-Luis-Orella.docx\" target=\"_blank\" rel=\"noopener noreferrer\"><span>Descargar Archivo<\/span><\/a><h2>El origen del catolicismo social agrario en Espa\u00f1a. Cooperativismo frente a individualismo.<\/h2><div class=\"reading-box-description fusion-reading-box-additional\">Autor: Jos\u00e9 Luis Orella<\/div><div class=\"fusion-clearfix\"><\/div><a class=\"button fusion-button button-green fusion-button-default-size button-default-size button-flat fusion-mobile-button continue-right\" style=\"-webkit-box-shadow:none;-moz-box-shadow:none;box-shadow:none;border-radius:2px 2px 2px 2px\" href=\"http:\/\/ulia.org\/ficv\/wp-content\/uploads\/2016\/02\/Ponencia-Jos\u00e9-Luis-Orella.docx\" target=\"_blank\" rel=\"noopener noreferrer\"><span>Descargar Archivo<\/span><\/a><\/div><\/div><div class=\"fusion-reading-box-container reading-box-container-6\" style=\"--awb-title-color:#333333;--awb-margin-top:0px;--awb-margin-bottom:3px;\"><div class=\"reading-box\" style=\"background-color:#f6f6f6;border-width:1px;border-color:#f6f6f6;border-bottom-width:3px;border-bottom-color:var(--primary_color);border-style:solid;\"><a class=\"button fusion-button button-green fusion-button-default-size button-default-size button-flat fusion-desktop-button fusion-tagline-button continue fusion-desktop-button-margin continue-right\" style=\"-webkit-box-shadow:none;-moz-box-shadow:none;box-shadow:none;border-radius:2px 2px 2px 2px\" href=\"http:\/\/ulia.org\/ficv\/wp-content\/uploads\/2016\/02\/Ponencia-Jos\u00e9-Antonio-Franco-Romo.doc\" target=\"_blank\" rel=\"noopener noreferrer\"><span>Descargar Archivo<\/span><\/a><h2>La formaci\u00f3n de las facultades humanas en los j\u00f3venes, como medida de rescate a la familia contempor\u00e1nea<\/h2><div class=\"reading-box-description fusion-reading-box-additional\">Autor: Jos\u00e9 Francisco Franco Romo<\/div><div class=\"fusion-clearfix\"><\/div><a class=\"button fusion-button button-green fusion-button-default-size button-default-size button-flat fusion-mobile-button continue-right\" style=\"-webkit-box-shadow:none;-moz-box-shadow:none;box-shadow:none;border-radius:2px 2px 2px 2px\" href=\"http:\/\/ulia.org\/ficv\/wp-content\/uploads\/2016\/02\/Ponencia-Jos\u00e9-Antonio-Franco-Romo.doc\" target=\"_blank\" rel=\"noopener noreferrer\"><span>Descargar Archivo<\/span><\/a><\/div><\/div><div class=\"fusion-reading-box-container reading-box-container-7\" style=\"--awb-title-color:#333333;--awb-margin-top:0px;--awb-margin-bottom:3px;\"><div class=\"reading-box\" style=\"background-color:#f6f6f6;border-width:1px;border-color:#f6f6f6;border-bottom-width:3px;border-bottom-color:var(--primary_color);border-style:solid;\"><a class=\"button fusion-button button-green fusion-button-default-size button-default-size button-flat fusion-desktop-button fusion-tagline-button continue fusion-desktop-button-margin continue-right\" style=\"-webkit-box-shadow:none;-moz-box-shadow:none;box-shadow:none;border-radius:2px 2px 2px 2px\" href=\"http:\/\/ulia.org\/ficv\/wp-content\/uploads\/2016\/02\/Ponencia-Francisco-Javier-Le\u00f3n-Correa.doc\" target=\"_blank\" rel=\"noopener noreferrer\"><span>Descargar Archivo<\/span><\/a><h2>Sistema p\u00fablico y privado de salud: \u00e9tica, responsabilidad social y democracia participativa.<\/h2><div class=\"reading-box-description fusion-reading-box-additional\">Autor: Francisco Javier Le\u00f3n Correa<\/div><div class=\"fusion-clearfix\"><\/div><a class=\"button fusion-button button-green fusion-button-default-size button-default-size button-flat fusion-mobile-button continue-right\" style=\"-webkit-box-shadow:none;-moz-box-shadow:none;box-shadow:none;border-radius:2px 2px 2px 2px\" href=\"http:\/\/ulia.org\/ficv\/wp-content\/uploads\/2016\/02\/Ponencia-Francisco-Javier-Le\u00f3n-Correa.doc\" target=\"_blank\" rel=\"noopener noreferrer\"><span>Descargar Archivo<\/span><\/a><\/div><\/div><div class=\"fusion-reading-box-container reading-box-container-8\" style=\"--awb-title-color:#333333;--awb-margin-top:0px;--awb-margin-bottom:3px;\"><div class=\"reading-box\" style=\"background-color:#f6f6f6;border-width:1px;border-color:#f6f6f6;border-bottom-width:3px;border-bottom-color:var(--primary_color);border-style:solid;\"><a class=\"button fusion-button button-green fusion-button-default-size button-default-size button-flat fusion-desktop-button fusion-tagline-button continue fusion-desktop-button-margin continue-right\" style=\"-webkit-box-shadow:none;-moz-box-shadow:none;box-shadow:none;border-radius:2px 2px 2px 2px\" href=\"http:\/\/ulia.org\/ficv\/wp-content\/uploads\/2016\/02\/Ponencia-Encarnaci\u00f3n-Fernandez2.docx\" target=\"_blank\" rel=\"noopener noreferrer\"><span>Descargar Archivo<\/span><\/a><h2>Bases para una democracia c\u00edvica<\/h2><div class=\"reading-box-description fusion-reading-box-additional\">Autor: Encarnaci\u00f3n Fern\u00e1ndez<\/div><div class=\"fusion-clearfix\"><\/div><a class=\"button fusion-button button-green fusion-button-default-size button-default-size button-flat fusion-mobile-button continue-right\" style=\"-webkit-box-shadow:none;-moz-box-shadow:none;box-shadow:none;border-radius:2px 2px 2px 2px\" href=\"http:\/\/ulia.org\/ficv\/wp-content\/uploads\/2016\/02\/Ponencia-Encarnaci\u00f3n-Fernandez2.docx\" target=\"_blank\" rel=\"noopener noreferrer\"><span>Descargar Archivo<\/span><\/a><\/div><\/div><div class=\"fusion-reading-box-container reading-box-container-9\" style=\"--awb-title-color:#333333;--awb-margin-top:0px;--awb-margin-bottom:3px;\"><div class=\"reading-box\" style=\"background-color:#f6f6f6;border-width:1px;border-color:#f6f6f6;border-bottom-width:3px;border-bottom-color:var(--primary_color);border-style:solid;\"><a class=\"button fusion-button button-green fusion-button-default-size button-default-size button-flat fusion-desktop-button fusion-tagline-button continue fusion-desktop-button-margin continue-right\" style=\"-webkit-box-shadow:none;-moz-box-shadow:none;box-shadow:none;border-radius:2px 2px 2px 2px\" href=\"http:\/\/ulia.org\/ficv\/wp-content\/uploads\/2016\/02\/Ponencia-Ana-Teresa-L\u00f3pez.doc\" target=\"_blank\" rel=\"noopener noreferrer\"><span>Descargar Archivo<\/span><\/a><h2>Propuesta educativa para ir del individualismo a la integraci\u00f3n social comprometida<\/h2><div class=\"reading-box-description fusion-reading-box-additional\">Autor: Ana Teresa L\u00f3pez de Llergo<\/div><div class=\"fusion-clearfix\"><\/div><a class=\"button fusion-button button-green fusion-button-default-size button-default-size button-flat fusion-mobile-button continue-right\" style=\"-webkit-box-shadow:none;-moz-box-shadow:none;box-shadow:none;border-radius:2px 2px 2px 2px\" href=\"http:\/\/ulia.org\/ficv\/wp-content\/uploads\/2016\/02\/Ponencia-Ana-Teresa-L\u00f3pez.doc\" target=\"_blank\" rel=\"noopener noreferrer\"><span>Descargar Archivo<\/span><\/a><\/div><\/div><div class=\"fusion-reading-box-container reading-box-container-10\" style=\"--awb-title-color:#333333;--awb-margin-top:0px;--awb-margin-bottom:3px;\"><div class=\"reading-box\" style=\"background-color:#f6f6f6;border-width:1px;border-color:#f6f6f6;border-bottom-width:3px;border-bottom-color:var(--primary_color);border-style:solid;\"><a class=\"button fusion-button button-green fusion-button-default-size button-default-size button-flat fusion-desktop-button fusion-tagline-button continue fusion-desktop-button-margin continue-right\" style=\"-webkit-box-shadow:none;-moz-box-shadow:none;box-shadow:none;border-radius:2px 2px 2px 2px\" href=\"http:\/\/ulia.org\/ficv\/wp-content\/uploads\/2016\/02\/Ponencia_-_Marcio_Soto.docx\" target=\"_blank\" rel=\"noopener noreferrer\"><span>Descargar Archivo<\/span><\/a><h2>Neurociencia del envejecimiento saludable: educaci\u00f3n y prevenci\u00f3n<\/h2><div class=\"reading-box-description fusion-reading-box-additional\">Autor: Marcio Soto<\/div><div class=\"fusion-clearfix\"><\/div><a class=\"button fusion-button button-green fusion-button-default-size button-default-size button-flat fusion-mobile-button continue-right\" style=\"-webkit-box-shadow:none;-moz-box-shadow:none;box-shadow:none;border-radius:2px 2px 2px 2px\" href=\"http:\/\/ulia.org\/ficv\/wp-content\/uploads\/2016\/02\/Ponencia_-_Marcio_Soto.docx\" target=\"_blank\" rel=\"noopener noreferrer\"><span>Descargar Archivo<\/span><\/a><\/div><\/div><div class=\"fusion-reading-box-container reading-box-container-11\" style=\"--awb-title-color:#333333;--awb-margin-top:0px;--awb-margin-bottom:3px;\"><div class=\"reading-box\" style=\"background-color:#f6f6f6;border-width:1px;border-color:#f6f6f6;border-bottom-width:3px;border-bottom-color:var(--primary_color);border-style:solid;\"><a class=\"button fusion-button button-green fusion-button-default-size button-default-size button-flat fusion-desktop-button fusion-tagline-button continue fusion-desktop-button-margin continue-right\" style=\"-webkit-box-shadow:none;-moz-box-shadow:none;box-shadow:none;border-radius:2px 2px 2px 2px\" href=\"http:\/\/ulia.org\/ficv\/wp-content\/uploads\/2016\/02\/Ponencia_-_Emilio_Ibeas.doc\" target=\"_blank\" rel=\"noopener noreferrer\"><span>Descargar Archivo<\/span><\/a><h2>Atenci\u00f3n Sanitaria al final de la vida<\/h2><div class=\"reading-box-description fusion-reading-box-additional\">Autor: Emilio Ibeas<\/div><div class=\"fusion-clearfix\"><\/div><a class=\"button fusion-button button-green fusion-button-default-size button-default-size button-flat fusion-mobile-button continue-right\" style=\"-webkit-box-shadow:none;-moz-box-shadow:none;box-shadow:none;border-radius:2px 2px 2px 2px\" href=\"http:\/\/ulia.org\/ficv\/wp-content\/uploads\/2016\/02\/Ponencia_-_Emilio_Ibeas.doc\" target=\"_blank\" rel=\"noopener noreferrer\"><span>Descargar Archivo<\/span><\/a><\/div><\/div><div class=\"fusion-reading-box-container reading-box-container-12\" style=\"--awb-title-color:#333333;--awb-margin-top:0px;--awb-margin-bottom:3px;\"><div class=\"reading-box\" style=\"background-color:#f6f6f6;border-width:1px;border-color:#f6f6f6;border-bottom-width:3px;border-bottom-color:var(--primary_color);border-style:solid;\"><a class=\"button fusion-button button-green fusion-button-default-size button-default-size button-flat fusion-desktop-button fusion-tagline-button continue fusion-desktop-button-margin continue-right\" style=\"-webkit-box-shadow:none;-moz-box-shadow:none;box-shadow:none;border-radius:2px 2px 2px 2px\" href=\"http:\/\/ulia.org\/ficv\/wp-content\/uploads\/2016\/02\/Ponencia_-_Diego_Arias_Padilla.doc\" target=\"_blank\" rel=\"noopener noreferrer\"><span>Descargar Archivo<\/span><\/a><h2>Las motivaciones a la Responsabilidad Social de la Empresa: una propuesta de autoevaluaci\u00f3n<\/h2><div class=\"reading-box-description fusion-reading-box-additional\">Autor: Diego Arias Padilla<\/div><div class=\"fusion-clearfix\"><\/div><a class=\"button fusion-button button-green fusion-button-default-size button-default-size button-flat fusion-mobile-button continue-right\" style=\"-webkit-box-shadow:none;-moz-box-shadow:none;box-shadow:none;border-radius:2px 2px 2px 2px\" href=\"http:\/\/ulia.org\/ficv\/wp-content\/uploads\/2016\/02\/Ponencia_-_Diego_Arias_Padilla.doc\" target=\"_blank\" rel=\"noopener noreferrer\"><span>Descargar Archivo<\/span><\/a><\/div><\/div><div class=\"fusion-reading-box-container reading-box-container-13\" style=\"--awb-title-color:#333333;--awb-margin-top:0px;--awb-margin-bottom:3px;\"><div class=\"reading-box\" style=\"background-color:#f6f6f6;border-width:1px;border-color:#f6f6f6;border-bottom-width:3px;border-bottom-color:var(--primary_color);border-style:solid;\"><a class=\"button fusion-button button-green fusion-button-default-size button-default-size button-flat fusion-desktop-button fusion-tagline-button continue fusion-desktop-button-margin continue-right\" style=\"-webkit-box-shadow:none;-moz-box-shadow:none;box-shadow:none;border-radius:2px 2px 2px 2px\" href=\"http:\/\/ulia.org\/ficv\/wp-content\/uploads\/2016\/02\/Ponencia_-_David_Baumann.ppt\" target=\"_blank\" rel=\"noopener noreferrer\"><span>Descargar Archivo<\/span><\/a><h2>La Educaci\u00f3n en Alternancia: Una respuesta pertinente a las demandas del medio rural<\/h2><div class=\"reading-box-description fusion-reading-box-additional\">Autor: David Baumann<\/div><div class=\"fusion-clearfix\"><\/div><a class=\"button fusion-button button-green fusion-button-default-size button-default-size button-flat fusion-mobile-button continue-right\" style=\"-webkit-box-shadow:none;-moz-box-shadow:none;box-shadow:none;border-radius:2px 2px 2px 2px\" href=\"http:\/\/ulia.org\/ficv\/wp-content\/uploads\/2016\/02\/Ponencia_-_David_Baumann.ppt\" target=\"_blank\" rel=\"noopener noreferrer\"><span>Descargar Archivo<\/span><\/a><\/div><\/div><div class=\"fusion-reading-box-container reading-box-container-14\" style=\"--awb-title-color:#333333;--awb-margin-top:0px;--awb-margin-bottom:3px;\"><div class=\"reading-box\" style=\"background-color:#f6f6f6;border-width:1px;border-color:#f6f6f6;border-bottom-width:3px;border-bottom-color:var(--primary_color);border-style:solid;\"><a class=\"button fusion-button button-green fusion-button-default-size button-default-size button-flat fusion-desktop-button fusion-tagline-button continue fusion-desktop-button-margin continue-right\" style=\"-webkit-box-shadow:none;-moz-box-shadow:none;box-shadow:none;border-radius:2px 2px 2px 2px\" href=\"http:\/\/ulia.org\/ficv\/wp-content\/uploads\/2016\/02\/Ponencia_-_Ricardo_Alvarez.docx\" target=\"_blank\" rel=\"noopener noreferrer\"><span>Descargar Archivo<\/span><\/a><h2>Construyendo el Nuevo Ciudadano Colombiano. Un intento de dise\u00f1ar la realidad social desde el poder.<\/h2><div class=\"reading-box-description fusion-reading-box-additional\">Autor: Ricardo Alvarez<\/div><div class=\"fusion-clearfix\"><\/div><a class=\"button fusion-button button-green fusion-button-default-size button-default-size button-flat fusion-mobile-button continue-right\" style=\"-webkit-box-shadow:none;-moz-box-shadow:none;box-shadow:none;border-radius:2px 2px 2px 2px\" href=\"http:\/\/ulia.org\/ficv\/wp-content\/uploads\/2016\/02\/Ponencia_-_Ricardo_Alvarez.docx\" target=\"_blank\" rel=\"noopener noreferrer\"><span>Descargar Archivo<\/span><\/a><\/div><\/div><div class=\"fusion-reading-box-container reading-box-container-15\" style=\"--awb-title-color:#333333;--awb-margin-top:0px;--awb-margin-bottom:3px;\"><div class=\"reading-box\" style=\"background-color:#f6f6f6;border-width:1px;border-color:#f6f6f6;border-bottom-width:3px;border-bottom-color:var(--primary_color);border-style:solid;\"><a class=\"button fusion-button button-green fusion-button-default-size button-default-size button-flat fusion-desktop-button fusion-tagline-button continue fusion-desktop-button-margin continue-right\" style=\"-webkit-box-shadow:none;-moz-box-shadow:none;box-shadow:none;border-radius:2px 2px 2px 2px\" href=\"http:\/\/ulia.org\/ficv\/wp-content\/uploads\/2016\/02\/Ponencia_-_Maria_Teresa_Cid.doc\" target=\"_blank\" rel=\"noopener noreferrer\"><span>Descargar Archivo<\/span><\/a><h2>Ciudadan\u00eda de la familia: bien de la persona y bien com\u00fan de la sociedad.<\/h2><div class=\"reading-box-description fusion-reading-box-additional\">Autor: Maria Teresa Cid<\/div><div class=\"fusion-clearfix\"><\/div><a class=\"button fusion-button button-green fusion-button-default-size button-default-size button-flat fusion-mobile-button continue-right\" style=\"-webkit-box-shadow:none;-moz-box-shadow:none;box-shadow:none;border-radius:2px 2px 2px 2px\" href=\"http:\/\/ulia.org\/ficv\/wp-content\/uploads\/2016\/02\/Ponencia_-_Maria_Teresa_Cid.doc\" target=\"_blank\" rel=\"noopener noreferrer\"><span>Descargar Archivo<\/span><\/a><\/div><\/div><div class=\"fusion-clearfix\"><\/div><\/div><\/div><\/div><\/div>\n","protected":false},"excerpt":{"rendered":"","protected":false},"author":1,"featured_media":0,"parent":0,"menu_order":0,"comment_status":"closed","ping_status":"closed","template":"","meta":{"footnotes":""},"class_list":["post-485","page","type-page","status-publish","hentry"],"_links":{"self":[{"href":"https:\/\/ulia.org\/ficv\/wp-json\/wp\/v2\/pages\/485","targetHints":{"allow":["GET"]}}],"collection":[{"href":"https:\/\/ulia.org\/ficv\/wp-json\/wp\/v2\/pages"}],"about":[{"href":"https:\/\/ulia.org\/ficv\/wp-json\/wp\/v2\/types\/page"}],"author":[{"embeddable":true,"href":"https:\/\/ulia.org\/ficv\/wp-json\/wp\/v2\/users\/1"}],"replies":[{"embeddable":true,"href":"https:\/\/ulia.org\/ficv\/wp-json\/wp\/v2\/comments?post=485"}],"version-history":[{"count":3,"href":"https:\/\/ulia.org\/ficv\/wp-json\/wp\/v2\/pages\/485\/revisions"}],"predecessor-version":[{"id":941,"href":"https:\/\/ulia.org\/ficv\/wp-json\/wp\/v2\/pages\/485\/revisions\/941"}],"wp:attachment":[{"href":"https:\/\/ulia.org\/ficv\/wp-json\/wp\/v2\/media?parent=485"}],"curies":[{"name":"wp","href":"https:\/\/api.w.org\/{rel}","templated":true}]}}