{"id":481,"date":"2016-02-07T20:09:00","date_gmt":"2016-02-07T20:09:00","guid":{"rendered":"http:\/\/ulia.org\/ficv\/?page_id=481"},"modified":"2017-05-10T08:33:21","modified_gmt":"2017-05-10T08:33:21","slug":"arequipa-2014","status":"publish","type":"page","link":"https:\/\/ulia.org\/ficv\/arequipa-2014\/","title":{"rendered":"Arequipa 2014"},"content":{"rendered":"<div class=\"fusion-fullwidth fullwidth-box fusion-builder-row-1 nonhundred-percent-fullwidth non-hundred-percent-height-scrolling\" style=\"--awb-background-position:left top;--awb-border-radius-top-left:0px;--awb-border-radius-top-right:0px;--awb-border-radius-bottom-right:0px;--awb-border-radius-bottom-left:0px;--awb-padding-top:20px;--awb-padding-bottom:20px;--awb-border-sizes-top:0px;--awb-border-sizes-bottom:0px;--awb-flex-wrap:wrap;\" ><div class=\"fusion-builder-row fusion-row\"><div class=\"fusion-layout-column fusion_builder_column fusion-builder-column-0 fusion_builder_column_1_1 1_1 fusion-one-full fusion-column-first fusion-column-last\" style=\"--awb-bg-size:cover;\"><div class=\"fusion-column-wrapper fusion-flex-column-wrapper-legacy\"><div class=\"fusion-title title fusion-title-1 fusion-sep-none fusion-title-text fusion-title-size-one\" style=\"--awb-margin-bottom:0px;--awb-margin-top-small:10px;--awb-margin-right-small:0px;--awb-margin-bottom-small:10px;--awb-margin-left-small:0px;\"><h1 class=\"fusion-title-heading title-heading-left\" style=\"margin:0;\">XIX Edici\u00f3n del Congreso Ciencia y Vida<\/h1><\/div><div class=\"fusion-title title fusion-title-2 fusion-title-text fusion-title-size-two\" style=\"--awb-margin-top-small:10px;--awb-margin-right-small:0px;--awb-margin-bottom-small:10px;--awb-margin-left-small:0px;\"><h2 class=\"fusion-title-heading title-heading-left\" style=\"margin:0;\">Se celebr\u00f3 en la Universidad Cat\u00f3lica San Pablo del 25 al 27 de Agosto de 2014 &#8211; Arequipa, Per\u00fa.<\/h2><span class=\"awb-title-spacer\"><\/span><div class=\"title-sep-container\"><div class=\"title-sep sep-double sep-solid\" style=\"border-color:#e0dede;\"><\/div><\/div><\/div><div class=\"fusion-title title fusion-title-3 fusion-title-text fusion-title-size-two\" style=\"--awb-margin-top-small:10px;--awb-margin-right-small:0px;--awb-margin-bottom-small:10px;--awb-margin-left-small:0px;\"><h2 class=\"fusion-title-heading title-heading-left\" style=\"margin:0;\">Entre lo civil y lo pol\u00edtico. La ciudadan\u00eda del siglo XXI<\/h2><span class=\"awb-title-spacer\"><\/span><div class=\"title-sep-container\"><div class=\"title-sep sep-double sep-solid\" style=\"border-color:#e0dede;\"><\/div><\/div><\/div><div class=\"fusion-text fusion-text-1\"><h2 style=\"text-align: justify;\"><strong><img decoding=\"async\" class=\"aligncenter size-full wp-image-482\" src=\"http:\/\/ulia.org\/ficv\/wp-content\/uploads\/2016\/02\/Header-congreso.jpg\" alt=\"Header congreso\" width=\"670\" height=\"250\" srcset=\"https:\/\/ulia.org\/ficv\/wp-content\/uploads\/2016\/02\/Header-congreso-300x112.jpg 300w, https:\/\/ulia.org\/ficv\/wp-content\/uploads\/2016\/02\/Header-congreso-669x250.jpg 669w, https:\/\/ulia.org\/ficv\/wp-content\/uploads\/2016\/02\/Header-congreso.jpg 670w\" sizes=\"(max-width: 670px) 100vw, 670px\" \/><\/strong><\/h2>\n<p><img decoding=\"async\" class=\"aligncenter size-full wp-image-483\" src=\"http:\/\/ulia.org\/ficv\/wp-content\/uploads\/2016\/02\/logos-2.jpg\" alt=\"logos-2\" width=\"600\" height=\"128\" srcset=\"https:\/\/ulia.org\/ficv\/wp-content\/uploads\/2016\/02\/logos-2-300x64.jpg 300w, https:\/\/ulia.org\/ficv\/wp-content\/uploads\/2016\/02\/logos-2.jpg 600w\" sizes=\"(max-width: 600px) 100vw, 600px\" \/><\/p>\n<h2 style=\"text-align: justify;\"><strong><span style=\"color: #006633;\"> CONGRESO: PROGRAMA PROVISIONAL<\/span><\/strong><\/h2>\n<p style=\"text-align: justify;\"><strong>Lunes 25 de Agosto. Precongreso<\/strong><\/p>\n<p style=\"text-align: justify;\">9:00 <strong>Acto de defensa de tesis doctorales. <\/strong>Sesi\u00f3n p\u00fablica (en la sede del evento)<\/p>\n<p style=\"text-align: justify;\">12.00 <strong>Ceremonia de Graduaci\u00f3n. <\/strong>Sesi\u00f3n p\u00fablica<\/p>\n<p style=\"text-align: justify;\">14.00-16.00 Tiempo libre para el almuerzo<\/p>\n<p style=\"text-align: justify;\">16.00 <strong>Claustro de ULIA. <\/strong>Sesi\u00f3n p\u00fablica<\/p>\n<p style=\"text-align: justify;\"><u><strong>Martes 26 de <\/strong><strong>Agosto<\/strong><\/u><strong>\u00a0\u00a0\u00a0\u00a0\u00a0\u00a0\u00a0\u00a0\u00a0<\/strong><\/p>\n<p style=\"text-align: justify;\">10:00<strong>\u00a0Inscripciones<\/strong><\/p>\n<p style=\"text-align: justify;\">10:30 <strong>Acto Inaugural: Autoridades UCSP, ULIA.<\/strong><\/p>\n<p style=\"text-align: justify;\">11:00<strong> Conferencia. <\/strong>Alfredo Garc\u00eda Quesada<em>, <\/em>Universidad Cat\u00f3lica San Pablo<\/p>\n<p style=\"text-align: justify;\">12:00\u00a0<strong>Mesa A: La ciudadan\u00eda Familiar. Coordinador: <\/strong>Daniel Ugarte Mostajo<em>. <\/em>UCSP<\/p>\n<p style=\"text-align: justify;\">Ponencia 1: <em>Ciudadan\u00eda de la familia: Bien de la persona y bien com\u00fan de la sociedad. <\/em>Mar\u00eda Teresa Cid V\u00e1zquez, Universidad CEU-San Pablo<em>,<\/em> Madrid.<\/p>\n<p style=\"text-align: justify;\">Ponencia 2<em>: Construyendo el nuevo ciudadano colombiano. Un intento de dise\u00f1ar la realidad social desde el poder<\/em>. Ricardo \u00c1lvarez Le\u00f3n, Universidad Santo Tom\u00e1s de Aquino-Sede Manizales, Colombia.<\/p>\n<p style=\"text-align: justify;\">Ponencia 3:\u00a0 <em>Las relaciones familiares de abuelos y nietos, un problema de solidaridad social<\/em>. Jazm\u00edn de Mar\u00eda Zapata, Universidad Pontificia Bolivariana, Medell\u00edn, Colombia.<\/p>\n<p style=\"text-align: justify;\">Ponencia 4: <em>Familia, pobreza y ciudadan\u00eda reconocibles<\/em>, Angelina Dois Castell\u00f3n, Universidad Pontificia de Chile.<\/p>\n<p style=\"text-align: justify;\">13:00\u00a0<strong>Coloquio<\/strong><\/p>\n<p style=\"text-align: justify;\">13:45 <strong>Receso<\/strong><\/p>\n<p style=\"text-align: justify;\">16:00\u00a0<strong>Mesa B: La cogesti\u00f3n y participaci\u00f3n en la Sanidad: Civilizando lo Publico. Coordinador: <\/strong>Juan Carlos Rios<em>,<\/em> UCSP.<\/p>\n<p style=\"text-align: justify;\">Ponencia 1: <em>Sistema p\u00fablico y privado de salud: criterios \u00e9ticos para una democracia participativa<\/em>. Francisco Le\u00f3n, Universidad Central, Santiago de Chile.<\/p>\n<p style=\"text-align: justify;\">Ponencia 2: <em>Bio\u00e9tica, formaci\u00f3n y educaci\u00f3n<\/em>. Antero Yacarini, Universidad Santo Toribio de Mogrovejo, Chiclayo, Per\u00fa.<\/p>\n<p style=\"text-align: justify;\">Ponencia 3: <em>Atenci\u00f3n sanitaria al final de la vida<\/em>. Emilio Jos\u00e9 Ibeas, Universidad de Burgos, Espa\u00f1a.<\/p>\n<p style=\"text-align: justify;\">Ponencia 4: <em>Neurociencia del envejecimiento saludable: educaci\u00f3n y prevenci\u00f3n. <\/em>Marcio Soto A\u00f1ari, UCSP.<\/p>\n<p style=\"text-align: justify;\">17:00\u00a0<strong>Coloquio<\/strong><\/p>\n<p style=\"text-align: justify;\">17:45<strong> Receso<\/strong><\/p>\n<p style=\"text-align: justify;\">18:15\u00a0<strong>Mesa C: La iniciativa Social en los emprendimientos Educativos. Coordinador: <\/strong><em>Enrique Gordillo<\/em>, UCSP<\/p>\n<p style=\"text-align: justify;\">Ponencia 1: <em>Propuesta educativa para ir del individuo a la integraci\u00f3n social comprometida<\/em>. Ana T. L\u00f3pez de Llergo, Universidad Panamericana\u00a0 M\u00e9xico DF.<\/p>\n<p style=\"text-align: justify;\">Ponencia 2: <em>La maternidad en los actuales escenarios de la concepci\u00f3n humana. <\/em>Alicia Errazqu\u00edn, Universidad Cat\u00f3lica Argentina.<\/p>\n<p style=\"text-align: justify;\">Ponencia 3: <em>La formaci\u00f3n de las facultades humanas en los j\u00f3venes como medida de rescate a la familia contempor\u00e1nea<\/em>. Antonio Franco Romo, Universidad Panamericana, Aguascalientes, M\u00e9xico.<\/p>\n<p style=\"text-align: justify;\">Ponencia 4<em>: Educaci\u00f3n para el desarrollo rural: la experiencia de la educaci\u00f3n en alternancia<\/em>. David Baumann: Director Ejecutivo de ProRural.<\/p>\n<p style=\"text-align: justify;\">19:15\u00a0<strong>Coloquio<\/strong><\/p>\n<p style=\"text-align: justify;\">20:00<strong> Termino de la jornada<\/strong><\/p>\n<p style=\"text-align: justify;\"><strong>Mi\u00e9rcoles 27 de Agosto<\/strong><\/p>\n<p style=\"text-align: justify;\">10:00\u00a0<strong>Conferencia<\/strong><\/p>\n<p style=\"text-align: justify;\">11:00\u00a0<strong>Mesa D: Econom\u00edas Sociales: del Bien Com\u00fan a la Gratuidad. Coordinador: <\/strong><em>Manuel Ugarte Cornejo<\/em><strong>, <\/strong>UCSP.<\/p>\n<p style=\"text-align: justify;\">Ponencia 1: Patricia Louzan: Licenciada en Ciencias Qu\u00edmicas &#8211; Universidad de Mor\u00f3n, Rep. Argentina.<\/p>\n<p style=\"text-align: justify;\">Ponencia 2:<em> El origen del catolicismo social agrario en Espa\u00f1a. Cooperativismo frente a individualismo<\/em>. Jos\u00e9 Luis Orella, Universidad CEU San Pablo, Madrid.<\/p>\n<p style=\"text-align: justify;\">Ponencia 3<em>:<\/em><em> Las Motivaciones y la responsabilidad social de la empresa. <\/em>Diego Arias Padilla: Docente en investigador Univ. Cat\u00f3lica San Pablo, Arequipa. Per\u00fa.<\/p>\n<p style=\"text-align: justify;\">Ponencia 4: <em>Responsabilidad Social Corporativa en la cadena de valor. <\/em>Eduardo Rubio D\u00edaz.<\/p>\n<p style=\"text-align: justify;\">12:00\u00a0<strong>Coloquio<\/strong><\/p>\n<p style=\"text-align: justify;\">13:00<strong> Receso<\/strong><\/p>\n<p style=\"text-align: justify;\">16:00\u00a0<strong>Mesa E: Adjetivando la Democracia viniente: c\u00edvica, directa, digital,&#8230; Coordinador: <\/strong>Gonzalo Banda Lazarte, UCSP<\/p>\n<p style=\"text-align: justify;\">Ponencia 1: <em>Bases para una democracia c\u00edvica<\/em>. Encarnaci\u00f3n Fern\u00e1ndez, Universidad de Valencia.<\/p>\n<p style=\"text-align: justify;\">Ponencia 2: <em>Las inquietudes de la democracia en la sociedad contenciosa: la preponderancia del poder judicial<\/em><a href=\"https:\/\/plus.google.com\/u\/0\/104972601500610619824?prsrc=4\">. Carlos Timan\u00e1 Kure, Universidad Cat\u00f3lica San Pablo, Arequipa, Per\u00fa.<\/a><\/p>\n<p style=\"text-align: justify;\">Ponencia 3: <em>Democracia y derechos humanos<\/em>. Rafael Santa Mar\u00eda, Universidad <a href=\"https:\/\/plus.google.com\/u\/0\/104972601500610619824?prsrc=4\">Cat\u00f3lica San Pablo, Arequipa, Per\u00fa<\/a>.<\/p>\n<p style=\"text-align: justify;\">Ponencia 4: <em>La sociedad civil organizada, garant\u00eda de democracia genuina. Principios y casos<\/em>. Jorge Sebasti\u00e1n Lozano, Vicepresidente. Fundaci\u00f3n Interamericana Ciencia y Vida &#8211; ULIA.<\/p>\n<p style=\"text-align: justify;\">17:00\u00a0<strong>Coloquio<\/strong><\/p>\n<p style=\"text-align: justify;\">18:00\u00a0<strong>Lectura de la Declaraci\u00f3n de Arequipa y anuncio del pr\u00f3ximo Congreso<\/strong><\/p>\n<p style=\"text-align: justify;\">18:30 Clausura.<\/p>\n<p style=\"text-align: justify;\">\u00a019:30 Cena de Clausura.<\/p>\n<p style=\"text-align: justify;\"><strong>Coordinadores Acad\u00e9micos<\/strong>:<br \/>\n<em>\u00a0&#8211; <\/em><em>Rodolfo Jos\u00e9 Castro Salinas<\/em>, Coordinador del \u00e1rea Acad\u00e9mica del Instituto para el Matrimonio y la Familia, campus Salaverry. <a href=\"http:\/\/www.ucsp.edu.pe\/\">www.ucsp.edu.pe<\/a><br \/>\n&#8211; <em>Jos\u00e9 P\u00e9rez Ad\u00e1n<\/em>, Coordinador General ULIA. <a href=\"http:\/\/www.ulia.org\/\">www.ulia.org<\/a><\/p>\n<p style=\"text-align: justify;\"><strong>Direcciones de Contacto<\/strong>:\u00a0 <a href=\"mailto:info@ulia.org\">info@ulia.org<\/a>\u00a0\u00a0 y\u00a0\u00a0\u00a0 <a href=\"mailto:r.castro@ucsp.edu.pe\">r.castro@ucsp.edu.pe<\/a><\/p>\n<\/div><div class=\"fusion-clearfix\"><\/div><\/div><\/div><div class=\"fusion-layout-column fusion_builder_column fusion-builder-column-1 fusion_builder_column_1_4 1_4 fusion-one-fourth fusion-column-first\" style=\"--awb-padding-top:5px;--awb-padding-right:5px;--awb-padding-bottom:5px;--awb-padding-left:5px;--awb-bg-size:cover;--awb-border-color:#006633;--awb-border-top:2px;--awb-border-right:2px;--awb-border-bottom:2px;--awb-border-left:2px;--awb-border-style:solid;width:22%; margin-right: 4%;\"><div class=\"fusion-column-wrapper fusion-flex-column-wrapper-legacy\"><div class=\"fusion-person person fusion-person-center fusion-person-1 fusion-person-icon-top\" style=\"--awb-pic-style-color:var(--awb-color8);--awb-pic-borderradius:0px;--awb-margin-top:0px;--awb-margin-right:0px;--awb-margin-bottom:0px;--awb-margin-left:0px;--awb-social-box-border-top:0px;--awb-social-box-border-right:0px;--awb-social-box-border-bottom:0px;--awb-social-box-border-left:0px;--awb-social-box-border-color:var(--awb-color3);--awb-social-box-border-color-hover:var(--awb-color4);--awb-social-box-colors-hover:rgba(232,232,232,0.8);--awb-social-icon-boxed-colors:#e8e8e8;--awb-social-icon-colors:#bebdbd;--awb-social-icon-colors-hover:rgba(190,189,189,0.8);\"><div class=\"person-shortcode-image-wrapper imageframe-liftup\"><div class=\"person-image-container\" style=\"border:0px solid #f6f6f6;-webkit-border-radius:0px;-moz-border-radius:0px;border-radius:0px;\"><a href=\"http:\/\/ulia.org\/ficv\/ponencias-arequipa-2014\/\" target=\"_blank\"><img decoding=\"async\" class=\"person-img img-responsive\" src=\"http:\/\/ulia.org\/ficv\/wp-content\/uploads\/2016\/02\/html.png\" alt=\"Ponencias\" \/><\/a><\/div><\/div><div class=\"person-desc\" style=\"background-color:var(--awb-color8);padding:40px;margin-top:0;\"><div class=\"person-author\"><div class=\"person-author-wrapper\"><span class=\"person-name\">Ponencias<\/span><span class=\"person-title\"><\/span><\/div><\/div><div class=\"person-content fusion-clearfix\"><\/div><\/div><\/div><div class=\"fusion-clearfix\"><\/div><\/div><\/div><div class=\"fusion-layout-column fusion_builder_column fusion-builder-column-2 fusion_builder_column_1_4 1_4 fusion-one-fourth\" style=\"--awb-padding-top:5px;--awb-padding-right:5px;--awb-padding-bottom:5px;--awb-padding-left:5px;--awb-bg-size:cover;--awb-border-color:#006633;--awb-border-top:2px;--awb-border-right:2px;--awb-border-bottom:2px;--awb-border-left:2px;--awb-border-style:solid;width:22%; margin-right: 4%;\"><div class=\"fusion-column-wrapper fusion-flex-column-wrapper-legacy\"><div class=\"fusion-person person fusion-person-center fusion-person-2 fusion-person-icon-top\" style=\"--awb-pic-style-color:var(--awb-color8);--awb-pic-borderradius:0px;--awb-margin-top:0px;--awb-margin-right:0px;--awb-margin-bottom:0px;--awb-margin-left:0px;--awb-social-box-border-top:0px;--awb-social-box-border-right:0px;--awb-social-box-border-bottom:0px;--awb-social-box-border-left:0px;--awb-social-box-border-color:var(--awb-color3);--awb-social-box-border-color-hover:var(--awb-color4);--awb-social-box-colors-hover:rgba(232,232,232,0.8);--awb-social-icon-boxed-colors:#e8e8e8;--awb-social-icon-colors:#bebdbd;--awb-social-icon-colors-hover:rgba(190,189,189,0.8);\"><div class=\"person-shortcode-image-wrapper imageframe-liftup\"><div class=\"person-image-container\" style=\"border:0px solid #f6f6f6;-webkit-border-radius:0px;-moz-border-radius:0px;border-radius:0px;\"><a href=\"https:\/\/goo.gl\/photos\/UvLR1ZrsfiwSCcQU6\" target=\"_blank\"><img decoding=\"async\" class=\"person-img img-responsive\" src=\"http:\/\/ulia.org\/ficv\/wp-content\/uploads\/2016\/02\/jpg.png\" alt=\"Galer\u00eda de fotos\" \/><\/a><\/div><\/div><div class=\"person-desc\" style=\"background-color:var(--awb-color8);padding:40px;margin-top:0;\"><div class=\"person-author\"><div class=\"person-author-wrapper\"><span class=\"person-name\">Galer\u00eda de fotos<\/span><span class=\"person-title\"><\/span><\/div><\/div><div class=\"person-content fusion-clearfix\"><\/div><\/div><\/div><div class=\"fusion-clearfix\"><\/div><\/div><\/div><div class=\"fusion-layout-column fusion_builder_column fusion-builder-column-3 fusion_builder_column_1_4 1_4 fusion-one-fourth\" style=\"--awb-padding-top:5px;--awb-padding-right:5px;--awb-padding-bottom:5px;--awb-padding-left:5px;--awb-bg-size:cover;--awb-border-color:#006633;--awb-border-top:2px;--awb-border-right:2px;--awb-border-bottom:2px;--awb-border-left:2px;--awb-border-style:solid;width:22%; margin-right: 4%;\"><div class=\"fusion-column-wrapper fusion-flex-column-wrapper-legacy\"><div class=\"fusion-person person fusion-person-center fusion-person-3 fusion-person-icon-top\" style=\"--awb-pic-style-color:var(--awb-color8);--awb-pic-borderradius:0px;--awb-margin-top:0px;--awb-margin-right:0px;--awb-margin-bottom:0px;--awb-margin-left:0px;--awb-social-box-border-top:0px;--awb-social-box-border-right:0px;--awb-social-box-border-bottom:0px;--awb-social-box-border-left:0px;--awb-social-box-border-color:var(--awb-color3);--awb-social-box-border-color-hover:var(--awb-color4);--awb-social-box-colors-hover:rgba(232,232,232,0.8);--awb-social-icon-boxed-colors:#e8e8e8;--awb-social-icon-colors:#bebdbd;--awb-social-icon-colors-hover:rgba(190,189,189,0.8);\"><div class=\"person-shortcode-image-wrapper imageframe-liftup\"><div class=\"person-image-container\" style=\"border:0px solid #f6f6f6;-webkit-border-radius:0px;-moz-border-radius:0px;border-radius:0px;\"><a href=\"http:\/\/ulia.org\/ficv\/declaracion-de-arequipa-2014\/\" target=\"_blank\"><img decoding=\"async\" class=\"person-img img-responsive\" src=\"http:\/\/ulia.org\/ficv\/wp-content\/uploads\/2016\/02\/html.png\" alt=\"Declaraci\u00f3n\" \/><\/a><\/div><\/div><div class=\"person-desc\" style=\"background-color:var(--awb-color8);padding:40px;margin-top:0;\"><div class=\"person-author\"><div class=\"person-author-wrapper\"><span class=\"person-name\">Declaraci\u00f3n<\/span><span class=\"person-title\"><\/span><\/div><\/div><div class=\"person-content fusion-clearfix\"><\/div><\/div><\/div><div class=\"fusion-clearfix\"><\/div><\/div><\/div><div class=\"fusion-layout-column fusion_builder_column fusion-builder-column-4 fusion_builder_column_1_4 1_4 fusion-one-fourth fusion-column-last\" style=\"--awb-padding-top:5px;--awb-padding-right:5px;--awb-padding-bottom:5px;--awb-padding-left:5px;--awb-bg-size:cover;--awb-border-color:#006633;--awb-border-top:2px;--awb-border-right:2px;--awb-border-bottom:2px;--awb-border-left:2px;--awb-border-style:solid;width:22%;\"><div class=\"fusion-column-wrapper fusion-flex-column-wrapper-legacy\"><div class=\"fusion-person person fusion-person-center fusion-person-4 fusion-person-icon-top\" style=\"--awb-pic-style-color:var(--awb-color8);--awb-pic-borderradius:0px;--awb-margin-top:0px;--awb-margin-right:0px;--awb-margin-bottom:0px;--awb-margin-left:0px;--awb-social-box-border-top:0px;--awb-social-box-border-right:0px;--awb-social-box-border-bottom:0px;--awb-social-box-border-left:0px;--awb-social-box-border-color:var(--awb-color3);--awb-social-box-border-color-hover:var(--awb-color4);--awb-social-box-colors-hover:rgba(232,232,232,0.8);--awb-social-icon-boxed-colors:#e8e8e8;--awb-social-icon-colors:#bebdbd;--awb-social-icon-colors-hover:rgba(190,189,189,0.8);\"><div class=\"person-shortcode-image-wrapper imageframe-liftup\"><div class=\"person-image-container\" style=\"border:0px solid #f6f6f6;-webkit-border-radius:0px;-moz-border-radius:0px;border-radius:0px;\"><a href=\"http:\/\/ulia.org\/ficv\/wp-content\/uploads\/2016\/02\/cartel-1.jpg\" target=\"_blank\"><img decoding=\"async\" class=\"person-img img-responsive\" src=\"http:\/\/ulia.org\/ficv\/wp-content\/uploads\/2016\/02\/jpg.png\" alt=\"Cartel\" \/><\/a><\/div><\/div><div class=\"person-desc\" style=\"background-color:var(--awb-color8);padding:40px;margin-top:0;\"><div class=\"person-author\"><div class=\"person-author-wrapper\"><span class=\"person-name\">Cartel<\/span><span class=\"person-title\"><\/span><\/div><\/div><div class=\"person-content fusion-clearfix\"><\/div><\/div><\/div><div class=\"fusion-clearfix\"><\/div><\/div><\/div><\/div><\/div>\n","protected":false},"excerpt":{"rendered":"","protected":false},"author":1,"featured_media":0,"parent":0,"menu_order":0,"comment_status":"closed","ping_status":"closed","template":"","meta":{"footnotes":""},"class_list":["post-481","page","type-page","status-publish","hentry"],"_links":{"self":[{"href":"https:\/\/ulia.org\/ficv\/wp-json\/wp\/v2\/pages\/481","targetHints":{"allow":["GET"]}}],"collection":[{"href":"https:\/\/ulia.org\/ficv\/wp-json\/wp\/v2\/pages"}],"about":[{"href":"https:\/\/ulia.org\/ficv\/wp-json\/wp\/v2\/types\/page"}],"author":[{"embeddable":true,"href":"https:\/\/ulia.org\/ficv\/wp-json\/wp\/v2\/users\/1"}],"replies":[{"embeddable":true,"href":"https:\/\/ulia.org\/ficv\/wp-json\/wp\/v2\/comments?post=481"}],"version-history":[{"count":7,"href":"https:\/\/ulia.org\/ficv\/wp-json\/wp\/v2\/pages\/481\/revisions"}],"predecessor-version":[{"id":988,"href":"https:\/\/ulia.org\/ficv\/wp-json\/wp\/v2\/pages\/481\/revisions\/988"}],"wp:attachment":[{"href":"https:\/\/ulia.org\/ficv\/wp-json\/wp\/v2\/media?parent=481"}],"curies":[{"name":"wp","href":"https:\/\/api.w.org\/{rel}","templated":true}]}}