{"id":443,"date":"2016-02-07T12:52:36","date_gmt":"2016-02-07T12:52:36","guid":{"rendered":"http:\/\/ulia.org\/ficv\/?page_id=443"},"modified":"2017-04-11T16:36:13","modified_gmt":"2017-04-11T16:36:13","slug":"asuncion-2011","status":"publish","type":"page","link":"https:\/\/ulia.org\/ficv\/asuncion-2011\/","title":{"rendered":"Asunci\u00f3n 2011"},"content":{"rendered":"<div class=\"fusion-fullwidth fullwidth-box fusion-builder-row-1 nonhundred-percent-fullwidth non-hundred-percent-height-scrolling\" style=\"--awb-background-position:left top;--awb-border-radius-top-left:0px;--awb-border-radius-top-right:0px;--awb-border-radius-bottom-right:0px;--awb-border-radius-bottom-left:0px;--awb-padding-top:20px;--awb-padding-bottom:20px;--awb-border-sizes-top:0px;--awb-border-sizes-bottom:0px;--awb-flex-wrap:wrap;\" ><div class=\"fusion-builder-row fusion-row\"><div class=\"fusion-layout-column fusion_builder_column fusion-builder-column-0 fusion_builder_column_1_1 1_1 fusion-one-full fusion-column-first fusion-column-last\" style=\"--awb-bg-size:cover;\"><div class=\"fusion-column-wrapper fusion-flex-column-wrapper-legacy\"><div class=\"fusion-title title fusion-title-1 fusion-sep-none fusion-title-text fusion-title-size-one\" style=\"--awb-margin-bottom:0px;--awb-margin-top-small:10px;--awb-margin-right-small:0px;--awb-margin-bottom-small:10px;--awb-margin-left-small:0px;\"><h1 class=\"fusion-title-heading title-heading-left\" style=\"margin:0;\">XVI Edici\u00f3n del Congreso Ciencia y Vida<\/h1><\/div><div class=\"fusion-title title fusion-title-2 fusion-title-text fusion-title-size-two\" style=\"--awb-margin-top-small:10px;--awb-margin-right-small:0px;--awb-margin-bottom-small:10px;--awb-margin-left-small:0px;\"><h2 class=\"fusion-title-heading title-heading-left\" style=\"margin:0;\">Se celebr\u00f3 en Banco Central de Paraguay, 28, 29, 30 de Julio de 2011 &#8211; Asunci\u00f3n, Paraguay.<\/h2><span class=\"awb-title-spacer\"><\/span><div class=\"title-sep-container\"><div class=\"title-sep sep-double sep-solid\" style=\"border-color:#e0dede;\"><\/div><\/div><\/div><div class=\"fusion-title title fusion-title-3 fusion-title-text fusion-title-size-two\" style=\"--awb-margin-top-small:10px;--awb-margin-right-small:0px;--awb-margin-bottom-small:10px;--awb-margin-left-small:0px;\"><h2 class=\"fusion-title-heading title-heading-left\" style=\"margin:0;\">\u00abLa formaci\u00f3n de los j\u00f3venes clave para el desarrollo, la salud y el bienestar de un pa\u00eds.\u00bb<\/h2><span class=\"awb-title-spacer\"><\/span><div class=\"title-sep-container\"><div class=\"title-sep sep-double sep-solid\" style=\"border-color:#e0dede;\"><\/div><\/div><\/div><div class=\"fusion-text fusion-text-1\"><h3 style=\"text-align: justify;\"><span style=\"color: #006633;\"><strong>PROGRAMA<\/strong><\/span><\/h3>\n<p><strong>D\u00eda 28 de julio, Jueves. <\/strong>S\u00f3lo miembros de n\u00famero de la Fundaci\u00f3n Interamericana Ciencia y Vida y<\/p>\n<p>alumnos y ex alumnos de ULIA, e interesados en especial.<\/p>\n<p>10.00 a.m. Registro. Tutor\u00edas. Claustro de ULIA<\/p>\n<p>12.00 a.m. Almuerzo<\/p>\n<p>01:00 p.m. Presentaci\u00f3n de tesis<strong><br \/>\n<\/strong><\/p>\n<p><strong>D\u00eda 29 de Julio, Viernes. <\/strong>P\u00fablico acreditado<\/p>\n<p>08:00 a.m. Acreditaciones e inscripciones<\/p>\n<p>09:00 a.m. Apertura: Representantes de las entidades organizadoras<\/p>\n<p>Presidente de mesa:<\/p>\n<p><strong>Conferencista 1 <\/strong>\u00ab<em>Los retos de la educaci\u00f3n de la juventud en una sociedad libre<\/em>\u00bb Hugo Obiglio de la<\/p>\n<p>Academia Pontificia Pro Vita. Buenos Aires, Argentina.<\/p>\n<p>10:00 a.m. Caf\u00e9<\/p>\n<p>10:30 a.m. Mesa redonda 1: <em>Los j\u00f3venes y las ideolog\u00edas de nuestro tiempo<\/em><\/p>\n<p>Presidente de Mesa: Christian Kriskovich, abogado, del Instituto Tomas Moro, Facultad de Derecho,<\/p>\n<p>Universidad Cat\u00f3lica de Asunci\u00f3n (UCA), Paraguay<\/p>\n<p>Panelistas:<\/p>\n<ol>\n<li>\u00ab<em>La concepci\u00f3n de la vida en la juventud actual y la gu\u00eda del docente en el aprendizaje y ense\u00f1anza<\/em><\/li>\n<\/ol>\n<p><em>de valores<\/em>\u00bb Ludwig Schmidt, Universidad Andr\u00e9s Bello de Caracas, Venezuela.<\/p>\n<ol start=\"2\">\n<li>\u00ab<em>Aspectos de la formaci\u00f3n de la afectividad en los j\u00f3venes<\/em>\u00bb Jorge Mario Cabrera, red nacional de<\/li>\n<\/ol>\n<p>investigadores de Costa Rica.<\/p>\n<ol start=\"3\">\n<li>\u00ab<em>El ejercicio de la autonom\u00eda y el consentimiento informado en los llamados \u00abmenores maduros\u201d de<\/em><\/li>\n<\/ol>\n<p><em>14 a 18 a\u00f1os<\/em>\u00ab. Alejandrina Arratia de la Universidad Cat\u00f3lica (UC), Chile.<\/p>\n<p>11:30 a.m. Coloquio<\/p>\n<p>12:00 a. m. Almuerzo. Habr\u00e1 cantina en la sede del evento<\/p>\n<p>12.00 a.m. a 02:00 p.m. Presentaci\u00f3n de P\u00f3steres<\/p>\n<p>02:00 p.m. Mesa redonda 2: <em>Educaci\u00f3n para la salud: propuestas para una sexualidad responsable<\/em>.<\/p>\n<p>Presidente de mesa: Mar\u00eda Celia Frutos, bioqu\u00edmica, UCA, Paraguay.<\/p>\n<p>Panelistas:<\/p>\n<ol>\n<li>\u201c<em>Protege tu coraz\u00f3n. Programa de educaci\u00f3n en la sexualidad, basada en la formaci\u00f3n del car\u00e1cter\u201d<\/em>.<\/li>\n<\/ol>\n<p>Ang\u00e9lica Sarmiento, m\u00e9dica, UCA, Paraguay.<\/p>\n<ol start=\"2\">\n<li>\u201c<em>El programa SABE Escolar<\/em>\u201d. Rub\u00e9n Guben, IVAF, Valencia, Espa\u00f1a<\/li>\n<li>\u201c<em>El Programa Afectividad Plena, Sexualidad madura\u201d <\/em>de la Universidad de la Sabana. Brenda<\/li>\n<\/ol>\n<p>Rochas de la Universidad de la Sabana. Bogot\u00e1, Colombia.<\/p>\n<p>03:00 p.m. Coloquio<\/p>\n<p>Presidente de mesa:<\/p>\n<p><strong>04:00 p.m. Conferencista 2. <\/strong>\u201c<em>Sico-inmuno-neuro-endocrinolog\u00eda en la salud de los j\u00f3venes en el siglo<\/em><\/p>\n<p><em>XXI<\/em>\u201d <strong>Olga Britez de Jimenez, m\u00e9dica, Facultad de Ciencias M\u00e9dicas. Universidad Nacional de<\/strong><\/p>\n<p>Asunci\u00f3n (UNA).<\/p>\n<p><strong>04:45 p. m<\/strong>. <strong>Conferencista 3. <\/strong><em>La generaci\u00f3n del FacebooK\/Twister \u00bfGeneraci\u00f3n postmoderna?<\/em><\/p>\n<p>Enrique Ban\u00fas. Vicerrector Universidad Internacional de Catalu\u00f1a. Espa\u00f1a.<\/p>\n<p>05:30 p.m. Acto inaugural del Congreso. Acto cultural<\/p>\n<p>&nbsp;<\/p>\n<p>D\u00eda 30 de Julio, S\u00e1bado<\/p>\n<p>Presidente de mesa:<\/p>\n<p>08:00 a.m. Conferencista 4: \u201c<em>Pol\u00edtica, yo?<\/em>\u201dSenadora Ana Mar\u00eda de Acha, C\u00e1mara de Senadores,<\/p>\n<p>Asunci\u00f3n, Paraguay.<\/p>\n<p><strong>09:00 a.m. Conferencista 5 <\/strong><em>\u00abEl impacto de la ideolog\u00eda de g\u00e9nero en los j\u00f3venes y argumentos para<\/em><\/p>\n<p><em>ayudarles a formar su criterio\u00bb <\/em><strong>Ana Teresa L\u00f3pez de Llergo y Martha Dolores L\u00f3pez Parada.<\/strong><\/p>\n<p>Universidad Panamericana de M\u00e9xico.<\/p>\n<p>10:00 a.m. Caf\u00e9<\/p>\n<p>10:30 a.m. Mesa redonda 3: <em>Ni\u00f1os y j\u00f3venes como sujetos de derecho<\/em><\/p>\n<p>Presidente de mesa: Juan Ram\u00f3n Cano Montan\u00eda, Fil\u00f3sofo, Facultad de Filosof\u00eda, UNA.<\/p>\n<p>Panelistas:<\/p>\n<ol>\n<li>\u00ab<em>Los j\u00f3venes protagonistas de los programas de ayuda al desarrollo: experiencias desde Espa\u00f1a<\/em>\u00ab<\/li>\n<\/ol>\n<p>Jorge Sebasti\u00e1n, de la Fundaci\u00f3n Mainel, Valencia, Espa\u00f1a.<\/p>\n<ol start=\"2\">\n<li>\u00ab<em>La credulidad de la cultura de la muerte y sus efectos en la juventud<\/em>\u00ab. Mario Ramos-Reyes, de la<\/li>\n<\/ol>\n<p>Universidad de Kansas, y Universidad Cat\u00f3lica de Asunci\u00f3n<\/p>\n<ol start=\"3\">\n<li>\u00ab<em>Desencanto juvenil y participaci\u00f3n ciudadana<\/em>\u00bb Luz Mar\u00eda Cruz, Universidad Nacional Aut\u00f3noma<\/li>\n<\/ol>\n<p>de M\u00e9jico (UNAM).<\/p>\n<p>11:30 a.m. Coloquio<\/p>\n<p>12:00 a.m. Almuerzo<\/p>\n<p>12:00 a.m. a 2:00 p.m. Presentaci\u00f3n de P\u00f3steres<\/p>\n<p>02:00 p.m. Mesa redonda 4: <em>An\u00e1lisis sintom\u00e1tico del malestar de la juventud: adicciones y riesgos.<\/em><\/p>\n<p>Presidente de mesa: Mart\u00edn Moreno, m\u00e9dico psiquiatra, FCM-UNA, Paraguay.<\/p>\n<p>Panelistas<\/p>\n<p>1.\u00bb<em>La educaci\u00f3n en salud de los j\u00f3venes y la atenci\u00f3n primaria de salud en Latinoam\u00e9rica<\/em>\u00ab. Francisco<strong>\u00a0<\/strong>Le\u00f3n, UC Chile<\/p>\n<ol start=\"2\">\n<li>\u00ab<em>El s\u00edndrome post aborto, como parte de la salud mental tanto en hombres como mujeres<\/em>\u00ab. Adriana<strong>\u00a0<\/strong>Avenda\u00f1o, Santiago de Chile.<\/li>\n<\/ol>\n<p>03:00 p.m. Coloquio<\/p>\n<p>Presidente de mesa:<\/p>\n<p>04:00 p.m. Conferencista 6. \u201cBio\u00e9tica y juventud\u201d. Emilio Ibeas, m\u00e9dico, Burgos, Espa\u00f1a.<\/p>\n<p>04:45 p.m. Conferencista 7. \u00ab<em>Los j\u00f3venes como instrumento de cambio<\/em>\u00ab. Jos\u00e9 Lu\u00eds Orella. Universidad<\/p>\n<p>CEU San Pablo de Madrid, Espa\u00f1a.<\/p>\n<p>05:30 p.m Lectura de la Declaraci\u00f3n de Asunci\u00f3n, Zulma Romero, estudiante FCM-UNA, y<\/p>\n<p>anuncio del pr\u00f3ximo Congreso Ciencia y Vida<\/p>\n<p>06:00 p.m. Oficio religioso<\/p>\n<p>08:00 p.m. Cena de Clausura en el Hotel del Paraguay (opcional)<\/p>\n<p>Costo: 80 000 guaran\u00edes. Adquirir adhesiones en el momento de la inscripci\u00f3n.<\/p>\n<p>&nbsp;<\/p>\n<p><span style=\"color: #006633;\"><strong><em>Direcci\u00f3n de contacto<\/em><\/strong><\/span><em><span style=\"color: #006633;\">:<\/span> Comit\u00e9 local: Dra. Imelda Mart\u00ednez <\/em><em>imeldanum@gmail.com <\/em><em>Comit\u00e9<\/em><\/p>\n<p><em>cient\u00edfico: Dra. Alicia Errazquin <\/em><em>aliciaerrazquin@yahoo.com.ar <\/em><em>Secretar\u00eda de ULIA:<\/em><\/p>\n<p><em>info@ulia.org <\/em><em>Secretaria local. Sady D\u00edaz: <a href=\"mailto:diazmaier@hotmail.com\">diazmaier@hotmail.com<\/a> &#8211; www.ulia.org\/ficv <\/em><em>&#8211;<\/em><\/p>\n<p><em><a href=\"http:\/\/www.med.una.py\/congreso\/cienciayvida.html\">www.med.una.py\/congreso\/cienciayvida.html<\/a><\/em><\/p>\n<p><em>Para Hoteles y Tours contactar la p\u00e1gina Web de nuestra agencia oficial: <\/em><em>www.martintravel.com.py <\/em><em>y el<\/em><\/p>\n<p><em>mail: <\/em><em>incoming04@martintravel.com.py<\/em><\/p>\n<\/div><div class=\"fusion-clearfix\"><\/div><\/div><\/div><div class=\"fusion-layout-column fusion_builder_column fusion-builder-column-1 fusion_builder_column_1_3 1_3 fusion-one-third fusion-column-first\" style=\"--awb-padding-top:5px;--awb-padding-right:5px;--awb-padding-bottom:5px;--awb-padding-left:5px;--awb-bg-size:cover;--awb-border-color:#006633;--awb-border-top:2px;--awb-border-right:2px;--awb-border-bottom:2px;--awb-border-left:2px;--awb-border-style:solid;width:30.6666%; margin-right: 4%;\"><div class=\"fusion-column-wrapper fusion-flex-column-wrapper-legacy\"><div class=\"fusion-person person fusion-person-center fusion-person-1 fusion-person-icon-top\" style=\"--awb-pic-style-color:var(--awb-color8);--awb-pic-borderradius:0px;--awb-margin-top:0px;--awb-margin-right:0px;--awb-margin-bottom:0px;--awb-margin-left:0px;--awb-social-box-border-top:0px;--awb-social-box-border-right:0px;--awb-social-box-border-bottom:0px;--awb-social-box-border-left:0px;--awb-social-box-border-color:var(--awb-color3);--awb-social-box-border-color-hover:var(--awb-color4);--awb-social-box-colors-hover:rgba(232,232,232,0.8);--awb-social-icon-boxed-colors:#e8e8e8;--awb-social-icon-colors:#bebdbd;--awb-social-icon-colors-hover:rgba(190,189,189,0.8);\"><div class=\"person-shortcode-image-wrapper imageframe-liftup\"><div class=\"person-image-container\" style=\"border:0px solid #f6f6f6;-webkit-border-radius:0px;-moz-border-radius:0px;border-radius:0px;\"><a href=\"http:\/\/ulia.org\/ficv\/wp-content\/uploads\/2016\/04\/ponencias-asuncion.rar\" target=\"_blank\"><img decoding=\"async\" class=\"person-img img-responsive\" src=\"http:\/\/ulia.org\/ficv\/wp-content\/uploads\/2016\/02\/zip.png\" alt=\"Ponencias\" \/><\/a><\/div><\/div><div class=\"person-desc\" style=\"background-color:var(--awb-color8);padding:40px;margin-top:0;\"><div class=\"person-author\"><div class=\"person-author-wrapper\"><span class=\"person-name\">Ponencias<\/span><span class=\"person-title\"><\/span><\/div><\/div><div class=\"person-content fusion-clearfix\"><\/div><\/div><\/div><div class=\"fusion-clearfix\"><\/div><\/div><\/div><div class=\"fusion-layout-column fusion_builder_column fusion-builder-column-2 fusion_builder_column_1_3 1_3 fusion-one-third\" style=\"--awb-padding-top:5px;--awb-padding-right:5px;--awb-padding-bottom:5px;--awb-padding-left:5px;--awb-bg-size:cover;--awb-border-color:#006633;--awb-border-top:2px;--awb-border-right:2px;--awb-border-bottom:2px;--awb-border-left:2px;--awb-border-style:solid;width:30.6666%; margin-right: 4%;\"><div class=\"fusion-column-wrapper fusion-flex-column-wrapper-legacy\"><div class=\"fusion-person person fusion-person-center fusion-person-2 fusion-person-icon-top\" style=\"--awb-pic-style-color:var(--awb-color8);--awb-pic-borderradius:0px;--awb-margin-top:0px;--awb-margin-right:0px;--awb-margin-bottom:0px;--awb-margin-left:0px;--awb-social-box-border-top:0px;--awb-social-box-border-right:0px;--awb-social-box-border-bottom:0px;--awb-social-box-border-left:0px;--awb-social-box-border-color:var(--awb-color3);--awb-social-box-border-color-hover:var(--awb-color4);--awb-social-box-colors-hover:rgba(232,232,232,0.8);--awb-social-icon-boxed-colors:#e8e8e8;--awb-social-icon-colors:#bebdbd;--awb-social-icon-colors-hover:rgba(190,189,189,0.8);\"><div class=\"person-shortcode-image-wrapper imageframe-liftup\"><div class=\"person-image-container\" style=\"border:0px solid #f6f6f6;-webkit-border-radius:0px;-moz-border-radius:0px;border-radius:0px;\"><a href=\"https:\/\/goo.gl\/photos\/KtArjxaNy2WGe8w28\" target=\"_blank\"><img decoding=\"async\" class=\"person-img img-responsive\" src=\"http:\/\/ulia.org\/ficv\/wp-content\/uploads\/2016\/02\/jpg.png\" alt=\"Galer\u00eda de fotos\" \/><\/a><\/div><\/div><div class=\"person-desc\" style=\"background-color:var(--awb-color8);padding:40px;margin-top:0;\"><div class=\"person-author\"><div class=\"person-author-wrapper\"><span class=\"person-name\">Galer\u00eda de fotos<\/span><span class=\"person-title\"><\/span><\/div><\/div><div class=\"person-content fusion-clearfix\"><\/div><\/div><\/div><div class=\"fusion-clearfix\"><\/div><\/div><\/div><div class=\"fusion-layout-column fusion_builder_column fusion-builder-column-3 fusion_builder_column_1_3 1_3 fusion-one-third fusion-column-last\" style=\"--awb-padding-top:5px;--awb-padding-right:5px;--awb-padding-bottom:5px;--awb-padding-left:5px;--awb-bg-size:cover;--awb-border-color:#006633;--awb-border-top:2px;--awb-border-right:2px;--awb-border-bottom:2px;--awb-border-left:2px;--awb-border-style:solid;width:30.6666%;\"><div class=\"fusion-column-wrapper fusion-flex-column-wrapper-legacy\"><div class=\"fusion-person person fusion-person-center fusion-person-3 fusion-person-icon-top\" style=\"--awb-pic-style-color:var(--awb-color8);--awb-pic-borderradius:0px;--awb-margin-top:0px;--awb-margin-right:0px;--awb-margin-bottom:0px;--awb-margin-left:0px;--awb-social-box-border-top:0px;--awb-social-box-border-right:0px;--awb-social-box-border-bottom:0px;--awb-social-box-border-left:0px;--awb-social-box-border-color:var(--awb-color3);--awb-social-box-border-color-hover:var(--awb-color4);--awb-social-box-colors-hover:rgba(232,232,232,0.8);--awb-social-icon-boxed-colors:#e8e8e8;--awb-social-icon-colors:#bebdbd;--awb-social-icon-colors-hover:rgba(190,189,189,0.8);\"><div class=\"person-shortcode-image-wrapper imageframe-liftup\"><div class=\"person-image-container\" style=\"border:0px solid #f6f6f6;-webkit-border-radius:0px;-moz-border-radius:0px;border-radius:0px;\"><a href=\"http:\/\/ulia.org\/ficv\/declaracion-de-asuncion-2011\/\" target=\"_blank\"><img decoding=\"async\" class=\"person-img img-responsive\" src=\"http:\/\/ulia.org\/ficv\/wp-content\/uploads\/2016\/02\/html.png\" alt=\"Declaraci\u00f3n\" \/><\/a><\/div><\/div><div class=\"person-desc\" style=\"background-color:var(--awb-color8);padding:40px;margin-top:0;\"><div class=\"person-author\"><div class=\"person-author-wrapper\"><span class=\"person-name\">Declaraci\u00f3n<\/span><span class=\"person-title\"><\/span><\/div><\/div><div class=\"person-content fusion-clearfix\"><\/div><\/div><\/div><div class=\"fusion-clearfix\"><\/div><\/div><\/div><div class=\"fusion-layout-column fusion_builder_column fusion-builder-column-4 fusion_builder_column_1_4 1_4 fusion-one-fourth fusion-column-first\" style=\"--awb-bg-size:cover;width:22%; margin-right: 4%;\"><div class=\"fusion-column-wrapper fusion-flex-column-wrapper-legacy\"><div class=\"fusion-clearfix\"><\/div><\/div><\/div><div class=\"fusion-layout-column fusion_builder_column fusion-builder-column-5 fusion_builder_column_1_4 1_4 fusion-one-fourth\" style=\"--awb-padding-top:5px;--awb-padding-right:5px;--awb-padding-bottom:5px;--awb-padding-left:5px;--awb-bg-size:cover;--awb-border-color:#006633;--awb-border-top:2px;--awb-border-right:2px;--awb-border-bottom:2px;--awb-border-left:2px;--awb-border-style:solid;width:22%; margin-right: 4%;\"><div class=\"fusion-column-wrapper fusion-flex-column-wrapper-legacy\"><div class=\"fusion-person person fusion-person-center fusion-person-4 fusion-person-icon-top\" style=\"--awb-pic-style-color:var(--awb-color8);--awb-pic-borderradius:0px;--awb-margin-top:0px;--awb-margin-right:0px;--awb-margin-bottom:0px;--awb-margin-left:0px;--awb-social-box-border-top:0px;--awb-social-box-border-right:0px;--awb-social-box-border-bottom:0px;--awb-social-box-border-left:0px;--awb-social-box-border-color:var(--awb-color3);--awb-social-box-border-color-hover:var(--awb-color4);--awb-social-box-colors-hover:rgba(232,232,232,0.8);--awb-social-icon-boxed-colors:#e8e8e8;--awb-social-icon-colors:#bebdbd;--awb-social-icon-colors-hover:rgba(190,189,189,0.8);\"><div class=\"person-shortcode-image-wrapper imageframe-liftup\"><div class=\"person-image-container\" style=\"border:0px solid #f6f6f6;-webkit-border-radius:0px;-moz-border-radius:0px;border-radius:0px;\"><a href=\"http:\/\/ulia.org\/ficv\/wp-content\/uploads\/2016\/02\/CCV-Asunci\u00f3n-Gu\u00eda-inform.pdf\" target=\"_blank\"><img decoding=\"async\" class=\"person-img img-responsive\" src=\"http:\/\/ulia.org\/ficv\/wp-content\/uploads\/2016\/02\/pdf.png\" alt=\"Gu\u00eda Informativa XVI CCV Asunci\u00f3n 2011\" \/><\/a><\/div><\/div><div class=\"person-desc\" style=\"background-color:var(--awb-color8);padding:40px;margin-top:0;\"><div class=\"person-author\"><div class=\"person-author-wrapper\"><span class=\"person-name\">Gu\u00eda Informativa XVI CCV Asunci\u00f3n 2011<\/span><span class=\"person-title\"><\/span><\/div><\/div><div class=\"person-content fusion-clearfix\"><\/div><\/div><\/div><div class=\"fusion-clearfix\"><\/div><\/div><\/div><div class=\"fusion-layout-column fusion_builder_column fusion-builder-column-6 fusion_builder_column_1_4 1_4 fusion-one-fourth\" style=\"--awb-padding-top:5px;--awb-padding-right:5px;--awb-padding-bottom:5px;--awb-padding-left:5px;--awb-bg-size:cover;--awb-border-color:#006633;--awb-border-top:2px;--awb-border-right:2px;--awb-border-bottom:2px;--awb-border-left:2px;--awb-border-style:solid;width:22%; margin-right: 4%;\"><div class=\"fusion-column-wrapper fusion-flex-column-wrapper-legacy\"><div class=\"fusion-person person fusion-person-center fusion-person-5 fusion-person-icon-top\" style=\"--awb-pic-style-color:var(--awb-color8);--awb-pic-borderradius:0px;--awb-margin-top:0px;--awb-margin-right:0px;--awb-margin-bottom:0px;--awb-margin-left:0px;--awb-social-box-border-top:0px;--awb-social-box-border-right:0px;--awb-social-box-border-bottom:0px;--awb-social-box-border-left:0px;--awb-social-box-border-color:var(--awb-color3);--awb-social-box-border-color-hover:var(--awb-color4);--awb-social-box-colors-hover:rgba(232,232,232,0.8);--awb-social-icon-boxed-colors:#e8e8e8;--awb-social-icon-colors:#bebdbd;--awb-social-icon-colors-hover:rgba(190,189,189,0.8);\"><div class=\"person-shortcode-image-wrapper imageframe-liftup\"><div class=\"person-image-container\" style=\"border:0px solid #f6f6f6;-webkit-border-radius:0px;-moz-border-radius:0px;border-radius:0px;\"><a href=\"http:\/\/ulia.org\/ficv\/wp-content\/uploads\/2016\/02\/FotosCongresoAsuncion.zip\" target=\"_blank\"><img decoding=\"async\" class=\"person-img img-responsive\" src=\"http:\/\/ulia.org\/ficv\/wp-content\/uploads\/2016\/02\/zip.png\" alt=\"\u00c1lbum de fotos\" \/><\/a><\/div><\/div><div class=\"person-desc\" style=\"background-color:var(--awb-color8);padding:40px;margin-top:0;\"><div class=\"person-author\"><div class=\"person-author-wrapper\"><span class=\"person-name\">\u00c1lbum de fotos<\/span><span class=\"person-title\"><\/span><\/div><\/div><div class=\"person-content fusion-clearfix\"><\/div><\/div><\/div><div class=\"fusion-clearfix\"><\/div><\/div><\/div><div class=\"fusion-layout-column fusion_builder_column fusion-builder-column-7 fusion_builder_column_1_4 1_4 fusion-one-fourth fusion-column-last\" style=\"--awb-bg-size:cover;width:22%;\"><div class=\"fusion-column-wrapper fusion-flex-column-wrapper-legacy\"><div class=\"fusion-clearfix\"><\/div><\/div><\/div><\/div><\/div>\n","protected":false},"excerpt":{"rendered":"","protected":false},"author":1,"featured_media":0,"parent":0,"menu_order":0,"comment_status":"closed","ping_status":"closed","template":"","meta":{"footnotes":""},"class_list":["post-443","page","type-page","status-publish","hentry"],"_links":{"self":[{"href":"https:\/\/ulia.org\/ficv\/wp-json\/wp\/v2\/pages\/443","targetHints":{"allow":["GET"]}}],"collection":[{"href":"https:\/\/ulia.org\/ficv\/wp-json\/wp\/v2\/pages"}],"about":[{"href":"https:\/\/ulia.org\/ficv\/wp-json\/wp\/v2\/types\/page"}],"author":[{"embeddable":true,"href":"https:\/\/ulia.org\/ficv\/wp-json\/wp\/v2\/users\/1"}],"replies":[{"embeddable":true,"href":"https:\/\/ulia.org\/ficv\/wp-json\/wp\/v2\/comments?post=443"}],"version-history":[{"count":5,"href":"https:\/\/ulia.org\/ficv\/wp-json\/wp\/v2\/pages\/443\/revisions"}],"predecessor-version":[{"id":945,"href":"https:\/\/ulia.org\/ficv\/wp-json\/wp\/v2\/pages\/443\/revisions\/945"}],"wp:attachment":[{"href":"https:\/\/ulia.org\/ficv\/wp-json\/wp\/v2\/media?parent=443"}],"curies":[{"name":"wp","href":"https:\/\/api.w.org\/{rel}","templated":true}]}}