{"id":431,"date":"2016-02-07T11:05:35","date_gmt":"2016-02-07T11:05:35","guid":{"rendered":"http:\/\/ulia.org\/ficv\/?page_id=431"},"modified":"2017-04-11T16:36:14","modified_gmt":"2017-04-11T16:36:14","slug":"caracas-2010","status":"publish","type":"page","link":"https:\/\/ulia.org\/ficv\/caracas-2010\/","title":{"rendered":"Caracas 2010"},"content":{"rendered":"<div class=\"fusion-fullwidth fullwidth-box fusion-builder-row-1 nonhundred-percent-fullwidth non-hundred-percent-height-scrolling\" style=\"--awb-background-position:left top;--awb-border-radius-top-left:0px;--awb-border-radius-top-right:0px;--awb-border-radius-bottom-right:0px;--awb-border-radius-bottom-left:0px;--awb-padding-top:20px;--awb-padding-bottom:20px;--awb-border-sizes-top:0px;--awb-border-sizes-bottom:0px;--awb-flex-wrap:wrap;\" ><div class=\"fusion-builder-row fusion-row\"><div class=\"fusion-layout-column fusion_builder_column fusion-builder-column-0 fusion_builder_column_1_1 1_1 fusion-one-full fusion-column-first fusion-column-last\" style=\"--awb-bg-size:cover;\"><div class=\"fusion-column-wrapper fusion-flex-column-wrapper-legacy\"><div class=\"fusion-title title fusion-title-1 fusion-sep-none fusion-title-text fusion-title-size-one\" style=\"--awb-margin-bottom:0px;--awb-margin-top-small:10px;--awb-margin-right-small:0px;--awb-margin-bottom-small:10px;--awb-margin-left-small:0px;\"><h1 class=\"fusion-title-heading title-heading-left\" style=\"margin:0;\">XV Edici\u00f3n del Congreso Ciencia y Vida<\/h1><\/div><div class=\"fusion-title title fusion-title-2 fusion-title-text fusion-title-size-two\" style=\"--awb-margin-top-small:10px;--awb-margin-right-small:0px;--awb-margin-bottom-small:10px;--awb-margin-left-small:0px;\"><h2 class=\"fusion-title-heading title-heading-left\" style=\"margin:0;\">Se celebr\u00f3 en la Universidad Monte\u00e1vila del 21 al 23 de Julio de 2010 en la Ciudad de Caracas.<\/h2><span class=\"awb-title-spacer\"><\/span><div class=\"title-sep-container\"><div class=\"title-sep sep-double sep-solid\" style=\"border-color:#e0dede;\"><\/div><\/div><\/div><div class=\"fusion-text fusion-text-1\"><h3 style=\"text-align: justify;\"><span style=\"color: #006633;\"><strong><img decoding=\"async\" class=\"alignright size-full wp-image-441\" src=\"http:\/\/ulia.org\/ficv\/wp-content\/uploads\/2016\/02\/Monteavila.jpg\" alt=\"Monteavila\" width=\"135\" height=\"65\" \/>PROGRAMA<\/strong><\/span><\/h3>\n<p style=\"text-align: justify;\"><span style=\"color: #006633;\"><u>Jueves 22 de julio<\/u><\/span><\/p>\n<p style=\"text-align: justify;\">8:00 <strong>Acreditaciones e inscripciones <\/strong>(en la sede del evento)<\/p>\n<p style=\"text-align: justify;\">8:30\u00a0 <strong>Acto Inaugural:<\/strong> Dr. Joaqu\u00edn Rodr\u00edguez, Rector de la Universidad Monte\u00e1vila y Dr. Jos\u00e9 P\u00e9rez Ad\u00e1n, Universidad Libre Internacional de las Am\u00e9ricas.<\/p>\n<p style=\"text-align: justify;\"><strong>Conferencia Inaugural:<\/strong> Ignacio S\u00e1nchez C\u00e1mara, Universidad de La Coru\u00f1a, Espa\u00f1a: <em>La objeci\u00f3n de conciencia en el \u00e1mbito de la investigaci\u00f3n y la asistencia sanitaria<\/em>.<\/p>\n<p style=\"text-align: justify;\">10:00 <strong>Caf\u00e9<\/strong><\/p>\n<p style=\"text-align: justify;\">10:30 <strong>Mesa redonda 1: Pol\u00edtica asistencial y servicios de salud.\u00a0 Gesti\u00f3n\u00a0 p\u00fablica y privada para la justicia y equidad.<\/strong><\/p>\n<p style=\"text-align: justify;\">\u00a0\u00a0\u00a0\u00a0\u00a0\u00a0\u00a0\u00a0\u00a0\u00a0\u00a0 <strong>Coordinador de la mesa<\/strong>: Carlos Alberto Lanz Mart\u00ednez, Universidad Monte\u00e1vila.<\/p>\n<p style=\"text-align: justify;\">\u00a0\u00a0\u00a0\u00a0\u00a0\u00a0\u00a0\u00a0\u00a0\u00a0\u00a0 <strong>Ponentes<\/strong>:<\/p>\n<p style=\"text-align: justify;\">&#8211; 1 Dr. Jos\u00e9 F\u00e9lix Oletta exministro de Salud de Venezuela: <em>Un programa de salud nacional con equidad y calidad de atenci\u00f3n.<\/em><\/p>\n<p style=\"text-align: justify;\">&#8211; 2 Prof. Aurelio Garc\u00eda Elorrio, Fundaci\u00f3n Portal de Bel\u00e9n, Argentina: <em>El efecto destructivo de algunos f\u00e1rmacos supuestamente anticonceptivos. El consentimiento informado en entredicho.<\/em><\/p>\n<p style=\"text-align: justify;\">&#8211;\u00a0\u00a0 3 Dra. Gisela L\u00f3pez, Universidad Monte\u00e1vila: Proyecto Tob\u00edas, Atenci\u00f3n integral al adulto mayor en el \u00e1mbito de la familia, investigaci\u00f3n para su comprensi\u00f3n, apoyo y asistencia.<\/p>\n<p style=\"text-align: justify;\">11:30 <strong>Coloquio<\/strong><\/p>\n<p style=\"text-align: justify;\">12:00 <strong>Tiempo libre para Almuerzo<\/strong><\/p>\n<p style=\"text-align: justify;\">14:00\u00a0 <strong>Mesa redonda 2:<\/strong> <strong>Educando con una \u00e9tica de la vida.<\/strong><\/p>\n<p style=\"text-align: justify;\">\u00a0\u00a0\u00a0\u00a0\u00a0\u00a0\u00a0\u00a0\u00a0\u00a0\u00a0 <strong>Coordinador de la mesa:<\/strong> Dr. Salvador Peir\u00f3 i Greg\u00f2ri, Universidad de Alicante.<\/p>\n<p style=\"text-align: justify;\">\u00a0\u00a0\u00a0\u00a0\u00a0\u00a0\u00a0\u00a0\u00a0\u00a0\u00a0 <strong>Ponentes:<\/strong><\/p>\n<p style=\"text-align: justify;\">&#8211;\u00a0\u00a0 1 Prof. Jorge Mario Cabrera, Consejo Nacional de Rectores de Costa Rica: <em>Recrear la cultura de la vida, la aportaci\u00f3n de los escritos de Jorge Scala<\/em><\/p>\n<p style=\"text-align: justify;\">&#8211;\u00a0\u00a0 2 Dra. Ana Teresa L\u00f3pez de Llergo, Universidad Panamericana de M\u00e9xico: <em>La vida digna acotada por la \u00e9tica<\/em><\/p>\n<p style=\"text-align: justify;\">&#8211;\u00a0\u00a0 3 Dra. Isis Nezer, CENABI:<em> Transversalidad de la \u00e9tica de la vida en las ciencias de la salud<\/em>.<\/p>\n<p style=\"text-align: justify;\">15:00 <strong>Coloquio<\/strong><\/p>\n<p style=\"text-align: justify;\">16:00\u00a0 <strong>Caf\u00e9 \/ Reuni\u00f3n Claustro ULIA\u00a0<\/strong><\/p>\n<p style=\"text-align: justify;\">17:00\u00a0 <strong>Presentaci\u00f3n: <\/strong>Dra. Juana Figueroa, Universidad Experimental de Guayana <strong>El ser humano: sujeto de la \u00e9tica ambiental<\/strong><\/p>\n<p style=\"text-align: justify;\">18:30 Acto cultural con el Orfe\u00f3n de la Universidad<\/p>\n<p style=\"text-align: justify;\"><span style=\"color: #006633;\"><u>Viernes 23 de julio<\/u><\/span><\/p>\n<p style=\"text-align: justify;\">9:00\u00a0 <strong>Conferencia:<\/strong> Dr. Manuel Guzm\u00e1n, Universidad Central de Venezuela: <em>Ante la emergencia sanitaria: derechos colectivos vs. derechos individuales.<\/em><\/p>\n<p style=\"text-align: justify;\">10:00 <strong>Caf\u00e9<\/strong><\/p>\n<p style=\"text-align: justify;\">10:30 <strong>Mesa redonda 3: <\/strong><strong>\u00a0\u00a0Poder, democracia y bio\u00e9tica: los comit\u00e9s de bio\u00e9tica<\/strong><\/p>\n<p style=\"text-align: justify;\">\u00a0\u00a0\u00a0\u00a0\u00a0\u00a0\u00a0\u00a0\u00a0\u00a0\u00a0 <strong>Coordinador de la mesa<\/strong>: Ludwig Schmidt, Universidad Cat\u00f3lica Andr\u00e9s Bello, Caracas.<\/p>\n<p style=\"text-align: justify;\">\u00a0\u00a0\u00a0\u00a0\u00a0\u00a0\u00a0\u00a0\u00a0\u00a0\u00a0 <strong>Ponentes:<\/strong><\/p>\n<p style=\"text-align: justify;\">-1 Dra. Mercedes Rovira, Universidad de Montevideo: <em>Cuando Ciencia y Sociedad se dan la espalda<\/em><\/p>\n<p style=\"text-align: justify;\">-2\u00a0 Dra. Marta Albert M\u00e1rquez, Universidad Rey Juan Carlos de Madrid: <em>Biopol\u00edtica y Bioderecho. Nuevos retos para los derechos humanos en las sociedades multiculturales.<\/em><\/p>\n<p style=\"text-align: justify;\">-3 Dr. Salvador Peir\u00f3 i Gregori: Educaci\u00f3n en la prevenci\u00f3n de la violencia<\/p>\n<p style=\"text-align: justify;\">11:30 \u00a0<strong>Coloquio<\/strong><\/p>\n<p style=\"text-align: justify;\">12:00\u00a0 <strong>Tiempo libre para Almuerzo<\/strong><\/p>\n<p style=\"text-align: justify;\">14:00 <strong>Mesa redonda 4:<\/strong> <strong><em>Crecimiento econ\u00f3mico y progreso social y humano. el futuro de asistencialismo<\/em><\/strong><\/p>\n<p style=\"text-align: justify;\">\u00a0\u00a0\u00a0\u00a0\u00a0\u00a0\u00a0\u00a0\u00a0\u00a0\u00a0 <strong>Coordinador de la mesa: <\/strong>Dr. Vicente Oltra, Fundaci\u00f3n Interamericana Ciencia y Vida, Valencia (Espa\u00f1a)<\/p>\n<p style=\"text-align: justify;\"><strong>\u00a0\u00a0\u00a0\u00a0\u00a0\u00a0\u00a0\u00a0\u00a0\u00a0\u00a0 Ponentes:<\/strong><\/p>\n<p style=\"text-align: justify;\">\u00a0\u00a0\u00a0\u00a0\u00a0 &#8211; 1 Dr. Jorge Sebasti\u00e1n, Fundaci\u00f3n Mainel, Valencia (Espa\u00f1a): <em>El dilema iniciativa gubernamental-iniciativa social en la ayuda al desarrollo<\/em>.<\/p>\n<p style=\"text-align: justify;\">\u00a0\u00a0\u00a0\u00a0\u00a0\u00a0\u00a0 &#8211;\u00a0\u00a0\u00a02 Dr. Gregorio S\u00e1nchez, Presidente de la Comisi\u00f3n Nacional de Medicina Simplificada del Ministerio de Salud: <em>Investigaci\u00f3n y Asistencia en Poblaciones Ind\u00edgenas: \u00c9tica e Interculturalidad en las pol\u00edticas de salud de Venezuela.<\/em><\/p>\n<p style=\"text-align: justify;\">\u00a0\u00a0\u00a0\u00a0\u00a0\u00a0 &#8211;\u00a0\u00a0\u00a03 Dra. Teresa G\u00f3mez, Universidad Monte\u00e1vila: <em>La experiencia de la ayuda a la maternidad adolescente en Venezuela<\/em>.<\/p>\n<p style=\"text-align: justify;\">15:00\u00a0 <strong>Coloquio<\/strong><\/p>\n<p style=\"text-align: justify;\">16:00\u00a0 <strong>Conferencia de Clausura: <\/strong>Dr. Oswaldo Pulgar, Universidad de Carabobo: <em>Los condicionamientos ideol\u00f3gicos de la salud sexual y reproductiva<\/em>.<\/p>\n<p style=\"text-align: justify;\">17:00\u00a0 <strong>Lectura de la Declaraci\u00f3n de Caracas y anuncio del pr\u00f3ximo Congreso<\/strong><\/p>\n<p style=\"text-align: justify;\">18:00\u00a0 <strong>Acto cultural<\/strong><\/p>\n<p style=\"text-align: justify;\">19:30\u00a0 <strong>Cena de Clausura<\/strong><\/p>\n<p style=\"text-align: justify;\"><strong>Direcci\u00f3n de contacto<\/strong>: Comit\u00e9 local, Dr. Carlos Alberto Lanz Mart\u00ednez: centrodeestudiosdebioetica@uma.edu.ve\u00a0 o <a href=\"mailto:clanz@uma.edu.ve\">clanz@uma.edu.ve<\/a> Secretar\u00eda de ULIA: <span style=\"color: #006633;\"><a style=\"color: #006633;\" href=\"mailto:info@ulia.org\">info@ulia.org<\/a><\/span><\/p>\n<p style=\"text-align: justify;\"><em>\u00a0<\/em><\/p>\n<p style=\"text-align: justify;\"><a href=\"http:\/\/www.ulia.org\/ficv\">www.ulia.org\/ficv<\/a>\u00a0 <a href=\"http:\/\/www.uma.edu.ve\/\">www.uma.edu.ve<\/a>\u00a0 <a href=\"http:\/\/www.ulia.org\/\">www.ulia.org<\/a> <em>\u00a0<\/em><a href=\"http:\/\/www.saludyfamilia.org.ve\/\">www.Saludyfamilia.org.ve<\/a><\/p>\n<\/div><div class=\"fusion-clearfix\"><\/div><\/div><\/div><div class=\"fusion-layout-column fusion_builder_column fusion-builder-column-1 fusion_builder_column_1_3 1_3 fusion-one-third fusion-column-first\" style=\"--awb-padding-top:5px;--awb-padding-right:5px;--awb-padding-bottom:5px;--awb-padding-left:5px;--awb-bg-size:cover;--awb-border-color:#006633;--awb-border-top:2px;--awb-border-right:2px;--awb-border-bottom:2px;--awb-border-left:2px;--awb-border-style:solid;width:30.6666%; margin-right: 4%;\"><div class=\"fusion-column-wrapper fusion-flex-column-wrapper-legacy\"><div class=\"fusion-person person fusion-person-center fusion-person-1 fusion-person-icon-top\" style=\"--awb-pic-style-color:var(--awb-color8);--awb-pic-borderradius:0px;--awb-margin-top:0px;--awb-margin-right:0px;--awb-margin-bottom:0px;--awb-margin-left:0px;--awb-social-box-border-top:0px;--awb-social-box-border-right:0px;--awb-social-box-border-bottom:0px;--awb-social-box-border-left:0px;--awb-social-box-border-color:var(--awb-color3);--awb-social-box-border-color-hover:var(--awb-color4);--awb-social-box-colors-hover:rgba(232,232,232,0.8);--awb-social-icon-boxed-colors:#e8e8e8;--awb-social-icon-colors:#bebdbd;--awb-social-icon-colors-hover:rgba(190,189,189,0.8);\"><div class=\"person-shortcode-image-wrapper imageframe-liftup\"><div class=\"person-image-container\" style=\"border:0px solid #f6f6f6;-webkit-border-radius:0px;-moz-border-radius:0px;border-radius:0px;\"><a href=\"http:\/\/ulia.org\/ficv\/ponencias-caracas-2010\/\" target=\"_blank\"><img decoding=\"async\" class=\"person-img img-responsive\" src=\"http:\/\/ulia.org\/ficv\/wp-content\/uploads\/2016\/02\/html.png\" alt=\"Ponencias\" \/><\/a><\/div><\/div><div class=\"person-desc\" style=\"background-color:var(--awb-color8);padding:40px;margin-top:0;\"><div class=\"person-author\"><div class=\"person-author-wrapper\"><span class=\"person-name\">Ponencias<\/span><span class=\"person-title\"><\/span><\/div><\/div><div class=\"person-content fusion-clearfix\"><\/div><\/div><\/div><div class=\"fusion-clearfix\"><\/div><\/div><\/div><div class=\"fusion-layout-column fusion_builder_column fusion-builder-column-2 fusion_builder_column_1_3 1_3 fusion-one-third\" style=\"--awb-padding-top:5px;--awb-padding-right:5px;--awb-padding-bottom:5px;--awb-padding-left:5px;--awb-bg-size:cover;--awb-border-color:#006633;--awb-border-top:2px;--awb-border-right:2px;--awb-border-bottom:2px;--awb-border-left:2px;--awb-border-style:solid;width:30.6666%; margin-right: 4%;\"><div class=\"fusion-column-wrapper fusion-flex-column-wrapper-legacy\"><div class=\"fusion-person person fusion-person-center fusion-person-2 fusion-person-icon-top\" style=\"--awb-pic-style-color:var(--awb-color8);--awb-pic-borderradius:0px;--awb-margin-top:0px;--awb-margin-right:0px;--awb-margin-bottom:0px;--awb-margin-left:0px;--awb-social-box-border-top:0px;--awb-social-box-border-right:0px;--awb-social-box-border-bottom:0px;--awb-social-box-border-left:0px;--awb-social-box-border-color:var(--awb-color3);--awb-social-box-border-color-hover:var(--awb-color4);--awb-social-box-colors-hover:rgba(232,232,232,0.8);--awb-social-icon-boxed-colors:#e8e8e8;--awb-social-icon-colors:#bebdbd;--awb-social-icon-colors-hover:rgba(190,189,189,0.8);\"><div class=\"person-shortcode-image-wrapper imageframe-liftup\"><div class=\"person-image-container\" style=\"border:0px solid #f6f6f6;-webkit-border-radius:0px;-moz-border-radius:0px;border-radius:0px;\"><a href=\"https:\/\/goo.gl\/photos\/oD3scUeZt9EjsBCu8\" target=\"_blank\"><img decoding=\"async\" class=\"person-img img-responsive\" src=\"http:\/\/ulia.org\/ficv\/wp-content\/uploads\/2016\/02\/jpg.png\" alt=\"Galer\u00eda de fotos\" \/><\/a><\/div><\/div><div class=\"person-desc\" style=\"background-color:var(--awb-color8);padding:40px;margin-top:0;\"><div class=\"person-author\"><div class=\"person-author-wrapper\"><span class=\"person-name\">Galer\u00eda de fotos<\/span><span class=\"person-title\"><\/span><\/div><\/div><div class=\"person-content fusion-clearfix\"><\/div><\/div><\/div><div class=\"fusion-clearfix\"><\/div><\/div><\/div><div class=\"fusion-layout-column fusion_builder_column fusion-builder-column-3 fusion_builder_column_1_3 1_3 fusion-one-third fusion-column-last\" style=\"--awb-padding-top:5px;--awb-padding-right:5px;--awb-padding-bottom:5px;--awb-padding-left:5px;--awb-bg-size:cover;--awb-border-color:#006633;--awb-border-top:2px;--awb-border-right:2px;--awb-border-bottom:2px;--awb-border-left:2px;--awb-border-style:solid;width:30.6666%;\"><div class=\"fusion-column-wrapper fusion-flex-column-wrapper-legacy\"><div class=\"fusion-person person fusion-person-center fusion-person-3 fusion-person-icon-top\" style=\"--awb-pic-style-color:var(--awb-color8);--awb-pic-borderradius:0px;--awb-margin-top:0px;--awb-margin-right:0px;--awb-margin-bottom:0px;--awb-margin-left:0px;--awb-social-box-border-top:0px;--awb-social-box-border-right:0px;--awb-social-box-border-bottom:0px;--awb-social-box-border-left:0px;--awb-social-box-border-color:var(--awb-color3);--awb-social-box-border-color-hover:var(--awb-color4);--awb-social-box-colors-hover:rgba(232,232,232,0.8);--awb-social-icon-boxed-colors:#e8e8e8;--awb-social-icon-colors:#bebdbd;--awb-social-icon-colors-hover:rgba(190,189,189,0.8);\"><div class=\"person-shortcode-image-wrapper imageframe-liftup\"><div class=\"person-image-container\" style=\"border:0px solid #f6f6f6;-webkit-border-radius:0px;-moz-border-radius:0px;border-radius:0px;\"><a href=\"http:\/\/ulia.org\/ficv\/declaracion-de-caracas-2010\/\" target=\"_blank\"><img decoding=\"async\" class=\"person-img img-responsive\" src=\"http:\/\/ulia.org\/ficv\/wp-content\/uploads\/2016\/02\/html.png\" alt=\"Declaraci\u00f3n\" \/><\/a><\/div><\/div><div class=\"person-desc\" style=\"background-color:var(--awb-color8);padding:40px;margin-top:0;\"><div class=\"person-author\"><div class=\"person-author-wrapper\"><span class=\"person-name\">Declaraci\u00f3n<\/span><span class=\"person-title\"><\/span><\/div><\/div><div class=\"person-content fusion-clearfix\"><\/div><\/div><\/div><div class=\"fusion-clearfix\"><\/div><\/div><\/div><\/div><\/div>\n","protected":false},"excerpt":{"rendered":"","protected":false},"author":1,"featured_media":0,"parent":0,"menu_order":0,"comment_status":"closed","ping_status":"closed","template":"","meta":{"footnotes":""},"class_list":["post-431","page","type-page","status-publish","hentry"],"_links":{"self":[{"href":"https:\/\/ulia.org\/ficv\/wp-json\/wp\/v2\/pages\/431","targetHints":{"allow":["GET"]}}],"collection":[{"href":"https:\/\/ulia.org\/ficv\/wp-json\/wp\/v2\/pages"}],"about":[{"href":"https:\/\/ulia.org\/ficv\/wp-json\/wp\/v2\/types\/page"}],"author":[{"embeddable":true,"href":"https:\/\/ulia.org\/ficv\/wp-json\/wp\/v2\/users\/1"}],"replies":[{"embeddable":true,"href":"https:\/\/ulia.org\/ficv\/wp-json\/wp\/v2\/comments?post=431"}],"version-history":[{"count":4,"href":"https:\/\/ulia.org\/ficv\/wp-json\/wp\/v2\/pages\/431\/revisions"}],"predecessor-version":[{"id":947,"href":"https:\/\/ulia.org\/ficv\/wp-json\/wp\/v2\/pages\/431\/revisions\/947"}],"wp:attachment":[{"href":"https:\/\/ulia.org\/ficv\/wp-json\/wp\/v2\/media?parent=431"}],"curies":[{"name":"wp","href":"https:\/\/api.w.org\/{rel}","templated":true}]}}