{"id":43,"date":"2016-01-18T13:00:39","date_gmt":"2016-01-18T13:00:39","guid":{"rendered":"http:\/\/ulia.org\/ficv\/?page_id=43"},"modified":"2017-04-11T16:36:15","modified_gmt":"2017-04-11T16:36:15","slug":"guadalajara-98","status":"publish","type":"page","link":"https:\/\/ulia.org\/ficv\/guadalajara-98\/","title":{"rendered":"Guadalajara 98"},"content":{"rendered":"<div class=\"fusion-fullwidth fullwidth-box fusion-builder-row-1 hundred-percent-fullwidth non-hundred-percent-height-scrolling\" style=\"--awb-border-radius-top-left:0px;--awb-border-radius-top-right:0px;--awb-border-radius-bottom-right:0px;--awb-border-radius-bottom-left:0px;--awb-overflow:visible;--awb-flex-wrap:wrap;\" ><div class=\"fusion-builder-row fusion-row\"><div class=\"fusion-layout-column fusion_builder_column fusion-builder-column-0 fusion_builder_column_1_1 1_1 fusion-one-full fusion-column-first fusion-column-last\" style=\"--awb-bg-size:cover;\"><div class=\"fusion-column-wrapper fusion-flex-column-wrapper-legacy\"><div class=\"fusion-title title fusion-title-1 fusion-sep-none fusion-title-text fusion-title-size-one\" style=\"--awb-margin-bottom:0px;--awb-margin-top-small:10px;--awb-margin-right-small:0px;--awb-margin-bottom-small:10px;--awb-margin-left-small:0px;\"><h1 class=\"fusion-title-heading title-heading-left\" style=\"margin:0;\">1\u00aa Edici\u00f3n Americana de la Universidad de Verano Ciencia y Vida<\/h1><\/div><div class=\"fusion-title title fusion-title-2 fusion-title-text fusion-title-size-two\" style=\"--awb-margin-top-small:10px;--awb-margin-right-small:0px;--awb-margin-bottom-small:10px;--awb-margin-left-small:0px;\"><h2 class=\"fusion-title-heading title-heading-left\" style=\"margin:0;\">Guadalajara, Jalisco, 5-15 de julio de 1998<\/h2><span class=\"awb-title-spacer\"><\/span><div class=\"title-sep-container\"><div class=\"title-sep sep-double sep-solid\" style=\"border-color:#e0dede;\"><\/div><\/div><\/div><div class=\"fusion-clearfix\"><\/div><\/div><\/div><div class=\"fusion-layout-column fusion_builder_column fusion-builder-column-1 fusion_builder_column_1_1 1_1 fusion-one-full fusion-column-first fusion-column-last fusion-column-no-min-height\" style=\"--awb-bg-size:cover;--awb-margin-bottom:0px;\"><div class=\"fusion-column-wrapper fusion-flex-column-wrapper-legacy\"><div class=\"fusion-text fusion-text-1\"><p style=\"text-align: justify;\"><span style=\"font-family: Arial; font-size: medium;\">La ma\u00f1ana del Lunes 6 de Julio en el auditorio del Hotel Aranzazu y con la presencia del subsecretario de educaci\u00f3n y de la defensora de los derechos humanos del pueblo del estado de Jalisco, inauguramos la edici\u00f3n fundacional de la Universidad de Verano Ciencia y Vida en Am\u00e9rica. En la sala, adem\u00e1s de los medios de comunicaci\u00f3n que dieron cobertura a todo el evento, de los 50 alumnos registrados, provinientes de Espa\u00f1a y de 6 estados de la Rep\u00fablica de M\u00e9xico, y del numeroso y eficaz grupo de voluntarias y voluntarios que trabajar\u00edan incansablemente durante los diez d\u00edas siguientes para hacer de estas jornadas un encuentro inolvidable, est\u00e1bamos los ponentes y organizadores de esta peculiar iniciativa acad\u00e9mica: en nuestros rostros se dibujaba una alegre perplejidad.<\/span><\/p>\n<p style=\"text-align: justify;\"><span style=\"font-family: Arial; font-size: medium;\">No pod\u00eda ser menos. All\u00ed nos encontrabamos acad\u00e9micos provenientes de universidades de ocho pa\u00edses de Europa y Am\u00e9rica con una rara caracter\u00edstica en com\u00fan. Todos hab\u00edamos decidido costear nuestros propios gastos para compartir nuestras inquietudes intelectuales. Pod\u00eda pensarse que en la sala del Hotel Aranzazu estaban reunidos unos profesores universitarios que estaban dispuestos a pagar por ense\u00f1ar, y esto era cierto; pero tambi\u00e9n es cierto que todos hemos salido ganando pues volvemos a nuestros lugares de origen convencidos de que hemos recibido m\u00e1s que dado y tan seguros estamos de ello que vamos a repetir la experiencia el a\u00f1o pr\u00f3ximo.<\/span><\/p>\n<p style=\"text-align: justify;\"><span style=\"font-family: Arial; font-size: medium;\">No se pueden resumir en unas pocas l\u00edneas el rico contenido de las ponencias, coloquios y presentaciones. Todo est\u00e1 grabado y todo saldr\u00e1 impreso en una publicaci\u00f3n espec\u00edfica. Lo que no saldr\u00e1 visible directamente en ese material ser\u00e1 el esp\u00edritu de sincera y amable solidaridad, la alegre camarader\u00eda, los vivos ratos de esparcimiento y el ambiente de genuina gratitud que compartimos. A\u00fan as\u00ed, el relator debe de atreverse a se\u00f1alar algunos detalles para que los que no pudieron asistir tengan idea de los asuntos que tratamos y de las conclusiones a las que llegamos. As\u00ed, aunque resulte doloroso despachar cuarenta y siete horas de grabaci\u00f3n de video en siete puntos, vamos a hacerlo:<\/span><\/p>\n<p style=\"text-align: justify;\"><span style=\"font-family: Arial; font-size: medium;\">1.- Un tema se\u00f1alado ya el primer d\u00eda por Jes\u00fas Ballesteros y que sirvi\u00f3 de punto de encuentro en muchos debates posteriores fue el reconocimiento del ius peregrinandi como derecho innato de la persona. En el a\u00f1o del cincuentenario de la Declaraci\u00f3n Universal de los Derechos Humanos, lema de nuestra reuni\u00f3n, era una referencia obligada, sobre todo cuando la instrumentalidad de unas personas para los fines de otras parece aceptarse irreflexivamente como un hecho consumado.<\/span><\/p>\n<p style=\"text-align: justify;\"><span style=\"font-family: Arial; font-size: medium;\">2.- Asimismo, se acord\u00f3, como se\u00f1alaron tanto los profesores del CEIB de Guadalajara como Jos\u00e9 P\u00e9rez Ad\u00e1n y m\u00e1s tarde, en una emocionante sesi\u00f3n en la que recit\u00f3 sus propios poemas la ni\u00f1a Tal\u00eda, tambi\u00e9n Ari (jud\u00edo) y Fausi (palestino), la promoci\u00f3n de una cultura de la donaci\u00f3n y de la acogida. Se estudiaron modos pr\u00e1cticos de implementar esta cultura y los objetivos m\u00e1s urgentes a llevar a cabo.<\/span><\/p>\n<p style=\"text-align: justify;\"><span style=\"font-family: Arial; font-size: medium;\">3.- En las intervenciones de Jos\u00e9 Mar\u00eda Cant\u00fa sobre todo, y tambi\u00e9n en las de Lourdes Cantero, Annemarie Otte, y Jorge Mart\u00ednez, qued\u00f3 claro y manifiesto a todos que la vida y la ciencia, o est\u00e1n relacionadas por la \u00e9tica, o se encontrar\u00e1n tarde o temprano frente a frente.<\/span><\/p>\n<p style=\"text-align: justify;\"><span style=\"font-family: Arial; font-size: medium;\">4.- El derecho a la vida como fuente primaria de todos los derechos y como condici\u00f3n inerente al mantenimiento de la paz, qued\u00f3 explicitado de diversas maneras, desde diversos \u00e1ngulos y con diferentes propuestas y corolarios en varias sesiones. Quiz\u00e1 la intervenci\u00f3n de Luis Ricardo Rodriguez nos ayud\u00f3 especialmente a todos a valorar el trabajo llevado a cabo en Costa Rica en este sentido.<\/span><\/p>\n<p style=\"text-align: justify;\"><span style=\"font-family: Arial; font-size: medium;\">5.- Las diversas intervenciones, siempre amenas, de Alban d&#8217;Entremont nos ayudaron a reflexionar a cerca del debate sobre el estado de la poblaci\u00f3n mundial. Su ponencia sobre los cinco mitos de la demograf\u00eda nos trajo a la memoria aquella frase de Schumacher sobre la necesidad de hacer una econom\u00eda (y una pol\u00edtica) como si la gente importase para algo.<\/span><\/p>\n<p style=\"text-align: justify;\"><span style=\"font-family: Arial; font-size: medium;\">6.- A efectos pr\u00e1cticos, el fruto m\u00e1s importante del evento fue la puesta en marcha de la Fundaci\u00f3n Interamericana Ciencia y Vida, que ser\u00e1 el organismo que se encargar\u00e1 a partir de ahora de organizar las diversas ediciones de la Universidad de Verano. Se dise\u00f1\u00f3 un calendario inicial que nos cita en la segunda semana de Julio de 1999 en Cartagena de Indias con el lema: \u00abEducaci\u00f3n y Poblaci\u00f3n en dos Mundos\u00bb, en San Jos\u00e9 de Costa Rica en el a\u00f1o 2000, y, posiblemente, en La Habana en el a\u00f1o 2001.<\/span><\/p>\n<p style=\"text-align: justify;\"><span style=\"font-family: Arial; font-size: medium;\">7.- El primer acuerdo de la Fundaci\u00f3n Interamericana Ciencia y Vida fue firmar la Declaraci\u00f3n de Guadalajara, que ya se ha divulgado, y que pretende presentar cientos de adhesiones de cient\u00edficos de todos los pa\u00edses del mundo en el acto inaugural del encuentro de Cartagena el a\u00f1o pr\u00f3ximo.<\/span><\/p>\n<p style=\"text-align: justify;\"><span style=\"font-family: Arial; font-size: medium;\">No es posible en tan poco espacio rese\u00f1ar m\u00e1s. Quedan para el imborrable recuerdo de los que asistieron, la jornada en Tlaquepaque, el encuentro en el teatro Degollado, y tantas cosas hermosas que tiene Guadalajara, aunque ninguna lo es tanta como la calidad humana de su gente. Al final, en el aeropuerto, nos despedimos as\u00ed: \u00abhasta el a\u00f1o que viene en Cartagena\u00bb.<\/span><\/p>\n<\/div><div class=\"fusion-clearfix\"><\/div><\/div><\/div><\/div><\/div>\n","protected":false},"excerpt":{"rendered":"","protected":false},"author":1,"featured_media":0,"parent":0,"menu_order":0,"comment_status":"closed","ping_status":"closed","template":"","meta":{"footnotes":""},"class_list":["post-43","page","type-page","status-publish","hentry"],"_links":{"self":[{"href":"https:\/\/ulia.org\/ficv\/wp-json\/wp\/v2\/pages\/43","targetHints":{"allow":["GET"]}}],"collection":[{"href":"https:\/\/ulia.org\/ficv\/wp-json\/wp\/v2\/pages"}],"about":[{"href":"https:\/\/ulia.org\/ficv\/wp-json\/wp\/v2\/types\/page"}],"author":[{"embeddable":true,"href":"https:\/\/ulia.org\/ficv\/wp-json\/wp\/v2\/users\/1"}],"replies":[{"embeddable":true,"href":"https:\/\/ulia.org\/ficv\/wp-json\/wp\/v2\/comments?post=43"}],"version-history":[{"count":5,"href":"https:\/\/ulia.org\/ficv\/wp-json\/wp\/v2\/pages\/43\/revisions"}],"predecessor-version":[{"id":977,"href":"https:\/\/ulia.org\/ficv\/wp-json\/wp\/v2\/pages\/43\/revisions\/977"}],"wp:attachment":[{"href":"https:\/\/ulia.org\/ficv\/wp-json\/wp\/v2\/media?parent=43"}],"curies":[{"name":"wp","href":"https:\/\/api.w.org\/{rel}","templated":true}]}}