{"id":254,"date":"2016-02-06T11:19:15","date_gmt":"2016-02-06T11:19:15","guid":{"rendered":"http:\/\/ulia.org\/ficv\/?page_id=254"},"modified":"2017-04-11T16:36:14","modified_gmt":"2017-04-11T16:36:14","slug":"mexico-2000","status":"publish","type":"page","link":"https:\/\/ulia.org\/ficv\/mexico-2000\/","title":{"rendered":"M\u00e9xico 2000"},"content":{"rendered":"<div class=\"fusion-fullwidth fullwidth-box fusion-builder-row-1 hundred-percent-fullwidth non-hundred-percent-height-scrolling\" style=\"--awb-border-radius-top-left:0px;--awb-border-radius-top-right:0px;--awb-border-radius-bottom-right:0px;--awb-border-radius-bottom-left:0px;--awb-overflow:visible;--awb-flex-wrap:wrap;\" ><div class=\"fusion-builder-row fusion-row\"><div class=\"fusion-layout-column fusion_builder_column fusion-builder-column-0 fusion_builder_column_1_1 1_1 fusion-one-full fusion-column-first fusion-column-last\" style=\"--awb-bg-size:cover;\"><div class=\"fusion-column-wrapper fusion-flex-column-wrapper-legacy\"><div class=\"fusion-title title fusion-title-1 fusion-sep-none fusion-title-text fusion-title-size-one\" style=\"--awb-margin-bottom:0px;--awb-margin-top-small:10px;--awb-margin-right-small:0px;--awb-margin-bottom-small:10px;--awb-margin-left-small:0px;\"><h1 class=\"fusion-title-heading title-heading-left\" style=\"margin:0;\">3\u00aa Edici\u00f3n Americana (sexta en total) de la Universidad de Verano Ciencia y Vida<\/h1><\/div><div class=\"fusion-title title fusion-title-2 fusion-title-text fusion-title-size-two\" style=\"--awb-margin-top-small:10px;--awb-margin-right-small:0px;--awb-margin-bottom-small:10px;--awb-margin-left-small:0px;\"><h2 class=\"fusion-title-heading title-heading-left\" style=\"margin:0;\">M\u00e9xico, M\u00e9xico D.F. 23-26.<\/h2><span class=\"awb-title-spacer\"><\/span><div class=\"title-sep-container\"><div class=\"title-sep sep-double sep-solid\" style=\"border-color:#e0dede;\"><\/div><\/div><\/div><div class=\"fusion-clearfix\"><\/div><\/div><\/div><div class=\"fusion-layout-column fusion_builder_column fusion-builder-column-1 fusion_builder_column_1_1 1_1 fusion-one-full fusion-column-first fusion-column-last fusion-column-no-min-height\" style=\"--awb-bg-size:cover;--awb-margin-bottom:0px;\"><div class=\"fusion-column-wrapper fusion-flex-column-wrapper-legacy\"><div class=\"fusion-text fusion-text-1\"><p style=\"text-align: justify;\"><span style=\"font-family: Arial; font-size: medium;\">Se va ganando en experiencia y la tercera edici\u00f3n ha salido redonda. Los que hemos tenido la oportunidad de participar en esta tercera edici\u00f3n de la Universidad Internacional de Verano Ciencia y Vida hemos salido muy enriquecidos, tanto por la calidad acad\u00e9mica de sus participantes como su apertura y af\u00e1n de compartir. No han faltado nuevas amistades y proyectos de colaboraci\u00f3n acad\u00e9mica internacional.<\/span><\/p>\n<p style=\"text-align: justify;\"><span style=\"font-family: Arial; font-size: medium;\">Este a\u00f1o la convocatoria nos cit\u00f3 del 23 al 26 de agosto pasados, en las instalaciones de la Comisi\u00f3n Nacional de Bio\u00e9tica, en la ciudad de M\u00e9xico, que amablemente cedieron para esta edici\u00f3n. Los acad\u00e9micos han procedido de Per\u00fa, Colombia, Costa Rica, Argentina, Espa\u00f1a y M\u00e9xico. Fueron cuatro d\u00edas intensos para abordar el tema: <em>Conciencia c\u00edvica y vida digna para todos<\/em>.<\/span><\/p>\n<p style=\"text-align: justify;\"><span style=\"font-family: Arial; font-size: medium;\">Por las ma\u00f1anas se abord\u00f3 el tema de manera formal, a trav\u00e9s de cuatro simposios en los que cada expositor dispuso de 15 minutos. En seguida se procedi\u00f3 a las preguntas en rueda de prensa que cerraron cada d\u00eda con una intervenci\u00f3n conjunta en la que, desde distintos enfoques se fue completando la informaci\u00f3n, tanto por las distintas \u00e1reas de conocimiento, como la visi\u00f3n de diversos or\u00edgenes de la geograf\u00eda americana. Por las tardes se sostuvieron coloquios con los ponentes y con diversas personalidades dirigentes de asociaciones que velan por la vida y la sociedad.<\/span><\/p>\n<p style=\"text-align: justify;\"><span style=\"font-family: Arial; font-size: medium;\">El tiempo libre fue una gran oportunidad para que ponentes y participantes conversaran sobre temas afines.<\/span><\/p>\n<p style=\"text-align: justify;\"><span style=\"font-family: Arial; font-size: medium;\">En el primer simposio: INCLUSI\u00d3N Y EXCLUSI\u00d3N EN LA SOCIEDAD GLOBAL, se expuso la exclusi\u00f3n generada por una globalizaci\u00f3n economicista y la propuesta de resoluci\u00f3n, no s\u00f3lo en manos de las autoridades, como otorgadores de recursos, sino generada por la sociedad civil mediante la solidaridad y la conciencia c\u00edvica que crea procesos de inclusi\u00f3n, al respetar y promover al &#8216;otro&#8217; el derecho de ser &#8216;otro&#8217; y reconocer que juntos podemos compartir el mismo mundo.<\/span><\/p>\n<p style=\"text-align: justify;\"><span style=\"font-family: Arial; font-size: medium;\">NECESIDADES B\u00c1SICAS DEL SIGLO XXI, fue el tema del segundo simposio. La primera necesidad es el que todos puedamos llevar una vida digna, incluyendo tambi\u00e9n al no nato pues se le reconoce igualmente como persona humana. Se abord\u00f3 el tema de la pobreza y de la democracia, que ha de facilitar y promover el bienestar de todos, no s\u00f3lo de la mayor\u00eda.<\/span><\/p>\n<p style=\"text-align: justify;\"><span style=\"font-family: Arial; font-size: medium;\">BIOGEN\u00c9TICA Y DIGNIDAD fue el tema de la tercera sesi\u00f3n, en la que se dieron a conocer los estudios de aspectos circunstanciales poco considerados por los medios de comunicaci\u00f3n alrededor del tema del aborto: el s\u00edndrome postaborto, las pruebas biol\u00f3gicas de una nueva vida, independiente de la madre, desde el momento de la concepci\u00f3n, las implicaciones legales que se han de considerar para no desproteger a las mujeres que han abortado, ya que son las m\u00e1s afectadas y, muchas veces, han sido presionadas por terceros.<\/span><\/p>\n<p style=\"text-align: justify;\"><span style=\"font-family: Arial; font-size: medium;\">Para finalizar, en el cuarto simposio se habl\u00f3 de LA CIENCIA Y LA VIDA EN AM\u00c9RICA LATINA, destacando que el control demogr\u00e1fico no resuelve problemas sociales sino que crea otros, aumentando la pobreza. Para custodiar la vida en Am\u00e9rica Latina se propuso el apostar por la educaci\u00f3n no formal; revalorar a la mujer como custodia de lo humano; entender al hombre como multiplicador, no como consumidor de bienes. Se destac\u00f3 y se alert\u00f3 del inter\u00e9s econ\u00f3mico y de la b\u00fasqueda de poder en las pol\u00edticas antinatalistas y el intento por sustraer el alma de las naciones alterando sus paradigmas de conductas sociales.<\/span><\/p>\n<p style=\"text-align: justify;\"><span style=\"font-family: Arial; font-size: medium;\">Al t\u00e9rmino de las sesiones se dio a conocer la Declaraci\u00f3n de M\u00e9xico, a la que ya se adhieren personas de procedencias muy diversas y que sigue abierta para que se difunda. El acto acad\u00e9mico termin\u00f3 con una amena comida en la que ponentes y participantes tuvieron la oportunidad de consolidar proyectos acad\u00e9micos a corto plazo, como una investigaci\u00f3n sobre las consecuencias psicol\u00f3gicas de los padres que voluntariamente han abortado un hijo.<\/span><\/p>\n<div align=\"center\">\n<p><img decoding=\"async\" class=\"size-full wp-image-258\" src=\"http:\/\/ulia.org\/ficv\/wp-content\/uploads\/2016\/02\/mexpoveda.jpg\" alt=\"mexpoveda\" width=\"200\" height=\"126\" \/> <img decoding=\"async\" class=\"size-medium wp-image-257\" src=\"http:\/\/ulia.org\/ficv\/wp-content\/uploads\/2016\/02\/mex4.jpg\" alt=\"mex4\" width=\"135\" height=\"200\" \/> <img decoding=\"async\" class=\"size-medium wp-image-256\" src=\"http:\/\/ulia.org\/ficv\/wp-content\/uploads\/2016\/02\/mex1.jpg\" alt=\"mex1\" width=\"200\" height=\"114\" \/> <img decoding=\"async\" class=\"size-full wp-image-255\" src=\"http:\/\/ulia.org\/ficv\/wp-content\/uploads\/2016\/02\/luisricardo.jpg\" alt=\"luisricardo\" width=\"180\" height=\"126\" \/><\/p>\n<\/div>\n<\/div><div class=\"fusion-clearfix\"><\/div><\/div><\/div><\/div><\/div>\n","protected":false},"excerpt":{"rendered":"","protected":false},"author":1,"featured_media":0,"parent":0,"menu_order":0,"comment_status":"closed","ping_status":"closed","template":"","meta":{"footnotes":""},"class_list":["post-254","page","type-page","status-publish","hentry"],"_links":{"self":[{"href":"https:\/\/ulia.org\/ficv\/wp-json\/wp\/v2\/pages\/254","targetHints":{"allow":["GET"]}}],"collection":[{"href":"https:\/\/ulia.org\/ficv\/wp-json\/wp\/v2\/pages"}],"about":[{"href":"https:\/\/ulia.org\/ficv\/wp-json\/wp\/v2\/types\/page"}],"author":[{"embeddable":true,"href":"https:\/\/ulia.org\/ficv\/wp-json\/wp\/v2\/users\/1"}],"replies":[{"embeddable":true,"href":"https:\/\/ulia.org\/ficv\/wp-json\/wp\/v2\/comments?post=254"}],"version-history":[{"count":6,"href":"https:\/\/ulia.org\/ficv\/wp-json\/wp\/v2\/pages\/254\/revisions"}],"predecessor-version":[{"id":956,"href":"https:\/\/ulia.org\/ficv\/wp-json\/wp\/v2\/pages\/254\/revisions\/956"}],"wp:attachment":[{"href":"https:\/\/ulia.org\/ficv\/wp-json\/wp\/v2\/media?parent=254"}],"curies":[{"name":"wp","href":"https:\/\/api.w.org\/{rel}","templated":true}]}}