{"id":243,"date":"2016-02-06T09:42:20","date_gmt":"2016-02-06T09:42:20","guid":{"rendered":"http:\/\/ulia.org\/ficv\/?page_id=243"},"modified":"2017-04-11T16:36:14","modified_gmt":"2017-04-11T16:36:14","slug":"cartagena-99","status":"publish","type":"page","link":"https:\/\/ulia.org\/ficv\/cartagena-99\/","title":{"rendered":"Cartagena 99"},"content":{"rendered":"<div class=\"fusion-fullwidth fullwidth-box fusion-builder-row-1 hundred-percent-fullwidth non-hundred-percent-height-scrolling\" style=\"--awb-border-radius-top-left:0px;--awb-border-radius-top-right:0px;--awb-border-radius-bottom-right:0px;--awb-border-radius-bottom-left:0px;--awb-overflow:visible;--awb-flex-wrap:wrap;\" ><div class=\"fusion-builder-row fusion-row\"><div class=\"fusion-layout-column fusion_builder_column fusion-builder-column-0 fusion_builder_column_1_1 1_1 fusion-one-full fusion-column-first fusion-column-last\" style=\"--awb-bg-size:cover;\"><div class=\"fusion-column-wrapper fusion-flex-column-wrapper-legacy\"><div class=\"fusion-title title fusion-title-1 fusion-sep-none fusion-title-text fusion-title-size-one\" style=\"--awb-margin-bottom:0px;--awb-margin-top-small:10px;--awb-margin-right-small:0px;--awb-margin-bottom-small:10px;--awb-margin-left-small:0px;\"><h1 class=\"fusion-title-heading title-heading-left\" style=\"margin:0;\">2\u00aa Edici\u00f3n Americana de la Universidad de Verano Ciencia y Vida<\/h1><\/div><div class=\"fusion-title title fusion-title-2 fusion-title-text fusion-title-size-two\" style=\"--awb-margin-top-small:10px;--awb-margin-right-small:0px;--awb-margin-bottom-small:10px;--awb-margin-left-small:0px;\"><h2 class=\"fusion-title-heading title-heading-left\" style=\"margin:0;\">Cartagena de Indias del 18 al 23 de Julio de 1999.<\/h2><span class=\"awb-title-spacer\"><\/span><div class=\"title-sep-container\"><div class=\"title-sep sep-double sep-solid\" style=\"border-color:#e0dede;\"><\/div><\/div><\/div><div class=\"fusion-clearfix\"><\/div><\/div><\/div><div class=\"fusion-layout-column fusion_builder_column fusion-builder-column-1 fusion_builder_column_1_1 1_1 fusion-one-full fusion-column-first fusion-column-last fusion-column-no-min-height\" style=\"--awb-bg-size:cover;--awb-margin-bottom:0px;\"><div class=\"fusion-column-wrapper fusion-flex-column-wrapper-legacy\"><div class=\"fusion-text fusion-text-1\"><p style=\"text-align: justify;\"><span style=\"font-family: Arial;\">\u00a1Epop\u00e9yico! \u00a1Espectacular! \u00a1Asombroso! Lo conseguimos. A pesar de los pesares: a pesar de la guerra y de la guerrilla, de la desconfianza y de los peligros para propios y extra\u00f1os, de la incertidumbre por el futuro de un pa\u00eds injustamente expuesto a mil tribulaciones,&#8230; A pesar de todo, la segunda edici\u00f3n se ha llevado a feliz termino.<\/span><\/p>\n<p style=\"text-align: justify;\"><span style=\"font-family: Arial;\">Nos reunimos intelectuales de cuatro pa\u00edses: Colombia, Chile, Espa\u00f1a y Mexico; trabajamos con ah\u00ednco durante seis d\u00edas; discutimos y aprobamos la Declaraci\u00f3n de Cartagena; y disfrutamos de una ciudad y de unas gentes maravillosas (guapachosas) con unos anfitriones de post\u00edn.<\/span><\/p>\n<p style=\"text-align: justify;\"><span style=\"font-family: Arial;\">Una resumida y sucinta visi\u00f3n de las intervenciones tendr\u00eda que resaltar que a Jos\u00e9 P\u00e9rez Ad\u00e1n le toco inaugurar las sesiones en el Sal\u00f3n Arcos del Hotel Caribe. Ese d\u00eda se glos\u00f3 la Declaraci\u00f3n de Guadalajara del 98 y su difusi\u00f3n por los cinco continentes y Rosario Athie nos habl\u00f3 de la necesidad de implementar la gratuidad y la gratitud en todo el sistema educativo. El martes 20 intervinieron Pedro J. Teruel, que habl\u00f3 de energ\u00edas alternativas con un profuso examen de la experiencia navarra en energ\u00eda e\u00f3lica que tuvo mucho impacto, y Jorge Grazia que hizo una excelente presentaci\u00f3n sobre los sistemas de medici\u00f3n de la riqueza en las naciones y su mejoramiento. El mi\u00e9rcoles 21, Francisco Le\u00f3n expuso con profusi\u00f3n de datos un muy al d\u00eda estado de la cuesti\u00f3n de las discusiones actuales en \u00e9tica de la ciencia y de la investigaci\u00f3n biom\u00e9dica; Omayra Burbano nos obsequio a todos con un audiovisual de su producci\u00f3n sobre el contraste pobreza-riqueza en la realidad colombiana. El jueves 22 fue Jes\u00fas Ballesteros quien glos\u00f3 las diferencias entre el enfoque anglo-norteamericano y el latino-personalista en el entendimiento del medio ambiente, al tiempo que razon\u00f3 la necesidad de jerarquizar los derechos para igualar a las personas. Ese d\u00eda tuvimos la presentaci\u00f3n de dos libros, \u00abLa Salud Social\u00bb, y \u00abDesarrollo Socioecon\u00f3mico y Demograf\u00eda en America Latina\u00bb. El viernes 23 Jorge Mart\u00ednez nos dio las razones cient\u00edficas para dudar de la ciencia y s\u00f3lo afirmar con ella lo que la ciencia razonadamente dice.<\/span><\/p>\n<p style=\"text-align: justify;\"><span style=\"font-family: Arial;\">Tuvimos varias reuniones de trabajo llenas de iniciativas y participaci\u00f3n. A los for\u00e1neos no nos faltaron anfitriones y debemos estar especialmente agradecidos a Julio Burbano y Laura Bonilla por todos sus desvelos, pues aunque una perla tan brillante como Cartagena cautiva a todo visitante, no todo es apreciable a ojos inexpertos. A Jorge Juan Mart\u00ednez le debemos todos que esta segunda edici\u00f3n de nuestra universidad de verano se llevase a cabo a pesar de los pesares. Los lideres de la guerrilla, Tirofijo y Monocoj\u00f3n, no pudieron con \u00e9l y por eso todos le debemos la continuidad. Esperamos ahora poder agasajar a nuestros heroicos cartageneros en justa reciprocidad en Mexico D. F. del 22 al 26 de Agosto del 2000 en la tercera edici\u00f3n de la Universidad de Verano Ciencia y Vida.<\/span><\/p>\n<p style=\"text-align: center;\"><img decoding=\"async\" class=\"alignnone size-medium wp-image-246\" src=\"http:\/\/ulia.org\/ficv\/wp-content\/uploads\/2016\/02\/cart3.jpg\" alt=\"cart3\" width=\"124\" height=\"200\" \/> <img decoding=\"async\" class=\"alignnone size-medium wp-image-247\" src=\"http:\/\/ulia.org\/ficv\/wp-content\/uploads\/2016\/02\/cart4.jpg\" alt=\"cart4\" width=\"200\" height=\"133\" \/> <img decoding=\"async\" class=\"alignnone size-medium wp-image-248\" src=\"http:\/\/ulia.org\/ficv\/wp-content\/uploads\/2016\/02\/cart5.jpg\" alt=\"cart5\" width=\"200\" height=\"114\" \/><img decoding=\"async\" class=\"alignnone size-medium wp-image-248\" src=\"http:\/\/ulia.org\/ficv\/wp-content\/uploads\/2016\/02\/cart2.jpg\" alt=\"cart5\" width=\"200\" height=\"114\" \/><\/p>\n<\/div><div class=\"fusion-clearfix\"><\/div><\/div><\/div><\/div><\/div>\n","protected":false},"excerpt":{"rendered":"","protected":false},"author":1,"featured_media":0,"parent":0,"menu_order":0,"comment_status":"closed","ping_status":"closed","template":"","meta":{"footnotes":""},"class_list":["post-243","page","type-page","status-publish","hentry"],"_links":{"self":[{"href":"https:\/\/ulia.org\/ficv\/wp-json\/wp\/v2\/pages\/243","targetHints":{"allow":["GET"]}}],"collection":[{"href":"https:\/\/ulia.org\/ficv\/wp-json\/wp\/v2\/pages"}],"about":[{"href":"https:\/\/ulia.org\/ficv\/wp-json\/wp\/v2\/types\/page"}],"author":[{"embeddable":true,"href":"https:\/\/ulia.org\/ficv\/wp-json\/wp\/v2\/users\/1"}],"replies":[{"embeddable":true,"href":"https:\/\/ulia.org\/ficv\/wp-json\/wp\/v2\/comments?post=243"}],"version-history":[{"count":5,"href":"https:\/\/ulia.org\/ficv\/wp-json\/wp\/v2\/pages\/243\/revisions"}],"predecessor-version":[{"id":957,"href":"https:\/\/ulia.org\/ficv\/wp-json\/wp\/v2\/pages\/243\/revisions\/957"}],"wp:attachment":[{"href":"https:\/\/ulia.org\/ficv\/wp-json\/wp\/v2\/media?parent=243"}],"curies":[{"name":"wp","href":"https:\/\/api.w.org\/{rel}","templated":true}]}}