{"id":170,"date":"2016-02-03T20:12:54","date_gmt":"2016-02-03T20:12:54","guid":{"rendered":"http:\/\/ulia.org\/ficv\/?page_id=170"},"modified":"2023-07-12T14:45:11","modified_gmt":"2023-07-12T14:45:11","slug":"declaracion-de-arequipa-2014","status":"publish","type":"page","link":"https:\/\/ulia.org\/ficv\/declaracion-de-arequipa-2014\/","title":{"rendered":"Declaraci\u00f3n de Arequipa 2014"},"content":{"rendered":"<p style=\"text-align: justify;\"><div class=\"fusion-fullwidth fullwidth-box fusion-builder-row-1 hundred-percent-fullwidth non-hundred-percent-height-scrolling\" style=\"--awb-border-radius-top-left:0px;--awb-border-radius-top-right:0px;--awb-border-radius-bottom-right:0px;--awb-border-radius-bottom-left:0px;--awb-overflow:visible;--awb-flex-wrap:wrap;\" ><div class=\"fusion-builder-row fusion-row\"><div class=\"fusion-layout-column fusion_builder_column fusion-builder-column-0 fusion_builder_column_1_1 1_1 fusion-one-full fusion-column-first fusion-column-last fusion-column-no-min-height\" style=\"--awb-bg-size:cover;--awb-margin-bottom:0px;\"><div class=\"fusion-column-wrapper fusion-flex-column-wrapper-legacy\"><div class=\"fusion-text fusion-text-1\"><p style=\"text-align: justify;\">\n<\/div><div class=\"fusion-clearfix\"><\/div><\/div><\/div><\/div><\/div><div class=\"fusion-fullwidth fullwidth-box fusion-builder-row-2 nonhundred-percent-fullwidth non-hundred-percent-height-scrolling\" style=\"--awb-background-position:left top;--awb-border-radius-top-left:0px;--awb-border-radius-top-right:0px;--awb-border-radius-bottom-right:0px;--awb-border-radius-bottom-left:0px;--awb-padding-top:20px;--awb-padding-bottom:20px;--awb-border-sizes-top:0px;--awb-border-sizes-bottom:0px;--awb-flex-wrap:wrap;\" ><div class=\"fusion-builder-row fusion-row\"><div class=\"fusion-layout-column fusion_builder_column fusion-builder-column-1 fusion_builder_column_1_1 1_1 fusion-one-full fusion-column-first fusion-column-last fusion-column-no-min-height\" style=\"--awb-bg-size:cover;--awb-margin-bottom:0px;\"><div class=\"fusion-column-wrapper fusion-flex-column-wrapper-legacy\"><div class=\"fusion-title title fusion-title-1 fusion-title-text fusion-title-size-one\" style=\"--awb-margin-top-small:10px;--awb-margin-right-small:0px;--awb-margin-bottom-small:10px;--awb-margin-left-small:0px;\"><h1 class=\"fusion-title-heading title-heading-left\" style=\"margin:0;\">Declaraci\u00f3n de Arequipa<\/h1><span class=\"awb-title-spacer\"><\/span><div class=\"title-sep-container\"><div class=\"title-sep sep-double sep-solid\" style=\"border-color:#e0dede;\"><\/div><\/div><\/div><div class=\"fusion-text fusion-text-2\"><p style=\"text-align: justify;\">Reunidos en la sede de la Universidad Cat\u00f3lica San Pablo, con motivo del XIX Congreso Ciencia y Vida, tras las ponencias, conferencias y debates y en l\u00ednea con los pronunciamientos program\u00e1ticos de los dieciocho congresos anteriores, hacemos p\u00fablica esta DECLARACI\u00d3N en la que acordamos:<\/p>\n<h3 style=\"text-align: justify;\"><span style=\"color: #006633;\">Proclamamos:<\/span><\/h3>\n<p style=\"text-align: justify;\">1.- Hacer un llamado de atenci\u00f3n sobre la necesidad de abrir el poder p\u00fablico a la participaci\u00f3n ciudadana a trav\u00e9s del reconocimiento y el impulso de la sociedad civil. La sociedad libre, participativa, justa y democr\u00e1tica que todos queremos, se asienta sobre un entendimiento del poder que viene de abajo, nace en la gente, se cultiva en la familia, y por tanto, no es una concesi\u00f3n de jerarqu\u00edas establecidas. La vitalidad de la sociedad civil es necesaria y debe ser reconocida y nunca entorpecida por el poder pol\u00edtico.<\/p>\n<p style=\"text-align: justify;\">2.- Defendemos un recto entendimiento del principio de subsidiaridad que d\u00e9 cobertura a las iniciativas sociales, tanto individuales como comunitarias y corporativas, y que impida a ning\u00fan poder arrogarse el monopolio del espacio p\u00fablico.<\/p>\n<p style=\"text-align: justify;\">3.- Entendemos que donde no hay pluralidad no hay libertad. Por ello, apostamos por un sistema educativo que acoja y fomente la diversidad de nuestras sociedades, y que no imponga desde las instancias del poder pol\u00edtico c\u00f3digos morales o ideolog\u00edas partidistas con car\u00e1cter universal a todas las familias del pa\u00eds.<\/p>\n<p style=\"text-align: justify;\">4.- Es hora ya de que la sociedad civil latinoamericana deje de estar tutelada por las instancias de poder. M\u00e1s a\u00fan, entendemos los justos reclamos para que crezca el empoderamiento civil m\u00e1s all\u00e1 del control, a veces f\u00e9rreo, ejercido por quienes a\u00f1oran viejos dirigismos y uniformismos. Ha de entenderse que la inercia del progreso y la madurez pol\u00edtica pasa por huir de las acumulaciones de poder e impedir que \u00e9ste se agregue all\u00e1 donde ya est\u00e1 concentrado.<\/p>\n<p style=\"text-align: justify;\">5.- La ciudadan\u00eda como conjunto de derechos y deberes entra\u00f1a responsabilidades. La responsabilidad social es una exigencia que para la vitalidad de la sociedad civil debe exigirse a todas las empresas e instituciones mediante los oportunos incentivos y obligaciones.<\/p>\n<p style=\"text-align: justify;\">6.- Compete aqu\u00ed recordar los llamados efectuados en anteriores declaraciones en favor de la implementaci\u00f3n paulatina de formas de democracia directa en el \u00e1mbito pol\u00edtico que vayan sustituyendo poco a poco representaciones innecesarias, mayormente all\u00ed donde los peligros del clientelismo y el populismo pol\u00edticos se hacen manifiestos y end\u00e9micos.<\/p>\n<p style=\"text-align: justify;\">7.- Por \u00faltimo hacemos un llamado a la importancia de profundizar en una mayor separaci\u00f3n de poderes, tanto en la esfera pol\u00edtica como en la civil evitando monopolios paralizantes, y equilibrando espacios de poder que impidan la corrupci\u00f3n. Que cada instancia, iniciativa e instituci\u00f3n arrostre su propio quehacer sin aspirar a inmiscuirse en el de los dem\u00e1s. El espacio p\u00fablico es infinito y de por s\u00ed es expansivo. Intentar acotarlo es ir contra nosotros mismos.<\/p>\n<p style=\"text-align: justify;\">En Arequipa, la ciudad blanca, a 27 de agosto de 2014.<\/p>\n<p style=\"text-align: justify;\">\n<\/div><div class=\"fusion-clearfix\"><\/div><\/div><\/div><\/div><\/div><\/p>\n","protected":false},"excerpt":{"rendered":"","protected":false},"author":1,"featured_media":0,"parent":0,"menu_order":0,"comment_status":"closed","ping_status":"closed","template":"","meta":{"footnotes":""},"class_list":["post-170","page","type-page","status-publish","hentry"],"_links":{"self":[{"href":"https:\/\/ulia.org\/ficv\/wp-json\/wp\/v2\/pages\/170","targetHints":{"allow":["GET"]}}],"collection":[{"href":"https:\/\/ulia.org\/ficv\/wp-json\/wp\/v2\/pages"}],"about":[{"href":"https:\/\/ulia.org\/ficv\/wp-json\/wp\/v2\/types\/page"}],"author":[{"embeddable":true,"href":"https:\/\/ulia.org\/ficv\/wp-json\/wp\/v2\/users\/1"}],"replies":[{"embeddable":true,"href":"https:\/\/ulia.org\/ficv\/wp-json\/wp\/v2\/comments?post=170"}],"version-history":[{"count":5,"href":"https:\/\/ulia.org\/ficv\/wp-json\/wp\/v2\/pages\/170\/revisions"}],"predecessor-version":[{"id":1419,"href":"https:\/\/ulia.org\/ficv\/wp-json\/wp\/v2\/pages\/170\/revisions\/1419"}],"wp:attachment":[{"href":"https:\/\/ulia.org\/ficv\/wp-json\/wp\/v2\/media?parent=170"}],"curies":[{"name":"wp","href":"https:\/\/api.w.org\/{rel}","templated":true}]}}