{"id":166,"date":"2016-02-03T20:11:12","date_gmt":"2016-02-03T20:11:12","guid":{"rendered":"http:\/\/ulia.org\/ficv\/?page_id=166"},"modified":"2017-04-11T16:36:14","modified_gmt":"2017-04-11T16:36:14","slug":"declaracion-de-bogota-2012","status":"publish","type":"page","link":"https:\/\/ulia.org\/ficv\/declaracion-de-bogota-2012\/","title":{"rendered":"Declaraci\u00f3n de Bogot\u00e1 2012"},"content":{"rendered":"<p><div class=\"fusion-fullwidth fullwidth-box fusion-builder-row-1 hundred-percent-fullwidth non-hundred-percent-height-scrolling\" style=\"--awb-border-radius-top-left:0px;--awb-border-radius-top-right:0px;--awb-border-radius-bottom-right:0px;--awb-border-radius-bottom-left:0px;--awb-overflow:visible;--awb-flex-wrap:wrap;\" ><div class=\"fusion-builder-row fusion-row\"><div class=\"fusion-layout-column fusion_builder_column fusion-builder-column-0 fusion_builder_column_1_1 1_1 fusion-one-full fusion-column-first fusion-column-last fusion-column-no-min-height\" style=\"--awb-bg-size:cover;--awb-margin-bottom:0px;\"><div class=\"fusion-column-wrapper fusion-flex-column-wrapper-legacy\"><div class=\"fusion-text fusion-text-1\"><p style=\"text-align: justify;\">\n<\/div><div class=\"fusion-clearfix\"><\/div><\/div><\/div><\/div><\/div><div class=\"fusion-fullwidth fullwidth-box fusion-builder-row-2 nonhundred-percent-fullwidth non-hundred-percent-height-scrolling\" style=\"--awb-background-position:left top;--awb-border-radius-top-left:0px;--awb-border-radius-top-right:0px;--awb-border-radius-bottom-right:0px;--awb-border-radius-bottom-left:0px;--awb-padding-top:20px;--awb-padding-bottom:20px;--awb-border-sizes-top:0px;--awb-border-sizes-bottom:0px;--awb-flex-wrap:wrap;\" ><div class=\"fusion-builder-row fusion-row\"><div class=\"fusion-layout-column fusion_builder_column fusion-builder-column-1 fusion_builder_column_1_1 1_1 fusion-one-full fusion-column-first fusion-column-last fusion-column-no-min-height\" style=\"--awb-bg-size:cover;--awb-margin-bottom:0px;\"><div class=\"fusion-column-wrapper fusion-flex-column-wrapper-legacy\"><div class=\"fusion-title title fusion-title-1 fusion-title-text fusion-title-size-one\" style=\"--awb-margin-top-small:10px;--awb-margin-right-small:0px;--awb-margin-bottom-small:10px;--awb-margin-left-small:0px;\"><h1 class=\"fusion-title-heading title-heading-left\" style=\"margin:0;\">Declaraci\u00f3n de Bogot\u00e1<\/h1><span class=\"awb-title-spacer\"><\/span><div class=\"title-sep-container\"><div class=\"title-sep sep-double sep-solid\" style=\"border-color:#e0dede;\"><\/div><\/div><\/div><div class=\"fusion-text fusion-text-2\"><p>Reunidos en el marco del XVII Congreso Internacional \u201cCiencia y Vida\u201d, -convocado por la Universidad Libre Internacional de las Am\u00e9ricas (ULIA) y la Escuela Internacional de Ciencias Econ\u00f3micas y Administrativas (EICEA) de la Universidad de la Sabana- \u00a0en torno al tema \u201cEconom\u00eda y dignidad humana: un reto para Am\u00e9rica Latina\u201d los ponentes \u00a0y participantes inscritos,<\/p>\n<h3><span style=\"color: #006633;\"><strong>Reconociendo que:<\/strong><\/span><\/h3>\n<p>En la ra\u00edz de la actual crisis econ\u00f3mico-financiera gravitan ciertos males de la cultura dominante, y en particular, el fundamentalismo secularista, el individualismo, el materialismo y el utilitarismo, y que de ello ha derivado el economicismo y la especulaci\u00f3n financiera que en \u00faltimas instancias ponen al descubierto el desconocimiento de la dignidad del ser humano.<\/p>\n<p>La cultura econ\u00f3mica dominante se expande a la sombra de los poderes y hegemon\u00edas mundiales y pretende convertirse tambi\u00e9n en la cultura dominante de Am\u00e9rica Latina.<\/p>\n<p>Los retos que \u00a0ante este hecho se presentan a nuestras sociedades no son solo problema de los Estados. Los empresarios, los educadores, los padres de familia y en general todos los ciudadanos de bien pueden aportar su concurso para superarlos. Es por eso que:<\/p>\n<p>&nbsp;<\/p>\n<h3><span style=\"color: #006633;\"><strong>Proclamamos y proponemos<\/strong><\/span><\/h3>\n<ol>\n<li>\u00a0La dignidad del ser humano constituye el origen y la finalidad de la actividad econ\u00f3mica, y, cada d\u00eda es m\u00e1s evidente la necesidad de que este principio se torne en paradigma de la actividad empresarial. En esta direcci\u00f3n se puede sostener que el primer objetivo de la responsabilidad social de las empresas es doble: por un lado, se centra en los propios empleados y sus familias, sus condiciones de trabajo dignas, y en general su verdadero bienestar; por otro, en servir al progreso de la sociedad en general sin exclusiones de ning\u00fan tipo.<\/li>\n<li>Aunque el discurso de \u201cfamilia y empresa\u201d se ha generalizado lo ha hecho enfatizando m\u00e1s aspectos como la conciliaci\u00f3n para la satisfacci\u00f3n, la productividad y la competitividad, y menos en aspectos relacionados con el empoderamiento de las familias como \u00e1mbitos y sujetos de decisi\u00f3n. Se hace entonces necesario recalcar la importancia de tomar en consideraci\u00f3n que la identidad humana es una identidad familiar y que la familia en su conjunto debe de estar presente y tomarse en consideraci\u00f3n a la hora de plantear y tomar decisiones estrat\u00e9gicas, de funcionamiento y de organizaci\u00f3n empresarial..<\/li>\n<li>La educaci\u00f3n, desde la familia hasta los postgrados, juega un papel esencial en la humanizaci\u00f3n de la actividad econ\u00f3mica y empresarial. Para cumplir con ese papel, el proceso educativo debe profundizar en los fundamentos de la dignidad del ser humano articulados en torno al reconocimiento de sus derechos. Por otro lado, es necesario que la formaci\u00f3n empresarial haga credo propio el respeto a los derechos que emanan de la consideraci\u00f3n holista del ser humano, que tiene tambi\u00e9n, aspiraciones trascendentes, deberes comunitarios, y una pluralidad de intereses para los que la empresa no puede constituirse en obst\u00e1culo..<\/li>\n<li>\u00a0La familia, con la colaboraci\u00f3n de la escuela, es el \u00e1mbito m\u00e1s decisivo para colocar \u00a0los cimientos de la educaci\u00f3n en su totalidad y en lo particular en la econom\u00eda. La meta en este campo es conseguir que los hijos tomen consciencia de los recursos a su disposici\u00f3n, de la forma de afrontar las situaciones econ\u00f3micas cotidianas, de aprender a consumir y a compartir, de llegar a participar en la construcci\u00f3n de una sociedad con mejores oportunidades para todos.<\/li>\n<li>\u00a0Se hace necesario repensar nuestros sistemas de salud, teniendo como norte la efectiva prestaci\u00f3n del servicio sin aceptar su deterioro por consideraciones financieras. En esto nuestras sociedades deben ejercer presi\u00f3n para que los Estados retomen el rol si no de actor central del sistema, de eficiente regulador.<\/li>\n<li>\u00a0Por \u00faltimo llamamos a la reflexi\u00f3n para que con base en nuestras peculiaridades culturales, que a\u00fan permanecen abiertas al pensamiento social cristiano, promovamos una actividad econ\u00f3mica y empresarial que coloque en el centro al ser humano, y, al tiempo, sepamos presentar alternativas al pensamiento econ\u00f3mico dominante en su intento de instrumentalizar, serializar, y servirse de las personas para el aumento de beneficios.<\/li>\n<\/ol>\n<p>Dado en Bogot\u00e1, a 3 de Agosto de 2012.<\/p>\n<p>&nbsp;<\/p>\n<p>&nbsp;<\/p>\n<p>&nbsp;<\/p>\n<\/div><div class=\"fusion-clearfix\"><\/div><\/div><\/div><\/div><\/div><\/p>\n","protected":false},"excerpt":{"rendered":"","protected":false},"author":1,"featured_media":0,"parent":0,"menu_order":0,"comment_status":"closed","ping_status":"closed","template":"","meta":{"footnotes":""},"class_list":["post-166","page","type-page","status-publish","hentry"],"_links":{"self":[{"href":"https:\/\/ulia.org\/ficv\/wp-json\/wp\/v2\/pages\/166","targetHints":{"allow":["GET"]}}],"collection":[{"href":"https:\/\/ulia.org\/ficv\/wp-json\/wp\/v2\/pages"}],"about":[{"href":"https:\/\/ulia.org\/ficv\/wp-json\/wp\/v2\/types\/page"}],"author":[{"embeddable":true,"href":"https:\/\/ulia.org\/ficv\/wp-json\/wp\/v2\/users\/1"}],"replies":[{"embeddable":true,"href":"https:\/\/ulia.org\/ficv\/wp-json\/wp\/v2\/comments?post=166"}],"version-history":[{"count":2,"href":"https:\/\/ulia.org\/ficv\/wp-json\/wp\/v2\/pages\/166\/revisions"}],"predecessor-version":[{"id":962,"href":"https:\/\/ulia.org\/ficv\/wp-json\/wp\/v2\/pages\/166\/revisions\/962"}],"wp:attachment":[{"href":"https:\/\/ulia.org\/ficv\/wp-json\/wp\/v2\/media?parent=166"}],"curies":[{"name":"wp","href":"https:\/\/api.w.org\/{rel}","templated":true}]}}