{"id":164,"date":"2016-02-03T20:10:00","date_gmt":"2016-02-03T20:10:00","guid":{"rendered":"http:\/\/ulia.org\/ficv\/?page_id=164"},"modified":"2017-04-11T16:36:14","modified_gmt":"2017-04-11T16:36:14","slug":"declaracion-de-asuncion-2011","status":"publish","type":"page","link":"https:\/\/ulia.org\/ficv\/declaracion-de-asuncion-2011\/","title":{"rendered":"Declaraci\u00f3n de Asunci\u00f3n 2011"},"content":{"rendered":"<p><div class=\"fusion-fullwidth fullwidth-box fusion-builder-row-1 hundred-percent-fullwidth non-hundred-percent-height-scrolling\" style=\"--awb-border-radius-top-left:0px;--awb-border-radius-top-right:0px;--awb-border-radius-bottom-right:0px;--awb-border-radius-bottom-left:0px;--awb-overflow:visible;--awb-flex-wrap:wrap;\" ><div class=\"fusion-builder-row fusion-row\"><div class=\"fusion-layout-column fusion_builder_column fusion-builder-column-0 fusion_builder_column_1_1 1_1 fusion-one-full fusion-column-first fusion-column-last fusion-column-no-min-height\" style=\"--awb-bg-size:cover;--awb-margin-bottom:0px;\"><div class=\"fusion-column-wrapper fusion-flex-column-wrapper-legacy\"><div class=\"fusion-text fusion-text-1\"><p style=\"text-align: justify;\">\n<\/div><div class=\"fusion-clearfix\"><\/div><\/div><\/div><\/div><\/div><div class=\"fusion-fullwidth fullwidth-box fusion-builder-row-2 nonhundred-percent-fullwidth non-hundred-percent-height-scrolling\" style=\"--awb-background-position:left top;--awb-border-radius-top-left:0px;--awb-border-radius-top-right:0px;--awb-border-radius-bottom-right:0px;--awb-border-radius-bottom-left:0px;--awb-padding-top:20px;--awb-padding-bottom:20px;--awb-border-sizes-top:0px;--awb-border-sizes-bottom:0px;--awb-flex-wrap:wrap;\" ><div class=\"fusion-builder-row fusion-row\"><div class=\"fusion-layout-column fusion_builder_column fusion-builder-column-1 fusion_builder_column_1_1 1_1 fusion-one-full fusion-column-first fusion-column-last fusion-column-no-min-height\" style=\"--awb-bg-size:cover;--awb-margin-bottom:0px;\"><div class=\"fusion-column-wrapper fusion-flex-column-wrapper-legacy\"><div class=\"fusion-title title fusion-title-1 fusion-title-text fusion-title-size-one\" style=\"--awb-margin-top-small:10px;--awb-margin-right-small:0px;--awb-margin-bottom-small:10px;--awb-margin-left-small:0px;\"><h1 class=\"fusion-title-heading title-heading-left\" style=\"margin:0;\">Declaraci\u00f3n de Asunci\u00f3n<\/h1><span class=\"awb-title-spacer\"><\/span><div class=\"title-sep-container\"><div class=\"title-sep sep-double sep-solid\" style=\"border-color:#e0dede;\"><\/div><\/div><\/div><div class=\"fusion-text fusion-text-2\"><p>Reunidos en la ciudad de Asunci\u00f3n en al t\u00e9rmino del XVI Congreso Internacional Ciencia y Vida, asumimos la siguiente Declaraci\u00f3n:<\/p>\n<p>&nbsp;<\/p>\n<p>1.- La crisis cultural por la que atraviesa el mundo contempor\u00e1neo nos lleva a pensar que lo \u00fanico que existe es lo inmediato. Nos creemos nuestro propio fin pero hemos olvidado la finalidad. Hemos de pasar nuestro testimonio poniendo en pr\u00e1ctica una solidaridad hacia las futuras generaciones.<\/p>\n<p>&nbsp;<\/p>\n<p>2.- Hay intereses creados que pugnan por convertir a los j\u00f3venes en una generaci\u00f3n mim\u00e9tica que confirma los disvalores que representa un mundo donde priman el consumo, el individualismo y la satisfacci\u00f3n instant\u00e1nea. En \u00e9se mundo, los valores de la juventud: el cambio, la esperanza\u00a0 y el idealismo, no tienen cabida. Como consecuencia a los j\u00f3venes se les ignora. Nuestra sociedad parece haber desarrollado anticuerpos para anular la juventud y por ello trata de restar espacios y visibilidad a la inocencia, la pureza, o el ahorro.<\/p>\n<p>&nbsp;<\/p>\n<p>3.- Esta situaci\u00f3n se manifiesta en las ciencias de la salud en el intento perseverante que los poderes constituidos est\u00e1n haciendo para llevar a ni\u00f1os y j\u00f3venes a una sexualidad \u00a0irresponsable. Desde las instancias internacionales como la ONU se pretende imponer una as\u00ed llamada educaci\u00f3n para la salud sexual que excluyendo la espera y el autodominio fomenta la iniciaci\u00f3n sexual temprana y las consecuencias que de ello se derivan como la ingesta de f\u00e1rmacos y el aborto a cada vez menor edad.<\/p>\n<p>&nbsp;<\/p>\n<p>4.- Denunciamos los intentos de las grandes multinacionales farmac\u00e9uticas por captar j\u00f3venes clientes para sus productos fomentando la adicci\u00f3n al sexo entre la juventud e impidiendo el ejercicio de una sana sexualidad responsable. Parad\u00f3gicamente en este cometido han encontrado aliados en activistas que se dicen anticapitalistas y progresistas y en gobiernos que excluyen los programas que fomentan la continencia y la responsabilidad en sus campa\u00f1as de educaci\u00f3n sexual.<\/p>\n<p>&nbsp;<\/p>\n<p>5.- Hacemos un llamamiento para que ni\u00f1os y j\u00f3venes sean reconocidos como sujetos de derecho y a la par, que las familias tengan poder y libertad para organizar y elegir la educaci\u00f3n que mejor conviene a sus hijos.<\/p>\n<p>&nbsp;<\/p>\n<p>6.- Por \u00faltimo, abogamos por dar a los j\u00f3venes mayor protagonismo en el dise\u00f1o de pol\u00edticas p\u00fablicas. Se habla hoy mucho de una orientaci\u00f3n o ideolog\u00eda de g\u00e9nero. Nosotros vemos necesario incorporar una perspectiva o ideolog\u00eda de familia,\u00a0 una perspectiva de infancia y una perspectiva de juventud en el ejercicio de la vida p\u00fablica, en las pol\u00edticas educativas y de salud y fiscales, de nuestras sociedades.<\/p>\n<p>&nbsp;<\/p>\n<p>En Asunci\u00f3n a 30 de Julio de 2011.<\/p>\n<p>&nbsp;<\/p>\n<\/div><div class=\"fusion-clearfix\"><\/div><\/div><\/div><\/div><\/div><\/p>\n","protected":false},"excerpt":{"rendered":"","protected":false},"author":1,"featured_media":0,"parent":0,"menu_order":0,"comment_status":"closed","ping_status":"closed","template":"","meta":{"footnotes":""},"class_list":["post-164","page","type-page","status-publish","hentry"],"_links":{"self":[{"href":"https:\/\/ulia.org\/ficv\/wp-json\/wp\/v2\/pages\/164","targetHints":{"allow":["GET"]}}],"collection":[{"href":"https:\/\/ulia.org\/ficv\/wp-json\/wp\/v2\/pages"}],"about":[{"href":"https:\/\/ulia.org\/ficv\/wp-json\/wp\/v2\/types\/page"}],"author":[{"embeddable":true,"href":"https:\/\/ulia.org\/ficv\/wp-json\/wp\/v2\/users\/1"}],"replies":[{"embeddable":true,"href":"https:\/\/ulia.org\/ficv\/wp-json\/wp\/v2\/comments?post=164"}],"version-history":[{"count":2,"href":"https:\/\/ulia.org\/ficv\/wp-json\/wp\/v2\/pages\/164\/revisions"}],"predecessor-version":[{"id":963,"href":"https:\/\/ulia.org\/ficv\/wp-json\/wp\/v2\/pages\/164\/revisions\/963"}],"wp:attachment":[{"href":"https:\/\/ulia.org\/ficv\/wp-json\/wp\/v2\/media?parent=164"}],"curies":[{"name":"wp","href":"https:\/\/api.w.org\/{rel}","templated":true}]}}