{"id":159,"date":"2016-02-03T20:06:55","date_gmt":"2016-02-03T20:06:55","guid":{"rendered":"http:\/\/ulia.org\/ficv\/?page_id=159"},"modified":"2017-04-11T16:36:14","modified_gmt":"2017-04-11T16:36:14","slug":"declaracion-de-guatemala-2008","status":"publish","type":"page","link":"https:\/\/ulia.org\/ficv\/declaracion-de-guatemala-2008\/","title":{"rendered":"Declaraci\u00f3n de Guatemala 2008"},"content":{"rendered":"<p><div class=\"fusion-fullwidth fullwidth-box fusion-builder-row-1 hundred-percent-fullwidth non-hundred-percent-height-scrolling\" style=\"--awb-border-radius-top-left:0px;--awb-border-radius-top-right:0px;--awb-border-radius-bottom-right:0px;--awb-border-radius-bottom-left:0px;--awb-overflow:visible;--awb-flex-wrap:wrap;\" ><div class=\"fusion-builder-row fusion-row\"><div class=\"fusion-layout-column fusion_builder_column fusion-builder-column-0 fusion_builder_column_1_1 1_1 fusion-one-full fusion-column-first fusion-column-last fusion-column-no-min-height\" style=\"--awb-bg-size:cover;--awb-margin-bottom:0px;\"><div class=\"fusion-column-wrapper fusion-flex-column-wrapper-legacy\"><div class=\"fusion-text fusion-text-1\"><p style=\"text-align: justify;\">\n<\/div><div class=\"fusion-clearfix\"><\/div><\/div><\/div><\/div><\/div><div class=\"fusion-fullwidth fullwidth-box fusion-builder-row-2 nonhundred-percent-fullwidth non-hundred-percent-height-scrolling\" style=\"--awb-background-position:left top;--awb-border-radius-top-left:0px;--awb-border-radius-top-right:0px;--awb-border-radius-bottom-right:0px;--awb-border-radius-bottom-left:0px;--awb-padding-top:20px;--awb-padding-bottom:20px;--awb-border-sizes-top:0px;--awb-border-sizes-bottom:0px;--awb-flex-wrap:wrap;\" ><div class=\"fusion-builder-row fusion-row\"><div class=\"fusion-layout-column fusion_builder_column fusion-builder-column-1 fusion_builder_column_1_1 1_1 fusion-one-full fusion-column-first fusion-column-last fusion-column-no-min-height\" style=\"--awb-bg-size:cover;--awb-margin-bottom:0px;\"><div class=\"fusion-column-wrapper fusion-flex-column-wrapper-legacy\"><div class=\"fusion-title title fusion-title-1 fusion-title-text fusion-title-size-one\" style=\"--awb-margin-top-small:10px;--awb-margin-right-small:0px;--awb-margin-bottom-small:10px;--awb-margin-left-small:0px;\"><h1 class=\"fusion-title-heading title-heading-left\" style=\"margin:0;\">Declaraci\u00f3n de Guatemala<\/h1><span class=\"awb-title-spacer\"><\/span><div class=\"title-sep-container\"><div class=\"title-sep sep-double sep-solid\" style=\"border-color:#e0dede;\"><\/div><\/div><\/div><div class=\"fusion-text fusion-text-2\"><p class=\"Estilo5\" align=\"justify\">Reunidos en la ciudad de Guatemala en el marco de XIV Congreso Ciencia y Vida en torno al tema \u201cCultura global y culturas locales en Am\u00e9rica Latina: la vida humana entre la diversidad y la identidad cosmopolita\u201d,<\/p>\n<p class=\"Estilo5\" align=\"justify\">Reconociendo que:<br \/>\n1. Los retos que presentan nuestras sociedades escapan muchas veces a las posibilidades y recursos de que disponen los gobiernos y al \u00e1mbito de actuaci\u00f3n de sus pol\u00edticas,<\/p>\n<p class=\"Estilo5\" align=\"justify\">2. La globalizaci\u00f3n cultural presenta el conflicto de compaginar costumbres y tradiciones locales con pr\u00e1cticas y legislaciones que aspiran a tener rango internacional, y que<\/p>\n<p class=\"Estilo5\" align=\"justify\">3. El proceso de desarrollo requiere una s\u00f3lida educaci\u00f3n que atienda no s\u00f3lo a los criterios y pautas de experiencias ajenas sino tambi\u00e9n a las circunstancias y anhelos locales,<\/p>\n<p class=\"Estilo5\" align=\"justify\">Proclamamos:<br \/>\n1. La necesidad de fortalecer y capacitar a la familia y las comunidades b\u00e1sicas, para que sirvan de elemento incluyente y de aglutinador social dotando a la sociedad de la base identitaria en la que todos nos reconocemos como humanos.<\/p>\n<p class=\"Estilo5\" align=\"justify\">2. La conveniencia de promover la libre circulaci\u00f3n del saber acumulado y facilitar, as\u00ed, el acceso de los m\u00e1s pobres a medicinas y a tecnolog\u00edas b\u00e1sicas protegidas por patentes.<\/p>\n<p class=\"Estilo5\" align=\"justify\">3. La importancia de proteger los valores culturales propios de cada comunidad dentro del respeto general a los derechos humanos, concretado en la salvaguarda y protecci\u00f3n de las lenguas ind\u00edgenas como patrimonio com\u00fan de toda la sociedad.<\/p>\n<p class=\"Estilo5\" align=\"justify\">4. La defensa de los valores humanos propios de Am\u00e9rica Latina, con su respeto innato a la vida, la familia y la libertad, frente a las agresiones que ejercen entidades y organizaciones internacionales en sus intentos de configurar nuestras sociedades con modelos de vida dise\u00f1ados en centros de poder ajenos a nosotros. Y<\/p>\n<p class=\"Estilo5\" align=\"justify\">5. La voluntad de regalar al mundo la belleza que acompa\u00f1a las tradiciones de cuidado propias de nuestros pa\u00edses valorando a las personas dependientes como tesoro de humanidad que entiende la vida como fin y no como medio.<\/p>\n<p class=\"Estilo5\" align=\"justify\">Dado en la ciudad de Guatemala, en la Universidad del Istmo que nos acoge, el 30 de julio de 2008.<\/p>\n<p>&nbsp;<\/p>\n<p>&nbsp;<\/p>\n<\/div><div class=\"fusion-clearfix\"><\/div><\/div><\/div><\/div><\/div><\/p>\n","protected":false},"excerpt":{"rendered":"","protected":false},"author":1,"featured_media":0,"parent":0,"menu_order":0,"comment_status":"closed","ping_status":"closed","template":"","meta":{"footnotes":""},"class_list":["post-159","page","type-page","status-publish","hentry"],"_links":{"self":[{"href":"https:\/\/ulia.org\/ficv\/wp-json\/wp\/v2\/pages\/159","targetHints":{"allow":["GET"]}}],"collection":[{"href":"https:\/\/ulia.org\/ficv\/wp-json\/wp\/v2\/pages"}],"about":[{"href":"https:\/\/ulia.org\/ficv\/wp-json\/wp\/v2\/types\/page"}],"author":[{"embeddable":true,"href":"https:\/\/ulia.org\/ficv\/wp-json\/wp\/v2\/users\/1"}],"replies":[{"embeddable":true,"href":"https:\/\/ulia.org\/ficv\/wp-json\/wp\/v2\/comments?post=159"}],"version-history":[{"count":2,"href":"https:\/\/ulia.org\/ficv\/wp-json\/wp\/v2\/pages\/159\/revisions"}],"predecessor-version":[{"id":965,"href":"https:\/\/ulia.org\/ficv\/wp-json\/wp\/v2\/pages\/159\/revisions\/965"}],"wp:attachment":[{"href":"https:\/\/ulia.org\/ficv\/wp-json\/wp\/v2\/media?parent=159"}],"curies":[{"name":"wp","href":"https:\/\/api.w.org\/{rel}","templated":true}]}}