{"id":156,"date":"2016-02-03T20:05:04","date_gmt":"2016-02-03T20:05:04","guid":{"rendered":"http:\/\/ulia.org\/ficv\/?page_id=156"},"modified":"2017-04-11T16:36:14","modified_gmt":"2017-04-11T16:36:14","slug":"declaracion-de-santiago-2007","status":"publish","type":"page","link":"https:\/\/ulia.org\/ficv\/declaracion-de-santiago-2007\/","title":{"rendered":"Declaraci\u00f3n de Santiago 2007"},"content":{"rendered":"<p><div class=\"fusion-fullwidth fullwidth-box fusion-builder-row-1 hundred-percent-fullwidth non-hundred-percent-height-scrolling\" style=\"--awb-border-radius-top-left:0px;--awb-border-radius-top-right:0px;--awb-border-radius-bottom-right:0px;--awb-border-radius-bottom-left:0px;--awb-overflow:visible;--awb-flex-wrap:wrap;\" ><div class=\"fusion-builder-row fusion-row\"><div class=\"fusion-layout-column fusion_builder_column fusion-builder-column-0 fusion_builder_column_1_1 1_1 fusion-one-full fusion-column-first fusion-column-last fusion-column-no-min-height\" style=\"--awb-bg-size:cover;--awb-margin-bottom:0px;\"><div class=\"fusion-column-wrapper fusion-flex-column-wrapper-legacy\"><div class=\"fusion-text fusion-text-1\"><p style=\"text-align: justify;\">\n<\/div><div class=\"fusion-clearfix\"><\/div><\/div><\/div><\/div><\/div><div class=\"fusion-fullwidth fullwidth-box fusion-builder-row-2 nonhundred-percent-fullwidth non-hundred-percent-height-scrolling\" style=\"--awb-background-position:left top;--awb-border-radius-top-left:0px;--awb-border-radius-top-right:0px;--awb-border-radius-bottom-right:0px;--awb-border-radius-bottom-left:0px;--awb-padding-top:20px;--awb-padding-bottom:20px;--awb-border-sizes-top:0px;--awb-border-sizes-bottom:0px;--awb-flex-wrap:wrap;\" ><div class=\"fusion-builder-row fusion-row\"><div class=\"fusion-layout-column fusion_builder_column fusion-builder-column-1 fusion_builder_column_1_1 1_1 fusion-one-full fusion-column-first fusion-column-last fusion-column-no-min-height\" style=\"--awb-bg-size:cover;--awb-margin-bottom:0px;\"><div class=\"fusion-column-wrapper fusion-flex-column-wrapper-legacy\"><div class=\"fusion-title title fusion-title-1 fusion-title-text fusion-title-size-one\" style=\"--awb-margin-top-small:10px;--awb-margin-right-small:0px;--awb-margin-bottom-small:10px;--awb-margin-left-small:0px;\"><h1 class=\"fusion-title-heading title-heading-left\" style=\"margin:0;\">Declaraci\u00f3n de\u00a0Santiago<\/h1><span class=\"awb-title-spacer\"><\/span><div class=\"title-sep-container\"><div class=\"title-sep sep-double sep-solid\" style=\"border-color:#e0dede;\"><\/div><\/div><\/div><div class=\"fusion-text fusion-text-2\"><p align=\"JUSTIFY\"><span style=\"font-family: Arial; font-size: medium;\">Reunidos en la ciudad de Santiago de Chile, en el marco de la XIII edici\u00f3n del Congreso Internacional Ciencia y Vida, como acad\u00e9micos y profesores universitarios PROCLAMAMOS QUE:<\/span><\/p>\n<p align=\"JUSTIFY\"><span style=\"font-family: Arial; font-size: medium;\">1. El acceso a la vida es hoy la fuente m\u00e1s grande desigualdad entre los seres humanos.<\/span><\/p>\n<p align=\"JUSTIFY\"><span style=\"font-family: Arial; font-size: medium;\">2. Limar esta desigualdad supone proveer, no solo las garant\u00edas pol\u00edticas que hagan posible por derecho el respeto a toda vida humana desde su inicio hasta su muerte natural, sino tambi\u00e9n ofrecer la cobertura de un servicio de salud justo, amplio y de calidad.<\/span><\/p>\n<p align=\"JUSTIFY\"><span style=\"font-family: Arial; font-size: medium;\">3. La creaci\u00f3n, fomento y desarrollo de sistemas de salud no discriminatorios constituyen la base m\u00ednima de justicia y equidad de cada pa\u00eds.<\/span><\/p>\n<p align=\"JUSTIFY\"><span style=\"font-family: Arial; font-size: medium;\">4. La salud no s\u00f3lo se refiere al \u00e1mbito de lo corporal, ni tampoco s\u00f3lo a la calidad de vida, antes bien es preciso redescubrir la capacidad del hombre para convivir con el dolor y con el sufrimiento d\u00e1ndole su aut\u00e9ntico sentido trascendente y solidario.<\/span><\/p>\n<p align=\"JUSTIFY\"><span style=\"font-family: Arial; font-size: medium;\">5. Cada vez queda m\u00e1s claro que la salud personal y colectiva depende en gran medida de la austeridad y no del consumismo privado, y de la prodigalidad de la acci\u00f3n del gobierno en este campo.<\/span><\/p>\n<p align=\"JUSTIFY\"><span style=\"font-family: Arial; font-size: medium;\">6. Es misi\u00f3n de los gobiernos dotar las infraestructuras de calidad necesarias en vivienda, higiene y seguridad ambiental como modo de prevenir las dificultades y emergencias sanitarias presentes y futuras.<\/span><\/p>\n<p align=\"JUSTIFY\"><span style=\"font-family: Arial; font-size: medium;\">7. Es necesario ampliar la concepci\u00f3n de la bio\u00e9tica, como disciplina y como protocolos de actuaci\u00f3n m\u00e9dica, de modo que incluya tambi\u00e9n aspectos de equidad, de justicia social, y la responsabilidad social de los sanitarios y los sistemas de salud para con toda la poblaci\u00f3n.<\/span><\/p>\n<p align=\"JUSTIFY\"><span style=\"font-family: Arial; font-size: medium;\">8. Al tiempo que la labor del gobierno puede en los pr\u00f3ximos a\u00f1os aparecer redundante en campos ahora cubiertos por la iniciativa social comunitaria y privada, la sanidad debe verse cada vez m\u00e1s como una de las principales tareas que justifican la misma existencia de los gobiernos.<\/span><\/p>\n<p align=\"JUSTIFY\"><span style=\"font-family: Arial; font-size: medium;\">9. La educaci\u00f3n para la salud y los comportamientos saludables deben ser incorporados al curr\u00edculo escolar de modo que la juventud sea consciente del valor supremo de la vida y aprenda a respetarla \u00edntegramente y sin excepciones particularmente por lo que hace referencia a la vida naciente y doliente.<\/span><\/p>\n<p align=\"JUSTIFY\">\n<p align=\"JUSTIFY\"><span style=\"font-family: Arial; font-size: medium;\">Santiago de Chile, a 28 de julio de 2007<\/span><\/p>\n<p>&nbsp;<\/p>\n<p>&nbsp;<\/p>\n<\/div><div class=\"fusion-clearfix\"><\/div><\/div><\/div><\/div><\/div><\/p>\n","protected":false},"excerpt":{"rendered":"","protected":false},"author":1,"featured_media":0,"parent":0,"menu_order":0,"comment_status":"closed","ping_status":"closed","template":"","meta":{"footnotes":""},"class_list":["post-156","page","type-page","status-publish","hentry"],"_links":{"self":[{"href":"https:\/\/ulia.org\/ficv\/wp-json\/wp\/v2\/pages\/156","targetHints":{"allow":["GET"]}}],"collection":[{"href":"https:\/\/ulia.org\/ficv\/wp-json\/wp\/v2\/pages"}],"about":[{"href":"https:\/\/ulia.org\/ficv\/wp-json\/wp\/v2\/types\/page"}],"author":[{"embeddable":true,"href":"https:\/\/ulia.org\/ficv\/wp-json\/wp\/v2\/users\/1"}],"replies":[{"embeddable":true,"href":"https:\/\/ulia.org\/ficv\/wp-json\/wp\/v2\/comments?post=156"}],"version-history":[{"count":2,"href":"https:\/\/ulia.org\/ficv\/wp-json\/wp\/v2\/pages\/156\/revisions"}],"predecessor-version":[{"id":966,"href":"https:\/\/ulia.org\/ficv\/wp-json\/wp\/v2\/pages\/156\/revisions\/966"}],"wp:attachment":[{"href":"https:\/\/ulia.org\/ficv\/wp-json\/wp\/v2\/media?parent=156"}],"curies":[{"name":"wp","href":"https:\/\/api.w.org\/{rel}","templated":true}]}}