{"id":152,"date":"2016-02-03T20:03:33","date_gmt":"2016-02-03T20:03:33","guid":{"rendered":"http:\/\/ulia.org\/ficv\/?page_id=152"},"modified":"2017-04-11T16:36:14","modified_gmt":"2017-04-11T16:36:14","slug":"declaracion-de-valencia-2006","status":"publish","type":"page","link":"https:\/\/ulia.org\/ficv\/declaracion-de-valencia-2006\/","title":{"rendered":"Declaraci\u00f3n de Valencia 2006"},"content":{"rendered":"<p><div class=\"fusion-fullwidth fullwidth-box fusion-builder-row-1 hundred-percent-fullwidth non-hundred-percent-height-scrolling\" style=\"--awb-border-radius-top-left:0px;--awb-border-radius-top-right:0px;--awb-border-radius-bottom-right:0px;--awb-border-radius-bottom-left:0px;--awb-overflow:visible;--awb-flex-wrap:wrap;\" ><div class=\"fusion-builder-row fusion-row\"><div class=\"fusion-layout-column fusion_builder_column fusion-builder-column-0 fusion_builder_column_1_1 1_1 fusion-one-full fusion-column-first fusion-column-last fusion-column-no-min-height\" style=\"--awb-bg-size:cover;--awb-margin-bottom:0px;\"><div class=\"fusion-column-wrapper fusion-flex-column-wrapper-legacy\"><div class=\"fusion-text fusion-text-1\"><p style=\"text-align: justify;\">\n<\/div><div class=\"fusion-clearfix\"><\/div><\/div><\/div><\/div><\/div><div class=\"fusion-fullwidth fullwidth-box fusion-builder-row-2 nonhundred-percent-fullwidth non-hundred-percent-height-scrolling\" style=\"--awb-background-position:left top;--awb-border-radius-top-left:0px;--awb-border-radius-top-right:0px;--awb-border-radius-bottom-right:0px;--awb-border-radius-bottom-left:0px;--awb-padding-top:20px;--awb-padding-bottom:20px;--awb-border-sizes-top:0px;--awb-border-sizes-bottom:0px;--awb-flex-wrap:wrap;\" ><div class=\"fusion-builder-row fusion-row\"><div class=\"fusion-layout-column fusion_builder_column fusion-builder-column-1 fusion_builder_column_1_1 1_1 fusion-one-full fusion-column-first fusion-column-last fusion-column-no-min-height\" style=\"--awb-bg-size:cover;--awb-margin-bottom:0px;\"><div class=\"fusion-column-wrapper fusion-flex-column-wrapper-legacy\"><div class=\"fusion-title title fusion-title-1 fusion-title-text fusion-title-size-one\" style=\"--awb-margin-top-small:10px;--awb-margin-right-small:0px;--awb-margin-bottom-small:10px;--awb-margin-left-small:0px;\"><h1 class=\"fusion-title-heading title-heading-left\" style=\"margin:0;\">Declaraci\u00f3n de\u00a0Valencia<\/h1><span class=\"awb-title-spacer\"><\/span><div class=\"title-sep-container\"><div class=\"title-sep sep-double sep-solid\" style=\"border-color:#e0dede;\"><\/div><\/div><\/div><div class=\"fusion-text fusion-text-2\"><p class=\"Estilo1\" align=\"justify\">Reunidos en la ciudad de Valencia en el XII Congreso Internacional Ciencia y Vida con el fin de reflexionar sobre \u201cLa familia clave del desarrollo\u201d y uni\u00e9ndonos al esp\u00edritu de las declaraciones de Canc\u00fan, Montevideo, Quer\u00e9taro, Buenos Aires, San Jos\u00e9, M\u00e9xico, Cartagena y Guadalajara, con \u00e1nimo de contribuir a la comprensi\u00f3n cient\u00edfica del ser humano y preocupados por el dirigismo que ejercen los poderes constituidos al proponer a la sociedad diversas maneras de entender lo humano,<\/p>\n<h3 class=\"Estilo1\" align=\"justify\"><strong><span style=\"color: #006633;\">PROCLAMAMOS<\/span><\/strong><\/h3>\n<p class=\"Estilo1\" align=\"justify\">1.- <strong>La urgencia de reconocer la familia como sujeto de derechos capaz de ejercer su soberan\u00eda ante los poderes p\u00fablicos <\/strong>. La familia es lo que define nuestra humanidad de modo que su supresi\u00f3n o el recorte de sus libertades supone, de alguna forma, disminuir nuestra capacidad de realizarnos como humanos. La familia debe tener plena libertad para decidir sobre los servicios p\u00fablicos que le ata\u00f1en y sirven, y para ello, deben arbitrarse formas para que el estado devuelva poderes a la familia en todos los \u00e1mbitos de la funci\u00f3n p\u00fablica. La ambici\u00f3n de circunscribir el marco de acci\u00f3n de la familia a los entornos privados exclusivamente debe denunciarse como una ambici\u00f3n totalitaria.<\/p>\n<p class=\"Estilo1\" align=\"justify\">2.- <strong>La necesidad de capacitar a las familias para el desempe\u00f1o de sus funciones y a los individuos para la vida familiar <\/strong>debe de ser uno de los puntos b\u00e1sicos del sistema educativo en todos los pa\u00edses. En este sentido enriquecedor de la familia entendemos la ciudadan\u00eda familiar como la manera m\u00e1s plena de participaci\u00f3n social. Una sociedad mejor es una sociedad con mejores familias y, de forma an\u00e1loga, un pa\u00eds que quiere progresar y desarrollarse deber\u00e1 capacitar a sus ciudadanos para ser mejores familiarmente hablando proponiendo las virtudes familiares y desincentivando las conductas antifamiliares.<\/p>\n<p class=\"Estilo1\" align=\"justify\">\u00a03.- <strong>La conveniencia de que toda la sociedad apueste sin fisuras por la unidad familiar <\/strong>. Entre otras medidas, ello puede conseguirse, por un lado, a trav\u00e9s de que las familias puedan ejercer con un amplio margen de libertad el derecho al voto seg\u00fan lo propuesto en la Declaraci\u00f3n de San Jos\u00e9 y la objeci\u00f3n fiscal, y por otro lado, asegurando que los gobiernos centren todas las pol\u00edticas de ayuda social a trav\u00e9s de la familia. Existe una estrecha relaci\u00f3n entre desuni\u00f3n y disfunci\u00f3n familiar y la proliferaci\u00f3n de conductas antisociales. De igual modo existe una estrecha relaci\u00f3n entre familias saludables y unidas, y la paz y el bienestar de la sociedad.<\/p>\n<p class=\"Estilo1\" align=\"justify\">4.- <strong>La reforma del estado del bienestar de modo que las seguridades y prestaciones sociales sean ofrecidas a trav\u00e9s de las familias y no directamente por parte del estado a los individuos <\/strong>. En la medida en que ello supone un ahorro considerable en prestaciones individuales, supone asimismo asegurar que ninguna familia pueda ver perjudicado su bienestar ni por su tama\u00f1o ni por la asistencia debida que presta a sus miembros dependientes. Una pr\u00e1ctica concreta que se deriva de esta pol\u00edtica es la prestaci\u00f3n de servicio dom\u00e9stico gratuito a las familias que lo necesiten.<\/p>\n<p class=\"Estilo1\" align=\"justify\">5.- Por \u00faltimo, abogamos, <strong>porque el fomento del asociacionismo familiar sea una de las preocupaciones prioritarias de los gobiernos tanto en su pol\u00edtica interna como en su pol\u00edtica exterior <\/strong>. En cualquier caso ser\u00e1 conveniente que las asociaciones familiares puedan desempe\u00f1ar un protagonismo similar al que desempe\u00f1an las asociaciones laborales y sindicales en el dise\u00f1o de pol\u00edticas y acuerdos relevantes para su marco propio de acci\u00f3n.<\/p>\n<p class=\"Estilo1\" align=\"justify\">En Valencia a 4 de Julio de 2006.<\/p>\n<p>&nbsp;<\/p>\n<p>&nbsp;<\/p>\n<\/div><div class=\"fusion-clearfix\"><\/div><\/div><\/div><\/div><\/div><\/p>\n","protected":false},"excerpt":{"rendered":"","protected":false},"author":1,"featured_media":0,"parent":0,"menu_order":0,"comment_status":"closed","ping_status":"closed","template":"","meta":{"footnotes":""},"class_list":["post-152","page","type-page","status-publish","hentry"],"_links":{"self":[{"href":"https:\/\/ulia.org\/ficv\/wp-json\/wp\/v2\/pages\/152","targetHints":{"allow":["GET"]}}],"collection":[{"href":"https:\/\/ulia.org\/ficv\/wp-json\/wp\/v2\/pages"}],"about":[{"href":"https:\/\/ulia.org\/ficv\/wp-json\/wp\/v2\/types\/page"}],"author":[{"embeddable":true,"href":"https:\/\/ulia.org\/ficv\/wp-json\/wp\/v2\/users\/1"}],"replies":[{"embeddable":true,"href":"https:\/\/ulia.org\/ficv\/wp-json\/wp\/v2\/comments?post=152"}],"version-history":[{"count":2,"href":"https:\/\/ulia.org\/ficv\/wp-json\/wp\/v2\/pages\/152\/revisions"}],"predecessor-version":[{"id":967,"href":"https:\/\/ulia.org\/ficv\/wp-json\/wp\/v2\/pages\/152\/revisions\/967"}],"wp:attachment":[{"href":"https:\/\/ulia.org\/ficv\/wp-json\/wp\/v2\/media?parent=152"}],"curies":[{"name":"wp","href":"https:\/\/api.w.org\/{rel}","templated":true}]}}