{"id":1296,"date":"2022-03-10T15:49:24","date_gmt":"2022-03-10T15:49:24","guid":{"rendered":"https:\/\/ulia.org\/ficv\/?page_id=1296"},"modified":"2023-02-08T10:34:31","modified_gmt":"2023-02-08T10:34:31","slug":"xxiv-cicyv","status":"publish","type":"page","link":"https:\/\/ulia.org\/ficv\/xxiv-cicyv\/","title":{"rendered":"XXIV Congreso Internacional Ciencia y Vida"},"content":{"rendered":"\n<p><div class=\"fusion-fullwidth fullwidth-box fusion-builder-row-1 nonhundred-percent-fullwidth non-hundred-percent-height-scrolling\" style=\"--awb-background-position:left top;--awb-border-radius-top-left:0px;--awb-border-radius-top-right:0px;--awb-border-radius-bottom-right:0px;--awb-border-radius-bottom-left:0px;--awb-padding-top:20px;--awb-padding-bottom:20px;--awb-border-sizes-top:0px;--awb-border-sizes-bottom:0px;--awb-flex-wrap:wrap;\" ><\/div><div class=\"fusion-builder-row fusion-row\"><\/div><div class=\"fusion-layout-column fusion_builder_column fusion-builder-column-0 fusion_builder_column_1_1 1_1 fusion-one-full fusion-column-first fusion-column-last\" style=\"--awb-bg-size:cover;width:100%;\"><div class=\"fusion-column-wrapper fusion-flex-column-wrapper-legacy\"><div class=\"fusion-clearfix\"><\/div><\/div><\/div><div class=\"fusion-title title fusion-title-1 fusion-sep-none fusion-title-text fusion-title-size-one\" style=\"--awb-margin-bottom:0px;--awb-margin-top-small:10px;--awb-margin-right-small:0px;--awb-margin-bottom-small:10px;--awb-margin-left-small:0px;\"><h1 class=\"fusion-title-heading title-heading-left\" style=\"margin:0;\">XXIV Edici\u00f3n del Congreso Ciencia y Vida<\/h1><\/div><div class=\"fusion-title title fusion-title-2 fusion-title-text fusion-title-size-two\" style=\"--awb-margin-top-small:10px;--awb-margin-right-small:0px;--awb-margin-bottom-small:10px;--awb-margin-left-small:0px;\"><h2 class=\"fusion-title-heading title-heading-left\" style=\"margin:0;\">Del 28 al 30 de julio del 2022. (Online)<\/h2><span class=\"awb-title-spacer\"><\/span><div class=\"title-sep-container\"><div class=\"title-sep sep-double sep-solid\" style=\"border-color:#e0dede;\"><\/div><\/div><\/div><\/p>\n\n\n\n<p><\/p>\n\n\n<div class=\"fusion-title title fusion-title-3 fusion-title-text fusion-title-size-two\" style=\"--awb-margin-top-small:10px;--awb-margin-right-small:0px;--awb-margin-bottom-small:10px;--awb-margin-left-small:0px;\"><h2 class=\"fusion-title-heading title-heading-left\" style=\"margin:0;\"><b><i>Estados fallidos.<br \/>\nLa defensa de la vida y su dignidad como bar\u00f3metro de legitimidad.<\/i><\/b><\/h2><span class=\"awb-title-spacer\"><\/span><div class=\"title-sep-container\"><div class=\"title-sep sep-double sep-solid\" style=\"border-color:#e0dede;\"><\/div><\/div><\/div>\n\n\n\n<div style=\"height:18px\" aria-hidden=\"true\" class=\"wp-block-spacer\"><\/div>\n\n\n\n<div class=\"wp-block-buttons is-horizontal is-content-justification-center is-layout-flex wp-container-core-buttons-is-layout-499968f5 wp-block-buttons-is-layout-flex\">\n<div class=\"wp-block-button\"><a class=\"wp-block-button__link has-background wp-element-button\" href=\"https:\/\/us06web.zoom.us\/webinar\/register\/WN_TI12LgXRTxCB_DqtupmVjA\" style=\"background-color:#188a16\" target=\"_blank\" rel=\"noreferrer noopener\">Formulario de Inscripci\u00f3n<\/a><\/div>\n<\/div>\n\n\n\n<div style=\"height:10px\" aria-hidden=\"true\" class=\"wp-block-spacer\"><\/div>\n\n\n\n<hr class=\"wp-block-separator has-text-color has-css-opacity has-background alignwide\" style=\"background-color:#008000;color:#008000\"\/>\n\n\n\n<p><strong>Sede<\/strong>: Online.<\/p>\n\n\n\n<p><strong><b>Mesas tem\u00e1ticas<\/b><\/strong>:<\/p>\n\n\n\n<figure class=\"wp-block-table\"><table><tbody><tr><td class=\"has-text-align-left\" data-align=\"left\"><strong>T\u00edtulo y tema de las mesas<\/strong><\/td><td class=\"has-text-align-left\" data-align=\"left\"><strong>Centralidad<\/strong><\/td><td><strong>Perfil de ponentes y comunicantes<\/strong><\/td><td><strong>Relator<\/strong><\/td><\/tr><tr><td class=\"has-text-align-left\" data-align=\"left\">Mesa 1.-&nbsp;<strong><em>El derecho en el estado abortista<\/em><\/strong>.<\/td><td class=\"has-text-align-left\" data-align=\"left\">Separaci\u00f3n de poderes y l\u00edmites a la injerencia. Estado y justicia.<br>La complicidad del s\u00fabdito y la objeci\u00f3n fiscal.<br>Disenso y oposici\u00f3n: formas y medios.<\/td><td>Derecho.<br>Pol\u00edtica.<\/td><td>Francisco Jos\u00e9 Bobadilla<\/td><\/tr><tr><td class=\"has-text-align-left\" data-align=\"left\">Mesa 2.-&nbsp;<strong><em>La objeci\u00f3n de conciencia del personal sanitario: propuestas y alternativas.<\/em><\/strong><\/td><td class=\"has-text-align-left\" data-align=\"left\">La cooperaci\u00f3n al mal directa e indirecta en el aborto y la eutanasia.<br>La libertad de investigaci\u00f3n y c\u00e1tedra.<br>La etiqueta ideol\u00f3gica de subsidios y subvenciones.<\/td><td>Bio\u00e9tica. <\/td><td>Francisco Le\u00f3n<\/td><\/tr><tr><td class=\"has-text-align-left\" data-align=\"left\">Mesa 3.-&nbsp;<strong><em>El dilema de la obediencia a la ley injusta: directrices para profesionales y ciudadanos.<\/em><\/strong><\/td><td class=\"has-text-align-left\" data-align=\"left\">Juramentos y promesas de acatamiento.<br>Casos en el servicio p\u00fablico: la milicia, la administraci\u00f3n y la educaci\u00f3n.<br>Pedagog\u00eda para la formaci\u00f3n de conciencia y el esp\u00edritu cr\u00edtico.<\/td><td>Derecho<br>Antropolog\u00eda<br>Sociolog\u00eda<br>Pedagog\u00eda<\/td><td>Vicente Bellver<\/td><\/tr><tr><td class=\"has-text-align-left\" data-align=\"left\">Mesa 4.-&nbsp;<strong><em>Pr\u00e1cticas exitosas de resistencia civil en estados abortistas.<\/em><\/strong><\/td><td class=\"has-text-align-left\" data-align=\"left\">Experiencias pol\u00edticas en Europa y Am\u00e9rica.<br>El papel de las iglesias y del asociacionismo civil. Casos.<br>Funci\u00f3n de medios y redes en la configuraci\u00f3n de una opini\u00f3n p\u00fablica pr\u00f3vida.<\/td><td>Activistas, Organizaciones.<\/td><td>Viviana Endelman<\/td><\/tr><\/tbody><\/table><\/figure>\n\n\n\n<p><\/p>\n\n\n\n<p><strong>Horarios<\/strong><\/p>\n\n\n\n<p>El Congreso reunir\u00e1 ponentes y comunicantes de los dos lados del Atl\u00e1ntico, conectados simult\u00e1neamente seg\u00fan el siguiente horario:<\/p>\n\n\n\n<p><strong>Jueves 28 y viernes 29 de julio:<\/strong><\/p>\n\n\n\n<p>de 9:00 a 12:00 hrs (M\u00e9xico)&nbsp; &#8211;&nbsp; de 16:00 a 19:00 hrs (Espa\u00f1a)<\/p>\n\n\n\n<p><strong>S\u00e1bado 30 de julio:<\/strong><\/p>\n\n\n\n<p>de 9:00 a 13:00 hrs (M\u00e9xico)&nbsp; &#8211;&nbsp; de 16:00 a 20:00 hrs (Espa\u00f1a)<\/p>\n\n\n\n<div style=\"height:18px\" aria-hidden=\"true\" class=\"wp-block-spacer\"><\/div>\n\n\n\n<hr class=\"wp-block-separator has-text-color has-css-opacity has-background alignwide\" style=\"background-color:#008000;color:#008000\"\/>\n\n\n\n<h2 class=\"wp-block-heading\"><strong><span style=\"color: #008000;\">PROGRAMA<\/span><\/strong><\/h2>\n\n\n\n<p>Pendiente de Confirmar<\/p>\n\n\n\n<h3 class=\"wp-block-heading\"><strong>Jueves 28 de julio<\/strong><\/h3>\n\n\n\n<h3 class=\"wp-block-heading\"><mark style=\"background-color:rgba(0, 0, 0, 0);color:#008000\" class=\"has-inline-color\"><strong>MESA 1. <\/strong><em> <\/em><em>El derecho en el estado abortista<\/em><\/mark><\/h3>\n\n\n\n<p><strong>Relator:<\/strong> Prof. Francisco Jos\u00e9 Bobadilla. Universidad de Piura.<\/p>\n\n\n\n<figure class=\"wp-block-table\"><table><tbody><tr><td class=\"has-text-align-center\" data-align=\"center\">Hora en Espa\u00f1a<br>(GMT+2)<\/td><td class=\"has-text-align-center\" data-align=\"center\">Hora en M\u00e9xico<br>(GMT-5)<\/td><td>Ponente y T\u00edtulo<\/td><\/tr><tr><td class=\"has-text-align-center\" data-align=\"center\">16:00<\/td><td class=\"has-text-align-center\" data-align=\"center\">9:00<\/td><td>Francisco Jos\u00e9 Bobadilla (Universidad de Piura). &nbsp;<strong><em>El derecho en el estado abortista.<\/em><\/strong><\/td><\/tr><tr><td class=\"has-text-align-center\" data-align=\"center\">17:15<\/td><td class=\"has-text-align-center\" data-align=\"center\">10:15<\/td><td>Comunicaciones<br>\u2022 Lucia del Valle Longhi (Pontificia Universidad Cat\u00f3lica Argentina, Rosario). <strong><em>Dignidad de la persona humana<\/em><\/strong>.<br>\u2022 Elena Lugo (Comisi\u00f3n Bio\u00e9tica Padre JOs\u00e9 Kentenich)<mark style=\"background-color: rgba(0, 0, 0, 0);\" class=\"has-inline-color has-vivid-green-cyan-color\"><b style=\"font-style: italic;\">.<\/b><\/mark> <em><strong>Responsabilidad cl\u00ednica ante la dignidad inherente de la persona en la madre y en el hijo por nacer.<\/strong><\/em><br>\u2022 Mar\u00eda Teresa Renter\u00eda Rodr\u00edguez (Universidad de Guadalajara, M\u00e9xico). <em><strong>Las pol\u00edticas de poblaci\u00f3n y sus implicaciones en el ritmo de crecimiento de la poblaci\u00f3n en Am\u00e9rica Latina<\/strong><\/em><\/td><\/tr><\/tbody><\/table><\/figure>\n\n\n\n<h3 class=\"wp-block-heading\"><strong>Viernes 29 de julio<\/strong><\/h3>\n\n\n\n<h3 class=\"wp-block-heading\"><mark style=\"background-color:rgba(0, 0, 0, 0);color:#008000\" class=\"has-inline-color\"><strong>MESA 2.\u00a0<\/strong>\u00a0<em><strong><em><strong><em>La objeci\u00f3n de conciencia del personal sanitario: propuestas y alternativas<\/em><\/strong><\/em><\/strong>.<\/em><\/mark><\/h3>\n\n\n\n<p><strong>Relatora:<\/strong> Prof. Francisco Le\u00f3n. Universidad Central de Chile.<\/p>\n\n\n\n<figure class=\"wp-block-table\"><table><tbody><tr><td class=\"has-text-align-center\" data-align=\"center\">Hora en Espa\u00f1a<br>(GMT+2)<\/td><td class=\"has-text-align-center\" data-align=\"center\">Hora en M\u00e9xico<br>(GMT-5)<\/td><td>Ponente y T\u00edtulo<\/td><\/tr><tr><td class=\"has-text-align-center\" data-align=\"center\">16:00<\/td><td class=\"has-text-align-center\" data-align=\"center\">9:00<\/td><td>Francisco Le\u00f3n (Universidad Central de Chile).<em> <strong>La objeci\u00f3n de conciencia del personal sanitario: propuestas y alternativas.<\/strong><\/em><\/td><\/tr><tr><td class=\"has-text-align-center\" data-align=\"center\">17:15<\/td><td class=\"has-text-align-center\" data-align=\"center\">10:15<\/td><td>Comunicaciones<br>\u2022 Mar\u00eda de la Luz Casas (Universidad Panamericana, M\u00e9xico). <em><strong>La experiencia mexicana sobre la regulaci\u00f3n de la objeci\u00f3n de conciencia.<\/strong><\/em><strong><a rel=\"noreferrer noopener\" href=\"https:\/\/vimeo.com\/583313794\/b8128a0036\" target=\"_blank\"><\/a><\/strong><br>\u2022 Eduardo Guillermo G\u00f3mez Rojas <em>et al<\/em>. (Universidad Aut\u00f3noma de Coahuila). <em><strong>Conocimientos b\u00e1sicos de la objeci\u00f3n de conciencia en el personal de salud en formaci\u00f3n.<\/strong><\/em><br>\u2022 Jos\u00e9 M\u00aa Mart\u00ed S\u00e1nchez (Universidad de Castilla-La Mancha). <strong><em>La evoluci\u00f3n del TEDH ante la objeci\u00f3n de conciencia: \u00faltimos supuestos en el \u00e1mbito sanitario<\/em>.<\/strong><\/td><\/tr><\/tbody><\/table><\/figure>\n\n\n\n<h3 class=\"wp-block-heading\"><strong>S\u00e1bado 30 de julio<\/strong><\/h3>\n\n\n\n<h3 class=\"wp-block-heading\"><strong><mark style=\"background-color:rgba(0, 0, 0, 0);color:#008000\" class=\"has-inline-color\">MESA 3.<\/mark><\/strong><mark style=\"background-color:rgba(0, 0, 0, 0);color:#008000\" class=\"has-inline-color\">&nbsp;&nbsp;&nbsp;&nbsp; <strong><em>El dilema de la obediencia a la ley injusta: directrices para profesionales y ciudadanos<\/em>.<\/strong><\/mark><\/h3>\n\n\n\n<p><strong>Relator:<\/strong> Prof. Vicente Bellver. Universidad de Valencia.<\/p>\n\n\n\n<figure class=\"wp-block-table\"><table><tbody><tr><td class=\"has-text-align-center\" data-align=\"center\">Hora en Espa\u00f1a<br>(GMT+2)<\/td><td class=\"has-text-align-center\" data-align=\"center\">Hora en M\u00e9xico<br>(GMT-5)<\/td><td>Ponente y T\u00edtulo<\/td><\/tr><tr><td class=\"has-text-align-center\" data-align=\"center\">16:00<\/td><td class=\"has-text-align-center\" data-align=\"center\">9:00<\/td><td>Vicente Bellver (Universidad de Valencia).  <strong><em>El dilema de la obediencia a la ley injusta: directrices para profesionales y ciudadanos.<\/em><\/strong><\/td><\/tr><tr><td class=\"has-text-align-center\" data-align=\"center\">17:00<\/td><td class=\"has-text-align-center\" data-align=\"center\">10:00<\/td><td>Comunicaciones<br>\u2022 Ana Teresa L\u00f3pez de Llergo (Universidad Panamericana, M\u00e9xico). <em><strong>\u00bfQu\u00e9 es la dignidad y la vida digna?<\/strong><\/em><br>\u2022 Enrique de Mestral, Imelda N\u00fa\u00f1ez (Universidad Nacional de Asunci\u00f3n, Paraguay). <em><strong>La atenci\u00f3n de los adultos mayores en etapas cercanas a la muerte.<\/strong><\/em><br>\u2022 Salvador Peir\u00f3 (Universidad Libre Internacional de las Am\u00e9ricas). <strong><em>Formar la conciencia para superar la crisis cancelatoria<\/em>.<\/strong><\/td><\/tr><\/tbody><\/table><\/figure>\n\n\n\n<h3 class=\"wp-block-heading\"><strong><mark style=\"background-color:rgba(0, 0, 0, 0);color:#008000\" class=\"has-inline-color\">MESA 4.<\/mark><\/strong><mark style=\"background-color:rgba(0, 0, 0, 0);color:#008000\" class=\"has-inline-color\">&nbsp;&nbsp;&nbsp;&nbsp; <strong><em>Pr\u00e1cticas exitosas de resistencia civil en estados abortistas<\/em><\/strong><\/mark><\/h3>\n\n\n\n<p><strong>Relatora:<\/strong> Dra. Viviana Endelman. Universidad Libre Internacional de las Am\u00e9ricas.<\/p>\n\n\n\n<figure class=\"wp-block-table\"><table><tbody><tr><td class=\"has-text-align-center\" data-align=\"center\">Hora en Espa\u00f1a<br>(GMT+2)<\/td><td class=\"has-text-align-center\" data-align=\"center\">Hora en M\u00e9xico<br>(GMT-5)<\/td><td>Ponente y T\u00edtulo<\/td><\/tr><tr><td class=\"has-text-align-center\" data-align=\"center\">18:00<\/td><td class=\"has-text-align-center\" data-align=\"center\">11:00<\/td><td>Dra. Viviana Endelman (Universidad Libre Internacional de las Am\u00e9ricas). <strong><em>Pr\u00e1cticas exitosas de resistencia civil en estados abortistas.<\/em><\/strong><\/td><\/tr><tr><td class=\"has-text-align-center\" data-align=\"center\">19:00<\/td><td class=\"has-text-align-center\" data-align=\"center\">12:00<\/td><td>Comunicaciones<br>\u2022 Rosario Athi\u00e9 L\u00e1mbarri (Universidad Panamericana, M\u00e9xico). <em><strong>Un giro en el lenguaje<\/strong><\/em><br>\u2022 Javier Aznar (Universidad Cat\u00f3lica de Valencia). <em><strong>Movimientos provida: \u00bfD\u00f3nde est\u00e1 el acoso?&nbsp;<\/strong><\/em><br>\u2022 Jos\u00e9 Luis Orella (Universidad CEU San Pablo). <strong><em>Polonia: la excepci\u00f3n europea en la defensa de la vida, la formaci\u00f3n de una resistencia civil.<\/em><\/strong><\/td><\/tr><\/tbody><\/table><\/figure>\n\n\n\n<hr class=\"wp-block-separator has-text-color has-css-opacity has-background alignwide is-style-wide\" style=\"background-color:#008000;color:#008000\"\/>\n\n\n\n<p><mark style=\"background-color:rgba(0, 0, 0, 0);color:#008000\" class=\"has-inline-color\"><strong>Reflexiones del XXIV Congreso<\/strong><\/mark><\/p>\n\n\n\n<p>Una s\u00edntesis y conclusiones del XXIV Congreso elaboradas por Jos\u00e9 P\u00e9rez Ad\u00e1n.  <a href=\"https:\/\/ulia.org\/ficv\/reflexion_2022\/\"><strong><mark style=\"background-color:rgba(0, 0, 0, 0)\" class=\"has-inline-color has-vivid-green-cyan-color\">VISITAR<\/mark><\/strong><\/a><\/p>\n\n\n\n<h3 class=\"wp-block-heading\"><mark style=\"background-color:rgba(0, 0, 0, 0);color:#008000\" class=\"has-inline-color\"><strong>Documentos del XXIV Congreso<\/strong><\/mark><\/h3>\n\n\n\n<p>A continuaci\u00f3n encontrar\u00e1n acceso a las comunicaciones y ponenecias del congreso una vez finalizado.<\/p>\n\n\n\n<p><\/p>\n\n\n\n<p><strong><mark style=\"background-color:rgba(0, 0, 0, 0);color:#008000\" class=\"has-inline-color\"><strong>Ponentes:<\/strong><\/mark><\/strong><\/p>\n\n\n\n<p>\u2022 Francisco Jos\u00e9 Bobadilla (Universidad de Piura). &nbsp;<strong><em>El derecho en el estado abortista.<\/em><\/strong> <a href=\"https:\/\/ulia.org\/ficv\/wp-content\/uploads\/2022\/07\/EL-DERECHO-EN-EL-ESTADO-ABORTISTA.pdf\"><strong><mark style=\"background-color:rgba(0, 0, 0, 0)\" class=\"has-inline-color has-vivid-green-cyan-color\">DESCARGAR<\/mark><\/strong><\/a> <\/p>\n\n\n\n<p>\u2022 Dra. Viviana Endelman (Universidad Libre Internacional de las Am\u00e9ricas). <strong><em>Pr\u00e1cticas exitosas de resistencia civil en estados abortistas.<\/em><\/strong> <a href=\"https:\/\/ulia.org\/ficv\/wp-content\/uploads\/2022\/07\/Viviana-Endelman-Zapata.pdf\"><strong><mark style=\"background-color:rgba(0, 0, 0, 0)\" class=\"has-inline-color has-vivid-green-cyan-color\">DESCARGAR<\/mark><\/strong><\/a><\/p>\n\n\n\n<p><\/p>\n\n\n\n<h4 class=\"wp-block-heading\"><mark style=\"background-color:rgba(0, 0, 0, 0);color:#008000\" class=\"has-inline-color\"><strong>Comunicaciones:<\/strong><\/mark><\/h4>\n\n\n\n<p><strong>Mesa 1<\/strong><\/p>\n\n\n\n<p>\u2022 Lucia del Valle Longhi (Pontificia Universidad Cat\u00f3lica Argentina, Rosario). <strong><em>Dignidad de la persona humana<\/em><\/strong>. <a href=\"https:\/\/ulia.org\/ficv\/wp-content\/uploads\/2022\/07\/Lucia-del-Valle-Longhi.pdf\"><strong><mark style=\"background-color:rgba(0, 0, 0, 0)\" class=\"has-inline-color has-vivid-green-cyan-color\">DESCARGAR<\/mark><\/strong><\/a><br>\u2022 Elena Lugo (Comisi\u00f3n Bio\u00e9tica Padre JOs\u00e9 Kentenich)<mark style=\"background-color: rgba(0, 0, 0, 0);\" class=\"has-inline-color has-vivid-green-cyan-color\"><b style=\"font-style: italic;\">.<\/b><\/mark> <em><strong>Responsabilidad cl\u00ednica ante la dignidad inherente de la persona en la madre y en el hijo por nacer.<\/strong><\/em> <a href=\"https:\/\/ulia.org\/ficv\/wp-content\/uploads\/2022\/07\/Elena-Lugo.pdf\"><strong><mark style=\"background-color:rgba(0, 0, 0, 0)\" class=\"has-inline-color has-vivid-green-cyan-color\">DESCARGAR<\/mark><\/strong><\/a><br>\u2022 Mar\u00eda Teresa Renter\u00eda Rodr\u00edguez (Universidad de Guadalajara, M\u00e9xico). <em><strong>Las pol\u00edticas de poblaci\u00f3n y sus implicaciones en el ritmo de crecimiento de la poblaci\u00f3n en Am\u00e9rica Latina<\/strong><\/em> <\/p>\n\n\n\n<p>\u2022 Mar\u00eda de la Luz Casas (Universidad Panamericana, M\u00e9xico). <em><strong>La experiencia mexicana sobre la regulaci\u00f3n de la objeci\u00f3n de conciencia.<\/strong><\/em><strong> <a href=\"https:\/\/ulia.org\/ficv\/wp-content\/uploads\/2022\/07\/Maria-de-la-Luz-Casas.pdf\" target=\"_blank\" rel=\"noreferrer noopener\"><strong><mark style=\"background-color:rgba(0, 0, 0, 0)\" class=\"has-inline-color has-vivid-green-cyan-color\">DESCARGAR<\/mark><\/strong><\/a><a rel=\"noreferrer noopener\" href=\"https:\/\/vimeo.com\/583313794\/b8128a0036\" target=\"_blank\"><\/a><\/strong><br>\u2022 Eduardo Guillermo G\u00f3mez Rojas <em>et al<\/em>. (Universidad Aut\u00f3noma de Coahuila). <em><strong>Conocimientos b\u00e1sicos de la objeci\u00f3n de conciencia en el personal de salud en formaci\u00f3n.<\/strong><\/em> <a href=\"https:\/\/ulia.org\/ficv\/wp-content\/uploads\/2022\/07\/EG-Gomez-Rojas.pdf\" target=\"_blank\" rel=\"noreferrer noopener\"><strong><mark style=\"background-color:rgba(0, 0, 0, 0)\" class=\"has-inline-color has-vivid-green-cyan-color\">DESCARGAR<\/mark><\/strong><\/a><br>\u2022 Jos\u00e9 M\u00aa Mart\u00ed S\u00e1nchez (Universidad de Castilla-La Mancha). <strong><em>La evoluci\u00f3n del TEDH ante la objeci\u00f3n de conciencia: \u00faltimos supuestos en el \u00e1mbito sanitario<\/em>.<\/strong> <a href=\"https:\/\/ulia.org\/ficv\/wp-content\/uploads\/2022\/07\/Jose-Maria-Marti-Sanchez.pdf\" target=\"_blank\" rel=\"noreferrer noopener\"><strong><mark style=\"background-color:rgba(0, 0, 0, 0)\" class=\"has-inline-color has-vivid-green-cyan-color\">DESCARGAR<\/mark><\/strong><\/a><\/p>\n\n\n\n<p><strong>Mesa 3<\/strong><\/p>\n\n\n\n<p><strong>Mesa 2<\/strong><\/p>\n\n\n\n<p>\u2022 Ana Teresa L\u00f3pez de Llergo (Universidad Panamericana, M\u00e9xico). <em><strong>\u00bfQu\u00e9 es la dignidad y la vida digna?<\/strong><\/em> <strong><a href=\"https:\/\/ulia.org\/ficv\/wp-content\/uploads\/2022\/07\/Ana-Tere-Lopez-de-llergo.pdf\"><strong><mark style=\"background-color:rgba(0, 0, 0, 0)\" class=\"has-inline-color has-vivid-green-cyan-color\">DESCARGAR<\/mark><\/strong><\/a><\/strong><br>\u2022 Enrique de Mestral, Imelda N\u00fa\u00f1ez (Universidad Nacional de Asunci\u00f3n, Paraguay). <em><strong>La atenci\u00f3n de los adultos mayores en etapas cercanas a la muerte.<\/strong><\/em> <strong><a href=\"https:\/\/ulia.org\/ficv\/wp-content\/uploads\/2022\/07\/Enrique-de-Mestral-Imelda-Martinez.pdf\" target=\"_blank\" rel=\"noreferrer noopener\"><strong><mark style=\"background-color:rgba(0, 0, 0, 0)\" class=\"has-inline-color has-vivid-green-cyan-color\">DESCARGAR<\/mark><\/strong><\/a><\/strong><br>\u2022 Salvador Peir\u00f3 (Universidad Libre Internacional de las Am\u00e9ricas). <strong><em>Formar la conciencia para superar la crisis cancelatoria<\/em>.<\/strong> <strong><a href=\"https:\/\/ulia.org\/ficv\/wp-content\/uploads\/2022\/07\/Salvador-Peiro.pdf\"><strong><mark style=\"background-color:rgba(0, 0, 0, 0)\" class=\"has-inline-color has-vivid-green-cyan-color\">DESCARGAR<\/mark><\/strong><\/a><\/strong><\/p>\n\n\n\n<p><strong>Mesa 4<\/strong><\/p>\n\n\n\n<p>\u2022 Rosario Athi\u00e9 L\u00e1mbarri (Universidad Panamericana, M\u00e9xico). <em><strong>Un giro en el lenguaje<\/strong><\/em><br>\u2022 Javier Aznar (Universidad Cat\u00f3lica de Valencia). <em><strong>Movimientos provida: \u00bfD\u00f3nde est\u00e1 el acoso?&nbsp; <\/strong><\/em><strong><a href=\"https:\/\/ulia.org\/ficv\/wp-content\/uploads\/2022\/07\/Javier-Aznar-Sala.pdf\" target=\"_blank\" rel=\"noreferrer noopener\"><strong><mark style=\"background-color:rgba(0, 0, 0, 0)\" class=\"has-inline-color has-vivid-green-cyan-color\">DESCARGAR<\/mark><\/strong><\/a><\/strong><br>\u2022 Jos\u00e9 Luis Orella (Universidad CEU San Pablo). <strong><em>Polonia: la excepci\u00f3n europea en la defensa de la vida, la formaci\u00f3n de una resistencia civil.<\/em><\/strong> <strong><a href=\"https:\/\/ulia.org\/ficv\/wp-content\/uploads\/2022\/08\/Sociedad-polaca.pdf\"><strong><mark style=\"background-color:rgba(0, 0, 0, 0)\" class=\"has-inline-color has-vivid-green-cyan-color\">DESCARGAR<\/mark><\/strong><\/a><\/strong><\/p>\n\n\n\n<p><\/p>\n\n\n\n<hr class=\"wp-block-separator has-text-color has-css-opacity has-background alignwide is-style-wide\" style=\"background-color:#008000;color:#008000\"\/>\n\n\n\n<p><strong>Correspondencia:&nbsp;<a href=\"mailto:jorge.sebastian@ulia.org\" target=\"_blank\" rel=\"noreferrer noopener\">jorge.sebastian@ulia.org<\/a><\/strong><\/p>\n\n\n\n<div style=\"height:18px\" aria-hidden=\"true\" class=\"wp-block-spacer\"><\/div>\n\n\n\n<hr class=\"wp-block-separator has-text-color has-css-opacity has-background alignwide is-style-wide\" style=\"background-color:#008000;color:#008000\"\/>\n\n\n\n<p><\/p>\n\n\n\n<p><\/p>\n\n\n<p style=\"text-align: center;\">&nbsp; &nbsp; &nbsp; &nbsp; &nbsp; &nbsp; &nbsp; &nbsp; &nbsp; &nbsp; &nbsp; &nbsp; &nbsp; &nbsp; &nbsp; &nbsp; &nbsp; &nbsp; &nbsp; &nbsp; &nbsp; &nbsp; &nbsp; &nbsp; &nbsp; &nbsp; &nbsp; &nbsp; &nbsp; &nbsp; &nbsp; &nbsp; &nbsp; &nbsp; &nbsp; &nbsp; &nbsp; &nbsp; &nbsp; &nbsp; &nbsp; &nbsp; &nbsp; &nbsp; &nbsp; &nbsp; &nbsp; &nbsp;<a href=\"http:\/\/ulia.org\"><img decoding=\"async\" class=\"alignleft wp-image-1104\" src=\"https:\/\/ulia.org\/ficv\/wp-content\/uploads\/2018\/02\/Imagotipo-ulia_verde-1024x335.jpg\" alt=\"\" width=\"306\" height=\"107\"><\/a><\/p>\n\n\n<p><\/p>\n","protected":false},"excerpt":{"rendered":"<p>Sede: Online. Mesas tem\u00e1ticas: T\u00edtulo y tema de las mesas Centralidad Perfil de ponentes y comunicantes Relator Mesa 1.-&nbsp;El derecho en el estado abortista. Separaci\u00f3n de poderes y l\u00edmites a la injerencia. Estado y justicia.La complicidad del s\u00fabdito y la objeci\u00f3n fiscal.Disenso y oposici\u00f3n: formas y medios. Derecho.Pol\u00edtica. Francisco Jos\u00e9 Bobadilla Mesa 2.-&nbsp;La objeci\u00f3n de  [&#8230;]<\/p>\n","protected":false},"author":1,"featured_media":0,"parent":0,"menu_order":0,"comment_status":"closed","ping_status":"closed","template":"","meta":{"footnotes":""},"class_list":["post-1296","page","type-page","status-publish","hentry"],"_links":{"self":[{"href":"https:\/\/ulia.org\/ficv\/wp-json\/wp\/v2\/pages\/1296","targetHints":{"allow":["GET"]}}],"collection":[{"href":"https:\/\/ulia.org\/ficv\/wp-json\/wp\/v2\/pages"}],"about":[{"href":"https:\/\/ulia.org\/ficv\/wp-json\/wp\/v2\/types\/page"}],"author":[{"embeddable":true,"href":"https:\/\/ulia.org\/ficv\/wp-json\/wp\/v2\/users\/1"}],"replies":[{"embeddable":true,"href":"https:\/\/ulia.org\/ficv\/wp-json\/wp\/v2\/comments?post=1296"}],"version-history":[{"count":19,"href":"https:\/\/ulia.org\/ficv\/wp-json\/wp\/v2\/pages\/1296\/revisions"}],"predecessor-version":[{"id":1387,"href":"https:\/\/ulia.org\/ficv\/wp-json\/wp\/v2\/pages\/1296\/revisions\/1387"}],"wp:attachment":[{"href":"https:\/\/ulia.org\/ficv\/wp-json\/wp\/v2\/media?parent=1296"}],"curies":[{"name":"wp","href":"https:\/\/api.w.org\/{rel}","templated":true}]}}