{"id":1158,"date":"2021-05-11T20:27:10","date_gmt":"2021-05-11T20:27:10","guid":{"rendered":"https:\/\/ulia.org\/ficv\/?page_id=1158"},"modified":"2021-09-15T08:17:41","modified_gmt":"2021-09-15T08:17:41","slug":"xxiii-congreso-internacional-ciencia-y-vida","status":"publish","type":"page","link":"https:\/\/ulia.org\/ficv\/xxiii-congreso-internacional-ciencia-y-vida\/","title":{"rendered":"XXIII Congreso Internacional Ciencia y Vida"},"content":{"rendered":"\n<p><div class=\"fusion-fullwidth fullwidth-box fusion-builder-row-1 nonhundred-percent-fullwidth non-hundred-percent-height-scrolling\" style=\"--awb-background-position:left top;--awb-border-radius-top-left:0px;--awb-border-radius-top-right:0px;--awb-border-radius-bottom-right:0px;--awb-border-radius-bottom-left:0px;--awb-padding-top:20px;--awb-padding-bottom:20px;--awb-border-sizes-top:0px;--awb-border-sizes-bottom:0px;--awb-flex-wrap:wrap;\" ><\/div><div class=\"fusion-builder-row fusion-row\"><\/div><div class=\"fusion-layout-column fusion_builder_column fusion-builder-column-0 fusion_builder_column_1_1 1_1 fusion-one-full fusion-column-first fusion-column-last\" style=\"--awb-bg-size:cover;width:100%;\"><div class=\"fusion-column-wrapper fusion-flex-column-wrapper-legacy\"><div class=\"fusion-clearfix\"><\/div><\/div><\/div><div class=\"fusion-title title fusion-title-1 fusion-sep-none fusion-title-text fusion-title-size-one\" style=\"--awb-margin-bottom:0px;--awb-margin-top-small:10px;--awb-margin-right-small:0px;--awb-margin-bottom-small:10px;--awb-margin-left-small:0px;\"><h1 class=\"fusion-title-heading title-heading-left\" style=\"margin:0;\">XXIII Edici\u00f3n del Congreso Ciencia y Vida<\/h1><\/div><div class=\"fusion-title title fusion-title-2 fusion-title-text fusion-title-size-two\" style=\"--awb-margin-top-small:10px;--awb-margin-right-small:0px;--awb-margin-bottom-small:10px;--awb-margin-left-small:0px;\"><h2 class=\"fusion-title-heading title-heading-left\" style=\"margin:0;\">Del 29 al 31 de julio del 2021. (Online)<\/h2><span class=\"awb-title-spacer\"><\/span><div class=\"title-sep-container\"><div class=\"title-sep sep-double sep-solid\" style=\"border-color:#e0dede;\"><\/div><\/div><\/div><\/p>\n\n\n\n<p><\/p>\n\n\n<div class=\"fusion-title title fusion-title-3 fusion-title-text fusion-title-size-two\" style=\"--awb-margin-top-small:10px;--awb-margin-right-small:0px;--awb-margin-bottom-small:10px;--awb-margin-left-small:0px;\"><h2 class=\"fusion-title-heading title-heading-left\" style=\"margin:0;\"><b><i>La dignidad humana<br \/>\nante el reto del transhumanismo. Una reflexi\u00f3n multidisciplinar.<\/i><\/b><\/h2><span class=\"awb-title-spacer\"><\/span><div class=\"title-sep-container\"><div class=\"title-sep sep-double sep-solid\" style=\"border-color:#e0dede;\"><\/div><\/div><\/div>\n\n\n\n<div style=\"height:18px\" aria-hidden=\"true\" class=\"wp-block-spacer\"><\/div>\n\n\n\n<div class=\"wp-block-buttons is-content-justification-center is-layout-flex wp-block-buttons-is-layout-flex\">\n<div class=\"wp-block-button has-background\" style=\"background-color:#188a16\"><a class=\"wp-block-button__link has-background\" href=\"https:\/\/zoom.us\/webinar\/register\/WN_D4DDJuRvRVCpnRftz7OsAg\" style=\"background-color:#188a16\">Formulario de Inscripci\u00f3n<\/a><\/div>\n<\/div>\n\n\n\n<div style=\"height:10px\" aria-hidden=\"true\" class=\"wp-block-spacer\"><\/div>\n\n\n\n<hr class=\"wp-block-separator alignwide has-text-color has-background\" style=\"background-color:#008000;color:#008000\"\/>\n\n\n\n<div style=\"height:18px\" aria-hidden=\"true\" class=\"wp-block-spacer\"><\/div>\n\n\n\n<p><strong>Sede<\/strong>: Online.<\/p>\n\n\n\n<p class=\"has-text-align-left\"><strong>Patrocinadores<\/strong>:<\/p>\n\n\n\n<ul class=\"wp-block-list\"><li>Universidad Libre Internacional de las Am\u00e9ricas, ULIA<\/li><li>Centro de Estudios e Investigaciones de Bio\u00e9tica, CEIB<\/li><li>ICES Escuela de Filosof\u00eda<\/li><\/ul>\n\n\n\n<p><strong><b>Mesas tem\u00e1ticas<\/b><\/strong>:<\/p>\n\n\n\n<ul class=\"wp-block-list\"><li>Los \u00e1mbitos de dignidad: domus y polis.<\/li><li>Los modos de dignidad: salud, educaci\u00f3n, libertad, ciudadan\u00eda.<\/li><li>Los sujetos de dignidad: pre, post y transhumanismo.<\/li><\/ul>\n\n\n\n<p><strong>Horarios<\/strong><\/p>\n\n\n\n<p>El Congreso reunir\u00e1 ponentes y comunicantes de los dos lados del Atl\u00e1ntico, conectados simult\u00e1neamente seg\u00fan el siguiente horario:<\/p>\n\n\n\n<p><strong>Jueves 29 y viernes 30 de julio:<\/strong><\/p>\n\n\n\n<p>de 9:00 a 12:00 hrs (M\u00e9xico)&nbsp; &#8211;&nbsp; de 16:00 a 19:00 hrs (Espa\u00f1a)<\/p>\n\n\n\n<p><strong>S\u00e1bado 31 de julio:<\/strong><\/p>\n\n\n\n<p>de 9:00 a 13:00 hrs (M\u00e9xico)&nbsp; &#8211;&nbsp; de 16:00 a 20:00 hrs (Espa\u00f1a)<\/p>\n\n\n\n<div style=\"height:18px\" aria-hidden=\"true\" class=\"wp-block-spacer\"><\/div>\n\n\n\n<hr class=\"wp-block-separator alignwide has-text-color has-background\" style=\"background-color:#008000;color:#008000\"\/>\n\n\n\n<h2 class=\"wp-block-heading\"><strong><span style=\"color: #008000;\">PROGRAMA<\/span><\/strong><\/h2>\n\n\n\n<p>Ponencias<\/p>\n\n\n\n<h3 class=\"wp-block-heading\"><strong>Jueves 29 de julio<\/strong><\/h3>\n\n\n\n<h3 class=\"wp-block-heading\"><span style=\"color:#008000\" class=\"has-inline-color\"><strong>MESA 1.  Los \u00e1mbitos de dignidad: domus y polis.<\/strong><\/span><\/h3>\n\n\n\n<p><strong>Relatora:<\/strong> Rosario Athi\u00e9 (Universidad Panamericana).<\/p>\n\n\n\n<figure class=\"wp-block-table\"><table><tbody><tr><td class=\"has-text-align-center\" data-align=\"center\">Hora en Espa\u00f1a<br>(GMT+2)<\/td><td class=\"has-text-align-center\" data-align=\"center\">Hora en Guadalajara<br>(GMT-5)<\/td><td>Ponente y T\u00edtulo<\/td><\/tr><tr><td class=\"has-text-align-center\" data-align=\"center\">16:00<\/td><td class=\"has-text-align-center\" data-align=\"center\">9:00<\/td><td>Jos\u00e9 P\u00e9rez Ad\u00e1n (Rector de la Universidad Libre Internacional de las Am\u00e9ricas). <em><strong>Bienvenida e inauguraci\u00f3n.<\/strong><\/em><br>Rosario Athi\u00e9 (Universidad Panamericana). <em><strong>Subsidiariedad: de la domus a la polis.<\/strong><\/em><br><em><strong>\u00a0<a rel=\"noreferrer noopener\" href=\"https:\/\/vimeo.com\/583312281\/c610019b93\" target=\"_blank\" data-type=\"URL\" data-id=\"https:\/\/vimeo.com\/583312281\/c610019b93\"><span class=\"has-inline-color has-vivid-green-cyan-color\">Video de la ponencia.<\/span><\/a><\/strong><\/em><br><\/td><\/tr><tr><td class=\"has-text-align-center\" data-align=\"center\">17:30<\/td><td class=\"has-text-align-center\" data-align=\"center\">10:30<\/td><td>Higinio Mar\u00edn (Universidad Cardenal Herrera CEU). <em><strong>Las correlaciones entre familia y polis. (R\u00f3mulo, Ant\u00edgona y Jos\u00e9 de Nazaret).<\/strong><\/em><br> <a href=\"https:\/\/vimeo.com\/583331054\/d196de52e3\" target=\"_blank\" rel=\"noreferrer noopener\"><em><strong><span class=\"has-inline-color has-vivid-green-cyan-color\">Video de la ponencia.<\/span><\/strong><\/em> <\/a><\/td><\/tr><\/tbody><\/table><\/figure>\n\n\n\n<h3 class=\"wp-block-heading\"><strong>Viernes 30 de julio<\/strong><\/h3>\n\n\n\n<h3 class=\"wp-block-heading\"><span style=\"color:#008000\" class=\"has-inline-color\"><strong>MESA 2.&nbsp;<\/strong>&nbsp;&nbsp;&nbsp; <strong>Los modos de dignidad: salud, educaci\u00f3n, libertad, ciudadan\u00eda.<\/strong><\/span><\/h3>\n\n\n\n<p><strong>Relatora:<\/strong> Mayte Renter\u00eda Rodr\u00edguez (Universidad de Guadalajara).<\/p>\n\n\n\n<figure class=\"wp-block-table\"><table><tbody><tr><td class=\"has-text-align-center\" data-align=\"center\">Hora en Espa\u00f1a<br>(GMT+2)<\/td><td class=\"has-text-align-center\" data-align=\"center\">Hora en Guadalajara<br>(GMT-5)<\/td><td>Ponente y T\u00edtulo<\/td><\/tr><tr><td class=\"has-text-align-center\" data-align=\"center\">16:00<\/td><td class=\"has-text-align-center\" data-align=\"center\">9:00<\/td><td>Jorge Mario Cabrera (Universidad Libre Internacional de las Am\u00e9ricas). <em><strong>Aproximaci\u00f3n al uso del concepto de dignidad en Salud y Derecho.<\/strong><\/em><strong> <\/strong><br><strong><a href=\"https:\/\/vimeo.com\/583313794\/b8128a0036\" data-type=\"URL\" data-id=\"https:\/\/vimeo.com\/583313794\/b8128a0036\" target=\"_blank\" rel=\"noreferrer noopener\"><em><strong><span class=\"has-inline-color has-vivid-green-cyan-color\">Video de la ponencia.<\/span><\/strong><\/em> <\/a> <\/strong><\/td><\/tr><tr><td class=\"has-text-align-center\" data-align=\"center\">17:00<\/td><td class=\"has-text-align-center\" data-align=\"center\">10:00<\/td><td>Mar\u00eda P\u00eda Chirinos Montalbetti (Universidad de Piura).<strong> <em>La corporeidad humana y la dignidad: un debate en torno al transhumanismo.<\/em><\/strong><br> <strong><a href=\"https:\/\/vimeo.com\/583338050\/d87e68b82d\" data-type=\"URL\" data-id=\"https:\/\/vimeo.com\/583338050\/d87e68b82d\" target=\"_blank\" rel=\"noreferrer noopener\"><em><strong><span class=\"has-inline-color has-vivid-green-cyan-color\">Video de la ponencia.<\/span><\/strong><\/em> <\/a> <\/strong> <\/td><\/tr><tr><td class=\"has-text-align-center\" data-align=\"center\">18:00<\/td><td class=\"has-text-align-center\" data-align=\"center\">11:00<\/td><td>Juan Alfredo Obarrio Moreno (Universidad de Valencia). <em><strong>Libertad y ciudadan\u00eda versus posverdad.<\/strong><\/em><br> <strong><a href=\"https:\/\/vimeo.com\/583727961\/62571efb61\" data-type=\"URL\" data-id=\"https:\/\/vimeo.com\/583727961\/62571efb61\" target=\"_blank\" rel=\"noreferrer noopener\"><em><strong><span class=\"has-inline-color has-vivid-green-cyan-color\">Video de la ponencia.<\/span><\/strong><\/em> <\/a> <\/strong>  <\/td><\/tr><\/tbody><\/table><\/figure>\n\n\n\n<h3 class=\"wp-block-heading\"><strong>S\u00e1bado 31 de julio<\/strong><\/h3>\n\n\n\n<h3 class=\"wp-block-heading\"><strong><span style=\"color:#008000\" class=\"has-inline-color\">MESA 3.<\/span><\/strong><span style=\"color:#008000\" class=\"has-inline-color\">&nbsp;&nbsp;&nbsp;&nbsp; <strong>Los sujetos de dignidad: pre, post y transhumanismo.<\/strong><\/span><\/h3>\n\n\n\n<p><strong>Relator:<\/strong> Manuel Ocampo Ponce (CEIB, Guadalajara).<\/p>\n\n\n\n<figure class=\"wp-block-table\"><table><tbody><tr><td class=\"has-text-align-center\" data-align=\"center\">Hora en Espa\u00f1a<br>(GMT+2)<\/td><td class=\"has-text-align-center\" data-align=\"center\">Hora en Guadalajara<br>(GMT-5)<\/td><td>Ponente y T\u00edtulo<\/td><\/tr><tr><td class=\"has-text-align-center\" data-align=\"center\">16:00<\/td><td class=\"has-text-align-center\" data-align=\"center\">9:00<\/td><td>Marta Mar\u00eda Albert M\u00e1rquez (Universidad Rey Juan Carlos, Madrid). <em>Posthumano, demasiado humano. Inteligencia artificial y dignidad humana.<\/em><br> <strong><a href=\"https:\/\/vimeo.com\/583314529\/477e59c7ef\" data-type=\"URL\" data-id=\"https:\/\/vimeo.com\/583314529\/477e59c7ef\" target=\"_blank\" rel=\"noreferrer noopener\"><em><strong><span class=\"has-inline-color has-vivid-green-cyan-color\">Video de la ponencia.<\/span><\/strong><\/em> <\/a> <\/strong> <\/td><\/tr><tr><td class=\"has-text-align-center\" data-align=\"center\">17:00<\/td><td class=\"has-text-align-center\" data-align=\"center\">10:00<\/td><td>Rafael Monterde Ferrando (Universidad Cat\u00f3lica de \u00c1vila). <em>La dignidad transhumana: la conciencia de los ascendidos.<\/em> <br><strong><a href=\"https:\/\/vimeo.com\/583337206\/e58d120808\" data-type=\"URL\" data-id=\"https:\/\/vimeo.com\/583337206\/e58d120808\" target=\"_blank\" rel=\"noreferrer noopener\"><em><strong><span class=\"has-inline-color has-vivid-green-cyan-color\">Video de la ponencia.<\/span><\/strong><\/em> <\/a> <\/strong> <\/td><\/tr><tr><td class=\"has-text-align-center\" data-align=\"center\">18:00<\/td><td class=\"has-text-align-center\" data-align=\"center\">11:00<\/td><td>Comunicaciones (15 minutos cada una)<br>\u2022 H\u00e9ctor Salvador G\u00f3mez Gonz\u00e1lez. <em><strong>La relaci\u00f3n obligada entre la educaci\u00f3n y el bien com\u00fan.<\/strong><\/em><br>\u2022 Eduardo Guillermo G\u00f3mez Rojas, Mireya del Carmen Gonz\u00e1lez \u00c1lvarez, \u00c1ngel Antonio Salazar Tostado, <br>   Tania Graciela Babun Castilleja, Vida Merry Salazar Tostado, Silvia Pacheco G\u00f3mez. <br>   <em><strong>Violencia hacia la dignidad personal y profesional del personal de salud en M\u00e9xico en tiempos de COVID 19<\/strong><\/em>.<br>\u2022 Ana Teresa L\u00f3pez de Llergo. <em><strong>De la vinculaci\u00f3n antropol\u00f3gica a la desvinculaci\u00f3n idealista.<\/strong><\/em><br>\u2022 Mar\u00eda Teresa Renter\u00eda Rodr\u00edguez. <strong><em>Las implicaciones espaciotemporales del transhumanismo.<\/em><\/strong><\/td><\/tr><tr><td class=\"has-text-align-center\" data-align=\"center\">19:00<\/td><td class=\"has-text-align-center\" data-align=\"center\">12:00<\/td><td>Manuel Ocampo Ponce (Centro de Estudios e Investigaciones de Bio\u00e9tica y Universidad Panamericana). <em><strong>Transhumanismo, posthumanismo y bioconservadurismo a la luz del concepto de naturaleza de Santo Tom\u00e1s de Aquino.<\/strong><\/em><br><strong><a href=\"https:\/\/vimeo.com\/583315105\/f6c2e80669\" data-type=\"URL\" data-id=\"https:\/\/vimeo.com\/583315105\/f6c2e80669\" target=\"_blank\" rel=\"noreferrer noopener\"><em><strong><span class=\"has-inline-color has-vivid-green-cyan-color\">Video de la ponencia.<\/span><\/strong><\/em> <\/a><\/strong> <\/td><\/tr><tr><td class=\"has-text-align-center\" data-align=\"center\">20:00<\/td><td class=\"has-text-align-center\" data-align=\"center\">13:00<\/td><td>Lectura de la Declaraci\u00f3n de Guadalajara y clausura del Congreso.<\/td><\/tr><\/tbody><\/table><\/figure>\n\n\n\n<div style=\"height:18px\" aria-hidden=\"true\" class=\"wp-block-spacer\"><\/div>\n\n\n\n<hr class=\"wp-block-separator alignwide has-text-color has-background is-style-wide\" style=\"background-color:#008000;color:#008000\"\/>\n\n\n\n<h3 class=\"wp-block-heading\"><span style=\"color:#008000\" class=\"has-inline-color\"><strong>Documentos del XXIII Congreso<\/strong><\/span><\/h3>\n\n\n\n<p>En el siguiente enlace tendr\u00e0n acceso a las comunicaciones y ponencias del congreso<\/p>\n\n\n\n<h4 class=\"wp-block-heading\"><span style=\"color:#008000\" class=\"has-inline-color\"><strong>Ponencias:<\/strong><\/span><\/h4>\n\n\n\n<div class=\"wp-block-file\"><a href=\"https:\/\/ulia.org\/ficv\/wp-content\/uploads\/2021\/07\/Cabrera-Jorge-Mario-23-Congreso-Ciencia-y-Vida-Aproximacion-al-concepto-de-dignidad-en-salud-y-derecho.pdf\" target=\"_blank\" rel=\"noreferrer noopener\">Jorge Mario Cabrera: Aproximaci\u00f3n al concepto de dignidad en salud y derecho<\/a><a href=\"https:\/\/ulia.org\/ficv\/wp-content\/uploads\/2021\/07\/Cabrera-Jorge-Mario-23-Congreso-Ciencia-y-Vida-Aproximacion-al-concepto-de-dignidad-en-salud-y-derecho.pdf\" class=\"fusion-button-default fusion-button-default-size wp-block-file__button\" download>Descarga<\/a><\/div>\n\n\n\n<div class=\"wp-block-file\"><a href=\"https:\/\/ulia.org\/ficv\/wp-content\/uploads\/2021\/08\/Chirinos-La-corporeidad-humana-y-la-dignidad.pdf\" target=\"_blank\" rel=\"noreferrer noopener\">Mar\u00eda P\u00eda Chirinos Montalbetti. La corporeidad humana y la dignidad: un debate en torno al transhumanismo.<\/a><a href=\"https:\/\/ulia.org\/ficv\/wp-content\/uploads\/2021\/08\/Chirinos-La-corporeidad-humana-y-la-dignidad.pdf\" class=\"fusion-button-default fusion-button-default-size wp-block-file__button\" download>Descarga<\/a><\/div>\n\n\n\n<h4 class=\"wp-block-heading\"><span style=\"color:#008000\" class=\"has-inline-color\"><strong>Comunicaciones:<\/strong><\/span><\/h4>\n\n\n\n<div class=\"wp-block-file\"><a href=\"https:\/\/ulia.org\/ficv\/wp-content\/uploads\/2021\/07\/Conferencia-Congreso-2011.pdf\" target=\"_blank\" rel=\"noreferrer noopener\">H\u00e9ctor Salvador G\u00f3mez Gonz\u00e1lez. <em>La relaci\u00f3n obligada entre la educa<\/em>ci\u00f3n y el bien com\u00fan<\/a><a href=\"https:\/\/ulia.org\/ficv\/wp-content\/uploads\/2021\/07\/Conferencia-Congreso-2011.pdf\" class=\"fusion-button-default fusion-button-default-size wp-block-file__button\" download>Descarga<\/a><\/div>\n\n\n\n<div class=\"wp-block-file\"><a href=\"https:\/\/ulia.org\/ficv\/wp-content\/uploads\/2021\/07\/VIOLENCIA-HACIA-LA-DIGNIDAD-PERSONAL-Y-PROFESIONAL-DEL-PERSONAL-DE-SALUD-EN-MEXICO-EN-TIEMPOS-DE-COVID-19E-SALUD-2.pdf\" target=\"_blank\" rel=\"noreferrer noopener\">Eduardo G\u00f3mez, et al: <em>Violencia hacia la dignidad personal y profesional de salud en M\u00e9xico en tiempos de COVID19<\/em><\/a><a href=\"https:\/\/ulia.org\/ficv\/wp-content\/uploads\/2021\/07\/VIOLENCIA-HACIA-LA-DIGNIDAD-PERSONAL-Y-PROFESIONAL-DEL-PERSONAL-DE-SALUD-EN-MEXICO-EN-TIEMPOS-DE-COVID-19E-SALUD-2.pdf\" class=\"fusion-button-default fusion-button-default-size wp-block-file__button\" download>Descarga<\/a><\/div>\n\n\n\n<div class=\"wp-block-file\"><a href=\"https:\/\/ulia.org\/ficv\/wp-content\/uploads\/2021\/07\/Vinc-antropol-a-desvinc-idealista.pdf\" target=\"_blank\" rel=\"noreferrer noopener\">Ana Teresa L\u00f3pez: <em>De la vinculaci\u00f3n antropol\u00f3gica a la desvinculaci\u00f3n idealista<\/em><\/a><a href=\"https:\/\/ulia.org\/ficv\/wp-content\/uploads\/2021\/07\/Vinc-antropol-a-desvinc-idealista.pdf\" class=\"fusion-button-default fusion-button-default-size wp-block-file__button\" download>Descarga<\/a><\/div>\n\n\n\n<div class=\"wp-block-file\"><a href=\"https:\/\/ulia.org\/ficv\/wp-content\/uploads\/2021\/07\/XXIII-CICV-2021.-Transhumanismo-e-implicaciones-espaciotemporales.pdf\" target=\"_blank\" rel=\"noreferrer noopener\">Mar\u00eda Teresa Renter\u00eda Rodr\u00edguez. <em>Las implicaciones espacio-temporales del transhumanismo.<\/em><\/a><a href=\"https:\/\/ulia.org\/ficv\/wp-content\/uploads\/2021\/07\/XXIII-CICV-2021.-Transhumanismo-e-implicaciones-espaciotemporales.pdf\" class=\"fusion-button-default fusion-button-default-size wp-block-file__button\" download>Descarga<\/a><\/div>\n\n\n\n<hr class=\"wp-block-separator alignwide has-text-color has-background is-style-wide\" style=\"background-color:#008000;color:#008000\"\/>\n\n\n\n<div style=\"height:18px\" aria-hidden=\"true\" class=\"wp-block-spacer\"><\/div>\n\n\n\n<div class=\"wp-block-buttons is-content-justification-center is-layout-flex wp-block-buttons-is-layout-flex\">\n<div class=\"wp-block-button has-white-color has-text-color has-background\" style=\"background-color:#188a16\"><a class=\"wp-block-button__link has-white-color has-text-color has-background\" href=\"https:\/\/zoom.us\/webinar\/register\/WN_D4DDJuRvRVCpnRftz7OsAg\" style=\"background-color:#188a16\" target=\"_blank\" rel=\"noreferrer noopener\">Formulario de Inscripci\u00f3n<\/a><\/div>\n<\/div>\n\n\n\n<div style=\"height:18px\" aria-hidden=\"true\" class=\"wp-block-spacer\"><\/div>\n\n\n\n<hr class=\"wp-block-separator alignwide has-text-color has-background is-style-wide\" style=\"background-color:#008000;color:#008000\"\/>\n\n\n\n<p><\/p>\n\n\n\n<p><\/p>\n\n\n<p style=\"text-align: center;\"><a href=\"https:\/\/www.facebook.com\/ICESEscueladeFilosofia\/\"><img decoding=\"async\" class=\"alignleft wp-image-1164\" src=\"https:\/\/ulia.org\/ficv\/wp-content\/uploads\/2021\/05\/Logo-ICES-125x150.jpg\" alt=\"\" width=\"127\" height=\"160\"><\/a><a href=\"https:\/\/ceibmx.com\/\"><img decoding=\"async\" class=\"wp-image-1165 size-full alignleft\" src=\"https:\/\/ulia.org\/ficv\/wp-content\/uploads\/2021\/05\/Logo-CEIB.png\" alt=\"\" width=\"160\" height=\"160\" srcset=\"https:\/\/ulia.org\/ficv\/wp-content\/uploads\/2021\/05\/Logo-CEIB-66x66.png 66w, https:\/\/ulia.org\/ficv\/wp-content\/uploads\/2021\/05\/Logo-CEIB-150x150.png 150w, https:\/\/ulia.org\/ficv\/wp-content\/uploads\/2021\/05\/Logo-CEIB.png 160w\" sizes=\"(max-width: 160px) 100vw, 160px\" \/><\/a>&nbsp;&nbsp;&nbsp;&nbsp;&nbsp;&nbsp;&nbsp;&nbsp;&nbsp;&nbsp;&nbsp;&nbsp;&nbsp;&nbsp;&nbsp;&nbsp;&nbsp;&nbsp;&nbsp;&nbsp;&nbsp;&nbsp;&nbsp;&nbsp;&nbsp;&nbsp;&nbsp;&nbsp;&nbsp;&nbsp;&nbsp;&nbsp;&nbsp;&nbsp;&nbsp;&nbsp;&nbsp;&nbsp;&nbsp;&nbsp;&nbsp;&nbsp;&nbsp;&nbsp;&nbsp;&nbsp;&nbsp;&nbsp;&nbsp;&nbsp;&nbsp;&nbsp;&nbsp;&nbsp;&nbsp;&nbsp;&nbsp;&nbsp;&nbsp;&nbsp;&nbsp;&nbsp;&nbsp;&nbsp;&nbsp;&nbsp;&nbsp;&nbsp;&nbsp;&nbsp;&nbsp;&nbsp;&nbsp;&nbsp;&nbsp;&nbsp;&nbsp;&nbsp;&nbsp;&nbsp;&nbsp;&nbsp;&nbsp;&nbsp;&nbsp;&nbsp;&nbsp;&nbsp;&nbsp;&nbsp;&nbsp;&nbsp;&nbsp;&nbsp; <a href=\"http:\/\/ulia.org\"><img decoding=\"async\" class=\"alignleft wp-image-1104\" src=\"https:\/\/ulia.org\/ficv\/wp-content\/uploads\/2018\/02\/Imagotipo-ulia_verde-1024x335.jpg\" alt=\"\" width=\"493\" height=\"161\" srcset=\"https:\/\/ulia.org\/ficv\/wp-content\/uploads\/2018\/02\/Imagotipo-ulia_verde-200x65.jpg 200w, https:\/\/ulia.org\/ficv\/wp-content\/uploads\/2018\/02\/Imagotipo-ulia_verde-300x98.jpg 300w, https:\/\/ulia.org\/ficv\/wp-content\/uploads\/2018\/02\/Imagotipo-ulia_verde-400x131.jpg 400w, https:\/\/ulia.org\/ficv\/wp-content\/uploads\/2018\/02\/Imagotipo-ulia_verde-600x196.jpg 600w, https:\/\/ulia.org\/ficv\/wp-content\/uploads\/2018\/02\/Imagotipo-ulia_verde-768x251.jpg 768w, https:\/\/ulia.org\/ficv\/wp-content\/uploads\/2018\/02\/Imagotipo-ulia_verde-800x262.jpg 800w, https:\/\/ulia.org\/ficv\/wp-content\/uploads\/2018\/02\/Imagotipo-ulia_verde-1024x335.jpg 1024w, https:\/\/ulia.org\/ficv\/wp-content\/uploads\/2018\/02\/Imagotipo-ulia_verde-1200x392.jpg 1200w\" sizes=\"(max-width: 493px) 100vw, 493px\" \/><\/a><\/p>\n\n\n<p><\/p>\n","protected":false},"excerpt":{"rendered":"<p>Sede: Online. Patrocinadores: Universidad Libre Internacional de las Am\u00e9ricas, ULIA Centro de Estudios e Investigaciones de Bio\u00e9tica, CEIB ICES Escuela de Filosof\u00eda Mesas tem\u00e1ticas: Los \u00e1mbitos de dignidad: domus y polis. Los modos de dignidad: salud, educaci\u00f3n, libertad, ciudadan\u00eda. Los sujetos de dignidad: pre, post y transhumanismo. Horarios El Congreso reunir\u00e1 ponentes y comunicantes de  [&#8230;]<\/p>\n","protected":false},"author":1,"featured_media":0,"parent":0,"menu_order":0,"comment_status":"closed","ping_status":"closed","template":"","meta":{"footnotes":""},"class_list":["post-1158","page","type-page","status-publish","hentry"],"_links":{"self":[{"href":"https:\/\/ulia.org\/ficv\/wp-json\/wp\/v2\/pages\/1158","targetHints":{"allow":["GET"]}}],"collection":[{"href":"https:\/\/ulia.org\/ficv\/wp-json\/wp\/v2\/pages"}],"about":[{"href":"https:\/\/ulia.org\/ficv\/wp-json\/wp\/v2\/types\/page"}],"author":[{"embeddable":true,"href":"https:\/\/ulia.org\/ficv\/wp-json\/wp\/v2\/users\/1"}],"replies":[{"embeddable":true,"href":"https:\/\/ulia.org\/ficv\/wp-json\/wp\/v2\/comments?post=1158"}],"version-history":[{"count":68,"href":"https:\/\/ulia.org\/ficv\/wp-json\/wp\/v2\/pages\/1158\/revisions"}],"predecessor-version":[{"id":1305,"href":"https:\/\/ulia.org\/ficv\/wp-json\/wp\/v2\/pages\/1158\/revisions\/1305"}],"wp:attachment":[{"href":"https:\/\/ulia.org\/ficv\/wp-json\/wp\/v2\/media?parent=1158"}],"curies":[{"name":"wp","href":"https:\/\/api.w.org\/{rel}","templated":true}]}}