{"id":11,"date":"2016-01-08T01:07:52","date_gmt":"2016-01-08T01:07:52","guid":{"rendered":"http:\/\/ulia.org\/ficv\/?page_id=11"},"modified":"2022-05-02T16:09:15","modified_gmt":"2022-05-02T16:09:15","slug":"la-causa-de-la-cultura-de-la-vida","status":"publish","type":"page","link":"https:\/\/ulia.org\/ficv\/la-causa-de-la-cultura-de-la-vida\/","title":{"rendered":"LA CAUSA DE LA CULTURA DE LA VIDA"},"content":{"rendered":"<p>La Fundaci\u00f3n Interamericana Ciencia y Vida admite donaciones, legados y herencias. Si est\u00e1 usted de acuerdo con nuestros fines y trayectoria y desea contribuir y participar en el fortalecimiento y expansi\u00f3n de nuestros programas, puede hacerlo del siguiente modo:<\/p>\n<h3 style=\"padding-left: 30px;\">a) Donaciones<\/h3>\n<p>En el caso de Espa\u00f1a, a los efectos previstos en la ley vigente las donaciones a la FICV se pueden desgravar fiscalmente <strong>(25%<\/strong> las personas f\u00edsicas sobre el Impuesto de la Renta) de la base imponible con el certificado que emite la entidad una vez realizada la donaci\u00f3n con car\u00e1cter irrevocable y para los fines generales de la misma.<br \/>Para realizar una <strong>donaci\u00f3n<\/strong> puede escribirnos a <a href=\"mailto:info@ulia.org\">info@ulia.org<\/a> y le indicaremos c\u00f3mo proceder.<br \/>Las empresas pueden colaborar con las actividades generales de la FICV. Igualmente, reciben el <strong>certificado<\/strong> para desgravar as\u00ed como un certificado acreditativo (las empresas desgravan 35% sobre el Impuesto de Sociedades).<\/p>\n<h3 style=\"padding-left: 30px;\">b) Legados y disposiciones testamentarias<\/h3>\n<p>Realizar testamento es un procedimiento sencillo, econ\u00f3mico y es \u00fatil para decidir sobre la administraci\u00f3n del patrimonio y evitar problemas a posteriori a familiares y allegados. Dejar un legado solidario a una entidad sin \u00e1nimo de lucro no supone en ning\u00fan caso perjudicar los derechos de los herederos; al contrario, puede ser una forma muy beneficiosa de colaborar, al tiempo que se ordenan los bienes, y puede contribuir significativamente a mejorar la vida de los dem\u00e1s. Las herencias y los legados solidarios suponen una gran parte de los ingresos de muchas entidades sin \u00e1nimo de lucro.<\/p>\n<p>Detallamos algunos ejemplos de c\u00f3mo puede especificarse un legado solidario a favor de la Fundaci\u00f3n Interamericana Ciencia y Vida en el testamento:<\/p>\n<ul>\n<li>\u201cTesto a favor de Fundaci\u00f3n Interamericana Ciencia y Vida la cantidad de (especificar) para contribuir a difundir la cultura de la vida en todo el mundo, particularmente en el \u00e1mbito del saber y de la ciencia\u201d.<\/li>\n<li>\u201cCreo un legado de 32.900\u20ac, a favor de la Fundaci\u00f3n Interamericana Ciencia y Vida, para la constituci\u00f3n de un observatorio permanente de bio\u00e9tica en el marco de la Universidad Libre Internacional de las Am\u00e9ricas\u201d.<\/li>\n<li>\u201cDispongo donar la cantidad de 5.000\u20ac a la Fundaci\u00f3n Interamericana Ciencia y Vida para ofrecer formaci\u00f3n gratuita dentro de sus programas\u201d.<\/li>\n<\/ul>\n<p style=\"text-align: center;\"><strong>Para donar a favor de la FICV o de ULIA a trav\u00e9s de PayPal:<\/strong><\/p>\n<form action=\"https:\/\/www.paypal.com\/cgi-bin\/webscr\" method=\"post\" target=\"_top\">\n<p align=\"center\"><input alt=\"PayPal, la forma r\u00e1pida y segura de pagar en Internet.\" height=\"26\" name=\"submit\" src=\"https:\/\/www.paypalobjects.com\/es_ES\/ES\/i\/btn\/btn_donate_LG.gif\" type=\"image\" width=\"92\" \/><br \/><img decoding=\"async\" src=\"https:\/\/www.paypalobjects.com\/es_ES\/i\/scr\/pixel.gif\" alt=\"\" width=\"1\" height=\"1\" border=\"0\" \/><\/p>\n<\/form>\n<h1><img decoding=\"async\" class=\"wp-image-1312 aligncenter\" src=\"https:\/\/ulia.org\/ficv\/wp-content\/uploads\/2022\/05\/Logo-Bizum.png\" alt=\"\" width=\"190\" height=\"70\" \/><\/h1>\n<p style=\"text-align: center;\"><strong>Mediante bizum desde Espa\u00f1a , en la casilla \u00abHacer Donativo\u00bb al n\u00famero:<\/strong><\/p>\n<h1 style=\"text-align: center;\"><em><span style=\"color: #339966;\"><strong>02616<\/strong><\/span><\/em><\/h1>\n\n\n<p><\/p>\n","protected":false},"excerpt":{"rendered":"<p>La Fundaci\u00f3n Interamericana Ciencia y Vida admite donaciones, legados y herencias. Si est\u00e1 usted de acuerdo con nuestros fines y trayectoria y desea contribuir y participar en el fortalecimiento y expansi\u00f3n de nuestros programas, puede hacerlo del siguiente modo: a) Donaciones En el caso de Espa\u00f1a, a los efectos previstos en la ley vigente las  [&#8230;]<\/p>\n","protected":false},"author":1,"featured_media":0,"parent":0,"menu_order":0,"comment_status":"closed","ping_status":"closed","template":"","meta":{"footnotes":""},"class_list":["post-11","page","type-page","status-publish","hentry"],"_links":{"self":[{"href":"https:\/\/ulia.org\/ficv\/wp-json\/wp\/v2\/pages\/11","targetHints":{"allow":["GET"]}}],"collection":[{"href":"https:\/\/ulia.org\/ficv\/wp-json\/wp\/v2\/pages"}],"about":[{"href":"https:\/\/ulia.org\/ficv\/wp-json\/wp\/v2\/types\/page"}],"author":[{"embeddable":true,"href":"https:\/\/ulia.org\/ficv\/wp-json\/wp\/v2\/users\/1"}],"replies":[{"embeddable":true,"href":"https:\/\/ulia.org\/ficv\/wp-json\/wp\/v2\/comments?post=11"}],"version-history":[{"count":21,"href":"https:\/\/ulia.org\/ficv\/wp-json\/wp\/v2\/pages\/11\/revisions"}],"predecessor-version":[{"id":1315,"href":"https:\/\/ulia.org\/ficv\/wp-json\/wp\/v2\/pages\/11\/revisions\/1315"}],"wp:attachment":[{"href":"https:\/\/ulia.org\/ficv\/wp-json\/wp\/v2\/media?parent=11"}],"curies":[{"name":"wp","href":"https:\/\/api.w.org\/{rel}","templated":true}]}}