{"id":1067,"date":"2017-11-08T11:21:24","date_gmt":"2017-11-08T11:21:24","guid":{"rendered":"http:\/\/ulia.org\/ficv\/?page_id=1067"},"modified":"2017-11-08T11:39:11","modified_gmt":"2017-11-08T11:39:11","slug":"asuncion-2017","status":"publish","type":"page","link":"https:\/\/ulia.org\/ficv\/asuncion-2017\/","title":{"rendered":"Asunci\u00f3n 2017"},"content":{"rendered":"<p><div class=\"fusion-fullwidth fullwidth-box fusion-builder-row-1 nonhundred-percent-fullwidth non-hundred-percent-height-scrolling\" style=\"--awb-background-position:left top;--awb-border-radius-top-left:0px;--awb-border-radius-top-right:0px;--awb-border-radius-bottom-right:0px;--awb-border-radius-bottom-left:0px;--awb-padding-top:20px;--awb-padding-bottom:20px;--awb-border-sizes-top:0px;--awb-border-sizes-bottom:0px;--awb-flex-wrap:wrap;\" ><\/div><div class=\"fusion-builder-row fusion-row\"><\/div><div class=\"fusion-layout-column fusion_builder_column fusion-builder-column-0 fusion_builder_column_1_1 1_1 fusion-one-full fusion-column-first fusion-column-last\" style=\"--awb-bg-size:cover;width:100%;\"><div class=\"fusion-column-wrapper fusion-flex-column-wrapper-legacy\"><div class=\"fusion-title title fusion-title-1 fusion-sep-none fusion-title-text fusion-title-size-one\" style=\"--awb-margin-bottom:0px;--awb-margin-top-small:10px;--awb-margin-right-small:0px;--awb-margin-bottom-small:10px;--awb-margin-left-small:0px;\"><h1 class=\"fusion-title-heading title-heading-left\" style=\"margin:0;\">XXI Edici\u00f3n del Congreso Ciencia y Vida<\/h1><\/div><div class=\"fusion-title title fusion-title-2 fusion-title-text fusion-title-size-two\" style=\"--awb-margin-top-small:10px;--awb-margin-right-small:0px;--awb-margin-bottom-small:10px;--awb-margin-left-small:0px;\"><h2 class=\"fusion-title-heading title-heading-left\" style=\"margin:0;\">13, 14, 15 de julio del 2017 Auditorio del Banco Central de Paraguay, Asunci\u00f3n, Paraguay.Universidad Cat\u00f3lica de La Plata. Rep\u00fablica Argentina.<\/h2><span class=\"awb-title-spacer\"><\/span><div class=\"title-sep-container\"><div class=\"title-sep sep-double sep-solid\" style=\"border-color:#e0dede;\"><\/div><\/div><\/div><div class=\"fusion-title title fusion-title-3 fusion-title-text fusion-title-size-two\" style=\"--awb-margin-top-small:10px;--awb-margin-right-small:0px;--awb-margin-bottom-small:10px;--awb-margin-left-small:0px;\"><h2 class=\"fusion-title-heading title-heading-left\" style=\"margin:0;\"><strong><em>No violencia y fraternidad: propuestas para una cultura de paz<\/em><\/strong><\/h2><span class=\"awb-title-spacer\"><\/span><div class=\"title-sep-container\"><div class=\"title-sep sep-double sep-solid\" style=\"border-color:#e0dede;\"><\/div><\/div><\/div><div class=\"fusion-text fusion-text-1\"><p>Mesas tem\u00e1ticas:<\/p>\n<p>&nbsp;<\/p>\n<p><strong>Patrocinadores y organizadores<\/strong>:<\/p>\n<ul>\n<li>Universidad Libre Internacional de las Am\u00e9ricas, ULIA<\/li>\n<li>Escuela de Postgrado de la Universidad Cat\u00f3lica de Asunci\u00f3n, UCA<\/li>\n<li>Asociaci\u00f3n de estudios de Bio\u00e9tica (AEB)<\/li>\n<li>Comisi\u00f3n de Derechos Humanos de la C\u00e1mara de Diputados del Paraguay<\/li>\n<\/ul>\n<p><strong>Auspiciantes<\/strong>: Centro de estudiantes de la UCA; Generaci\u00f3n Provida, Foro de Di\u00e1logo Civil.<\/p>\n<p><strong>Mesas tem\u00e1ticas<\/strong>:<\/p>\n<ul>\n<li>La justificaci\u00f3n o no de la violencia leg\u00edtima en la perspectiva de la ciencia jur\u00eddica, pol\u00edtica y teol\u00f3gica en el mundo actual.<\/li>\n<li>\u00bfPac\u00edficos o pacifistas? Las aspiraciones de la juventud y la aportaci\u00f3n de las ciencias humanas en la conformaci\u00f3n de una cultura de paz.<\/li>\n<li>Retos y propuestas de una educaci\u00f3n para la paz en Am\u00e9rica Latina.<\/li>\n<li>La \u00e9tica de medios en las ciencias medioambientales y de la salud; t\u00e9cnica, cuidado y maltrato.<\/li>\n<\/ul>\n<p>&nbsp;<\/p>\n<p><img decoding=\"async\" class=\"alignnone wp-image-909 aligncenter\" src=\"http:\/\/ulia.org\/ficv\/wp-content\/uploads\/2017\/01\/logos-21CICV-2-300x76.jpg\" alt=\"\" width=\"493\" height=\"125\" srcset=\"https:\/\/ulia.org\/ficv\/wp-content\/uploads\/2017\/01\/logos-21CICV-2-300x76.jpg 300w, https:\/\/ulia.org\/ficv\/wp-content\/uploads\/2017\/01\/logos-21CICV-2.jpg 650w\" sizes=\"(max-width: 493px) 100vw, 493px\" \/><\/p>\n<\/div><div class=\"fusion-clearfix\"><\/div><\/div><\/div><div class=\"fusion-layout-column fusion_builder_column fusion-builder-column-1 fusion_builder_column_1_5 1_5 fusion-one-fifth fusion-column-first\" style=\"--awb-padding-top:5px;--awb-padding-right:5px;--awb-padding-bottom:5px;--awb-padding-left:5px;--awb-bg-size:cover;--awb-border-color:#006633;--awb-border-top:2px;--awb-border-right:2px;--awb-border-bottom:2px;--awb-border-left:2px;--awb-border-style:solid;width:16.8%; margin-right: 4%;\"><div class=\"fusion-column-wrapper fusion-flex-column-wrapper-legacy\"><div class=\"fusion-person person fusion-person-center fusion-person-1 fusion-person-icon-top\" style=\"--awb-pic-style-color:var(--awb-color8);--awb-pic-borderradius:0px;--awb-margin-top:0px;--awb-margin-right:0px;--awb-margin-bottom:0px;--awb-margin-left:0px;--awb-social-box-border-top:0px;--awb-social-box-border-right:0px;--awb-social-box-border-bottom:0px;--awb-social-box-border-left:0px;--awb-social-box-border-color:var(--awb-color3);--awb-social-box-border-color-hover:var(--awb-color4);--awb-social-box-colors-hover:rgba(232,232,232,0.8);--awb-social-icon-boxed-colors:#e8e8e8;--awb-social-icon-colors:#bebdbd;--awb-social-icon-colors-hover:rgba(190,189,189,0.8);\"><div class=\"person-shortcode-image-wrapper imageframe-liftup\"><div class=\"person-image-container\" style=\"border:0px solid #f6f6f6;-webkit-border-radius:0px;-moz-border-radius:0px;border-radius:0px;\"><a href=\" http:\/\/ulia.org\/ficv\/ponencias-asuncion-2017\/\" target=\"_blank\"><img decoding=\"async\" class=\"person-img img-responsive\" src=\"http:\/\/ulia.org\/ficv\/wp-content\/uploads\/2016\/02\/html.png\" alt=\"Ponencias\" \/><\/a><\/div><\/div><div class=\"person-desc\" style=\"background-color:var(--awb-color8);padding:40px;margin-top:0;\"><div class=\"person-author\"><div class=\"person-author-wrapper\"><span class=\"person-name\">Ponencias<\/span><span class=\"person-title\"><\/span><\/div><\/div><div class=\"person-content fusion-clearfix\"><\/div><\/div><\/div><div class=\"fusion-clearfix\"><\/div><\/div><\/div><div class=\"fusion-layout-column fusion_builder_column fusion-builder-column-2 fusion_builder_column_1_5 1_5 fusion-one-fifth\" style=\"--awb-padding-top:5px;--awb-padding-right:5px;--awb-padding-bottom:5px;--awb-padding-left:5px;--awb-bg-size:cover;--awb-border-color:#006633;--awb-border-top:2px;--awb-border-right:2px;--awb-border-bottom:2px;--awb-border-left:2px;--awb-border-style:solid;width:16.8%; margin-right: 4%;\"><div class=\"fusion-column-wrapper fusion-flex-column-wrapper-legacy\"><div class=\"fusion-person person fusion-person-center fusion-person-2 fusion-person-icon-top\" style=\"--awb-pic-style-color:var(--awb-color8);--awb-pic-borderradius:0px;--awb-margin-top:0px;--awb-margin-right:0px;--awb-margin-bottom:0px;--awb-margin-left:0px;--awb-social-box-border-top:0px;--awb-social-box-border-right:0px;--awb-social-box-border-bottom:0px;--awb-social-box-border-left:0px;--awb-social-box-border-color:var(--awb-color3);--awb-social-box-border-color-hover:var(--awb-color4);--awb-social-box-colors-hover:rgba(232,232,232,0.8);--awb-social-icon-boxed-colors:#e8e8e8;--awb-social-icon-colors:#bebdbd;--awb-social-icon-colors-hover:rgba(190,189,189,0.8);\"><div class=\"person-shortcode-image-wrapper imageframe-liftup\"><div class=\"person-image-container\" style=\"border:0px solid #f6f6f6;-webkit-border-radius:0px;-moz-border-radius:0px;border-radius:0px;\"><a href=\"https:\/\/photos.app.goo.gl\/XUszqcYHMkO81nxw1\" target=\"_blank\"><img decoding=\"async\" class=\"person-img img-responsive\" src=\"http:\/\/ulia.org\/ficv\/wp-content\/uploads\/2016\/02\/jpg.png\" alt=\"Galer\u00eda de Fotos\" \/><\/a><\/div><\/div><div class=\"person-desc\" style=\"background-color:var(--awb-color8);padding:40px;margin-top:0;\"><div class=\"person-author\"><div class=\"person-author-wrapper\"><span class=\"person-name\">Galer\u00eda de Fotos<\/span><span class=\"person-title\"><\/span><\/div><\/div><div class=\"person-content fusion-clearfix\"><\/div><\/div><\/div><div class=\"fusion-clearfix\"><\/div><\/div><\/div><div class=\"fusion-layout-column fusion_builder_column fusion-builder-column-3 fusion_builder_column_1_5 1_5 fusion-one-fifth\" style=\"--awb-padding-top:5px;--awb-padding-right:5px;--awb-padding-bottom:5px;--awb-padding-left:5px;--awb-bg-size:cover;--awb-border-color:#006633;--awb-border-top:2px;--awb-border-right:2px;--awb-border-bottom:2px;--awb-border-left:2px;--awb-border-style:solid;width:16.8%; margin-right: 4%;\"><div class=\"fusion-column-wrapper fusion-flex-column-wrapper-legacy\"><div class=\"fusion-person person fusion-person-center fusion-person-3 fusion-person-icon-top\" style=\"--awb-pic-style-color:var(--awb-color8);--awb-pic-borderradius:0px;--awb-margin-top:0px;--awb-margin-right:0px;--awb-margin-bottom:0px;--awb-margin-left:0px;--awb-social-box-border-top:0px;--awb-social-box-border-right:0px;--awb-social-box-border-bottom:0px;--awb-social-box-border-left:0px;--awb-social-box-border-color:var(--awb-color3);--awb-social-box-border-color-hover:var(--awb-color4);--awb-social-box-colors-hover:rgba(232,232,232,0.8);--awb-social-icon-boxed-colors:#e8e8e8;--awb-social-icon-colors:#bebdbd;--awb-social-icon-colors-hover:rgba(190,189,189,0.8);\"><div class=\"person-shortcode-image-wrapper imageframe-liftup\"><div class=\"person-image-container\" style=\"border:0px solid #f6f6f6;-webkit-border-radius:0px;-moz-border-radius:0px;border-radius:0px;\"><a href=\"http:\/\/ulia.org\/ficv\/declaracion-asuncion-2017\" target=\"_blank\"><img decoding=\"async\" class=\"person-img img-responsive\" src=\"http:\/\/ulia.org\/ficv\/wp-content\/uploads\/2016\/02\/pdf.png\" alt=\"Declaraci\u00f3n\" \/><\/a><\/div><\/div><div class=\"person-desc\" style=\"background-color:var(--awb-color8);padding:40px;margin-top:0;\"><div class=\"person-author\"><div class=\"person-author-wrapper\"><span class=\"person-name\">Declaraci\u00f3n<\/span><span class=\"person-title\"><\/span><\/div><\/div><div class=\"person-content fusion-clearfix\"><\/div><\/div><\/div><div class=\"fusion-clearfix\"><\/div><\/div><\/div><\/p>\n<div class=\"fusion-layout-column fusion_builder_column fusion-builder-column-4 fusion_builder_column_1_5 1_5 fusion-one-fifth\" style=\"--awb-padding-top:5px;--awb-padding-right:5px;--awb-padding-bottom:5px;--awb-padding-left:5px;--awb-bg-size:cover;--awb-border-color:#006633;--awb-border-top:2px;--awb-border-right:2px;--awb-border-bottom:2px;--awb-border-left:2px;--awb-border-style:solid;width:16.8%; margin-right: 4%;\"><div class=\"fusion-column-wrapper fusion-flex-column-wrapper-legacy\"><div class=\"fusion-person person fusion-person-center fusion-person-4 fusion-person-icon-top\" style=\"--awb-pic-style-color:var(--awb-color8);--awb-pic-borderradius:0px;--awb-margin-top:0px;--awb-margin-right:0px;--awb-margin-bottom:0px;--awb-margin-left:0px;--awb-social-box-border-top:0px;--awb-social-box-border-right:0px;--awb-social-box-border-bottom:0px;--awb-social-box-border-left:0px;--awb-social-box-border-color:var(--awb-color3);--awb-social-box-border-color-hover:var(--awb-color4);--awb-social-box-colors-hover:rgba(232,232,232,0.8);--awb-social-icon-boxed-colors:#e8e8e8;--awb-social-icon-colors:#bebdbd;--awb-social-icon-colors-hover:rgba(190,189,189,0.8);\"><div class=\"person-shortcode-image-wrapper imageframe-liftup\"><div class=\"person-image-container\" style=\"border:0px solid #f6f6f6;-webkit-border-radius:0px;-moz-border-radius:0px;border-radius:0px;\"><a href=\"http:\/\/ulia.org\/ficv\/wp-content\/uploads\/2017\/07\/programa-21-CICV.pdf\" target=\"_blank\"><img decoding=\"async\" class=\"person-img img-responsive\" src=\"http:\/\/ulia.org\/ficv\/wp-content\/uploads\/2016\/02\/pdf.png\" alt=\"Programa\" \/><\/a><\/div><\/div><div class=\"person-desc\" style=\"background-color:var(--awb-color8);padding:40px;margin-top:0;\"><div class=\"person-author\"><div class=\"person-author-wrapper\"><span class=\"person-name\">Programa<\/span><span class=\"person-title\"><\/span><\/div><\/div><div class=\"person-content fusion-clearfix\"><\/div><\/div><\/div><div class=\"fusion-clearfix\"><\/div><\/div><\/div>\n","protected":false},"excerpt":{"rendered":"","protected":false},"author":3,"featured_media":0,"parent":0,"menu_order":0,"comment_status":"closed","ping_status":"closed","template":"","meta":{"footnotes":""},"class_list":["post-1067","page","type-page","status-publish","hentry"],"_links":{"self":[{"href":"https:\/\/ulia.org\/ficv\/wp-json\/wp\/v2\/pages\/1067","targetHints":{"allow":["GET"]}}],"collection":[{"href":"https:\/\/ulia.org\/ficv\/wp-json\/wp\/v2\/pages"}],"about":[{"href":"https:\/\/ulia.org\/ficv\/wp-json\/wp\/v2\/types\/page"}],"author":[{"embeddable":true,"href":"https:\/\/ulia.org\/ficv\/wp-json\/wp\/v2\/users\/3"}],"replies":[{"embeddable":true,"href":"https:\/\/ulia.org\/ficv\/wp-json\/wp\/v2\/comments?post=1067"}],"version-history":[{"count":5,"href":"https:\/\/ulia.org\/ficv\/wp-json\/wp\/v2\/pages\/1067\/revisions"}],"predecessor-version":[{"id":1100,"href":"https:\/\/ulia.org\/ficv\/wp-json\/wp\/v2\/pages\/1067\/revisions\/1100"}],"wp:attachment":[{"href":"https:\/\/ulia.org\/ficv\/wp-json\/wp\/v2\/media?parent=1067"}],"curies":[{"name":"wp","href":"https:\/\/api.w.org\/{rel}","templated":true}]}}