{"id":1017,"date":"2017-07-17T08:03:46","date_gmt":"2017-07-17T08:03:46","guid":{"rendered":"http:\/\/ulia.org\/ficv\/?page_id=1017"},"modified":"2017-07-17T08:30:35","modified_gmt":"2017-07-17T08:30:35","slug":"ponencias-asuncion-2017","status":"publish","type":"page","link":"https:\/\/ulia.org\/ficv\/ponencias-asuncion-2017\/","title":{"rendered":"Ponencias Asunci\u00f3n 2017"},"content":{"rendered":"<div class=\"fusion-fullwidth fullwidth-box fusion-builder-row-1 nonhundred-percent-fullwidth non-hundred-percent-height-scrolling\" style=\"--awb-background-position:left top;--awb-border-radius-top-left:0px;--awb-border-radius-top-right:0px;--awb-border-radius-bottom-right:0px;--awb-border-radius-bottom-left:0px;--awb-padding-top:20px;--awb-padding-bottom:20px;--awb-border-sizes-top:0px;--awb-border-sizes-bottom:0px;--awb-flex-wrap:wrap;\" ><div class=\"fusion-builder-row fusion-row\"><div class=\"fusion-layout-column fusion_builder_column fusion-builder-column-0 fusion_builder_column_1_1 1_1 fusion-one-full fusion-column-first fusion-column-last\" style=\"--awb-bg-size:cover;\"><div class=\"fusion-column-wrapper fusion-flex-column-wrapper-legacy\">\n<div class=\"fusion-reading-box-container reading-box-container-1\" style=\"--awb-title-color:#333333;--awb-margin-top:0px;--awb-margin-bottom:3px;\"><div class=\"reading-box\" style=\"background-color:#f6f6f6;border-width:1px;border-color:#f6f6f6;border-bottom-width:3px;border-bottom-color:var(--primary_color);border-style:solid;\"><a class=\"button fusion-button button-green fusion-button-default-size button-default-size button-flat fusion-desktop-button fusion-tagline-button continue fusion-desktop-button-margin continue-right\" style=\"-webkit-box-shadow:none;-moz-box-shadow:none;box-shadow:none;border-radius:2px 2px 2px 2px\" href=\"http:\/\/ulia.org\/ficv\/wp-content\/uploads\/2017\/07\/Viviano-Jara.docx\" target=\"_blank\" rel=\"noopener noreferrer\"><span>Descargar Archivo<\/span><\/a><h2>Violencia contra las mujeres en Paraguay. M\u00e1s all\u00e1 de la estad\u00edstica<\/h2><div class=\"reading-box-description fusion-reading-box-additional\">Autor: Viviano Jara Rivas<\/div><div class=\"fusion-clearfix\"><\/div><a class=\"button fusion-button button-green fusion-button-default-size button-default-size button-flat fusion-mobile-button continue-right\" style=\"-webkit-box-shadow:none;-moz-box-shadow:none;box-shadow:none;border-radius:2px 2px 2px 2px\" href=\"http:\/\/ulia.org\/ficv\/wp-content\/uploads\/2017\/07\/Viviano-Jara.docx\" target=\"_blank\" rel=\"noopener noreferrer\"><span>Descargar Archivo<\/span><\/a><\/div><\/div>\n<div class=\"fusion-reading-box-container reading-box-container-2\" style=\"--awb-title-color:#333333;--awb-margin-top:0px;--awb-margin-bottom:3px;\"><div class=\"reading-box\" style=\"background-color:#f6f6f6;border-width:1px;border-color:#f6f6f6;border-bottom-width:3px;border-bottom-color:var(--primary_color);border-style:solid;\"><a class=\"button fusion-button button-green fusion-button-default-size button-default-size button-flat fusion-desktop-button fusion-tagline-button continue fusion-desktop-button-margin continue-right\" style=\"-webkit-box-shadow:none;-moz-box-shadow:none;box-shadow:none;border-radius:2px 2px 2px 2px\" href=\"http:\/\/ulia.org\/ficv\/wp-content\/uploads\/2017\/07\/Umberto-Mazzotti.docx\" target=\"_blank\" rel=\"noopener noreferrer\"><span>Descargar Archivo<\/span><\/a><h2>Los cuidados paliativos como respuesta \u00e9tica valida al maltrato institucional y social de las personas con enfermedad cr\u00f3nica e incurable.<\/h2><div class=\"reading-box-description fusion-reading-box-additional\">Autor: Unberto Mazzotti<\/div><div class=\"fusion-clearfix\"><\/div><a class=\"button fusion-button button-green fusion-button-default-size button-default-size button-flat fusion-mobile-button continue-right\" style=\"-webkit-box-shadow:none;-moz-box-shadow:none;box-shadow:none;border-radius:2px 2px 2px 2px\" href=\"http:\/\/ulia.org\/ficv\/wp-content\/uploads\/2017\/07\/Umberto-Mazzotti.docx\" target=\"_blank\" rel=\"noopener noreferrer\"><span>Descargar Archivo<\/span><\/a><\/div><\/div>\n<div class=\"fusion-reading-box-container reading-box-container-3\" style=\"--awb-title-color:#333333;--awb-margin-top:0px;--awb-margin-bottom:3px;\"><div class=\"reading-box\" style=\"background-color:#f6f6f6;border-width:1px;border-color:#f6f6f6;border-bottom-width:3px;border-bottom-color:var(--primary_color);border-style:solid;\"><a class=\"button fusion-button button-green fusion-button-default-size button-default-size button-flat fusion-desktop-button fusion-tagline-button continue fusion-desktop-button-margin continue-right\" style=\"-webkit-box-shadow:none;-moz-box-shadow:none;box-shadow:none;border-radius:2px 2px 2px 2px\" href=\"http:\/\/ulia.org\/ficv\/wp-content\/uploads\/2017\/07\/Teresa-Cid.docx\" target=\"_blank\" rel=\"noopener noreferrer\"><span>Descargar Archivo<\/span><\/a><h2>C\u00f3mo promover la paz a trav\u00e9s de la acci\u00f3n pol\u00edtica<\/h2><div class=\"reading-box-description fusion-reading-box-additional\">Autor: Mar\u00eda Teresa Cid<\/div><div class=\"fusion-clearfix\"><\/div><a class=\"button fusion-button button-green fusion-button-default-size button-default-size button-flat fusion-mobile-button continue-right\" style=\"-webkit-box-shadow:none;-moz-box-shadow:none;box-shadow:none;border-radius:2px 2px 2px 2px\" href=\"http:\/\/ulia.org\/ficv\/wp-content\/uploads\/2017\/07\/Teresa-Cid.docx\" target=\"_blank\" rel=\"noopener noreferrer\"><span>Descargar Archivo<\/span><\/a><\/div><\/div>\n<div class=\"fusion-reading-box-container reading-box-container-4\" style=\"--awb-title-color:#333333;--awb-margin-top:0px;--awb-margin-bottom:3px;\"><div class=\"reading-box\" style=\"background-color:#f6f6f6;border-width:1px;border-color:#f6f6f6;border-bottom-width:3px;border-bottom-color:var(--primary_color);border-style:solid;\"><a class=\"button fusion-button button-green fusion-button-default-size button-default-size button-flat fusion-desktop-button fusion-tagline-button continue fusion-desktop-button-margin continue-right\" style=\"-webkit-box-shadow:none;-moz-box-shadow:none;box-shadow:none;border-radius:2px 2px 2px 2px\" href=\"http:\/\/ulia.org\/ficv\/wp-content\/uploads\/2017\/07\/TECHO.docx\" target=\"_blank\" rel=\"noopener noreferrer\"><span>Descargar Archivo<\/span><\/a><h2>El Modelo de Trabajo de TECHO como propuesta para fomentar el desarrollo comunitario y promover la conciencia y acci\u00f3n social<\/h2><div class=\"reading-box-description fusion-reading-box-additional\">Autor: Mar\u00eda Elena Gonz\u00e1lez Aguilar<\/div><div class=\"fusion-clearfix\"><\/div><a class=\"button fusion-button button-green fusion-button-default-size button-default-size button-flat fusion-mobile-button continue-right\" style=\"-webkit-box-shadow:none;-moz-box-shadow:none;box-shadow:none;border-radius:2px 2px 2px 2px\" href=\"http:\/\/ulia.org\/ficv\/wp-content\/uploads\/2017\/07\/TECHO.docx\" target=\"_blank\" rel=\"noopener noreferrer\"><span>Descargar Archivo<\/span><\/a><\/div><\/div>\n<div class=\"fusion-reading-box-container reading-box-container-5\" style=\"--awb-title-color:#333333;--awb-margin-top:0px;--awb-margin-bottom:3px;\"><div class=\"reading-box\" style=\"background-color:#f6f6f6;border-width:1px;border-color:#f6f6f6;border-bottom-width:3px;border-bottom-color:var(--primary_color);border-style:solid;\"><a class=\"button fusion-button button-green fusion-button-default-size button-default-size button-flat fusion-desktop-button fusion-tagline-button continue fusion-desktop-button-margin continue-right\" style=\"-webkit-box-shadow:none;-moz-box-shadow:none;box-shadow:none;border-radius:2px 2px 2px 2px\" href=\"http:\/\/ulia.org\/ficv\/wp-content\/uploads\/2017\/07\/Stela-Ben\u00edtez-Leite.docx\" target=\"_blank\" rel=\"noopener noreferrer\"><span>Descargar Archivo<\/span><\/a><h2>La vida posible de poblaciones expuestas a sustancias t\u00f3xicas: desaf\u00edos para una cultura de paz<\/h2><div class=\"reading-box-description fusion-reading-box-additional\">Autor: Stela Ben\u00edtez Leite<\/div><div class=\"fusion-clearfix\"><\/div><a class=\"button fusion-button button-green fusion-button-default-size button-default-size button-flat fusion-mobile-button continue-right\" style=\"-webkit-box-shadow:none;-moz-box-shadow:none;box-shadow:none;border-radius:2px 2px 2px 2px\" href=\"http:\/\/ulia.org\/ficv\/wp-content\/uploads\/2017\/07\/Stela-Ben\u00edtez-Leite.docx\" target=\"_blank\" rel=\"noopener noreferrer\"><span>Descargar Archivo<\/span><\/a><\/div><\/div>\n<div class=\"fusion-reading-box-container reading-box-container-6\" style=\"--awb-title-color:#333333;--awb-margin-top:0px;--awb-margin-bottom:3px;\"><div class=\"reading-box\" style=\"background-color:#f6f6f6;border-width:1px;border-color:#f6f6f6;border-bottom-width:3px;border-bottom-color:var(--primary_color);border-style:solid;\"><a class=\"button fusion-button button-green fusion-button-default-size button-default-size button-flat fusion-desktop-button fusion-tagline-button continue fusion-desktop-button-margin continue-right\" style=\"-webkit-box-shadow:none;-moz-box-shadow:none;box-shadow:none;border-radius:2px 2px 2px 2px\" href=\"http:\/\/ulia.org\/ficv\/wp-content\/uploads\/2017\/07\/SALVADOR-PEIR\u00d3.docx\" target=\"_blank\" rel=\"noopener noreferrer\"><span>Descargar Archivo<\/span><\/a><h2>Fomento de la convivencia escolar educando en la amistad para la paz<\/h2><div class=\"reading-box-description fusion-reading-box-additional\">Autor: Salvador Peir\u00f3 i Greg\u00f2ri<\/div><div class=\"fusion-clearfix\"><\/div><a class=\"button fusion-button button-green fusion-button-default-size button-default-size button-flat fusion-mobile-button continue-right\" style=\"-webkit-box-shadow:none;-moz-box-shadow:none;box-shadow:none;border-radius:2px 2px 2px 2px\" href=\"http:\/\/ulia.org\/ficv\/wp-content\/uploads\/2017\/07\/SALVADOR-PEIR\u00d3.docx\" target=\"_blank\" rel=\"noopener noreferrer\"><span>Descargar Archivo<\/span><\/a><\/div><\/div>\n<div class=\"fusion-reading-box-container reading-box-container-7\" style=\"--awb-title-color:#333333;--awb-margin-top:0px;--awb-margin-bottom:3px;\"><div class=\"reading-box\" style=\"background-color:#f6f6f6;border-width:1px;border-color:#f6f6f6;border-bottom-width:3px;border-bottom-color:var(--primary_color);border-style:solid;\"><a class=\"button fusion-button button-green fusion-button-default-size button-default-size button-flat fusion-desktop-button fusion-tagline-button continue fusion-desktop-button-margin continue-right\" style=\"-webkit-box-shadow:none;-moz-box-shadow:none;box-shadow:none;border-radius:2px 2px 2px 2px\" href=\"http:\/\/ulia.org\/ficv\/wp-content\/uploads\/2017\/07\/Renteria-Salinas.docx\" target=\"_blank\" rel=\"noopener noreferrer\"><span>Descargar Archivo<\/span><\/a><h2>Contribuci\u00f3n de la educaci\u00f3n geogr\u00e1fica para la Paz<\/h2><div class=\"reading-box-description fusion-reading-box-additional\">Autoras: Mar\u00eda Teresa Renter\u00eda Rodr\u00edguez, Mar\u00eda Evangelina Salinas Escobar<\/div><div class=\"fusion-clearfix\"><\/div><a class=\"button fusion-button button-green fusion-button-default-size button-default-size button-flat fusion-mobile-button continue-right\" style=\"-webkit-box-shadow:none;-moz-box-shadow:none;box-shadow:none;border-radius:2px 2px 2px 2px\" href=\"http:\/\/ulia.org\/ficv\/wp-content\/uploads\/2017\/07\/Renteria-Salinas.docx\" target=\"_blank\" rel=\"noopener noreferrer\"><span>Descargar Archivo<\/span><\/a><\/div><\/div>\n<div class=\"fusion-reading-box-container reading-box-container-8\" style=\"--awb-title-color:#333333;--awb-margin-top:0px;--awb-margin-bottom:3px;\"><div class=\"reading-box\" style=\"background-color:#f6f6f6;border-width:1px;border-color:#f6f6f6;border-bottom-width:3px;border-bottom-color:var(--primary_color);border-style:solid;\"><a class=\"button fusion-button button-green fusion-button-default-size button-default-size button-flat fusion-desktop-button fusion-tagline-button continue fusion-desktop-button-margin continue-right\" style=\"-webkit-box-shadow:none;-moz-box-shadow:none;box-shadow:none;border-radius:2px 2px 2px 2px\" href=\"http:\/\/ulia.org\/ficv\/wp-content\/uploads\/2017\/07\/Miriam-Riveros.doc\" target=\"_blank\" rel=\"noopener noreferrer\"><span>Descargar Archivo<\/span><\/a><h2> Acceso Universal de los cuidados Paliativos: Derecho Universal a no sufrir. An\u00e1lisis desde la visi\u00f3n Bio\u00e9tica y de Derechos Humanos<\/h2><div class=\"reading-box-description fusion-reading-box-additional\">Autora: Miriam Riveros R\u00edos<\/div><div class=\"fusion-clearfix\"><\/div><a class=\"button fusion-button button-green fusion-button-default-size button-default-size button-flat fusion-mobile-button continue-right\" style=\"-webkit-box-shadow:none;-moz-box-shadow:none;box-shadow:none;border-radius:2px 2px 2px 2px\" href=\"http:\/\/ulia.org\/ficv\/wp-content\/uploads\/2017\/07\/Miriam-Riveros.doc\" target=\"_blank\" rel=\"noopener noreferrer\"><span>Descargar Archivo<\/span><\/a><\/div><\/div>\n<div class=\"fusion-reading-box-container reading-box-container-9\" style=\"--awb-title-color:#333333;--awb-margin-top:0px;--awb-margin-bottom:3px;\"><div class=\"reading-box\" style=\"background-color:#f6f6f6;border-width:1px;border-color:#f6f6f6;border-bottom-width:3px;border-bottom-color:var(--primary_color);border-style:solid;\"><a class=\"button fusion-button button-green fusion-button-default-size button-default-size button-flat fusion-desktop-button fusion-tagline-button continue fusion-desktop-button-margin continue-right\" style=\"-webkit-box-shadow:none;-moz-box-shadow:none;box-shadow:none;border-radius:2px 2px 2px 2px\" href=\"http:\/\/ulia.org\/ficv\/wp-content\/uploads\/2017\/07\/Miguel-Lovera.docx\" target=\"_blank\" rel=\"noopener noreferrer\"><span>Descargar Archivo<\/span><\/a><h2> La Violencia Contra la Naturaleza Como Forma de Violencia Social: Paraguay  Frente al Modelo Agroexportador<\/h2><div class=\"reading-box-description fusion-reading-box-additional\">Autor: Miguel Lovera<\/div><div class=\"fusion-clearfix\"><\/div><a class=\"button fusion-button button-green fusion-button-default-size button-default-size button-flat fusion-mobile-button continue-right\" style=\"-webkit-box-shadow:none;-moz-box-shadow:none;box-shadow:none;border-radius:2px 2px 2px 2px\" href=\"http:\/\/ulia.org\/ficv\/wp-content\/uploads\/2017\/07\/Miguel-Lovera.docx\" target=\"_blank\" rel=\"noopener noreferrer\"><span>Descargar Archivo<\/span><\/a><\/div><\/div>\n<div class=\"fusion-reading-box-container reading-box-container-10\" style=\"--awb-title-color:#333333;--awb-margin-top:0px;--awb-margin-bottom:3px;\"><div class=\"reading-box\" style=\"background-color:#f6f6f6;border-width:1px;border-color:#f6f6f6;border-bottom-width:3px;border-bottom-color:var(--primary_color);border-style:solid;\"><a class=\"button fusion-button button-green fusion-button-default-size button-default-size button-flat fusion-desktop-button fusion-tagline-button continue fusion-desktop-button-margin continue-right\" style=\"-webkit-box-shadow:none;-moz-box-shadow:none;box-shadow:none;border-radius:2px 2px 2px 2px\" href=\"http:\/\/ulia.org\/ficv\/wp-content\/uploads\/2017\/07\/JuanCarlosPineda.pdf\" target=\"_blank\" rel=\"noopener noreferrer\"><span>Descargar Archivo<\/span><\/a><h2> Poder pol\u00edtico, fraternidad y violencia <\/h2><div class=\"reading-box-description fusion-reading-box-additional\">Autor: Juan Carlos Pineda C\u00e1ceres <\/div><div class=\"fusion-clearfix\"><\/div><a class=\"button fusion-button button-green fusion-button-default-size button-default-size button-flat fusion-mobile-button continue-right\" style=\"-webkit-box-shadow:none;-moz-box-shadow:none;box-shadow:none;border-radius:2px 2px 2px 2px\" href=\"http:\/\/ulia.org\/ficv\/wp-content\/uploads\/2017\/07\/JuanCarlosPineda.pdf\" target=\"_blank\" rel=\"noopener noreferrer\"><span>Descargar Archivo<\/span><\/a><\/div><\/div>\n<div class=\"fusion-reading-box-container reading-box-container-11\" style=\"--awb-title-color:#333333;--awb-margin-top:0px;--awb-margin-bottom:3px;\"><div class=\"reading-box\" style=\"background-color:#f6f6f6;border-width:1px;border-color:#f6f6f6;border-bottom-width:3px;border-bottom-color:var(--primary_color);border-style:solid;\"><a class=\"button fusion-button button-green fusion-button-default-size button-default-size button-flat fusion-desktop-button fusion-tagline-button continue fusion-desktop-button-margin continue-right\" style=\"-webkit-box-shadow:none;-moz-box-shadow:none;box-shadow:none;border-radius:2px 2px 2px 2px\" href=\"http:\/\/ulia.org\/ficv\/wp-content\/uploads\/2017\/07\/Jos\u00e9-Mar\u00eda-Cuesta-Rute.docx\" target=\"_blank\" rel=\"noopener noreferrer\"><span>Descargar Archivo<\/span><\/a><h2>La paz, obra de la justicia<\/h2><div class=\"reading-box-description fusion-reading-box-additional\">Autor: Jos\u00e9 Mar\u00eda Cuesta Rute<\/div><div class=\"fusion-clearfix\"><\/div><a class=\"button fusion-button button-green fusion-button-default-size button-default-size button-flat fusion-mobile-button continue-right\" style=\"-webkit-box-shadow:none;-moz-box-shadow:none;box-shadow:none;border-radius:2px 2px 2px 2px\" href=\"http:\/\/ulia.org\/ficv\/wp-content\/uploads\/2017\/07\/Jos\u00e9-Mar\u00eda-Cuesta-Rute.docx\" target=\"_blank\" rel=\"noopener noreferrer\"><span>Descargar Archivo<\/span><\/a><\/div><\/div>\n<div class=\"fusion-reading-box-container reading-box-container-12\" style=\"--awb-title-color:#333333;--awb-margin-top:0px;--awb-margin-bottom:3px;\"><div class=\"reading-box\" style=\"background-color:#f6f6f6;border-width:1px;border-color:#f6f6f6;border-bottom-width:3px;border-bottom-color:var(--primary_color);border-style:solid;\"><a class=\"button fusion-button button-green fusion-button-default-size button-default-size button-flat fusion-desktop-button fusion-tagline-button continue fusion-desktop-button-margin continue-right\" style=\"-webkit-box-shadow:none;-moz-box-shadow:none;box-shadow:none;border-radius:2px 2px 2px 2px\" href=\"http:\/\/ulia.org\/ficv\/wp-content\/uploads\/2017\/07\/EMILIO-IBEAS.docx\" target=\"_blank\" rel=\"noopener noreferrer\"><span>Descargar Archivo<\/span><\/a><h2>Humanizaci\u00f3n de la asistencia sanitaria y social<\/h2><div class=\"reading-box-description fusion-reading-box-additional\">Autor: Emilio Jos\u00e9 Ibeas<\/div><div class=\"fusion-clearfix\"><\/div><a class=\"button fusion-button button-green fusion-button-default-size button-default-size button-flat fusion-mobile-button continue-right\" style=\"-webkit-box-shadow:none;-moz-box-shadow:none;box-shadow:none;border-radius:2px 2px 2px 2px\" href=\"http:\/\/ulia.org\/ficv\/wp-content\/uploads\/2017\/07\/EMILIO-IBEAS.docx\" target=\"_blank\" rel=\"noopener noreferrer\"><span>Descargar Archivo<\/span><\/a><\/div><\/div>\n<div class=\"fusion-reading-box-container reading-box-container-13\" style=\"--awb-title-color:#333333;--awb-margin-top:0px;--awb-margin-bottom:3px;\"><div class=\"reading-box\" style=\"background-color:#f6f6f6;border-width:1px;border-color:#f6f6f6;border-bottom-width:3px;border-bottom-color:var(--primary_color);border-style:solid;\"><a class=\"button fusion-button button-green fusion-button-default-size button-default-size button-flat fusion-desktop-button fusion-tagline-button continue fusion-desktop-button-margin continue-right\" style=\"-webkit-box-shadow:none;-moz-box-shadow:none;box-shadow:none;border-radius:2px 2px 2px 2px\" href=\"http:\/\/ulia.org\/ficv\/wp-content\/uploads\/2017\/07\/ANTONIO-GRACIA.docx\" target=\"_blank\" rel=\"noopener noreferrer\"><span>Descargar Archivo<\/span><\/a><h2> Si quieres la Paz, defiende la Vida. Retos y propuestas en la actualidad<\/h2><div class=\"reading-box-description fusion-reading-box-additional\">Autor: Antonio Gracia<\/div><div class=\"fusion-clearfix\"><\/div><a class=\"button fusion-button button-green fusion-button-default-size button-default-size button-flat fusion-mobile-button continue-right\" style=\"-webkit-box-shadow:none;-moz-box-shadow:none;box-shadow:none;border-radius:2px 2px 2px 2px\" href=\"http:\/\/ulia.org\/ficv\/wp-content\/uploads\/2017\/07\/ANTONIO-GRACIA.docx\" target=\"_blank\" rel=\"noopener noreferrer\"><span>Descargar Archivo<\/span><\/a><\/div><\/div>\n<div class=\"fusion-reading-box-container reading-box-container-14\" style=\"--awb-title-color:#333333;--awb-margin-top:0px;--awb-margin-bottom:3px;\"><div class=\"reading-box\" style=\"background-color:#f6f6f6;border-width:1px;border-color:#f6f6f6;border-bottom-width:3px;border-bottom-color:var(--primary_color);border-style:solid;\"><a class=\"button fusion-button button-green fusion-button-default-size button-default-size button-flat fusion-desktop-button fusion-tagline-button continue fusion-desktop-button-margin continue-right\" style=\"-webkit-box-shadow:none;-moz-box-shadow:none;box-shadow:none;border-radius:2px 2px 2px 2px\" href=\"http:\/\/ulia.org\/ficv\/wp-content\/uploads\/2017\/07\/Ana-Tere-L\u00f3pez.doc\" target=\"_blank\" rel=\"noopener noreferrer\"><span>Descargar Archivo<\/span><\/a><h2>En el entorno familiar: educaci\u00f3n para la paz en el realismo<\/h2><div class=\"reading-box-description fusion-reading-box-additional\">Autora: Ana Teresa L\u00f3pez<\/div><div class=\"fusion-clearfix\"><\/div><a class=\"button fusion-button button-green fusion-button-default-size button-default-size button-flat fusion-mobile-button continue-right\" style=\"-webkit-box-shadow:none;-moz-box-shadow:none;box-shadow:none;border-radius:2px 2px 2px 2px\" href=\"http:\/\/ulia.org\/ficv\/wp-content\/uploads\/2017\/07\/Ana-Tere-L\u00f3pez.doc\" target=\"_blank\" rel=\"noopener noreferrer\"><span>Descargar Archivo<\/span><\/a><\/div><\/div>\n<div class=\"fusion-clearfix\"><\/div><\/div><\/div><\/div><\/div>\n","protected":false},"excerpt":{"rendered":"","protected":false},"author":3,"featured_media":0,"parent":0,"menu_order":0,"comment_status":"closed","ping_status":"closed","template":"","meta":{"footnotes":""},"class_list":["post-1017","page","type-page","status-publish","hentry"],"_links":{"self":[{"href":"https:\/\/ulia.org\/ficv\/wp-json\/wp\/v2\/pages\/1017","targetHints":{"allow":["GET"]}}],"collection":[{"href":"https:\/\/ulia.org\/ficv\/wp-json\/wp\/v2\/pages"}],"about":[{"href":"https:\/\/ulia.org\/ficv\/wp-json\/wp\/v2\/types\/page"}],"author":[{"embeddable":true,"href":"https:\/\/ulia.org\/ficv\/wp-json\/wp\/v2\/users\/3"}],"replies":[{"embeddable":true,"href":"https:\/\/ulia.org\/ficv\/wp-json\/wp\/v2\/comments?post=1017"}],"version-history":[{"count":6,"href":"https:\/\/ulia.org\/ficv\/wp-json\/wp\/v2\/pages\/1017\/revisions"}],"predecessor-version":[{"id":1035,"href":"https:\/\/ulia.org\/ficv\/wp-json\/wp\/v2\/pages\/1017\/revisions\/1035"}],"wp:attachment":[{"href":"https:\/\/ulia.org\/ficv\/wp-json\/wp\/v2\/media?parent=1017"}],"curies":[{"name":"wp","href":"https:\/\/api.w.org\/{rel}","templated":true}]}}